{"id":965,"date":"2020-03-10T12:03:40","date_gmt":"2020-03-10T11:03:40","guid":{"rendered":"http:\/\/cifpn1.com\/tic\/?page_id=965"},"modified":"2020-05-13T00:24:11","modified_gmt":"2020-05-12T23:24:11","slug":"bancos-de-recursos-gratuitos","status":"publish","type":"page","link":"https:\/\/cifpn1.com\/tic\/?page_id=965","title":{"rendered":"Banco de recursos gratuitos"},"content":{"rendered":"<h6><a id=\"menu\"><\/a>\u00a0<\/h6>\n<h6>\u00a0<\/h6>\n<p style=\"text-align: center;\"><a href=\"#bancos-de-imagenes-gratuidos\"><strong><span style=\"color: #0000ff; background-color: #0000ff;\">_<\/span><span style=\"color: #ffffff; background-color: #0000ff;\">BANCOS DE IM\u00c1GENES GRATUITOS<\/span><span style=\"background-color: #0000ff; color: #0000ff;\">_<\/span><\/strong><\/a><strong>\u00a0 :\u00a0 <\/strong><strong><a href=\"#CONVERSORES-ON-LINE\"><span style=\"background-color: #0000ff;\"><span style=\"color: #0000ff;\">_<\/span><span style=\"color: #ffffff;\">CONVERSORES ON-LINE<\/span><span style=\"color: #0000ff;\">_<\/span><\/span><\/a><\/strong><\/p>\n<p style=\"text-align: center;\"><a href=\"#calculadoras\"><strong><span style=\"color: #ffffff; background-color: #0000ff;\"><span style=\"color: #0000ff;\">_<\/span>CALCULADORAS, HOJAS DE C\u00c1LCULO, PLANTILLAS<\/span><span style=\"background-color: #0000ff; color: #0000ff;\">_<\/span><\/strong><\/a><\/p>\n<h6>\u00a0<\/h6>\n<h6><a id=\"CONVERSORES\"><\/a>\u00a0<\/h6>\n<hr \/>\n<p style=\"text-align: right;\"><a href=\"#menu\"><span style=\"color: #000080; background-color: #ffcc00;\"><span style=\"color: #ffcc00;\"><strong><span style=\"font-size: 10pt;\">_<\/span><\/strong><\/span><span style=\"font-size: 10pt;\"><strong><span style=\"color: #000080;\">SUBIR AL MEN\u00da<span style=\"color: #ffcc00;\">_<\/span><\/span><\/strong><\/span><\/span><\/a><\/p>\n<h2>Conversores on-line<\/h2>\n<p style=\"text-align: center;\"><a href=\"https:\/\/www.onlineocr.net\/\" target=\"_blank\" rel=\"nofollow noopener noreferrer\"><img loading=\"lazy\" decoding=\"async\" src=\"http:\/\/www.cifpn1.com\/electronica\/wp-content\/uploads\/web.onlineocr.jpg\" alt=\"\" width=\"620\" height=\"131\" \/><\/a><\/p>\n<p><strong>Website:<\/strong> <a href=\"https:\/\/www.onlineocr.net\/\" target=\"_blank\" rel=\"nofollow noopener noreferrer\">https:\/\/www.onlineocr.net\/<\/a><\/p>\n<p style=\"text-align: justify;\">Free online Optical Character Reconigtion (OCR) service.Use Optical Character Recognition software online. 46 languages including Chinese, Japanese and Korean. Convert scanned Portable Document File (PDF) to text file, Extract text from PDF and images (JPG, BMP, TIFF, GIF) and convert into editable Word, Excel and text output formats<\/p>\n<hr \/>\n<p style=\"text-align: center;\"><a href=\"https:\/\/www.online-convert.com\/es\" target=\"_blank\" rel=\"nofollow noopener noreferrer\"><img loading=\"lazy\" decoding=\"async\" src=\"http:\/\/www.cifpn1.com\/electronica\/wp-content\/uploads\/web.online-convert.com_.jpg\" alt=\"\" width=\"620\" height=\"119\" \/><\/a><\/p>\n<p><strong>Website:<\/strong> <a href=\"https:\/\/www.online-convert.com\/es\" target=\"_blank\" rel=\"nofollow noopener noreferrer\">https:\/\/www.online-convert.com\/<\/a><\/p>\n<p style=\"text-align: justify;\">Convierte archivos multimedia en l\u00ednea, gratis y r\u00e1pido. No se requiere instalaci\u00f3n de software.<\/p>\n<h6><a id=\"calculadoras\"><\/a>\u00a0<\/h6>\n<hr \/>\n<p style=\"text-align: right;\"><a href=\"#menu\"><span style=\"color: #000080; background-color: #ffcc00;\"><span style=\"color: #ffcc00;\"><strong><span style=\"font-size: 10pt;\">_<\/span><\/strong><\/span><span style=\"font-size: 10pt;\"><strong><span style=\"color: #000080;\">SUBIR AL MEN\u00da<span style=\"color: #ffcc00;\">_<\/span><\/span><\/strong><\/span><\/span><\/a><\/p>\n<h2>Calculadoras, hojas de c\u00e1lculo, plantillas<\/h2>\n<p style=\"text-align: center;\"><a href=\"https:\/\/es.calcuworld.com\/\" target=\"_blank\" rel=\"nofollow noopener noreferrer\"><img loading=\"lazy\" decoding=\"async\" src=\"http:\/\/www.cifpn1.com\/electronica\/wp-content\/uploads\/web.calculadoras.png\" alt=\"\" width=\"620\" height=\"119\" \/><\/a><\/p>\n<p><strong>Website: <\/strong><a href=\"https:\/\/es.calcuworld.com\/\" target=\"_blank\" rel=\"nofollow noopener noreferrer\">https:\/\/es.calcuworld.com\/<\/a><\/p>\n<p style=\"text-align: justify;\">En esta p\u00e1gina encontrar\u00e1s multitud de herramientas y calculadoras online que te har\u00e1n la vida m\u00e1s f\u00e1cil: calculadoras financieras, calculadoras de hipotecas, calculadoras de embarazo\u2026<\/p>\n<hr \/>\n<p style=\"text-align: center;\"><a href=\"https:\/\/www.vertex42.com\/\" target=\"_blank\" rel=\"nofollow noopener noreferrer\"><img loading=\"lazy\" decoding=\"async\" src=\"http:\/\/www.cifpn1.com\/electronica\/wp-content\/uploads\/web.vertex42.jpg\" alt=\"\" width=\"620\" height=\"107\" \/><\/a><\/p>\n<p><strong>Website:<\/strong> <a href=\"https:\/\/www.vertex42.com\/\" target=\"_blank\" rel=\"nofollow noopener noreferrer\">https:\/\/www.vertex42.com\/<\/a><\/p>\n<p style=\"text-align: justify;\">Sitio con multitud de plantillas en formato Excel, Word y OpenOffice: calendarios, plantillas de escritura, agendas&#8230;<\/p>\n<hr \/>\n<p><a href=\"https:\/\/incompetech.com\/graphpaper\/\" target=\"_blank\" rel=\"nofollow noopener noreferrer\"><img loading=\"lazy\" decoding=\"async\" class=\"aligncenter size-full wp-image-2855\" src=\"https:\/\/cifpn1.com\/tic\/wp-content\/uploads\/2020\/05\/web_incompetech-plantillas-graficas.png\" alt=\"\" width=\"926\" height=\"189\" srcset=\"https:\/\/cifpn1.com\/tic\/wp-content\/uploads\/2020\/05\/web_incompetech-plantillas-graficas.png 926w, https:\/\/cifpn1.com\/tic\/wp-content\/uploads\/2020\/05\/web_incompetech-plantillas-graficas-656x134.png 656w, https:\/\/cifpn1.com\/tic\/wp-content\/uploads\/2020\/05\/web_incompetech-plantillas-graficas-768x157.png 768w\" sizes=\"auto, (max-width: 926px) 100vw, 926px\" \/><\/a><\/p>\n<p><strong>Website<\/strong>: <a href=\"https:\/\/incompetech.com\/\" target=\"_blank\" rel=\"nofollow noopener noreferrer\">https:\/\/incompetech.com\/<\/a><\/p>\n<p style=\"text-align: justify;\">Seguro que alguna vez has necesitado una plantilla de un calendario por meses, a\u00f1os, a tu gusto; u hojas con cuadritos, puntitos, milimetrada, para dibujar en perspectiva, isom\u00e9trica, pautado para escribir, o incluso componer m\u00fasica&#8230;<\/p>\n<h6><span style=\"color: #ffffff;\"><a id=\"bancos-de-imagenes-gratuidos\"><\/a>\u00a0<\/span><\/h6>\n<hr \/>\n<p style=\"text-align: right;\"><a href=\"#menu\"><span style=\"color: #000080; background-color: #ffcc00;\"><span style=\"color: #ffcc00;\"><strong><span style=\"font-size: 10pt;\">_<\/span><\/strong><\/span><span style=\"font-size: 10pt;\"><strong><span style=\"color: #000080;\">SUBIR AL MEN\u00da<span style=\"color: #ffcc00;\">_<\/span><\/span><\/strong><\/span><\/span><\/a><\/p>\n<h2>Bancos de im\u00e1genes gratuitos<\/h2>\n<p style=\"text-align: center;\"><img loading=\"lazy\" decoding=\"async\" class=\"aligncenter size-medium wp-image-958\" src=\"https:\/\/cifpn1.com\/tic\/wp-content\/uploads\/2020\/03\/recursos-varios-656x369.png\" alt=\"\" width=\"656\" height=\"369\" srcset=\"https:\/\/cifpn1.com\/tic\/wp-content\/uploads\/2020\/03\/recursos-varios-656x369.png 656w, https:\/\/cifpn1.com\/tic\/wp-content\/uploads\/2020\/03\/recursos-varios-768x432.png 768w, https:\/\/cifpn1.com\/tic\/wp-content\/uploads\/2020\/03\/recursos-varios.png 1024w\" sizes=\"auto, (max-width: 656px) 100vw, 656px\" \/><\/p>\n<h4>Open Peeps<\/h4>\n<p style=\"text-align: center;\"><img loading=\"lazy\" decoding=\"async\" class=\"aligncenter size-full wp-image-959\" src=\"https:\/\/cifpn1.com\/tic\/wp-content\/uploads\/2020\/03\/website-open-peeps.jpg\" alt=\"\" width=\"656\" height=\"303\" \/><\/p>\n<p style=\"text-align: justify;\"><strong>Open Peeps<\/strong> es una biblioteca de ilustraciones dibujadas a mano para crear escenas y personas que pueden usar en distintos proyectos personales o comerciales en forma totalmente gratis.<\/p>\n<p style=\"text-align: justify;\">El autor se\u00f1ala que las ilustraciones pueden usarse en productos, marketing, comics, estados de productos, flujos de usuarios, personajes, historias, invitaciones o lo que quieran.<\/p>\n<p style=\"text-align: justify;\">Todas las ilustraciones creadas a mano est\u00e1n disponibles en Sketch, Studio, Figma, XD y tienen una licencia CC0 1.0 Universal (CC0 1.0) Public Domain Dedication. Tambi\u00e9n pueden descargarlos individualmente en formato PNG o SVG.<\/p>\n<p style=\"text-align: justify;\">Ahora cuando deciden descargar las ilustraciones ver\u00e1n que aparece que deben de pagar 14,99 d\u00f3lares, pero no deben de pagar nada, solo escriben 0.00 y la pueden descargar. Solo que el autor acepta donaciones y si quieren pueden hacerlo all\u00ed mismo, por el monto que quieran. El autor mismo lo indica en esa p\u00e1gina de la siguiente manera: \u201cPara conseguirlo gratis, s\u00f3lo hay que poner $0 en el precio. \u00a1Si te sientes generoso, tambi\u00e9n puedes a\u00f1adir algunos fondos para mantener este proyecto en marcha!\u201c.<\/p>\n<p><strong>Website<\/strong>: <a href=\"https:\/\/geeksroom.com\/2020\/03\/open-peeps-biblioteca-de-ilustraciones-gratuitas-para-uso-personal-o-comercial\/\" target=\"_blank\" rel=\"noopener noreferrer\">https:\/\/geeksroom.com\/2020\/03\/open-peeps-biblioteca-de-ilustraciones-gratuitas-para-uso-personal-o-comercial\/<\/a><\/p>\n<hr \/>\n<h4>Pxfuel<\/h4>\n<p style=\"text-align: center;\"><img loading=\"lazy\" decoding=\"async\" class=\"aligncenter size-full wp-image-960\" src=\"https:\/\/cifpn1.com\/tic\/wp-content\/uploads\/2020\/03\/website-pxfuel.jpg\" alt=\"\" width=\"656\" height=\"359\" \/><\/p>\n<p style=\"text-align: justify;\"><strong>Pxfuel<\/strong> es un nuevo servicio de im\u00e1genes gratuitas para proyectos personales y comerciales. Las im\u00e1genes que ofrecen son de muy buena calidad.<\/p>\n<p style=\"text-align: justify;\">La contra hasta ahora y espero que lo solucionen es que no est\u00e1 organizado en categor\u00edas, pero hablando de lo positivo es que ofrece un buscador por etiqueta que permite encontrar lo que uno busca.<\/p>\n<p style=\"text-align: justify;\">El otro problema es la cantidad de publicidad que incluyen en el sitio, especialmente en la p\u00e1gina del resultados, donde casi toda la primer p\u00e1gina de resultados est\u00e1 cubierta de anuncios comerciales.<\/p>\n<p style=\"text-align: justify;\">Ahora cuando encuentran la imagen que est\u00e1n buscando, hacen clic en la miniatura y pasan a la p\u00e1gina individual de la imagen, donde tambi\u00e9n hay anuncios, pero se encontrar\u00e1n con varias caracter\u00edsticas positivas, que no todos los servicios de im\u00e1genes royalty free ofrecen.<\/p>\n<p style=\"text-align: justify;\">En la p\u00e1gina individual de cada imagen encontrar\u00e1n la dimensi\u00f3n original de la misma, el tipo de imagen, tama\u00f1o del fichero, la resoluci\u00f3n y adem\u00e1s la posibilidad de descargar la imagen en varias medidas para PC (720P, 1080P, 2K, 4K), M\u00f3viles (iPhone, Android) y Tabletas (iPad, Android).<\/p>\n<p style=\"text-align: justify;\">Tambi\u00e9n en esa p\u00e1gina de cada imagen, al final muestran im\u00e1genes similares a la imagen seleccionada, lo que tambi\u00e9n es una ventaja para comparar entre las mismas.<\/p>\n<p style=\"text-align: justify;\">Todav\u00eda le falta mucho para ser lo que es <a href=\"https:\/\/geeksroom.com\/tag\/pixabay\" target=\"_blank\" rel=\"noopener noreferrer\">Pixabay<\/a>, pero a\u00fan as\u00ed ofrecen muy buen contenido. Esperemos, como bien lo digo al principio, que incluyan categor\u00edas para organizar mejor las im\u00e1genes, especialmente en futuro cuando posean m\u00e1s fotograf\u00edas. Igualmente por ahora uno se puede arreglar con el buscador.<\/p>\n<p><strong>Website<\/strong>: <a href=\"https:\/\/geeksroom.com\/2020\/03\/pxfuel-imagenes-gratis\/127805\/\" target=\"_blank\" rel=\"nofollow noopener noreferrer\">https:\/\/geeksroom.com\/2020\/03\/pxfuel-imagenes-gratis\/127805\/<\/a><\/p>\n<hr \/>\n<h4>Reshot<\/h4>\n<p style=\"text-align: center;\"><img loading=\"lazy\" decoding=\"async\" class=\"aligncenter size-medium wp-image-961\" src=\"https:\/\/cifpn1.com\/tic\/wp-content\/uploads\/2020\/03\/website-reshot-656x302.jpg\" alt=\"\" width=\"656\" height=\"302\" srcset=\"https:\/\/cifpn1.com\/tic\/wp-content\/uploads\/2020\/03\/website-reshot-656x302.jpg 656w, https:\/\/cifpn1.com\/tic\/wp-content\/uploads\/2020\/03\/website-reshot-768x354.jpg 768w, https:\/\/cifpn1.com\/tic\/wp-content\/uploads\/2020\/03\/website-reshot.jpg 900w\" sizes=\"auto, (max-width: 656px) 100vw, 656px\" \/><\/p>\n<p style=\"text-align: justify;\"><strong>Reshot<\/strong> es una biblioteca masiva de fotos stock gratis para uso personal o comercial, escogidas por fot\u00f3grafos que no encontrar\u00e1n en ning\u00fan otro lado.<\/p>\n<p style=\"text-align: justify;\">Este banco de im\u00e1genes fue creado para nuevas empresas, aut\u00f3nomos y fabricantes que est\u00e1n cansados de navegar por servicios que tienen las mismas im\u00e1genes, adem\u00e1s el uso de las mismas puede ser para proyectos personales y\/o comerciales, con algo extra encima, ya que no requieren incluir la atribuci\u00f3n correspondiente.<\/p>\n<p style=\"text-align: justify;\">Las im\u00e1genes son todas de alta calidad y cada una incluye etiquetas que permiten descubrirlas a trav\u00e9s del potente buscador que ofrece Reshot. Por ejemplo buscando por Technology (Tecnolog\u00eda),<\/p>\n<p style=\"text-align: justify;\">Cuando hacen clic en alguna de las fotos, la p\u00e1gina individual de la misma adem\u00e1s del bot\u00f3n de descarga, incluye el nombre del fot\u00f3grafo, las etiquetas, la resoluci\u00f3n de la misma y un enlace a la p\u00e1gina de la licencia. Tambi\u00e9n indica el uso que le pueden dar a la imagen. Luego, haciendo clic en el bot\u00f3n de descarga, la misma comienza autom\u00e1ticamente, sin necesidad de suscribirse al servicio, ni dejar su email para recibir un bolet\u00edn. Eso si, aparece una peque\u00f1a ventana emergente que les pide si pueden compartir el servicio en Facebook o Twitter, pero esto no es obligatorio, aunque por el servicio que ofrecen, no est\u00e1 m\u00e1s ayudarlos.<\/p>\n<p style=\"text-align: justify;\">Sin lugar a dudas Reshot es un banco de im\u00e1genes estupendo, como muchas im\u00e1genes de alta calidad. Para tener seriamente en cuenta como muchos de ustedes tienen a <a href=\"https:\/\/geeksroom.com\/2013\/03\/pixabay-miles-de-imagenes-de-alta-calidad-con-licencia-creative-commons-para-usar-libremente\/72434\/\" target=\"_blank\" rel=\"noopener noreferrer\"><strong><em>Pixabay<\/em> <\/strong><\/a>o <a href=\"https:\/\/geeksroom.com\/2016\/03\/el-estupendo-sitio-de-imagenes-gratis-unsplash-introduce-varias-novedades-importantes\/101187\/\" target=\"_blank\" rel=\"noopener noreferrer\"><strong><em>Unsplash<\/em><\/strong><\/a>!<\/p>\n<p><strong>Website<\/strong>: <a href=\"https:\/\/geeksroom.com\/2018\/02\/reshot-fotos-gratis\/115991\/\" target=\"_blank\" rel=\"noopener noreferrer\">https:\/\/geeksroom.com\/2018\/02\/reshot-fotos-gratis\/115991\/<\/a><\/p>\n<hr \/>\n<p style=\"text-align: justify;\"><a href=\"http:\/\/www.freedigitalphotos.net\/\" target=\"_blank\" rel=\"nofollow noopener noreferrer\"><img loading=\"lazy\" decoding=\"async\" class=\"aligncenter\" src=\"http:\/\/www.cifpn1.com\/electronica\/wp-content\/uploads\/web.freedigitalphotos.net_.png\" alt=\"\" width=\"620\" height=\"117\" \/><\/a><\/p>\n<p><strong>Website<\/strong>: <a href=\"http:\/\/www.freedigitalphotos.net\/\" target=\"_blank\" rel=\"nofollow noopener noreferrer\">http:\/\/www.freedigitalphotos.net\/<\/a><\/p>\n<p style=\"text-align: justify;\">Download royalty free photos for business and personal use: premium stock photos and illustrations for websites, advertising materials, newspapers, magazines, ebooks, book covers and pages, music artwork, software applications and much more (atribution required).<\/p>\n<hr \/>\n<p><a href=\"http:\/\/www.bancodeimagenesgratis.com\/\" target=\"_blank\" rel=\"nofollow noopener noreferrer\"><img loading=\"lazy\" decoding=\"async\" class=\"aligncenter\" src=\"http:\/\/www.cifpn1.com\/electronica\/wp-content\/uploads\/web.bancodeimagenesgratis.png\" alt=\"\" width=\"620\" height=\"110\" \/><\/a><\/p>\n<p><strong>Website<\/strong>: <a href=\"http:\/\/www.bancodeimagenesgratis.com\/\" target=\"_blank\" rel=\"nofollow noopener noreferrer\">http:\/\/www.bancodeimagenesgratis.com\/<\/a><\/p>\n<p>Las mejores im\u00e1genes y fotograf\u00edas, en un s\u00f3lo lugar. Si vas a utilizarlas para alg\u00fan trabajo, no dejes de consultar la secci\u00f3n de \u00abuso de im\u00e1genes\u00bb.<\/p>\n<hr \/>\n<p style=\"text-align: center;\"><a href=\"https:\/\/alpha.wallhaven.cc\/\" target=\"_blank\" rel=\"nofollow noopener noreferrer\"><img loading=\"lazy\" decoding=\"async\" src=\"http:\/\/www.cifpn1.com\/electronica\/wp-content\/uploads\/web.wallhaven.cc.jpg\" alt=\"\" width=\"620\" height=\"103\" \/><\/a><\/p>\n<p><strong>Website<\/strong>: <a href=\"https:\/\/alpha.wallhaven.cc\/\" target=\"_blank\" rel=\"nofollow noopener noreferrer\">https:\/\/alpha.wallhaven.cc\/<\/a><\/p>\n<p style=\"text-align: justify;\">Esta p\u00e1gina de fondos de pantalla est\u00e1 en ingl\u00e9s, pero creemos que no supondr\u00e1 un problema para encontrar muy buenos fondos de pantalla; son -casi todos- chulos de verdad. \u00a1Y sin complicaciones de virus ni programas basura!<\/p>\n<hr \/>\n<p style=\"text-align: center;\"><a href=\"http:\/\/www.dailyscreens.com\/\" target=\"_blank\" rel=\"nofollow noopener noreferrer\"><img loading=\"lazy\" decoding=\"async\" src=\"http:\/\/www.cifpn1.com\/electronica\/wp-content\/uploads\/web.dailyscreens.com_.png\" alt=\"\" width=\"620\" height=\"119\" \/><\/a><\/p>\n<p><strong>Website<\/strong>: <a href=\"http:\/\/www.dailyscreens.com\/\" target=\"_blank\" rel=\"nofollow noopener noreferrer\">http:\/\/www.dailyscreens.com\/<\/a><\/p>\n<p style=\"text-align: justify;\">Hay muchos, pero muchos sitios m\u00e1s de fondos de pantalla&#8230; Te dejamos otro sitio en ingl\u00e9s, aunque no creemos que tengas que leer mucho. Son im\u00e1genes de alta calidad (HD).<\/p>\n<hr \/>\n","protected":false},"excerpt":{"rendered":"<p>\u00a0 \u00a0 _BANCOS DE IM\u00c1GENES GRATUITOS_\u00a0 :\u00a0 _CONVERSORES ON-LINE_ _CALCULADORAS, HOJAS DE C\u00c1LCULO, PLANTILLAS_ \u00a0 \u00a0 _SUBIR AL MEN\u00da_ Conversores on-line Website: https:\/\/www.onlineocr.net\/ Free online Optical Character Reconigtion (OCR) service.Use Optical Character Recognition software online. 46 languages including Chinese, Japanese &hellip; <a href=\"https:\/\/cifpn1.com\/tic\/?page_id=965\">Sigue leyendo <span class=\"meta-nav\">&rarr;<\/span><\/a><\/p>\n","protected":false},"author":2,"featured_media":1786,"parent":427,"menu_order":0,"comment_status":"closed","ping_status":"closed","template":"","meta":{"footnotes":""},"class_list":["post-965","page","type-page","status-publish","has-post-thumbnail","hentry"],"_links":{"self":[{"href":"https:\/\/cifpn1.com\/tic\/index.php?rest_route=\/wp\/v2\/pages\/965","targetHints":{"allow":["GET"]}}],"collection":[{"href":"https:\/\/cifpn1.com\/tic\/index.php?rest_route=\/wp\/v2\/pages"}],"about":[{"href":"https:\/\/cifpn1.com\/tic\/index.php?rest_route=\/wp\/v2\/types\/page"}],"author":[{"embeddable":true,"href":"https:\/\/cifpn1.com\/tic\/index.php?rest_route=\/wp\/v2\/users\/2"}],"replies":[{"embeddable":true,"href":"https:\/\/cifpn1.com\/tic\/index.php?rest_route=%2Fwp%2Fv2%2Fcomments&post=965"}],"version-history":[{"count":0,"href":"https:\/\/cifpn1.com\/tic\/index.php?rest_route=\/wp\/v2\/pages\/965\/revisions"}],"up":[{"embeddable":true,"href":"https:\/\/cifpn1.com\/tic\/index.php?rest_route=\/wp\/v2\/pages\/427"}],"wp:featuredmedia":[{"embeddable":true,"href":"https:\/\/cifpn1.com\/tic\/index.php?rest_route=\/wp\/v2\/media\/1786"}],"wp:attachment":[{"href":"https:\/\/cifpn1.com\/tic\/index.php?rest_route=%2Fwp%2Fv2%2Fmedia&parent=965"}],"curies":[{"name":"wp","href":"https:\/\/api.w.org\/{rel}","templated":true}]}}