{"id":2133,"date":"2020-04-13T16:47:09","date_gmt":"2020-04-13T15:47:09","guid":{"rendered":"http:\/\/cifpn1.com\/tic\/?page_id=2133"},"modified":"2020-04-25T19:15:15","modified_gmt":"2020-04-25T18:15:15","slug":"consigue-microsoft-office","status":"publish","type":"page","link":"https:\/\/cifpn1.com\/tic\/?page_id=2133","title":{"rendered":"Consigue Microsoft Office"},"content":{"rendered":"<h2>Microsoft Office 365 para uso educativo<\/h2>\n<p style=\"text-align: center;\"><img loading=\"lazy\" decoding=\"async\" class=\"aligncenter size-medium wp-image-1769\" src=\"https:\/\/cifpn1.com\/tic\/wp-content\/uploads\/2020\/03\/office-365-apps_1200x675-656x369.jpg\" alt=\"\" width=\"656\" height=\"369\" srcset=\"https:\/\/cifpn1.com\/tic\/wp-content\/uploads\/2020\/03\/office-365-apps_1200x675-656x369.jpg 656w, https:\/\/cifpn1.com\/tic\/wp-content\/uploads\/2020\/03\/office-365-apps_1200x675-768x432.jpg 768w, https:\/\/cifpn1.com\/tic\/wp-content\/uploads\/2020\/03\/office-365-apps_1200x675.jpg 1200w\" sizes=\"auto, (max-width: 656px) 100vw, 656px\" \/><\/p>\n<p style=\"text-align: justify;\">MS-Office 365 es un servicio de suscripci\u00f3n basado \u00aben la nube\u00bb que <strong>re\u00fane las mejores herramientas para la forma de trabajar de hoy en d\u00eda, aunque no con todas las funcionalidades de la versi\u00f3n de Escritorio<\/strong>. Al combinar las mejores aplicaciones de su categor\u00eda, como Excel y Outlook, con servicios de gran utilidad en la nube, como OneDrive y Microsoft Teams, <strong>Office 365 permite a los usuarios crear y compartir desde cualquier lugar y dispositivo<\/strong>.<\/p>\n<p style=\"text-align: justify;\">Estudiantes y educadores pueden optar a Office 365 Education, que incluye Word, Excel, PowerPoint, OneNote y ahora Microsoft Teams, adem\u00e1s de herramientas adicionales para el aula. <strong>Lo \u00fanico que necesitas es una direcci\u00f3n de correo electr\u00f3nico v\u00e1lida, como la que la Consejer\u00eda de Educaci\u00f3n del Gobierno de Cantabria proporciona a sus estudiantes, en el dominio @educantabria.es<\/strong>.<\/p>\n<p style=\"text-align: justify;\">Si a\u00fan no utilizas Office 365, <strong>plant\u00e9ate conseguir una cuenta de educantabria, con ella, adem\u00e1s de una cuenta de correo especialmente protegida, tendr\u00e1s acceso a todas las herramientas de la suite ofim\u00e1tica on-line de Microsoft<\/strong>.<\/p>\n<p style=\"text-align: justify;\">Office 365 funciona sobre el navegador de Internet, por lo que no depende del sistema operativo que utilices, que puede ser incluso Linux, macOS&#8230;<\/p>\n<hr \/>\n<h2>Descarga e instala Microsoft Office<\/h2>\n<p style=\"text-align: justify;\">Ten en cuenta que <strong>al descargar Microsoft Office tendr\u00e1s una versi\u00f3n de prueba<\/strong> para que puedas usar todos los programas sin l\u00edmite en cuanto a sus funciones, pero s\u00ed <strong>con una limitaci\u00f3n de tiempo<\/strong>. La suite es de pago, as\u00ed que para tenerlo ilimitado, siendo usuario dom\u00e9stico o empresarial, deber\u00e1s pasar por caja y adquirirlo. Y, para que te hagas una idea, <strong>la versi\u00f3n m\u00e1s econ\u00f3mica, para uso dom\u00e9stico o estudiantil, sale por 149 \u20ac<\/strong>.<\/p>\n<ul>\n<li><a href=\"https:\/\/products.office.com\/es-es\/compare-all-microsoft-office-products?&amp;activetab=1\" target=\"_blank\" rel=\"nofollow noopener noreferrer\">Website de Microsoft para comprar productos de Office 365<\/a><\/li>\n<\/ul>\n<p style=\"text-align: justify;\"><strong>Pero si eres estudiante o profesor de ense\u00f1anzas no universitarias<\/strong> en centros p\u00fablicos pertenecientes a la Consejer\u00eda de Educaci\u00f3n del Gobierno de Cantabria,<strong> entonces puedes solicitar y utilizar una cuenta gratuita -mientras est\u00e9s estudiando- de Microsoft Office 365<\/strong>.<\/p>\n<blockquote>\n<p style=\"text-align: justify;\"><span style=\"color: #444444;\">Ponte<\/span><span style=\"font-style: italic; color: #444444;\"> en contacto con tu profesor-tutor de tu centro educativo para conseguir una cuenta del tipo @educantabria.es<\/span><\/p>\n<\/blockquote>\n<hr \/>\n<h4>Publicaciones relacionadas<\/h4>\n<ul>\n<li><a href=\"https:\/\/cifpn1.com\/tic\/?page_id=115\">Microsoft Office | TICs en el cifpn\u00ba1<\/a><\/li>\n<li><a href=\"https:\/\/cifpn1.com\/tic\/?p=625\" rel=\"nofollow noreferrer\">Sobre la adquisici\u00f3n de la suite ofim\u00e1tica Microsoft Office | TICs en el cifpn\u00ba1<\/a><\/li>\n<li><a href=\"https:\/\/mundoclaves.com\/diferencias-entre-office-2016-y-2019\/\" target=\"_blank\" rel=\"nofollow noopener noreferrer\">Diferencias entre Office 2016 y 2019 | El Blog de MundoClaves<\/a><\/li>\n<\/ul>\n","protected":false},"excerpt":{"rendered":"<p>Microsoft Office 365 para uso educativo MS-Office 365 es un servicio de suscripci\u00f3n basado \u00aben la nube\u00bb que re\u00fane las mejores herramientas para la forma de trabajar de hoy en d\u00eda, aunque no con todas las funcionalidades de la versi\u00f3n &hellip; <a href=\"https:\/\/cifpn1.com\/tic\/?page_id=2133\">Sigue leyendo <span class=\"meta-nav\">&rarr;<\/span><\/a><\/p>\n","protected":false},"author":2,"featured_media":2009,"parent":115,"menu_order":0,"comment_status":"closed","ping_status":"closed","template":"","meta":{"footnotes":""},"class_list":["post-2133","page","type-page","status-publish","has-post-thumbnail","hentry"],"_links":{"self":[{"href":"https:\/\/cifpn1.com\/tic\/index.php?rest_route=\/wp\/v2\/pages\/2133","targetHints":{"allow":["GET"]}}],"collection":[{"href":"https:\/\/cifpn1.com\/tic\/index.php?rest_route=\/wp\/v2\/pages"}],"about":[{"href":"https:\/\/cifpn1.com\/tic\/index.php?rest_route=\/wp\/v2\/types\/page"}],"author":[{"embeddable":true,"href":"https:\/\/cifpn1.com\/tic\/index.php?rest_route=\/wp\/v2\/users\/2"}],"replies":[{"embeddable":true,"href":"https:\/\/cifpn1.com\/tic\/index.php?rest_route=%2Fwp%2Fv2%2Fcomments&post=2133"}],"version-history":[{"count":0,"href":"https:\/\/cifpn1.com\/tic\/index.php?rest_route=\/wp\/v2\/pages\/2133\/revisions"}],"up":[{"embeddable":true,"href":"https:\/\/cifpn1.com\/tic\/index.php?rest_route=\/wp\/v2\/pages\/115"}],"wp:featuredmedia":[{"embeddable":true,"href":"https:\/\/cifpn1.com\/tic\/index.php?rest_route=\/wp\/v2\/media\/2009"}],"wp:attachment":[{"href":"https:\/\/cifpn1.com\/tic\/index.php?rest_route=%2Fwp%2Fv2%2Fmedia&parent=2133"}],"curies":[{"name":"wp","href":"https:\/\/api.w.org\/{rel}","templated":true}]}}