{"id":194,"date":"2020-03-02T20:57:54","date_gmt":"2020-03-02T19:57:54","guid":{"rendered":"http:\/\/cifpn1.com\/tic\/?page_id=194"},"modified":"2020-04-24T15:18:26","modified_gmt":"2020-04-24T14:18:26","slug":"acceso-internet-profesores","status":"publish","type":"page","link":"https:\/\/cifpn1.com\/tic\/?page_id=194","title":{"rendered":"Acceso Internet profesorado"},"content":{"rendered":"<p style=\"text-align: center;\"><img loading=\"lazy\" decoding=\"async\" class=\"alignnone size-medium wp-image-488\" src=\"https:\/\/cifpn1.com\/tic\/wp-content\/uploads\/zona-Wifi_2-656x371.jpg\" alt=\"\" width=\"656\" height=\"371\" srcset=\"https:\/\/cifpn1.com\/tic\/wp-content\/uploads\/zona-Wifi_2-656x371.jpg 656w, https:\/\/cifpn1.com\/tic\/wp-content\/uploads\/zona-Wifi_2.jpg 767w\" sizes=\"auto, (max-width: 656px) 100vw, 656px\" \/><\/p>\n<p style=\"text-align: justify;\">Todo el profesorado del Centro Integrado de Formaci\u00f3n Profesional N\u00famero Uno de Santander, tiene acceso a la red Wifi del profesorado del centro. \u00c9sta es una red distinta a la \u00ababierta\u00bb del alumnado, por lo que ambas \u00abno se ven\u00bb y no se puede acceder de una a otra.<\/p>\n<p style=\"text-align: justify;\">El uso de la red del profesorado, aunque libre, tiene alguna limitaci\u00f3n:<\/p>\n<ul>\n<li style=\"text-align: justify;\">Dado que, en 2019 y por causa del uso indebido de la red, se tuvo que implantar un control de acceso mediante MAC, el profesorado ha de identificarse, y con \u00e9l identificar tambi\u00e9n el dispositivo\/s que va a utilizar para acceder a Internet, sea port\u00e1til, tableta o m\u00f3vil (para el caso de estos \u00faltimos habr\u00e1 de justificar su uso a\u00f1adido).<\/li>\n<li style=\"text-align: justify;\">Evidentemente, no se utilizar\u00e1 el acceso Wifi del profesorado para ninguna actividad de tipo personal, como descarga multimedia, o il\u00edcita o con intenci\u00f3n ofensiva (esto tiene que figurar por razones legales).<\/li>\n<\/ul>\n<p style=\"text-align: justify;\">El procedimiento para el acceso Wifi del profesorado es el siguiente:<\/p>\n<ul>\n<li style=\"text-align: justify;\">El profesorado mandar\u00e1 un Email al <a title=\"Jos\u00e9 Luis P\u00e9rez del Val\" href=\"mailto:jlval@cifpn1.es\" target=\"_blank\" rel=\"nofollow noopener noreferrer\">gestor de red del centro<\/a> con sus datos (nombre y apellidos), y los de los grupos y aulas en los que va a utilizar el acceso a la red, proporcion\u00e1ndole al mismo <a href=\"https:\/\/drive.google.com\/open?id=1TNDAh78z4C36rFxLdlP5I5OhBGe79k9Q\" target=\"_blank\" rel=\"noopener noreferrer\">el c\u00f3digo MAC del dispositivo\/s<\/a> que va a utilizar para acceder a Internet; es decir, el MAC del adaptador wireless del port\u00e1til, tableta o m\u00f3vil:<br \/>\nEmail gestor de redes: Jos\u00e9 Luis P\u00e9rez del Val \/ <a href=\"mailto:jlval@cifpn1.es\">jlval@cifpn1.es<\/a><\/li>\n<li style=\"text-align: justify;\">El gestor de redes del centro incluir\u00e1 al profesor\/a en la base de datos correspondiente, validada para el acceso Wifi del profesorado, y<span style=\"text-decoration: underline;\"> le comunicar\u00e1 v\u00eda Email la validaci\u00f3n<\/span> para el acceso Wifi a la red, <span style=\"text-decoration: underline;\">junto con el nombre de la red de profesores y la clave de acceso<\/span>.<\/li>\n<\/ul>\n<h4>Notas<\/h4>\n<ul>\n<li>Ayuda para<a href=\"https:\/\/drive.google.com\/open?id=1TNDAh78z4C36rFxLdlP5I5OhBGe79k9Q\" target=\"_blank\" rel=\"noopener noreferrer\"> conseguir el MAC de mi dispositiv<\/a>o<\/li>\n<li>Se recuerda que accediendo a la red Wifi mediante MAC, queda registrada la sesi\u00f3n de uso de Internet, y aunque esta informaci\u00f3n no se utiliza para nada, puede ser requerida por la autoridad competente en los casos que marca la Ley.<\/li>\n<\/ul>\n","protected":false},"excerpt":{"rendered":"<p>Todo el profesorado del Centro Integrado de Formaci\u00f3n Profesional N\u00famero Uno de Santander, tiene acceso a la red Wifi del profesorado del centro. \u00c9sta es una red distinta a la \u00ababierta\u00bb del alumnado, por lo que ambas \u00abno se ven\u00bb &hellip; <a href=\"https:\/\/cifpn1.com\/tic\/?page_id=194\">Sigue leyendo <span class=\"meta-nav\">&rarr;<\/span><\/a><\/p>\n","protected":false},"author":2,"featured_media":0,"parent":101,"menu_order":0,"comment_status":"closed","ping_status":"closed","template":"","meta":{"footnotes":""},"class_list":["post-194","page","type-page","status-publish","hentry"],"_links":{"self":[{"href":"https:\/\/cifpn1.com\/tic\/index.php?rest_route=\/wp\/v2\/pages\/194","targetHints":{"allow":["GET"]}}],"collection":[{"href":"https:\/\/cifpn1.com\/tic\/index.php?rest_route=\/wp\/v2\/pages"}],"about":[{"href":"https:\/\/cifpn1.com\/tic\/index.php?rest_route=\/wp\/v2\/types\/page"}],"author":[{"embeddable":true,"href":"https:\/\/cifpn1.com\/tic\/index.php?rest_route=\/wp\/v2\/users\/2"}],"replies":[{"embeddable":true,"href":"https:\/\/cifpn1.com\/tic\/index.php?rest_route=%2Fwp%2Fv2%2Fcomments&post=194"}],"version-history":[{"count":0,"href":"https:\/\/cifpn1.com\/tic\/index.php?rest_route=\/wp\/v2\/pages\/194\/revisions"}],"up":[{"embeddable":true,"href":"https:\/\/cifpn1.com\/tic\/index.php?rest_route=\/wp\/v2\/pages\/101"}],"wp:attachment":[{"href":"https:\/\/cifpn1.com\/tic\/index.php?rest_route=%2Fwp%2Fv2%2Fmedia&parent=194"}],"curies":[{"name":"wp","href":"https:\/\/api.w.org\/{rel}","templated":true}]}}