{"id":189,"date":"2020-03-02T20:56:24","date_gmt":"2020-03-02T19:56:24","guid":{"rendered":"http:\/\/cifpn1.com\/tic\/?page_id=189"},"modified":"2020-04-10T16:17:30","modified_gmt":"2020-04-10T15:17:30","slug":"cuentas-educantabria-y-cifpno1","status":"publish","type":"page","link":"https:\/\/cifpn1.com\/tic\/?page_id=189","title":{"rendered":"Manejo de la cuenta @educantabria"},"content":{"rendered":"<p style=\"text-align: center;\"><span style=\"font-size: 10pt; color: #808080;\"><strong>[ clic sobre la imagen para acceder al v\u00eddeo informativo sobre educantabria ]<\/strong><\/span><\/p>\n<p style=\"text-align: center;\"><a href=\"http:\/\/educantabria.tv\/video\/video_player.php?account=Kc74Snr99R&amp;idfolder=2013-02-264ts3rZ3w9w&amp;width=640&amp;height=480&amp;noaudio=&amp;loop=false&amp;nocontrols=false&amp;autoplay=true\" target=\"_blank\" rel=\"nofollow noopener noreferrer\"><img loading=\"lazy\" decoding=\"async\" class=\"aligncenter size-full wp-image-1061\" src=\"https:\/\/cifpn1.com\/tic\/wp-content\/uploads\/2020\/03\/bienvenidos-a-educantabria_captura.png\" alt=\"\" width=\"640\" height=\"360\" \/><\/a><\/p>\n<h4>Acceso al correo educantabria en Microsoft Office 365<\/h4>\n<p style=\"text-align: center;\"><a href=\"http:\/\/login.microsoftonline.com\/\" target=\"_blank\" rel=\"nofollow noopener noreferrer\"><strong>http:\/\/login.microsoftonline.com\/<\/strong><\/a><\/p>\n<hr \/>\n<h4>Tutorial para cambio de contrase\u00f1a en educantabria y el correo<\/h4>\n<p style=\"text-align: center;\"><span style=\"color: #808080;\"><strong>[ clic sobre la imagen para acceder al documento ]<\/strong><\/span><a title=\"Video cambio contrase\u00f1a en educantabria\" href=\"http:\/\/educantabria.tv\/video\/video_player.php?account=Kc74Snr99R&amp;width=960&amp;height=600&amp;autoplay=true&amp;loop=false&amp;splash=&amp;bgcolor=&amp;nocontrols=false&amp;idfolder=20131017VhccyHHWK6\" target=\"_blank\" rel=\"nofollow noopener noreferrer\"><img loading=\"lazy\" decoding=\"async\" class=\"aligncenter size-full wp-image-1881\" src=\"https:\/\/cifpn1.com\/tic\/wp-content\/uploads\/2020\/04\/video-cambio-clave-contrase\u00f1a.jpg\" alt=\"\" width=\"480\" height=\"294\" \/><\/a><\/p>\n<h4>Mini-tutorial de configuraci\u00f3n y acceso<\/h4>\n<p style=\"text-align: center;\"><a href=\"https:\/\/cifpn1.com\/tic\/wp-content\/uploads\/2020\/04\/educantabria_mini-tutorial-cifpn1.pdf\" class=\"pdfemb-viewer\" style=\"width:656px;\" data-width=\"656\" data-height=\"max\" data-toolbar=\"bottom\" data-toolbar-fixed=\"on\">educantabria_mini-tutorial - cifpn1<\/a>\n<ul>\n<li>Descarga <strong><a href=\"https:\/\/cifpn1.com\/tic\/wp-content\/uploads\/2020\/04\/educantabria_mini-tutorial-cifpn1.pdf\" target=\"_blank\" rel=\"nofollow noopener noreferrer\">DESDE AQU\u00cd<\/a><\/strong> el documento en PDF<\/li>\n<\/ul>\n<h4>Manual b\u00e1sico de usuario. Portal educantabria ver. 6.1 de Liferay<\/h4>\n<p style=\"text-align: center;\"><span style=\"color: #808080;\"><strong>[ clic sobre la imagen para acceder al documento ]<\/strong><\/span><a href=\"https:\/\/www.educantabria.es\/docs\/publicaciones\/Manual_portal.pdf\" target=\"_blank\" rel=\"nofollow noopener noreferrer\"><img loading=\"lazy\" decoding=\"async\" class=\"aligncenter size-full wp-image-1872\" src=\"https:\/\/cifpn1.com\/tic\/wp-content\/uploads\/2020\/04\/manual-basico-educantabria-ver.6.1_Liferay.jpg\" alt=\"\" width=\"537\" height=\"758\" \/><\/a><\/p>\n<ul>\n<li><a href=\"https:\/\/drive.google.com\/open?id=1JzTyhAqc-9CHgj0C5-3Li_XGra6gCupq\" target=\"_blank\" rel=\"nofollow noopener noreferrer\">Descarga <em>DESDE AQU\u00cd<\/em> el documento en PDF<\/a><\/li>\n<\/ul>\n<hr \/>\n<h4>Activaci\u00f3n de la cuenta de acceso al Portal educativo educantabria<\/h4>\n<p><strong><em>Pasos para gestionar el acceso al portal y Office 365<\/em><\/strong><\/p>\n<ul>\n<li>Compruebe en el centro de destino que est\u00e1 dado de alta en Yedra<\/li>\n<li>Solicite al Coordinador TIC la credencial del Portal<\/li>\n<li>Si el TIC no encuentra al usuario en el Escritorio\/Mis Comunidades\/Generar Credenciales, deber\u00e1 comunicarlo a la Unidad T\u00e9cnica de Innovaci\u00f3n Educativa(Educantabria) a trav\u00e9s del correo soporte.portal@educantabria.es, facilitando el NIF(NIE en alumnos), nombre y apellidos de usuario.<\/li>\n<li>Una vez integrado al usuario en el Portal, se avisar\u00e1 al C. TIC que podr\u00e1 extender la credencial.<\/li>\n<li>Accedemos al Portal e introducimos el usuario y contrase\u00f1a facilitados en la credencial. Al entrar por primera vez se nos va a pedir que introduzcamos nueva contrase\u00f1a. Las nuevas contrase\u00f1as tienen que cumplir los siguientes requisitos: 8 a 13 caracteres alfanum\u00e9ricos que incluyan may\u00fasculas, min\u00fasculas y n\u00fameros.<\/li>\n<li>Una vez aceptadas las contrase\u00f1as el sistema activar\u00e1 la sincronizaci\u00f3n y al cabo de un minuto ya podremos acceder al Escritorio de Office 365.<\/li>\n<\/ul>\n","protected":false},"excerpt":{"rendered":"<p>[ clic sobre la imagen para acceder al v\u00eddeo informativo sobre educantabria ] Acceso al correo educantabria en Microsoft Office 365 http:\/\/login.microsoftonline.com\/ Tutorial para cambio de contrase\u00f1a en educantabria y el correo [ clic sobre la imagen para acceder al &hellip; <a href=\"https:\/\/cifpn1.com\/tic\/?page_id=189\">Sigue leyendo <span class=\"meta-nav\">&rarr;<\/span><\/a><\/p>\n","protected":false},"author":2,"featured_media":1061,"parent":99,"menu_order":0,"comment_status":"closed","ping_status":"closed","template":"","meta":{"footnotes":""},"class_list":["post-189","page","type-page","status-publish","has-post-thumbnail","hentry"],"_links":{"self":[{"href":"https:\/\/cifpn1.com\/tic\/index.php?rest_route=\/wp\/v2\/pages\/189","targetHints":{"allow":["GET"]}}],"collection":[{"href":"https:\/\/cifpn1.com\/tic\/index.php?rest_route=\/wp\/v2\/pages"}],"about":[{"href":"https:\/\/cifpn1.com\/tic\/index.php?rest_route=\/wp\/v2\/types\/page"}],"author":[{"embeddable":true,"href":"https:\/\/cifpn1.com\/tic\/index.php?rest_route=\/wp\/v2\/users\/2"}],"replies":[{"embeddable":true,"href":"https:\/\/cifpn1.com\/tic\/index.php?rest_route=%2Fwp%2Fv2%2Fcomments&post=189"}],"version-history":[{"count":0,"href":"https:\/\/cifpn1.com\/tic\/index.php?rest_route=\/wp\/v2\/pages\/189\/revisions"}],"up":[{"embeddable":true,"href":"https:\/\/cifpn1.com\/tic\/index.php?rest_route=\/wp\/v2\/pages\/99"}],"wp:featuredmedia":[{"embeddable":true,"href":"https:\/\/cifpn1.com\/tic\/index.php?rest_route=\/wp\/v2\/media\/1061"}],"wp:attachment":[{"href":"https:\/\/cifpn1.com\/tic\/index.php?rest_route=%2Fwp%2Fv2%2Fmedia&parent=189"}],"curies":[{"name":"wp","href":"https:\/\/api.w.org\/{rel}","templated":true}]}}