{"id":3,"date":"2026-03-27T08:32:49","date_gmt":"2026-03-27T08:32:49","guid":{"rendered":"https:\/\/cifpn1.com\/sym\/?page_id=3"},"modified":"2026-04-12T21:32:27","modified_gmt":"2026-04-12T21:32:27","slug":"privacy-policy","status":"publish","type":"page","link":"https:\/\/cifpn1.com\/sym\/privacy-policy\/","title":{"rendered":"Pol\u00edtica de privacidad y aviso legal"},"content":{"rendered":"<h3 style=\"text-align: center;\">Centro Integrado de Formaci\u00f3n Profesional N\u00famero Uno<\/h3>\n<h4 style=\"text-align: center;\">DEPARTAMENTO DE SEGURIDAD Y MEDIOAMBIENTE<\/h4>\n<h2 style=\"text-align: justify;\">1. Informaci\u00f3n Legal<\/h2>\n<p style=\"text-align: justify; margin-left: 40px;\">El blog \u201cDepartamento de Seguridad y Medioambiente\u201d (a partir de ahora el blog) es titularidad del centro educativo de F.P. denominado \u201cCentro Integrado de Formaci\u00f3n Profesional N\u00famero Uno\u201d, de Santander (en adelante el Centro), dependiente de la Consejer\u00eda de Educaci\u00f3n, Cultura y Deporte, de la Comunidad Aut\u00f3noma de Cantabria (Reino de Espa\u00f1a); y cumple con los requisitos derivados de la Ley 34\/2002, de 11 de julio, de Servicios de la Sociedad de la Informaci\u00f3n y de Comercio Electr\u00f3nico, del Real Decreto-ley 13\/2012, de 30 de marzo, as\u00ed como de la obligaci\u00f3n de Informaci\u00f3n al usuario contemplada en el Reglamento General de Protecci\u00f3n de Datos (UE) 2016\/679.<\/p>\n<h2 style=\"text-align: justify;\">2. Datos identificativos<\/h2>\n<ul>\n<li style=\"text-align: justify; margin-left: 40px;\">Nombre: Centro Integrado de Formaci\u00f3n Profesional N\u00famero Uno<\/li>\n<li style=\"text-align: justify; margin-left: 40px;\">C.I.F: S3900015C<\/li>\n<li style=\"text-align: justify; margin-left: 40px;\">Direcci\u00f3n: c\/ Francisco Rivas Moreno, s\/n<\/li>\n<li style=\"text-align: justify; margin-left: 40px;\">CP: 39011<\/li>\n<li style=\"text-align: justify; margin-left: 40px;\">Poblaci\u00f3n: Santander<\/li>\n<li style=\"text-align: justify; margin-left: 40px;\">Provincia: Cantabria<\/li>\n<li style=\"text-align: justify; margin-left: 40px;\">Pa\u00eds: Espa\u00f1a<\/li>\n<li style=\"text-align: justify; margin-left: 40px;\">Tel\u00e9fono: 942 323845<\/li>\n<li style=\"text-align: justify; margin-left: 40px;\">Email:\u00a0\u00a0<a href=\"http:\/\/cifpn1@cifpn1.es\/\" target=\"_blank\" rel=\"noopener\">cifpn1@cifpn1.es<\/a><\/li>\n<li style=\"text-align: justify; margin-left: 40px;\">URL:\u00a0<a href=\"http:\/\/cifp.es\/\" target=\"_blank\" rel=\"noopener\">http:\/\/cifp.es<\/a><\/li>\n<\/ul>\n<h2 style=\"text-align: justify;\">3. Informaci\u00f3n sobre uso de datos<\/h2>\n<p style=\"text-align: justify; margin-left: 40px;\">De acuerdo con la normativa vigente en materia de protecci\u00f3n de datos as\u00ed como en materia de servicios de la sociedad de la informaci\u00f3n y de comercio electr\u00f3nico, el Centro informa a los usuarios que la finalidad del tratamiento ser\u00e1 la de facilitar la prestaci\u00f3n de los servicios solicitados, para la correcta identificaci\u00f3n de los usuarios que solicitan servicios personalizados en el blog, para la gesti\u00f3n de tareas b\u00e1sicas de administraci\u00f3n, as\u00ed como para mantenerle informado, bien por correo electr\u00f3nico bien por cualquier otro medio, de novedades, productos y servicios relacionados con el Centro.<span style=\"color: #ffffff;\">&#8211;<\/span><\/p>\n<h2 style=\"text-align: justify;\">4. Privacidad de los datos<\/h2>\n<p style=\"text-align: justify; margin-left: 40px;\">El Centro se compromete al cumplimiento de su obligaci\u00f3n de secreto de los datos de car\u00e1cter personal y de su deber de tratarlos con confidencialidad, y asume, a estos efectos, las medidas de \u00edndole t\u00e9cnica, organizativa y de seguridad necesarias para evitar su alteraci\u00f3n, p\u00e9rdida, tratamiento o acceso no autorizado, de acuerdo con lo establecido en el Reglamento General de Protecci\u00f3n de Datos (UE) 2016\/679 y dem\u00e1s legislaci\u00f3n aplicable.<span style=\"color: #ffffff;\">&#8211;<\/span><\/p>\n<h2 style=\"text-align: justify;\">5. Derecho de cancelaci\u00f3n de datos<\/h2>\n<p style=\"text-align: justify; margin-left: 40px;\">Cualquier usuario puede en cualquier momento ejercitar sus derechos de acceso, rectificaci\u00f3n, cancelaci\u00f3n y oposici\u00f3n, mediante un escrito, acreditando su identidad, mediante fotocopia del DNI, y especificando el derecho a ejercitar, a la direcci\u00f3n de el Centro anteriormente especificada en \u201cDatos identificativos\u201d.<\/p>\n<div>\u00a0<\/div>\n","protected":false},"excerpt":{"rendered":"<p>Centro Integrado de Formaci\u00f3n Profesional N\u00famero Uno DEPARTAMENTO DE SEGURIDAD Y MEDIOAMBIENTE 1. Informaci\u00f3n Legal El blog \u201cDepartamento de Seguridad y Medioambiente\u201d (a partir de ahora el blog) es titularidad del centro educativo de F.P. denominado \u201cCentro Integrado de Formaci\u00f3n &hellip; <a href=\"https:\/\/cifpn1.com\/sym\/privacy-policy\/\">Contin\u00faa leyendo <span class=\"meta-nav\">&rarr;<\/span><\/a><\/p>\n","protected":false},"author":1,"featured_media":0,"parent":0,"menu_order":0,"comment_status":"closed","ping_status":"open","template":"","meta":{"footnotes":""},"class_list":["post-3","page","type-page","status-publish","hentry"],"_links":{"self":[{"href":"https:\/\/cifpn1.com\/sym\/wp-json\/wp\/v2\/pages\/3","targetHints":{"allow":["GET"]}}],"collection":[{"href":"https:\/\/cifpn1.com\/sym\/wp-json\/wp\/v2\/pages"}],"about":[{"href":"https:\/\/cifpn1.com\/sym\/wp-json\/wp\/v2\/types\/page"}],"author":[{"embeddable":true,"href":"https:\/\/cifpn1.com\/sym\/wp-json\/wp\/v2\/users\/1"}],"replies":[{"embeddable":true,"href":"https:\/\/cifpn1.com\/sym\/wp-json\/wp\/v2\/comments?post=3"}],"version-history":[{"count":2,"href":"https:\/\/cifpn1.com\/sym\/wp-json\/wp\/v2\/pages\/3\/revisions"}],"predecessor-version":[{"id":39,"href":"https:\/\/cifpn1.com\/sym\/wp-json\/wp\/v2\/pages\/3\/revisions\/39"}],"wp:attachment":[{"href":"https:\/\/cifpn1.com\/sym\/wp-json\/wp\/v2\/media?parent=3"}],"curies":[{"name":"wp","href":"https:\/\/api.w.org\/{rel}","templated":true}]}}