{"id":81,"date":"2020-04-19T23:55:41","date_gmt":"2020-04-19T22:55:41","guid":{"rendered":"http:\/\/cifpn1.com\/siop\/?page_id=81"},"modified":"2021-04-13T22:10:38","modified_gmt":"2021-04-13T21:10:38","slug":"acerca-de-2","status":"publish","type":"page","link":"https:\/\/cifpn1.com\/siop\/?page_id=81","title":{"rendered":"Acerca de"},"content":{"rendered":"<p style=\"padding-left: 40px;\"><a href=\"https:\/\/cifpn1.com\/siop\/?page_id=28\">\u00bfQui\u00e9nes somos?<\/a><\/p>\n<p style=\"padding-left: 40px;\"><a href=\"https:\/\/cifpn1.com\/siop\/?page_id=84\">Pol\u00edtica de privacidad y aviso legal<\/a><\/p>\n<p style=\"padding-left: 40px;\"><a href=\"https:\/\/cifpn1.com\/siop\/?page_id=80\">Pol\u00edtica de cookies<\/a><\/p>\n<p style=\"padding-left: 40px;\"><a href=\"https:\/\/cifpn1.com\/siop\/?page_id=88\">Mapa del Blog<\/a><\/p>\n","protected":false},"excerpt":{"rendered":"<p>\u00bfQui\u00e9nes somos? Pol\u00edtica de privacidad y aviso legal Pol\u00edtica de cookies Mapa del Blog<\/p>\n","protected":false},"author":4,"featured_media":0,"parent":0,"menu_order":0,"comment_status":"closed","ping_status":"closed","template":"","meta":{"footnotes":""},"class_list":["post-81","page","type-page","status-publish","hentry"],"_links":{"self":[{"href":"https:\/\/cifpn1.com\/siop\/index.php?rest_route=\/wp\/v2\/pages\/81","targetHints":{"allow":["GET"]}}],"collection":[{"href":"https:\/\/cifpn1.com\/siop\/index.php?rest_route=\/wp\/v2\/pages"}],"about":[{"href":"https:\/\/cifpn1.com\/siop\/index.php?rest_route=\/wp\/v2\/types\/page"}],"author":[{"embeddable":true,"href":"https:\/\/cifpn1.com\/siop\/index.php?rest_route=\/wp\/v2\/users\/4"}],"replies":[{"embeddable":true,"href":"https:\/\/cifpn1.com\/siop\/index.php?rest_route=%2Fwp%2Fv2%2Fcomments&post=81"}],"version-history":[{"count":3,"href":"https:\/\/cifpn1.com\/siop\/index.php?rest_route=\/wp\/v2\/pages\/81\/revisions"}],"predecessor-version":[{"id":1100,"href":"https:\/\/cifpn1.com\/siop\/index.php?rest_route=\/wp\/v2\/pages\/81\/revisions\/1100"}],"wp:attachment":[{"href":"https:\/\/cifpn1.com\/siop\/index.php?rest_route=%2Fwp%2Fv2%2Fmedia&parent=81"}],"curies":[{"name":"wp","href":"https:\/\/api.w.org\/{rel}","templated":true}]}}