{"id":488,"date":"2020-10-21T12:59:19","date_gmt":"2020-10-21T11:59:19","guid":{"rendered":"https:\/\/cifpn1.com\/siop\/?page_id=488"},"modified":"2021-04-10T18:15:33","modified_gmt":"2021-04-10T17:15:33","slug":"alimentacion-2","status":"publish","type":"page","link":"https:\/\/cifpn1.com\/siop\/?page_id=488","title":{"rendered":"Alimentaci\u00f3n saludable"},"content":{"rendered":"<h2>\u00bfEn qu\u00e9 consiste una alimentaci\u00f3n saludable?<\/h2>\n<p style=\"text-align: justify;\">La alimentaci\u00f3n saludable es <strong>aquella que aporta al organismo los nutrientes esenciales y la energ\u00eda necesaria para mantenerse sano<\/strong> en el presente e invertir en la salud del futuro, previniendo las enfermedades.<\/p>\n<p style=\"text-align: justify;\">Para poder plantear una dieta correcta y saber qu\u00e9 comer y en qu\u00e9 cantidad, <strong>es necesario tener conocimientos sobre la alimentaci\u00f3n y los alimentos<\/strong>: seg\u00fan la mayor\u00eda de los especialistas en nutrici\u00f3n, no es que existan alimentos buenos y malos, es que seg\u00fan c\u00f3mo los combinamos conseguimos dietas saludables y dietas poco sanas.<\/p>\n<p>El <a href=\"https:\/\/es.wikipedia.org\/wiki\/Antonio_Escribano_Zafra\" target=\"_blank\" rel=\"nofollow noopener noreferrer\">doctor Antonio Escribano<\/a>, especialista en endocrinolog\u00eda y nutrici\u00f3n, nos explica que<strong> los alimentos se clasifican en energ\u00e9ticos, pl\u00e1sticos y reguladores<\/strong> y, atendiendo a estas propiedades, se clasifican en siete grupos:<\/p>\n<ul>\n<li>L\u00e1cteos (leche, queso, yogurt)<\/li>\n<li>Carnes, pescados, huevos<\/li>\n<li>Patatas, legumbres, frutos secos<\/li>\n<li>Verduras y hortalizas<\/li>\n<li>Frutas<\/li>\n<li>Cereales y az\u00facares naturales<\/li>\n<li>Aceites y grasas<\/li>\n<\/ul>\n<p style=\"text-align: justify;\">Una alimentaci\u00f3n sana y saludable, nos explica el doctor, en primer lugar <strong>debe combinar varios alimentos de cada uno de los 7 grupos<\/strong> en una determinada secuencia y una organizaci\u00f3n sencilla que establece la clave \u201ccualitativa\u201d y saludable de la alimentaci\u00f3n.<\/p>\n<p style=\"text-align: center;\"><img loading=\"lazy\" decoding=\"async\" class=\"alignnone size-medium wp-image-938\" src=\"https:\/\/cifpn1.com\/siop\/wp-content\/uploads\/2021\/04\/alimentacion-saludable-656x324.jpg\" alt=\"\" width=\"656\" height=\"324\" srcset=\"https:\/\/cifpn1.com\/siop\/wp-content\/uploads\/2021\/04\/alimentacion-saludable-656x324.jpg 656w, https:\/\/cifpn1.com\/siop\/wp-content\/uploads\/2021\/04\/alimentacion-saludable-768x380.jpg 768w, https:\/\/cifpn1.com\/siop\/wp-content\/uploads\/2021\/04\/alimentacion-saludable.jpg 860w\" sizes=\"auto, (max-width: 656px) 100vw, 656px\" \/><\/p>\n<p style=\"text-align: justify;\">Y una vez establecida la organizaci\u00f3n de los alimentos, <strong>tambi\u00e9n debemos pensar en las cantidades apropiadas<\/strong>. En general, siempre debemos seguir la misma recomendaci\u00f3n: la moderaci\u00f3n. Lo ideal es que la cantidad de energ\u00eda que obtenemos a trav\u00e9s de la alimentaci\u00f3n se corresponda a nuestro nivel de actividad.<\/p>\n<p style=\"text-align: justify;\">No se trata de vivir m\u00e1s a\u00f1os <strong>sino de vivir mejor<\/strong>, as\u00ed que \u00bfc\u00f3mo podemos llegar a tener verdadera conciencia de lo que esto significa? La respuesta tambi\u00e9n parece clara: con una buena educaci\u00f3n para la salud, todo un proceso de ense\u00f1anza y aprendizaje con el fin de adquirir unos h\u00e1bitos que nos hagan llevar una vida m\u00e1s saludable.<\/p>\n<h4>Brev\u00edsimos consejos para una dieta saludable<\/h4>\n<p style=\"text-align: justify;\">Lo primero que debemos tener en cuenta es que una dieta saludable <strong>puede variar durante las diferentes etapas de la vida<\/strong>: no tenemos las mismas necesidades nutricionales en la infancia, que cuando somos adultos o en la tercera edad. Y tambi\u00e9n <strong>puede variar seg\u00fan nuestras circunstancias personales y nuestro nivel de actividad<\/strong>: durante el embarazo, si realizamos deporte de alto nivel, etc. <strong>Si tenemos cualquier duda, lo mejor es consultar con nuestro m\u00e9dico o nutricionista<\/strong> para que nos d\u00e9 las pautas adecuadas personalizadas a nuestra situaci\u00f3n y estilo de vida.<span style=\"color: #ffffff;\">&#8211;<\/span><\/p>\n<h4>Para saber m\u00e1s<\/h4>\n<p style=\"text-align: justify;\">En las p\u00e1ginas que se despliegan en el <a href=\"https:\/\/cifpn1.com\/siop\/?cat=27\"><strong>men\u00fa de alimentaci\u00f3n saludable<\/strong><\/a> podr\u00e1s encontrar m\u00e1s informaci\u00f3n relacionada. <a href=\"https:\/\/cifpn1.com\/siop\/?cat=27\">\u00a1Ven y aprender\u00e1s c\u00f3mo hay que comer bien!<\/a><\/p>\n<p style=\"text-align: center;\"><a href=\"https:\/\/cifpn1.com\/siop\/wp-content\/uploads\/2021\/04\/Plato-saludable.jpeg\" target=\"_blank\" rel=\"noopener\"><img loading=\"lazy\" decoding=\"async\" class=\"alignnone wp-image-940 size-medium\" src=\"https:\/\/cifpn1.com\/siop\/wp-content\/uploads\/2021\/04\/Plato-saludable-656x369.jpeg\" alt=\"\" width=\"656\" height=\"369\" srcset=\"https:\/\/cifpn1.com\/siop\/wp-content\/uploads\/2021\/04\/Plato-saludable-656x369.jpeg 656w, https:\/\/cifpn1.com\/siop\/wp-content\/uploads\/2021\/04\/Plato-saludable-768x432.jpeg 768w, https:\/\/cifpn1.com\/siop\/wp-content\/uploads\/2021\/04\/Plato-saludable-1200x675.jpeg 1200w, https:\/\/cifpn1.com\/siop\/wp-content\/uploads\/2021\/04\/Plato-saludable.jpeg 1500w\" sizes=\"auto, (max-width: 656px) 100vw, 656px\" \/><\/a><br \/>\n<span style=\"font-size: 10pt;\"><em>El \u00abplato saludable\u00bb, una de las formas de orientarse en nutrici\u00f3n<\/em><\/span><\/p>\n<p style=\"text-align: justify;\"><span style=\"color: #993300;\"><strong><em>Finalmente recordarte que esto no sustituye a ning\u00fan tratamiento o consejo m\u00e9dico, que es al fin qui\u00e9n tiene la \u00faltima palabra en tu alimentaci\u00f3n. Investiga y pregunta lo que creas necesario, y deja asesorarte por personas y profesionales que sepan de verdad.<\/em><\/strong><\/span><\/p>\n<h4>Para saber m\u00e1s<\/h4>\n<ul>\n<li><a href=\"https:\/\/cifpn1.com\/siop\/?cat=27\">Entradas con la categor\u00eda de \u00abAlimentaci\u00f3n saludable\u00bb<\/a><\/li>\n<\/ul>\n","protected":false},"excerpt":{"rendered":"<p>\u00bfEn qu\u00e9 consiste una alimentaci\u00f3n saludable? La alimentaci\u00f3n saludable es aquella que aporta al organismo los nutrientes esenciales y la energ\u00eda necesaria para mantenerse sano en el presente e invertir en la salud del futuro, previniendo las enfermedades. Para poder &hellip; <a href=\"https:\/\/cifpn1.com\/siop\/?page_id=488\">Sigue leyendo <span class=\"meta-nav\">&rarr;<\/span><\/a><\/p>\n","protected":false},"author":4,"featured_media":934,"parent":481,"menu_order":1,"comment_status":"closed","ping_status":"closed","template":"","meta":{"footnotes":""},"class_list":["post-488","page","type-page","status-publish","has-post-thumbnail","hentry"],"_links":{"self":[{"href":"https:\/\/cifpn1.com\/siop\/index.php?rest_route=\/wp\/v2\/pages\/488","targetHints":{"allow":["GET"]}}],"collection":[{"href":"https:\/\/cifpn1.com\/siop\/index.php?rest_route=\/wp\/v2\/pages"}],"about":[{"href":"https:\/\/cifpn1.com\/siop\/index.php?rest_route=\/wp\/v2\/types\/page"}],"author":[{"embeddable":true,"href":"https:\/\/cifpn1.com\/siop\/index.php?rest_route=\/wp\/v2\/users\/4"}],"replies":[{"embeddable":true,"href":"https:\/\/cifpn1.com\/siop\/index.php?rest_route=%2Fwp%2Fv2%2Fcomments&post=488"}],"version-history":[{"count":6,"href":"https:\/\/cifpn1.com\/siop\/index.php?rest_route=\/wp\/v2\/pages\/488\/revisions"}],"predecessor-version":[{"id":1014,"href":"https:\/\/cifpn1.com\/siop\/index.php?rest_route=\/wp\/v2\/pages\/488\/revisions\/1014"}],"up":[{"embeddable":true,"href":"https:\/\/cifpn1.com\/siop\/index.php?rest_route=\/wp\/v2\/pages\/481"}],"wp:featuredmedia":[{"embeddable":true,"href":"https:\/\/cifpn1.com\/siop\/index.php?rest_route=\/wp\/v2\/media\/934"}],"wp:attachment":[{"href":"https:\/\/cifpn1.com\/siop\/index.php?rest_route=%2Fwp%2Fv2%2Fmedia&parent=488"}],"curies":[{"name":"wp","href":"https:\/\/api.w.org\/{rel}","templated":true}]}}