{"id":257,"date":"2020-07-07T19:15:23","date_gmt":"2020-07-07T18:15:23","guid":{"rendered":"https:\/\/cifpn1.com\/siop\/?page_id=257"},"modified":"2021-04-13T22:14:13","modified_gmt":"2021-04-13T21:14:13","slug":"enlaces","status":"publish","type":"page","link":"https:\/\/cifpn1.com\/siop\/?page_id=257","title":{"rendered":"Enlaces"},"content":{"rendered":"<hr \/>\n<h2><span style=\"color: #008000;\">euroguidance espa\u00f1a<\/span><\/h2>\n<h4>Nueva p\u00e1gina del Ministerio de Educaci\u00f3n, dedicada a la orientaci\u00f3n profesional.<\/h4>\n<p style=\"text-align: justify;\">El objetivo de esta web es ofrecer informaci\u00f3n relevante y actualizada sobre iniciativas, programas y recursos europeos, de inter\u00e9s y utilidad para el ejercicio de la Orientaci\u00f3n Profesional.<\/p>\n<p>Si pinchas en la imagen acceder\u00e1s a los recursos disponibles&#8230;.<\/p>\n<p><a href=\"https:\/\/euroguidance-spain.educacionyfp.gob.es\/inicio.html\" target=\"_blank\" rel=\"noopener\"><img loading=\"lazy\" decoding=\"async\" class=\"aligncenter wp-image-836 size-medium\" src=\"https:\/\/cifpn1.com\/siop\/wp-content\/uploads\/2021\/03\/Captura-de-pantalla-2021-03-22-a-las-11.01.49-e1618345673816-656x297.png\" alt=\"\" width=\"656\" height=\"297\" srcset=\"https:\/\/cifpn1.com\/siop\/wp-content\/uploads\/2021\/03\/Captura-de-pantalla-2021-03-22-a-las-11.01.49-e1618345673816-656x297.png 656w, https:\/\/cifpn1.com\/siop\/wp-content\/uploads\/2021\/03\/Captura-de-pantalla-2021-03-22-a-las-11.01.49-e1618345673816-768x347.png 768w, https:\/\/cifpn1.com\/siop\/wp-content\/uploads\/2021\/03\/Captura-de-pantalla-2021-03-22-a-las-11.01.49-e1618345673816-1200x543.png 1200w, https:\/\/cifpn1.com\/siop\/wp-content\/uploads\/2021\/03\/Captura-de-pantalla-2021-03-22-a-las-11.01.49-e1618345673816.png 1285w\" sizes=\"auto, (max-width: 656px) 100vw, 656px\" \/><\/a><\/p>\n<hr \/>\n<h2><span style=\"color: #008000;\"><strong>Europass<\/strong><\/span><\/h2>\n<p style=\"text-align: justify;\">Europass es una iniciativa europea consistente en un dossier de cinco documentos que describe los aprendizajes, cualificaciones, experiencia laboral y competencias adquiridas por el titular a lo largo de su vida. Estos documentos son: el <strong>CV Europass<\/strong>, el <strong>Pasaporte de Lenguas<\/strong> (una parte del Portfolio de las Lenguas), el <strong>Suplemento al T\u00edtulo de T\u00e9cnico\/Certificado<\/strong>, el <strong>Suplemento al T\u00edtulo Superior<\/strong> y el <strong>Documento de Movilidad<\/strong>. Europass incluye tambi\u00e9n el Pasaporte Europeo de Competencias, portafolio electr\u00f3nico que sirve de inventario de los documentos acreditativos delas cualificaciones y competencias que recoge el CV y una carta de motivaci\u00f3n. Como herramienta para la transparencia, la finalidad de Europass est\u00e1 en facilitar la movilidad y mejorar las perspectivas de trabajo y aprendizaje a lo largo de la vida.<\/p>\n<p>Pincha en la imagen y accede a todos sus recursos.<\/p>\n<p><a href=\"http:\/\/www.sepie.es\/iniciativas\/europass\/\" target=\"_blank\" rel=\"noopener\"><img loading=\"lazy\" decoding=\"async\" class=\"aligncenter wp-image-858 size-medium\" src=\"https:\/\/cifpn1.com\/siop\/wp-content\/uploads\/2021\/03\/ACBFC29E-13F5-4B6E-9064-23FCC8F903AB-scaled-e1618348362641-656x295.jpeg\" alt=\"\" width=\"656\" height=\"295\" srcset=\"https:\/\/cifpn1.com\/siop\/wp-content\/uploads\/2021\/03\/ACBFC29E-13F5-4B6E-9064-23FCC8F903AB-scaled-e1618348362641-656x295.jpeg 656w, https:\/\/cifpn1.com\/siop\/wp-content\/uploads\/2021\/03\/ACBFC29E-13F5-4B6E-9064-23FCC8F903AB-scaled-e1618348362641-768x345.jpeg 768w, https:\/\/cifpn1.com\/siop\/wp-content\/uploads\/2021\/03\/ACBFC29E-13F5-4B6E-9064-23FCC8F903AB-scaled-e1618348362641-1536x690.jpeg 1536w, https:\/\/cifpn1.com\/siop\/wp-content\/uploads\/2021\/03\/ACBFC29E-13F5-4B6E-9064-23FCC8F903AB-scaled-e1618348362641-2048x919.jpeg 2048w, https:\/\/cifpn1.com\/siop\/wp-content\/uploads\/2021\/03\/ACBFC29E-13F5-4B6E-9064-23FCC8F903AB-scaled-e1618348362641-1200x539.jpeg 1200w\" sizes=\"auto, (max-width: 656px) 100vw, 656px\" \/><\/a><\/p>\n<hr \/>\n<h2><span style=\"color: #008000;\">SEPE<\/span><\/h2>\n<p style=\"text-align: justify;\"><span style=\"color: #333300;\">En la p\u00e1gina del <strong>SERVICIO P\u00daBLICO DE EMPLEO<\/strong> puedes encontrar informaci\u00f3n valiosa sobre prestaciones del servicio y tendencias del mercado de trabajo<\/span><\/p>\n<p><a href=\"https:\/\/www.sepe.es\/HomeSepe\/que-es-el-sepe.html\" target=\"_blank\" rel=\"noopener\"><img loading=\"lazy\" decoding=\"async\" class=\"aligncenter wp-image-315 size-medium\" src=\"https:\/\/cifpn1.com\/siop\/wp-content\/uploads\/2020\/09\/IMG_47F42F08295E-1-656x171.jpeg\" alt=\"\" width=\"656\" height=\"171\" srcset=\"https:\/\/cifpn1.com\/siop\/wp-content\/uploads\/2020\/09\/IMG_47F42F08295E-1-656x171.jpeg 656w, https:\/\/cifpn1.com\/siop\/wp-content\/uploads\/2020\/09\/IMG_47F42F08295E-1-768x201.jpeg 768w, https:\/\/cifpn1.com\/siop\/wp-content\/uploads\/2020\/09\/IMG_47F42F08295E-1-1536x401.jpeg 1536w, https:\/\/cifpn1.com\/siop\/wp-content\/uploads\/2020\/09\/IMG_47F42F08295E-1-1200x313.jpeg 1200w, https:\/\/cifpn1.com\/siop\/wp-content\/uploads\/2020\/09\/IMG_47F42F08295E-1.jpeg 2048w\" sizes=\"auto, (max-width: 656px) 100vw, 656px\" \/><\/a><\/p>\n<hr \/>\n<h2><span style=\"color: #008000;\">INCUAL<\/span><\/h2>\n<p style=\"text-align: justify;\"><span style=\"color: #333300;\">Esta es la p\u00e1gina del <strong>INSTITUTO NACIONAL DE LAS CUALIFICACIONES<\/strong>, en ella puedes entender el como se estructuran las cualificaciones, se acreditan y se integran. Tambi\u00e9n puedes explorar las posibilidades de mejorar tu cualificaci\u00f3n actual.\u00a0<\/span><\/p>\n<p><a href=\"http:\/\/incual.mecd.es\" target=\"_blank\" rel=\"noopener\"><img loading=\"lazy\" decoding=\"async\" class=\"aligncenter wp-image-332 size-medium\" src=\"https:\/\/cifpn1.com\/siop\/wp-content\/uploads\/2020\/09\/IMG_6E1F11F8E0C0-1-656x431.jpeg\" alt=\"\" width=\"656\" height=\"431\" srcset=\"https:\/\/cifpn1.com\/siop\/wp-content\/uploads\/2020\/09\/IMG_6E1F11F8E0C0-1-656x431.jpeg 656w, https:\/\/cifpn1.com\/siop\/wp-content\/uploads\/2020\/09\/IMG_6E1F11F8E0C0-1-768x505.jpeg 768w, https:\/\/cifpn1.com\/siop\/wp-content\/uploads\/2020\/09\/IMG_6E1F11F8E0C0-1-1536x1009.jpeg 1536w, https:\/\/cifpn1.com\/siop\/wp-content\/uploads\/2020\/09\/IMG_6E1F11F8E0C0-1-1200x788.jpeg 1200w, https:\/\/cifpn1.com\/siop\/wp-content\/uploads\/2020\/09\/IMG_6E1F11F8E0C0-1.jpeg 2009w\" sizes=\"auto, (max-width: 656px) 100vw, 656px\" \/><\/a><\/p>\n<hr \/>\n<h2><span style=\"color: #008000;\">Servicio C\u00e1ntabro de Empleo<\/span><\/h2>\n<p style=\"text-align: justify;\"><span style=\"color: #333300;\">En la p\u00e1gina de <strong>EMPLEA CANTABRIA<\/strong> encontrar\u00e1s informaci\u00f3n \u00fatil sobre cursos acciones formativas en nuestra comunidad aut\u00f3noma<\/span><\/p>\n<p style=\"text-align: justify;\"><a href=\"https:\/\/www.empleacantabria.es\" target=\"_blank\" rel=\"noopener\"><img loading=\"lazy\" decoding=\"async\" class=\"aligncenter wp-image-336 size-medium\" src=\"https:\/\/cifpn1.com\/siop\/wp-content\/uploads\/2020\/09\/IMG_C448D4D5FC90-1-e1618348443242-656x387.jpeg\" alt=\"\" width=\"656\" height=\"387\" srcset=\"https:\/\/cifpn1.com\/siop\/wp-content\/uploads\/2020\/09\/IMG_C448D4D5FC90-1-e1618348443242-656x387.jpeg 656w, https:\/\/cifpn1.com\/siop\/wp-content\/uploads\/2020\/09\/IMG_C448D4D5FC90-1-e1618348443242-768x453.jpeg 768w, https:\/\/cifpn1.com\/siop\/wp-content\/uploads\/2020\/09\/IMG_C448D4D5FC90-1-e1618348443242-1536x906.jpeg 1536w, https:\/\/cifpn1.com\/siop\/wp-content\/uploads\/2020\/09\/IMG_C448D4D5FC90-1-e1618348443242-1200x708.jpeg 1200w, https:\/\/cifpn1.com\/siop\/wp-content\/uploads\/2020\/09\/IMG_C448D4D5FC90-1-e1618348443242.jpeg 2001w\" sizes=\"auto, (max-width: 656px) 100vw, 656px\" \/><\/a><\/p>\n<hr \/>\n","protected":false},"excerpt":{"rendered":"<p>euroguidance espa\u00f1a Nueva p\u00e1gina del Ministerio de Educaci\u00f3n, dedicada a la orientaci\u00f3n profesional. El objetivo de esta web es ofrecer informaci\u00f3n relevante y actualizada sobre iniciativas, programas y recursos europeos, de inter\u00e9s y utilidad para el ejercicio de la Orientaci\u00f3n &hellip; <a href=\"https:\/\/cifpn1.com\/siop\/?page_id=257\">Sigue leyendo <span class=\"meta-nav\">&rarr;<\/span><\/a><\/p>\n","protected":false},"author":4,"featured_media":703,"parent":0,"menu_order":0,"comment_status":"closed","ping_status":"closed","template":"","meta":{"footnotes":""},"class_list":["post-257","page","type-page","status-publish","has-post-thumbnail","hentry"],"_links":{"self":[{"href":"https:\/\/cifpn1.com\/siop\/index.php?rest_route=\/wp\/v2\/pages\/257","targetHints":{"allow":["GET"]}}],"collection":[{"href":"https:\/\/cifpn1.com\/siop\/index.php?rest_route=\/wp\/v2\/pages"}],"about":[{"href":"https:\/\/cifpn1.com\/siop\/index.php?rest_route=\/wp\/v2\/types\/page"}],"author":[{"embeddable":true,"href":"https:\/\/cifpn1.com\/siop\/index.php?rest_route=\/wp\/v2\/users\/4"}],"replies":[{"embeddable":true,"href":"https:\/\/cifpn1.com\/siop\/index.php?rest_route=%2Fwp%2Fv2%2Fcomments&post=257"}],"version-history":[{"count":6,"href":"https:\/\/cifpn1.com\/siop\/index.php?rest_route=\/wp\/v2\/pages\/257\/revisions"}],"predecessor-version":[{"id":1101,"href":"https:\/\/cifpn1.com\/siop\/index.php?rest_route=\/wp\/v2\/pages\/257\/revisions\/1101"}],"wp:featuredmedia":[{"embeddable":true,"href":"https:\/\/cifpn1.com\/siop\/index.php?rest_route=\/wp\/v2\/media\/703"}],"wp:attachment":[{"href":"https:\/\/cifpn1.com\/siop\/index.php?rest_route=%2Fwp%2Fv2%2Fmedia&parent=257"}],"curies":[{"name":"wp","href":"https:\/\/api.w.org\/{rel}","templated":true}]}}