{"id":1691,"date":"2022-11-22T10:35:43","date_gmt":"2022-11-22T09:35:43","guid":{"rendered":"https:\/\/cifpn1.com\/siop\/?page_id=1691"},"modified":"2022-11-22T17:12:27","modified_gmt":"2022-11-22T16:12:27","slug":"emprendimiento","status":"publish","type":"page","link":"https:\/\/cifpn1.com\/siop\/?page_id=1691","title":{"rendered":"Emprendimiento"},"content":{"rendered":"<p style=\"text-align: justify;\">Desde el curso pasado, el CIFPN\u00ba1, cuenta con un Aula de Emprendimiento y forma parte de la Red de Aulas Profesionales de Emprendimiento de Cantabria.<\/p>\n<p><img loading=\"lazy\" decoding=\"async\" class=\"aligncenter size-medium wp-image-1697\" src=\"https:\/\/cifpn1.com\/siop\/wp-content\/uploads\/2022\/11\/20221122_170535-656x656.jpg\" alt=\"\" width=\"656\" height=\"656\" srcset=\"https:\/\/cifpn1.com\/siop\/wp-content\/uploads\/2022\/11\/20221122_170535-656x656.jpg 656w, https:\/\/cifpn1.com\/siop\/wp-content\/uploads\/2022\/11\/20221122_170535-222x222.jpg 222w, https:\/\/cifpn1.com\/siop\/wp-content\/uploads\/2022\/11\/20221122_170535-768x768.jpg 768w, https:\/\/cifpn1.com\/siop\/wp-content\/uploads\/2022\/11\/20221122_170535-1536x1536.jpg 1536w, https:\/\/cifpn1.com\/siop\/wp-content\/uploads\/2022\/11\/20221122_170535-2048x2048.jpg 2048w, https:\/\/cifpn1.com\/siop\/wp-content\/uploads\/2022\/11\/20221122_170535-1200x1200.jpg 1200w\" sizes=\"auto, (max-width: 656px) 100vw, 656px\" \/><\/p>\n<p style=\"text-align: justify;\">Se trata de un aula con un amplio espacio, luminosa y con pantalla digital para realizar las explicaciones y exposiciones. El mobiliario es totalmente movible con sillas de diferentes colores y mesas de gran tama\u00f1o para reuniones. Lo importante de este Aula no es el espacio en s\u00ed sino lo que fomenta y se desarrolla dentro de ella: concursos de emprendimiento como el StartInnova; Proyectos como el RetaCantabria; trabajos cooperativos y por proyectos como los Planes de Empresas y cualquier otra competencia que se quiera trabajar de forma colaborativa y se empleen habilidades como la iniciativa; autonom\u00eda; trabajo en equipo; creatividad y recurso a las TICs.<\/p>\n<p style=\"text-align: justify;\">El alumnado en este tipo de aulas est\u00e1 m\u00e1s predispuesto a trabajar en equipo, a estar m\u00e1s din\u00e1mico, moverse y adem\u00e1s facilita la comunicaci\u00f3n, la resoluci\u00f3n de problemas y la toma de decisiones.<\/p>\n","protected":false},"excerpt":{"rendered":"<p>Desde el curso pasado, el CIFPN\u00ba1, cuenta con un Aula de Emprendimiento y forma parte de la Red de Aulas Profesionales de Emprendimiento de Cantabria. Se trata de un aula con un amplio espacio, luminosa y con pantalla digital para &hellip; <a href=\"https:\/\/cifpn1.com\/siop\/?page_id=1691\">Sigue leyendo <span class=\"meta-nav\">&rarr;<\/span><\/a><\/p>\n","protected":false},"author":5,"featured_media":0,"parent":0,"menu_order":0,"comment_status":"closed","ping_status":"closed","template":"","meta":{"footnotes":""},"class_list":["post-1691","page","type-page","status-publish","hentry"],"_links":{"self":[{"href":"https:\/\/cifpn1.com\/siop\/index.php?rest_route=\/wp\/v2\/pages\/1691","targetHints":{"allow":["GET"]}}],"collection":[{"href":"https:\/\/cifpn1.com\/siop\/index.php?rest_route=\/wp\/v2\/pages"}],"about":[{"href":"https:\/\/cifpn1.com\/siop\/index.php?rest_route=\/wp\/v2\/types\/page"}],"author":[{"embeddable":true,"href":"https:\/\/cifpn1.com\/siop\/index.php?rest_route=\/wp\/v2\/users\/5"}],"replies":[{"embeddable":true,"href":"https:\/\/cifpn1.com\/siop\/index.php?rest_route=%2Fwp%2Fv2%2Fcomments&post=1691"}],"version-history":[{"count":4,"href":"https:\/\/cifpn1.com\/siop\/index.php?rest_route=\/wp\/v2\/pages\/1691\/revisions"}],"predecessor-version":[{"id":1699,"href":"https:\/\/cifpn1.com\/siop\/index.php?rest_route=\/wp\/v2\/pages\/1691\/revisions\/1699"}],"wp:attachment":[{"href":"https:\/\/cifpn1.com\/siop\/index.php?rest_route=%2Fwp%2Fv2%2Fmedia&parent=1691"}],"curies":[{"name":"wp","href":"https:\/\/api.w.org\/{rel}","templated":true}]}}