{"id":1129,"date":"2021-04-20T12:17:03","date_gmt":"2021-04-20T11:17:03","guid":{"rendered":"https:\/\/cifpn1.com\/siop\/?page_id=1129"},"modified":"2022-10-13T12:10:57","modified_gmt":"2022-10-13T11:10:57","slug":"informacion-sobre-empleo","status":"publish","type":"page","link":"https:\/\/cifpn1.com\/siop\/?page_id=1129","title":{"rendered":"Informaci\u00f3n sobre empleo"},"content":{"rendered":"<h1><span style=\"color: #487526;\">AQU\u00cd HAY TRABAJO<\/span><\/h1>\n<h1><span style=\"font-size: 12pt;\">Desde esta p\u00e1gina de RTVE, puedes acceder a los contenidos del programa Aqu\u00ed hay trabajo con contenido muy interesante sobre el empleo. Solo tienes que pinchar en la imagen.<\/span><\/h1>\n<h2><a href=\"https:\/\/www.rtve.es\/alacarta\/videos\/aqui-hay-trabajo\/\" target=\"_blank\" rel=\"noopener\"><br \/>\n<img loading=\"lazy\" decoding=\"async\" class=\"aligncenter wp-image-1258 size-medium\" src=\"https:\/\/cifpn1.com\/siop\/wp-content\/uploads\/2021\/05\/14FCA70E-AE91-4414-B1FD-0195F4E79720-656x414.jpeg\" alt=\"\" width=\"656\" height=\"414\" srcset=\"https:\/\/cifpn1.com\/siop\/wp-content\/uploads\/2021\/05\/14FCA70E-AE91-4414-B1FD-0195F4E79720-656x414.jpeg 656w, https:\/\/cifpn1.com\/siop\/wp-content\/uploads\/2021\/05\/14FCA70E-AE91-4414-B1FD-0195F4E79720-768x485.jpeg 768w, https:\/\/cifpn1.com\/siop\/wp-content\/uploads\/2021\/05\/14FCA70E-AE91-4414-B1FD-0195F4E79720-1536x969.jpeg 1536w, https:\/\/cifpn1.com\/siop\/wp-content\/uploads\/2021\/05\/14FCA70E-AE91-4414-B1FD-0195F4E79720-2048x1293.jpeg 2048w, https:\/\/cifpn1.com\/siop\/wp-content\/uploads\/2021\/05\/14FCA70E-AE91-4414-B1FD-0195F4E79720-1200x757.jpeg 1200w\" sizes=\"auto, (max-width: 656px) 100vw, 656px\" \/><\/a><\/h2>\n<h2>\u00a0<\/h2>\n<h2><span style=\"color: #487526;\">\u00bfMe ayudar\u00e1 mi t\u00edtulo de Formaci\u00f3n Profesional a encontrar trabajo?<\/span><\/h2>\n<p>Definitivamente el acceso al mercado laboral a partir de la formaci\u00f3n Profesional se ha consolidado como una de las principales v\u00edas de acceso al trabajo.<\/p>\n<p>Seg\u00fan los datos publicados por los diversos observatorios del mercado laboral, el porcentaje de ofertas de trabajo en las que se requiere una titulaci\u00f3n de grado medio o superior se ha venido incrementando en Cantabria.<\/p>\n<p>En al a\u00f1o 2.019 el porcentaje de ofertas de empleo que requieren titulaci\u00f3n de Grado Superior fue del 23,48% y para grado medio fue el 15,28%.\u00a0<\/p>\n<p><img loading=\"lazy\" decoding=\"async\" class=\"alignnone size-medium wp-image-738\" src=\"https:\/\/cifpn1.com\/siop\/wp-content\/uploads\/2021\/01\/6BDAC4AC-63F5-475E-A62E-03A12741E8F9-656x314.jpeg\" alt=\"\" width=\"656\" height=\"314\" srcset=\"https:\/\/cifpn1.com\/siop\/wp-content\/uploads\/2021\/01\/6BDAC4AC-63F5-475E-A62E-03A12741E8F9-656x314.jpeg 656w, https:\/\/cifpn1.com\/siop\/wp-content\/uploads\/2021\/01\/6BDAC4AC-63F5-475E-A62E-03A12741E8F9-768x368.jpeg 768w, https:\/\/cifpn1.com\/siop\/wp-content\/uploads\/2021\/01\/6BDAC4AC-63F5-475E-A62E-03A12741E8F9-1536x736.jpeg 1536w, https:\/\/cifpn1.com\/siop\/wp-content\/uploads\/2021\/01\/6BDAC4AC-63F5-475E-A62E-03A12741E8F9-2048x981.jpeg 2048w, https:\/\/cifpn1.com\/siop\/wp-content\/uploads\/2021\/01\/6BDAC4AC-63F5-475E-A62E-03A12741E8F9-1200x575.jpeg 1200w\" sizes=\"auto, (max-width: 656px) 100vw, 656px\" \/> <img loading=\"lazy\" decoding=\"async\" class=\"alignnone size-medium wp-image-739\" src=\"https:\/\/cifpn1.com\/siop\/wp-content\/uploads\/2021\/01\/D001DF0E-E6F2-4562-9D45-F81E85CB10F7-656x310.jpeg\" alt=\"\" width=\"656\" height=\"310\" srcset=\"https:\/\/cifpn1.com\/siop\/wp-content\/uploads\/2021\/01\/D001DF0E-E6F2-4562-9D45-F81E85CB10F7-656x310.jpeg 656w, https:\/\/cifpn1.com\/siop\/wp-content\/uploads\/2021\/01\/D001DF0E-E6F2-4562-9D45-F81E85CB10F7-768x363.jpeg 768w, https:\/\/cifpn1.com\/siop\/wp-content\/uploads\/2021\/01\/D001DF0E-E6F2-4562-9D45-F81E85CB10F7-1536x726.jpeg 1536w, https:\/\/cifpn1.com\/siop\/wp-content\/uploads\/2021\/01\/D001DF0E-E6F2-4562-9D45-F81E85CB10F7-2048x967.jpeg 2048w, https:\/\/cifpn1.com\/siop\/wp-content\/uploads\/2021\/01\/D001DF0E-E6F2-4562-9D45-F81E85CB10F7-1200x567.jpeg 1200w\" sizes=\"auto, (max-width: 656px) 100vw, 656px\" \/><\/p>\n<p>Si quieres consultar m\u00e1s datos interesantes al respecto, pincha en la imagen:\u00a0<\/p>\n<h2><a href=\"https:\/\/www.observatoriofp.com\/indicadores-destacados\/cantabria\" target=\"_blank\" rel=\"noopener\"><img loading=\"lazy\" decoding=\"async\" class=\"alignnone wp-image-740 size-medium\" src=\"https:\/\/cifpn1.com\/siop\/wp-content\/uploads\/2021\/01\/492574DC-5895-4E32-B4C4-99680FA94BF2-656x289.jpeg\" alt=\"\" width=\"656\" height=\"289\" srcset=\"https:\/\/cifpn1.com\/siop\/wp-content\/uploads\/2021\/01\/492574DC-5895-4E32-B4C4-99680FA94BF2-656x289.jpeg 656w, https:\/\/cifpn1.com\/siop\/wp-content\/uploads\/2021\/01\/492574DC-5895-4E32-B4C4-99680FA94BF2-768x339.jpeg 768w, https:\/\/cifpn1.com\/siop\/wp-content\/uploads\/2021\/01\/492574DC-5895-4E32-B4C4-99680FA94BF2-1536x677.jpeg 1536w, https:\/\/cifpn1.com\/siop\/wp-content\/uploads\/2021\/01\/492574DC-5895-4E32-B4C4-99680FA94BF2-2048x903.jpeg 2048w, https:\/\/cifpn1.com\/siop\/wp-content\/uploads\/2021\/01\/492574DC-5895-4E32-B4C4-99680FA94BF2-1200x529.jpeg 1200w\" sizes=\"auto, (max-width: 656px) 100vw, 656px\" \/><\/a><\/h2>\n","protected":false},"excerpt":{"rendered":"<p>AQU\u00cd HAY TRABAJO Desde esta p\u00e1gina de RTVE, puedes acceder a los contenidos del programa Aqu\u00ed hay trabajo con contenido muy interesante sobre el empleo. Solo tienes que pinchar en la imagen. \u00a0 \u00bfMe ayudar\u00e1 mi t\u00edtulo de Formaci\u00f3n Profesional &hellip; <a href=\"https:\/\/cifpn1.com\/siop\/?page_id=1129\">Sigue leyendo <span class=\"meta-nav\">&rarr;<\/span><\/a><\/p>\n","protected":false},"author":5,"featured_media":1197,"parent":254,"menu_order":0,"comment_status":"closed","ping_status":"closed","template":"","meta":{"footnotes":""},"class_list":["post-1129","page","type-page","status-publish","has-post-thumbnail","hentry"],"_links":{"self":[{"href":"https:\/\/cifpn1.com\/siop\/index.php?rest_route=\/wp\/v2\/pages\/1129","targetHints":{"allow":["GET"]}}],"collection":[{"href":"https:\/\/cifpn1.com\/siop\/index.php?rest_route=\/wp\/v2\/pages"}],"about":[{"href":"https:\/\/cifpn1.com\/siop\/index.php?rest_route=\/wp\/v2\/types\/page"}],"author":[{"embeddable":true,"href":"https:\/\/cifpn1.com\/siop\/index.php?rest_route=\/wp\/v2\/users\/5"}],"replies":[{"embeddable":true,"href":"https:\/\/cifpn1.com\/siop\/index.php?rest_route=%2Fwp%2Fv2%2Fcomments&post=1129"}],"version-history":[{"count":6,"href":"https:\/\/cifpn1.com\/siop\/index.php?rest_route=\/wp\/v2\/pages\/1129\/revisions"}],"predecessor-version":[{"id":1634,"href":"https:\/\/cifpn1.com\/siop\/index.php?rest_route=\/wp\/v2\/pages\/1129\/revisions\/1634"}],"up":[{"embeddable":true,"href":"https:\/\/cifpn1.com\/siop\/index.php?rest_route=\/wp\/v2\/pages\/254"}],"wp:featuredmedia":[{"embeddable":true,"href":"https:\/\/cifpn1.com\/siop\/index.php?rest_route=\/wp\/v2\/media\/1197"}],"wp:attachment":[{"href":"https:\/\/cifpn1.com\/siop\/index.php?rest_route=%2Fwp%2Fv2%2Fmedia&parent=1129"}],"curies":[{"name":"wp","href":"https:\/\/api.w.org\/{rel}","templated":true}]}}