{"id":1122,"date":"2021-04-17T19:39:51","date_gmt":"2021-04-17T18:39:51","guid":{"rendered":"https:\/\/cifpn1.com\/siop\/?page_id=1122"},"modified":"2021-05-09T18:50:04","modified_gmt":"2021-05-09T17:50:04","slug":"convocatorias-interesantes","status":"publish","type":"page","link":"https:\/\/cifpn1.com\/siop\/?page_id=1122","title":{"rendered":"Convocatorias y ofertas"},"content":{"rendered":"<p style=\"text-align: justify;\">En los siguientes portales del Gobierno de Espa\u00f1a y de Cantabria, encontrar\u00e1s numerosas ofertas de empleo. Si quieres saber m\u00e1s pincha en la imagen y accede al portal que te interese.<\/p>\n<p><a href=\"https:\/\/www.empleate.gob.es\/empleo\/#\/\" target=\"_blank\" rel=\"noopener\"><img loading=\"lazy\" decoding=\"async\" class=\"aligncenter wp-image-1248 size-medium\" src=\"https:\/\/cifpn1.com\/siop\/wp-content\/uploads\/2021\/05\/D0C06E7F-86C7-49B5-94B9-4141B2D2D482-656x430.jpeg\" alt=\"\" width=\"656\" height=\"430\" srcset=\"https:\/\/cifpn1.com\/siop\/wp-content\/uploads\/2021\/05\/D0C06E7F-86C7-49B5-94B9-4141B2D2D482-656x430.jpeg 656w, https:\/\/cifpn1.com\/siop\/wp-content\/uploads\/2021\/05\/D0C06E7F-86C7-49B5-94B9-4141B2D2D482-768x503.jpeg 768w, https:\/\/cifpn1.com\/siop\/wp-content\/uploads\/2021\/05\/D0C06E7F-86C7-49B5-94B9-4141B2D2D482-1536x1006.jpeg 1536w, https:\/\/cifpn1.com\/siop\/wp-content\/uploads\/2021\/05\/D0C06E7F-86C7-49B5-94B9-4141B2D2D482-2048x1342.jpeg 2048w, https:\/\/cifpn1.com\/siop\/wp-content\/uploads\/2021\/05\/D0C06E7F-86C7-49B5-94B9-4141B2D2D482-1200x786.jpeg 1200w\" sizes=\"auto, (max-width: 656px) 100vw, 656px\" \/><\/a><\/p>\n<h2><a href=\"https:\/\/www.empleacantabria.es\/ofertas-cantabria\" target=\"_blank\" rel=\"noopener\"><img loading=\"lazy\" decoding=\"async\" class=\"aligncenter wp-image-1253 size-medium\" src=\"https:\/\/cifpn1.com\/siop\/wp-content\/uploads\/2021\/05\/11AEBFF9-C761-4A73-8BBE-E6E7C69A283A-656x370.jpeg\" alt=\"\" width=\"656\" height=\"370\" srcset=\"https:\/\/cifpn1.com\/siop\/wp-content\/uploads\/2021\/05\/11AEBFF9-C761-4A73-8BBE-E6E7C69A283A-656x370.jpeg 656w, https:\/\/cifpn1.com\/siop\/wp-content\/uploads\/2021\/05\/11AEBFF9-C761-4A73-8BBE-E6E7C69A283A-768x433.jpeg 768w, https:\/\/cifpn1.com\/siop\/wp-content\/uploads\/2021\/05\/11AEBFF9-C761-4A73-8BBE-E6E7C69A283A-1536x866.jpeg 1536w, https:\/\/cifpn1.com\/siop\/wp-content\/uploads\/2021\/05\/11AEBFF9-C761-4A73-8BBE-E6E7C69A283A-2048x1155.jpeg 2048w, https:\/\/cifpn1.com\/siop\/wp-content\/uploads\/2021\/05\/11AEBFF9-C761-4A73-8BBE-E6E7C69A283A-1200x677.jpeg 1200w\" sizes=\"auto, (max-width: 656px) 100vw, 656px\" \/><\/a><\/h2>\n<h2>Interesante concurso para poner en marcha un proyecto de autoempleo<\/h2>\n<p><img loading=\"lazy\" decoding=\"async\" class=\"alignnone wp-image-587 size-medium\" src=\"https:\/\/cifpn1.com\/siop\/wp-content\/uploads\/2020\/11\/90425549-984C-4BFE-802C-502F4F1A58F8-656x301.jpeg\" alt=\"\" width=\"656\" height=\"301\" srcset=\"https:\/\/cifpn1.com\/siop\/wp-content\/uploads\/2020\/11\/90425549-984C-4BFE-802C-502F4F1A58F8-656x301.jpeg 656w, https:\/\/cifpn1.com\/siop\/wp-content\/uploads\/2020\/11\/90425549-984C-4BFE-802C-502F4F1A58F8-768x352.jpeg 768w, https:\/\/cifpn1.com\/siop\/wp-content\/uploads\/2020\/11\/90425549-984C-4BFE-802C-502F4F1A58F8.jpeg 1183w\" sizes=\"auto, (max-width: 656px) 100vw, 656px\" \/><\/p>\n<p style=\"text-align: justify;\">El explorer es una iniciativa que ofrece a los participantes la oportunidad de realizar una estancia en el centro de alto rendimiento Explorer Cantabria, donde se optar\u00e1n a premios, financiaci\u00f3n y oportunidades profesionales. Recibir\u00e1n apoyo, formaci\u00f3n y asesoramiento para desarrollar y trasladar al mercado su idea innovadora.<\/p>\n<p><a href=\"https:\/\/www.santanderx.com\/calls\/explorer\/5f6d9f3a40e54a00144532a5?detail=true\">Para saber m\u00e1s&#8230;.<\/a><\/p>\n<hr \/>\n<h2>Programa de aprendizaje en Espa\u00f1a: Mujeres en posiciones t\u00e9cnicas<\/h2>\n<p><img loading=\"lazy\" decoding=\"async\" class=\"alignnone size-medium wp-image-556\" src=\"https:\/\/cifpn1.com\/siop\/wp-content\/uploads\/2020\/11\/Captura-de-pantalla-2020-11-11-a-las-19.38.13-656x410.png\" alt=\"\" width=\"656\" height=\"410\" srcset=\"https:\/\/cifpn1.com\/siop\/wp-content\/uploads\/2020\/11\/Captura-de-pantalla-2020-11-11-a-las-19.38.13-656x410.png 656w, https:\/\/cifpn1.com\/siop\/wp-content\/uploads\/2020\/11\/Captura-de-pantalla-2020-11-11-a-las-19.38.13-768x480.png 768w, https:\/\/cifpn1.com\/siop\/wp-content\/uploads\/2020\/11\/Captura-de-pantalla-2020-11-11-a-las-19.38.13-1200x750.png 1200w, https:\/\/cifpn1.com\/siop\/wp-content\/uploads\/2020\/11\/Captura-de-pantalla-2020-11-11-a-las-19.38.13.png 1440w\" sizes=\"auto, (max-width: 656px) 100vw, 656px\" \/><\/p>\n<p><a href=\"https:\/\/formaciontecnica.splashthat.com\">Mas informaci\u00f3n&#8230;<\/a><\/p>\n<hr \/>\n<h2>Este programa pone al alcance de personas con discapacidad medidas para mejorar la formaci\u00f3n y el empleo.<\/h2>\n<p style=\"text-align: justify;\"><span style=\"font-family: tahoma, arial, helvetica, sans-serif;\">El Programa Por Talento est\u00e1 dentro del Programa Operativo de Inclusi\u00f3n Social y Econom\u00eda Social, que est\u00e1 financiado por POISES (Fondo Social Europeo) Y del\u00a0<span style=\"color: #444444;\">Programa Operativo de Empleo Juvenil.\u00a0<\/span><\/span><\/p>\n<p style=\"text-align: justify;\"><span style=\"font-family: tahoma, arial, helvetica, sans-serif;\">Si pinchas en la imagen tendr\u00e1s a tu alcance gran cantidad de recursos e informaci\u00f3n.<\/span><\/p>\n<p><a href=\"https:\/\/www.portalento.es\"><img loading=\"lazy\" decoding=\"async\" class=\"aligncenter wp-image-463 size-medium\" src=\"https:\/\/cifpn1.com\/siop\/wp-content\/uploads\/2020\/10\/XTALENTO-656x410.png\" alt=\"\" width=\"656\" height=\"410\" \/><\/a><\/p>\n","protected":false},"excerpt":{"rendered":"<p>En los siguientes portales del Gobierno de Espa\u00f1a y de Cantabria, encontrar\u00e1s numerosas ofertas de empleo. Si quieres saber m\u00e1s pincha en la imagen y accede al portal que te interese. Interesante concurso para poner en marcha un proyecto de &hellip; <a href=\"https:\/\/cifpn1.com\/siop\/?page_id=1122\">Sigue leyendo <span class=\"meta-nav\">&rarr;<\/span><\/a><\/p>\n","protected":false},"author":4,"featured_media":1171,"parent":254,"menu_order":0,"comment_status":"closed","ping_status":"closed","template":"","meta":{"footnotes":""},"class_list":["post-1122","page","type-page","status-publish","has-post-thumbnail","hentry"],"_links":{"self":[{"href":"https:\/\/cifpn1.com\/siop\/index.php?rest_route=\/wp\/v2\/pages\/1122","targetHints":{"allow":["GET"]}}],"collection":[{"href":"https:\/\/cifpn1.com\/siop\/index.php?rest_route=\/wp\/v2\/pages"}],"about":[{"href":"https:\/\/cifpn1.com\/siop\/index.php?rest_route=\/wp\/v2\/types\/page"}],"author":[{"embeddable":true,"href":"https:\/\/cifpn1.com\/siop\/index.php?rest_route=\/wp\/v2\/users\/4"}],"replies":[{"embeddable":true,"href":"https:\/\/cifpn1.com\/siop\/index.php?rest_route=%2Fwp%2Fv2%2Fcomments&post=1122"}],"version-history":[{"count":5,"href":"https:\/\/cifpn1.com\/siop\/index.php?rest_route=\/wp\/v2\/pages\/1122\/revisions"}],"predecessor-version":[{"id":1277,"href":"https:\/\/cifpn1.com\/siop\/index.php?rest_route=\/wp\/v2\/pages\/1122\/revisions\/1277"}],"up":[{"embeddable":true,"href":"https:\/\/cifpn1.com\/siop\/index.php?rest_route=\/wp\/v2\/pages\/254"}],"wp:featuredmedia":[{"embeddable":true,"href":"https:\/\/cifpn1.com\/siop\/index.php?rest_route=\/wp\/v2\/media\/1171"}],"wp:attachment":[{"href":"https:\/\/cifpn1.com\/siop\/index.php?rest_route=%2Fwp%2Fv2%2Fmedia&parent=1122"}],"curies":[{"name":"wp","href":"https:\/\/api.w.org\/{rel}","templated":true}]}}