{"id":1010,"date":"2021-04-10T18:10:01","date_gmt":"2021-04-10T17:10:01","guid":{"rendered":"https:\/\/cifpn1.com\/siop\/?page_id=1010"},"modified":"2021-04-13T21:05:35","modified_gmt":"2021-04-13T20:05:35","slug":"stop-ludopatia","status":"publish","type":"page","link":"https:\/\/cifpn1.com\/siop\/?page_id=1010","title":{"rendered":"Stop Ludopat\u00eda"},"content":{"rendered":"<p style=\"text-align: justify;\">Si consideramos que una epidemia es un problema de salud que se desarrolla por un agente externo que afecta a una parte de la poblaci\u00f3n en un momento determinado y que se extiende m\u00e1s r\u00e1pidamente de lo esperado, podemos afirmar que en la actualidad existe una epidemia de\u00a0adicci\u00f3n al juego online en los adolescentes debido a la legalizaci\u00f3n del juego online. La legalizaci\u00f3n supuso la aparici\u00f3n de estas modalidades de juego y la ausencia de una regulaci\u00f3n que tuviera como principal objetivo la prevenci\u00f3n del trastorno de juego tuvo como consecuencia la extensi\u00f3n de este problema de salud.<\/p>\n<p style=\"padding-left: 40px;\"><em>(extra\u00eddo de \u00abLa epidemia de la adicci\u00f3n al juego online en la adolescencia:\u00a0un estudio emp\u00edrico del trastorno de\u00a0 juego\u00bb &#8211; Ch\u00f3liz y Marcos (2019))<\/em><\/p>\n<p><span style=\"color: #ffffff;\">&#8211;<\/span><\/p>\n<p><a href=\"https:\/\/cifpn1.com\/siop\/?s=ludopat%C3%ADa\">Acceder a las entradas con la categor\u00eda \u00abLudopat\u00eda\u00bb<\/a><\/p>\n<p><a href=\"https:\/\/cifpn1.com\/siop\/?p=1031\">Taller LUDENS, Prevenci\u00f3n adicci\u00f3n Juego OnLine<\/a><\/p>\n<p style=\"text-align: center;\"><a href=\"https:\/\/cifpn1.com\/siop\/?p=1031\"><img loading=\"lazy\" decoding=\"async\" class=\"alignnone size-full wp-image-1035\" src=\"https:\/\/cifpn1.com\/siop\/wp-content\/uploads\/2021\/03\/taller-LUDENS_356x226.png\" alt=\"\" width=\"356\" height=\"226\" \/><\/a><\/p>\n<h4>Para saber m\u00e1s<\/h4>\n<ul>\n<li><a href=\"https:\/\/drive.google.com\/file\/d\/1NrwtukRmBu8i3YAamv7jJgSXk_HYQYb3\/view?usp=sharing\"><span style=\"font-weight: 400;\">La epidemia de la adicci\u00f3n al juego online en la adolescencia &#8211; Ch\u00f3liz y Marcos [PDF]<\/span><\/a><\/li>\n<li><a href=\"https:\/\/www.unad.org\/noticias\/2464\/relatos\/sobre\/adolescentes\/y\/adicciones\/para\/leer\/en\/familia\"><span style=\"font-weight: 400;\">Relatos sobre adolescentes y adicciones para leer en familia [PDF] | unad.org<\/span><\/a><\/li>\n<li><span style=\"font-weight: 400;\"><a style=\"color: #df0000;\" href=\"https:\/\/www.unad.org\/fichaBiblioteca.php?id=288&amp;p=6&amp;tb=&amp;cb=0\">Prevenci\u00f3n y Reducci\u00f3n de Riesgos Asociados al Consumo de Drogas y las Adicciones entre la Poblaci\u00f3n Joven [PDF] | unad.org<\/a><\/span><\/li>\n<li><a href=\"https:\/\/www.lasdrogas.info\/adicciones-ludopatia\/\"><span style=\"font-weight: 400;\">Adicciones &#8211; Ludopat\u00eda | lasdrogas.info<\/span><\/a><\/li>\n<li><a href=\"https:\/\/www.fad.es\/planetajoven\/cuando-el-juego-no-es-un-juego-adolescentes-y-adicciones-sin-sustancia\/\"><span style=\"font-weight: 400;\">Cuando el juego no es un juego: adolescentes y adicciones sin sustancia | fad.es<\/span><\/a><\/li>\n<li><a href=\"https:\/\/www.caib.es\/sites\/ojo\/es\/presentacion\/#\"><span style=\"font-weight: 400;\">Observaci\u00f3n del Juego Online | caib.es<\/span><\/a><\/li>\n<li><a href=\"https:\/\/www.unad.org\/ARCHIVO\/documentos\/biblioteca\/1551261280_ii-jornada-las-ludopatias-irrumpen-en-el-tratamiento-de-las-adicciones.pdf\">II Jornada \u00abLas ludopat\u00edas irrumpen en el tratamiento de las adicciones\u00bb | unad.org<\/a><\/li>\n<li><a href=\"https:\/\/www.unad.org\/fichaBiblioteca.php?id=282&amp;p=7&amp;tb=&amp;cb=0\"><span style=\"font-weight: 400;\">Tratamiento psicol\u00f3gico de la adicci\u00f3n al juego online | unad.org<\/span><\/a><\/li>\n<\/ul>\n","protected":false},"excerpt":{"rendered":"<p>Si consideramos que una epidemia es un problema de salud que se desarrolla por un agente externo que afecta a una parte de la poblaci\u00f3n en un momento determinado y que se extiende m\u00e1s r\u00e1pidamente de lo esperado, podemos afirmar &hellip; <a href=\"https:\/\/cifpn1.com\/siop\/?page_id=1010\">Sigue leyendo <span class=\"meta-nav\">&rarr;<\/span><\/a><\/p>\n","protected":false},"author":5,"featured_media":1011,"parent":481,"menu_order":0,"comment_status":"closed","ping_status":"closed","template":"","meta":{"footnotes":""},"class_list":["post-1010","page","type-page","status-publish","has-post-thumbnail","hentry"],"_links":{"self":[{"href":"https:\/\/cifpn1.com\/siop\/index.php?rest_route=\/wp\/v2\/pages\/1010","targetHints":{"allow":["GET"]}}],"collection":[{"href":"https:\/\/cifpn1.com\/siop\/index.php?rest_route=\/wp\/v2\/pages"}],"about":[{"href":"https:\/\/cifpn1.com\/siop\/index.php?rest_route=\/wp\/v2\/types\/page"}],"author":[{"embeddable":true,"href":"https:\/\/cifpn1.com\/siop\/index.php?rest_route=\/wp\/v2\/users\/5"}],"replies":[{"embeddable":true,"href":"https:\/\/cifpn1.com\/siop\/index.php?rest_route=%2Fwp%2Fv2%2Fcomments&post=1010"}],"version-history":[{"count":5,"href":"https:\/\/cifpn1.com\/siop\/index.php?rest_route=\/wp\/v2\/pages\/1010\/revisions"}],"predecessor-version":[{"id":1085,"href":"https:\/\/cifpn1.com\/siop\/index.php?rest_route=\/wp\/v2\/pages\/1010\/revisions\/1085"}],"up":[{"embeddable":true,"href":"https:\/\/cifpn1.com\/siop\/index.php?rest_route=\/wp\/v2\/pages\/481"}],"wp:featuredmedia":[{"embeddable":true,"href":"https:\/\/cifpn1.com\/siop\/index.php?rest_route=\/wp\/v2\/media\/1011"}],"wp:attachment":[{"href":"https:\/\/cifpn1.com\/siop\/index.php?rest_route=%2Fwp%2Fv2%2Fmedia&parent=1010"}],"curies":[{"name":"wp","href":"https:\/\/api.w.org\/{rel}","templated":true}]}}