{"id":569,"date":"2014-06-20T15:46:53","date_gmt":"2014-06-20T15:46:53","guid":{"rendered":"http:\/\/cifpn1.com\/psonido\/?page_id=569"},"modified":"2014-06-20T17:29:16","modified_gmt":"2014-06-20T17:29:16","slug":"video-proyecto","status":"publish","type":"page","link":"https:\/\/cifpn1.com\/psonido\/?page_id=569","title":{"rendered":"V\u00eddeo Proyecto"},"content":{"rendered":"<p>En la ventana inferior puedes visionar un v\u00eddeo presentaci\u00f3n que recoge en im\u00e1genes el desarrollo del proyecto realizado durante el curso 2014-14<\/p>\n<p><iframe loading=\"lazy\" src=\"\/\/www.youtube.com\/embed\/1paFhUoyIeg\" height=\"330\" width=\"460\" allowfullscreen=\"\" frameborder=\"0\"><\/iframe><\/p>\n","protected":false},"excerpt":{"rendered":"<p>En la ventana inferior puedes visionar un v\u00eddeo presentaci\u00f3n que recoge en im\u00e1genes el desarrollo del proyecto realizado durante el curso 2014-14<\/p>\n","protected":false},"author":3,"featured_media":0,"parent":0,"menu_order":0,"comment_status":"open","ping_status":"closed","template":"","meta":{"footnotes":""},"class_list":["post-569","page","type-page","status-publish","hentry"],"_links":{"self":[{"href":"https:\/\/cifpn1.com\/psonido\/index.php?rest_route=\/wp\/v2\/pages\/569","targetHints":{"allow":["GET"]}}],"collection":[{"href":"https:\/\/cifpn1.com\/psonido\/index.php?rest_route=\/wp\/v2\/pages"}],"about":[{"href":"https:\/\/cifpn1.com\/psonido\/index.php?rest_route=\/wp\/v2\/types\/page"}],"author":[{"embeddable":true,"href":"https:\/\/cifpn1.com\/psonido\/index.php?rest_route=\/wp\/v2\/users\/3"}],"replies":[{"embeddable":true,"href":"https:\/\/cifpn1.com\/psonido\/index.php?rest_route=%2Fwp%2Fv2%2Fcomments&post=569"}],"version-history":[{"count":3,"href":"https:\/\/cifpn1.com\/psonido\/index.php?rest_route=\/wp\/v2\/pages\/569\/revisions"}],"predecessor-version":[{"id":582,"href":"https:\/\/cifpn1.com\/psonido\/index.php?rest_route=\/wp\/v2\/pages\/569\/revisions\/582"}],"wp:attachment":[{"href":"https:\/\/cifpn1.com\/psonido\/index.php?rest_route=%2Fwp%2Fv2%2Fmedia&parent=569"}],"curies":[{"name":"wp","href":"https:\/\/api.w.org\/{rel}","templated":true}]}}