{"id":558,"date":"2014-06-20T12:33:42","date_gmt":"2014-06-20T12:33:42","guid":{"rendered":"http:\/\/cifpn1.com\/psonido\/?page_id=558"},"modified":"2014-06-20T12:33:42","modified_gmt":"2014-06-20T12:33:42","slug":"presentacion-del-proyecto","status":"publish","type":"page","link":"https:\/\/cifpn1.com\/psonido\/?page_id=558","title":{"rendered":"Presentaci\u00f3n del proyecto"},"content":{"rendered":"<p>El desarrollo del proyecto lo pod\u00e9is encontrar en la siguiente presentaci\u00f3n:<\/p>\n<p><iframe loading=\"lazy\" src=\"http:\/\/www.slideshare.net\/slideshow\/embed_code\/36106363\" width=\"476\" height=\"400\" frameborder=\"0\" marginwidth=\"0\" marginheight=\"0\" scrolling=\"no\"><\/iframe><\/p>\n","protected":false},"excerpt":{"rendered":"<p>El desarrollo del proyecto lo pod\u00e9is encontrar en la siguiente presentaci\u00f3n:<\/p>\n","protected":false},"author":3,"featured_media":0,"parent":0,"menu_order":0,"comment_status":"open","ping_status":"closed","template":"","meta":{"footnotes":""},"class_list":["post-558","page","type-page","status-publish","hentry"],"_links":{"self":[{"href":"https:\/\/cifpn1.com\/psonido\/index.php?rest_route=\/wp\/v2\/pages\/558","targetHints":{"allow":["GET"]}}],"collection":[{"href":"https:\/\/cifpn1.com\/psonido\/index.php?rest_route=\/wp\/v2\/pages"}],"about":[{"href":"https:\/\/cifpn1.com\/psonido\/index.php?rest_route=\/wp\/v2\/types\/page"}],"author":[{"embeddable":true,"href":"https:\/\/cifpn1.com\/psonido\/index.php?rest_route=\/wp\/v2\/users\/3"}],"replies":[{"embeddable":true,"href":"https:\/\/cifpn1.com\/psonido\/index.php?rest_route=%2Fwp%2Fv2%2Fcomments&post=558"}],"version-history":[{"count":1,"href":"https:\/\/cifpn1.com\/psonido\/index.php?rest_route=\/wp\/v2\/pages\/558\/revisions"}],"predecessor-version":[{"id":559,"href":"https:\/\/cifpn1.com\/psonido\/index.php?rest_route=\/wp\/v2\/pages\/558\/revisions\/559"}],"wp:attachment":[{"href":"https:\/\/cifpn1.com\/psonido\/index.php?rest_route=%2Fwp%2Fv2%2Fmedia&parent=558"}],"curies":[{"name":"wp","href":"https:\/\/api.w.org\/{rel}","templated":true}]}}