{"id":552,"date":"2014-06-20T11:55:28","date_gmt":"2014-06-20T11:55:28","guid":{"rendered":"http:\/\/cifpn1.com\/psonido\/?page_id=552"},"modified":"2014-06-20T16:23:41","modified_gmt":"2014-06-20T16:23:41","slug":"presentaciones-y-videos","status":"publish","type":"page","link":"https:\/\/cifpn1.com\/psonido\/?page_id=552","title":{"rendered":"Presentaciones y v\u00eddeos"},"content":{"rendered":"<p>En esta p\u00e1gina pod\u00e9is ver las \u00a0presentaciones \u00a0tanto en ingl\u00e9s como en castellano sobre la realizaci\u00f3n final del \u00a0proyecto, en donde se recogen todos los aspectos.<\/p>\n<p>Adem\u00e1s un par de v\u00eddeos tambi\u00e9n en ambos idiomas que muestran el desarrollo del proyecto y nos dan una idea r\u00e1pida del gran trabajo hecho por parte sobretodo del alumnado.<\/p>\n<p>Toda esta documentaci\u00f3n la pod\u00e9is seguir on-line en las etiquetas anexas a esta p\u00e1gina en el men\u00fa de la p\u00e1gina (recomendado)<\/p>\n<p>sino en los links inferiores<\/p>\n<p>Esperamos que os guste.<\/p>\n<p><a title=\"Presentaci\u00f3n del proyecto\" href=\"https:\/\/cifpn1.com\/psonido\/?page_id=558\">Presentaci\u00f3n proyecto<\/a><\/p>\n<p><a title=\"Hi-Fi Sound Car. Slide exposition.\" href=\"https:\/\/cifpn1.com\/psonido\/?page_id=561\">Presentaci\u00f3n proyecto (Ingl\u00e9s)<\/a><\/p>\n<p><a title=\"V\u00eddeo Proyecto\" href=\"https:\/\/cifpn1.com\/psonido\/?page_id=569\"><span style=\"line-height: 1.7;\">V\u00eddeo presentaci\u00f3n proyecto sonido<\/span><\/a><\/p>\n<p>V\u00eddeo presentaci\u00f3n proyecto sonido( ingl\u00e9s)<\/p>\n","protected":false},"excerpt":{"rendered":"<p>En esta p\u00e1gina pod\u00e9is ver las \u00a0presentaciones \u00a0tanto en ingl\u00e9s como en castellano sobre la realizaci\u00f3n final del \u00a0proyecto, en donde se recogen todos los aspectos. Adem\u00e1s un par de v\u00eddeos tambi\u00e9n en ambos idiomas que muestran el desarrollo del &hellip; <a href=\"https:\/\/cifpn1.com\/psonido\/?page_id=552\">Sigue leyendo <span class=\"meta-nav\">&rarr;<\/span><\/a><\/p>\n","protected":false},"author":3,"featured_media":0,"parent":0,"menu_order":0,"comment_status":"open","ping_status":"closed","template":"","meta":{"footnotes":""},"class_list":["post-552","page","type-page","status-publish","hentry"],"_links":{"self":[{"href":"https:\/\/cifpn1.com\/psonido\/index.php?rest_route=\/wp\/v2\/pages\/552","targetHints":{"allow":["GET"]}}],"collection":[{"href":"https:\/\/cifpn1.com\/psonido\/index.php?rest_route=\/wp\/v2\/pages"}],"about":[{"href":"https:\/\/cifpn1.com\/psonido\/index.php?rest_route=\/wp\/v2\/types\/page"}],"author":[{"embeddable":true,"href":"https:\/\/cifpn1.com\/psonido\/index.php?rest_route=\/wp\/v2\/users\/3"}],"replies":[{"embeddable":true,"href":"https:\/\/cifpn1.com\/psonido\/index.php?rest_route=%2Fwp%2Fv2%2Fcomments&post=552"}],"version-history":[{"count":6,"href":"https:\/\/cifpn1.com\/psonido\/index.php?rest_route=\/wp\/v2\/pages\/552\/revisions"}],"predecessor-version":[{"id":573,"href":"https:\/\/cifpn1.com\/psonido\/index.php?rest_route=\/wp\/v2\/pages\/552\/revisions\/573"}],"wp:attachment":[{"href":"https:\/\/cifpn1.com\/psonido\/index.php?rest_route=%2Fwp%2Fv2%2Fmedia&parent=552"}],"curies":[{"name":"wp","href":"https:\/\/api.w.org\/{rel}","templated":true}]}}