{"id":318,"date":"2014-02-14T09:33:34","date_gmt":"2014-02-14T09:33:34","guid":{"rendered":"http:\/\/cifpn1.com\/psonido\/?page_id=318"},"modified":"2014-06-09T14:20:08","modified_gmt":"2014-06-09T14:20:08","slug":"profesores","status":"publish","type":"page","link":"https:\/\/cifpn1.com\/psonido\/?page_id=318","title":{"rendered":"Profesores"},"content":{"rendered":"<div id=\"attachment_320\" style=\"width: 341px\" class=\"wp-caption aligncenter\"><a href=\"https:\/\/cifpn1.com\/psonido\/wp-content\/uploads\/2014\/02\/P1080566.jpg\"><img loading=\"lazy\" decoding=\"async\" aria-describedby=\"caption-attachment-320\" class=\" wp-image-320\" alt=\"Profesor del CIFP n1 participantes en el proyecto de sonido\" src=\"https:\/\/cifpn1.com\/psonido\/wp-content\/uploads\/2014\/02\/P1080566-300x225.jpg\" width=\"331\" height=\"248\" srcset=\"https:\/\/cifpn1.com\/psonido\/wp-content\/uploads\/2014\/02\/P1080566-300x225.jpg 300w, https:\/\/cifpn1.com\/psonido\/wp-content\/uploads\/2014\/02\/P1080566-1024x768.jpg 1024w, https:\/\/cifpn1.com\/psonido\/wp-content\/uploads\/2014\/02\/P1080566-800x600.jpg 800w\" sizes=\"auto, (max-width: 331px) 100vw, 331px\" \/><\/a><p id=\"caption-attachment-320\" class=\"wp-caption-text\">Profesores del CIFP n1 participantes en el proyecto de sonido<\/p><\/div>\n<p>Los profesores participantes en este proyecto del departamento de Mantenimiento de\u00a0 Veh\u00edculos y de Formaci\u00f3n y Orientaci\u00f3n Laboral,\u00a0 son:<\/p>\n<ul>\n<li><strong>Oscar Benavides Arias<\/strong> (Instalaci\u00f3n de circuitos)<\/li>\n<li><strong>Andr\u00e9s Gonz\u00e1lez Inchauspe<\/strong> ( Coordinador y realizador del proyecto, dentro del m\u00f3dulo de sistemas de seguridad y confortabilidad)<\/li>\n<li><strong>Javier L\u00f3pez P\u00e9rez<\/strong> ( Dise\u00f1o y mantenimiento del Blog y amovibles)<\/li>\n<li><strong>Vanesa Redondo Ortega<\/strong> (Dinamicas de empredizaje y trabajo cooperativo)<\/li>\n<li><strong>Miguel Angel de la Torre Alonso<\/strong> ( Embellecimiento de superficies)<\/li>\n<\/ul>\n<p>&nbsp;<\/p>\n<p>&nbsp;<\/p>\n","protected":false},"excerpt":{"rendered":"<p>Los profesores participantes en este proyecto del departamento de Mantenimiento de\u00a0 Veh\u00edculos y de Formaci\u00f3n y Orientaci\u00f3n Laboral,\u00a0 son: Oscar Benavides Arias (Instalaci\u00f3n de circuitos) Andr\u00e9s Gonz\u00e1lez Inchauspe ( Coordinador y realizador del proyecto, dentro del m\u00f3dulo de sistemas de &hellip; <a href=\"https:\/\/cifpn1.com\/psonido\/?page_id=318\">Sigue leyendo <span class=\"meta-nav\">&rarr;<\/span><\/a><\/p>\n","protected":false},"author":3,"featured_media":0,"parent":0,"menu_order":0,"comment_status":"closed","ping_status":"closed","template":"","meta":{"footnotes":""},"class_list":["post-318","page","type-page","status-publish","hentry"],"_links":{"self":[{"href":"https:\/\/cifpn1.com\/psonido\/index.php?rest_route=\/wp\/v2\/pages\/318","targetHints":{"allow":["GET"]}}],"collection":[{"href":"https:\/\/cifpn1.com\/psonido\/index.php?rest_route=\/wp\/v2\/pages"}],"about":[{"href":"https:\/\/cifpn1.com\/psonido\/index.php?rest_route=\/wp\/v2\/types\/page"}],"author":[{"embeddable":true,"href":"https:\/\/cifpn1.com\/psonido\/index.php?rest_route=\/wp\/v2\/users\/3"}],"replies":[{"embeddable":true,"href":"https:\/\/cifpn1.com\/psonido\/index.php?rest_route=%2Fwp%2Fv2%2Fcomments&post=318"}],"version-history":[{"count":4,"href":"https:\/\/cifpn1.com\/psonido\/index.php?rest_route=\/wp\/v2\/pages\/318\/revisions"}],"predecessor-version":[{"id":384,"href":"https:\/\/cifpn1.com\/psonido\/index.php?rest_route=\/wp\/v2\/pages\/318\/revisions\/384"}],"wp:attachment":[{"href":"https:\/\/cifpn1.com\/psonido\/index.php?rest_route=%2Fwp%2Fv2%2Fmedia&parent=318"}],"curies":[{"name":"wp","href":"https:\/\/api.w.org\/{rel}","templated":true}]}}