{"id":202,"date":"2014-02-01T15:43:40","date_gmt":"2014-02-01T15:43:40","guid":{"rendered":"http:\/\/cifpn1.com\/psonido\/?page_id=202"},"modified":"2014-02-01T15:55:19","modified_gmt":"2014-02-01T15:55:19","slug":"metodologia","status":"publish","type":"page","link":"https:\/\/cifpn1.com\/psonido\/?page_id=202","title":{"rendered":"Metodolog\u00eda"},"content":{"rendered":"<p><!--[if gte mso 9]><xml>\n<w:WordDocument>\n<w:View>Normal<\/w:View>\n<w:Zoom>0<\/w:Zoom>\n<w:HyphenationZone>21<\/w:HyphenationZone>\n<w:PunctuationKerning\/>\n<w:ValidateAgainstSchemas\/>\n<w:SaveIfXMLInvalid>false<\/w:SaveIfXMLInvalid>\n<w:IgnoreMixedContent>false<\/w:IgnoreMixedContent>\n<w:AlwaysShowPlaceholderText>false<\/w:AlwaysShowPlaceholderText>\n<w:Compatibility>\n<w:BreakWrappedTables\/>\n<w:SnapToGridInCell\/>\n<w:WrapTextWithPunct\/>\n<w:UseAsianBreakRules\/>\n<w:DontGrowAutofit\/>\n<\/w:Compatibility>\n<w:BrowserLevel>MicrosoftInternetExplorer4<\/w:BrowserLevel>\n<\/w:WordDocument>\n<\/xml><![endif]--><\/p>\n<p><!--[if gte mso 9]><xml>\n<w:LatentStyles DefLockedState=\"false\" LatentStyleCount=\"156\">\n<\/w:LatentStyles>\n<\/xml><![endif]--><!--[if gte mso 10]>\n\n\n\n<style>\n \/* Style Definitions *\/\ntable.MsoNormalTable\n{mso-style-name:\"Tabla normal\";\nmso-tstyle-rowband-size:0;\nmso-tstyle-colband-size:0;\nmso-style-noshow:yes;\nmso-style-parent:\"\";\nmso-padding-alt:0cm 5.4pt 0cm 5.4pt;\nmso-para-margin:0cm;\nmso-para-margin-bottom:.0001pt;\nmso-pagination:widow-orphan;\nfont-size:10.0pt;\nfont-family:\"Times New Roman\";\nmso-ansi-language:#0400;\nmso-fareast-language:#0400;\nmso-bidi-language:#0400;}\n<\/style>\n\n<![endif]--><\/p>\n<p><!--[if gte mso 9]><xml>\n<w:WordDocument>\n<w:View>Normal<\/w:View>\n<w:Zoom>0<\/w:Zoom>\n<w:HyphenationZone>21<\/w:HyphenationZone>\n<w:PunctuationKerning\/>\n<w:ValidateAgainstSchemas\/>\n<w:SaveIfXMLInvalid>false<\/w:SaveIfXMLInvalid>\n<w:IgnoreMixedContent>false<\/w:IgnoreMixedContent>\n<w:AlwaysShowPlaceholderText>false<\/w:AlwaysShowPlaceholderText>\n<w:Compatibility>\n<w:BreakWrappedTables\/>\n<w:SnapToGridInCell\/>\n<w:WrapTextWithPunct\/>\n<w:UseAsianBreakRules\/>\n<w:DontGrowAutofit\/>\n<\/w:Compatibility>\n<w:BrowserLevel>MicrosoftInternetExplorer4<\/w:BrowserLevel>\n<\/w:WordDocument>\n<\/xml><![endif]--><\/p>\n<p><!--[if gte mso 9]><xml>\n<w:LatentStyles DefLockedState=\"false\" LatentStyleCount=\"156\">\n<\/w:LatentStyles>\n<\/xml><![endif]--><!--[if gte mso 10]>\n\n\n\n<style>\n \/* Style Definitions *\/\n table.MsoNormalTable\n\t{mso-style-name:\"Tabla normal\";\n\tmso-tstyle-rowband-size:0;\n\tmso-tstyle-colband-size:0;\n\tmso-style-noshow:yes;\n\tmso-style-parent:\"\";\n\tmso-padding-alt:0cm 5.4pt 0cm 5.4pt;\n\tmso-para-margin:0cm;\n\tmso-para-margin-bottom:.0001pt;\n\tmso-pagination:widow-orphan;\n\tfont-size:10.0pt;\n\tfont-family:\"Times New Roman\";\n\tmso-ansi-language:#0400;\n\tmso-fareast-language:#0400;\n\tmso-bidi-language:#0400;}\n<\/style>\n\n<![endif]--><\/p>\n<p class=\"MsoNormal\" style=\"text-indent: 35.4pt; text-align: justify;\"><strong><span style=\"font-family: Arial;\">Como se\u00f1alaba Kilpatrik, un proyecto es \u201c cualquier tipo o variedad de experiencia de vida que se hace por un prop\u00f3sito dominante\u201d, y podr\u00edamos a\u00f1adir\u00a0\u00a0 que \u201cse desarrolla en torno a una secuencia did\u00e1ctica compleja que comparte las premisas b\u00e1sicas de la integraci\u00f3n curricular\u201d.<\/span><\/strong><\/p>\n<p class=\"MsoNormal\" style=\"text-indent: 35.4pt; text-align: justify;\"><strong><span><span style=\"font-family: Arial;\">Este proyecto tiene dos prop\u00f3sitos fundamentales y complementarios entre si, uno metodol\u00f3gico y otro puramente t\u00e9cnico.<\/span><\/span><\/strong><\/p>\n<p class=\"MsoNormal\" style=\"text-indent: 35.4pt; text-align: justify;\"><strong><span><span style=\"font-family: Arial;\">Desde el punto de vista metodol\u00f3gico, en este proyecto se est\u00e1\u00a0 trabajando con una metodolog\u00eda cooperativa, tratando de implantar esta en el resto de m\u00f3dulos que se vean implicados en el mismo, de tal forma que se utilice esta metodolog\u00eda como una herramienta de trabajo complementaria en los talleres de formaci\u00f3n profesional.<\/span><\/span><\/strong><\/p>\n<p class=\"MsoNormal\" style=\"text-indent: 35.4pt; text-align: justify;\"><strong><span style=\"font-family: Arial;\">Adem\u00e1s de la metodolog\u00eda de trabajo cooperativo, durante la realizaci\u00f3n del presente proyecto, estamos tratando de fomentar el esp\u00edritu emprendedor en los alumnos,\u00a0 a trav\u00e9s de la metodolog\u00eda de \u00abaprender a emprender\u00bb, tratando, entre otros fines, que los alumnos tomen sus propias decisiones durante la realizaci\u00f3n del presente proyecto, se responsabilicen de ellas, y las lleven a cabo.<\/span><\/strong><\/p>\n<p class=\"MsoNormal\" style=\"text-indent: 35.4pt; text-align: justify;\"><strong><span><span style=\"font-family: Arial;\">Por otro lado, este proyecto tambi\u00e9n tiene un importante contenido t\u00e9cnico; debido a los avances tecnol\u00f3gicos que se han producido en los \u00faltimos a\u00f1os, sobre todo en los campos de la electricidad y la electr\u00f3nica, gran parte de los veh\u00edculos que se encuentran actualmente en el mercado, instalan equipos de sonido y de confort que repercuten de una forma muy positiva, tanto en la conducci\u00f3n como en la seguridad de los ocupantes, con este proyecto se pretende acercar a los alumnos\/as estas nuevas\u00a0 tecnolog\u00edas y fomentar\u00a0 desde el centro Integrado de formaci\u00f3n profesional, los buenos usos en la instalaci\u00f3n de estos componentes.<\/span><\/span><\/strong><\/p>\n<p class=\"MsoNormal\" style=\"text-indent: 35.4pt; text-align: justify;\"><strong><span><span style=\"font-family: Arial;\">Partiendo de estas premisas vamos a desarrollar este proyecto cooperativo que consiste en el dise\u00f1o y montaje de un equipo de sonido de alta calidad en un coche de<\/span><\/span><\/strong><span><span style=\"font-family: Arial;\"> <b style=\"mso-bidi-font-weight: normal;\">serie.<\/b><\/span><\/span><\/p>\n<p class=\"MsoNormal\" style=\"text-align: justify;\">\n","protected":false},"excerpt":{"rendered":"<p>Como se\u00f1alaba Kilpatrik, un proyecto es \u201c cualquier tipo o variedad de experiencia de vida que se hace por un prop\u00f3sito dominante\u201d, y podr\u00edamos a\u00f1adir\u00a0\u00a0 que \u201cse desarrolla en torno a una secuencia did\u00e1ctica compleja que comparte las premisas b\u00e1sicas &hellip; <a href=\"https:\/\/cifpn1.com\/psonido\/?page_id=202\">Sigue leyendo <span class=\"meta-nav\">&rarr;<\/span><\/a><\/p>\n","protected":false},"author":3,"featured_media":0,"parent":0,"menu_order":0,"comment_status":"open","ping_status":"closed","template":"","meta":{"footnotes":""},"class_list":["post-202","page","type-page","status-publish","hentry"],"_links":{"self":[{"href":"https:\/\/cifpn1.com\/psonido\/index.php?rest_route=\/wp\/v2\/pages\/202","targetHints":{"allow":["GET"]}}],"collection":[{"href":"https:\/\/cifpn1.com\/psonido\/index.php?rest_route=\/wp\/v2\/pages"}],"about":[{"href":"https:\/\/cifpn1.com\/psonido\/index.php?rest_route=\/wp\/v2\/types\/page"}],"author":[{"embeddable":true,"href":"https:\/\/cifpn1.com\/psonido\/index.php?rest_route=\/wp\/v2\/users\/3"}],"replies":[{"embeddable":true,"href":"https:\/\/cifpn1.com\/psonido\/index.php?rest_route=%2Fwp%2Fv2%2Fcomments&post=202"}],"version-history":[{"count":6,"href":"https:\/\/cifpn1.com\/psonido\/index.php?rest_route=\/wp\/v2\/pages\/202\/revisions"}],"predecessor-version":[{"id":204,"href":"https:\/\/cifpn1.com\/psonido\/index.php?rest_route=\/wp\/v2\/pages\/202\/revisions\/204"}],"wp:attachment":[{"href":"https:\/\/cifpn1.com\/psonido\/index.php?rest_route=%2Fwp%2Fv2%2Fmedia&parent=202"}],"curies":[{"name":"wp","href":"https:\/\/api.w.org\/{rel}","templated":true}]}}