{"id":813,"date":"2015-12-10T22:45:16","date_gmt":"2015-12-10T21:45:16","guid":{"rendered":"http:\/\/www.cifpn1.com\/mvehiculos\/?page_id=813"},"modified":"2021-01-02T20:31:15","modified_gmt":"2021-01-02T19:31:15","slug":"informacion-general","status":"publish","type":"page","link":"https:\/\/cifpn1.com\/mvehiculos\/?page_id=813","title":{"rendered":"Informaci\u00f3n General de Ciclos Formativos"},"content":{"rendered":"<p style=\"text-align: center;\"><img style=\"width: 654px; height: 435px;\" src=\"https:\/\/cifpn1.com\/mvehiculos\/wp-content\/uploads\/file\/automocion1.jpg\" alt=\"alumnos del cifpn\u00ba1 durante una pr\u00e1ctica\"\/><\/p>\n<p style=\"text-align: justify;\"><span style=\"font-size: 14px;\"><span style=\"font-family: tahoma,geneva,sans-serif;\">Desde esta p\u00e1gina puedes buscar la informaci\u00f3n general, en la Web de todoFP.es sobre los distintos ciclos impartidos en el departamento de Transporte y Mantenimiento de Veh\u00edculos del CIFP N\u00ba1 de Santander.<\/span><\/span><\/p>\n<h3>Ciclos de Grado Superior<\/h3>\n<ul>\n<li>\n<h4><a href=\"http:\/\/todofp.es\/que-como-y-donde-estudiar\/que-estudiar\/familia\/loe\/transporte-mantenimiento-vehiculos\/automocion.html\">T\u00e9cnico Superior en Automoci\u00f3n<\/a><\/h4>\n<\/li>\n<li>\n<h4><a href=\"http:\/\/todofp.es\/que-como-y-donde-estudiar\/que-estudiar\/familia\/logse\/mantenimiento-vehiculos-autopropulsados\/mantenimiento-aeromecanico.html\">T\u00e9cnico Superior en Mantenimiento Aeromec\u00e1nico<\/a><\/h4>\n<\/li>\n<\/ul>\n<p>&nbsp;<\/p>\n<h3>Ciclos de Grado Medio<\/h3>\n<ul>\n<li>\n<h4><a href=\"http:\/\/todofp.es\/que-como-y-donde-estudiar\/que-estudiar\/familia\/loe\/transporte-mantenimiento-vehiculos\/electromecanica-vehiculos-automoviles.html\">T\u00e9cnico en Electromec\u00e1nica de veh\u00edculos autom\u00f3viles<\/a><\/h4>\n<\/li>\n<li>\n<h4><a href=\"http:\/\/todofp.es\/que-como-y-donde-estudiar\/que-estudiar\/familia\/loe\/transporte-mantenimiento-vehiculos\/carroceria.html\">T\u00e9cnico en Carrocer\u00eda<\/a><\/h4>\n<\/li>\n<\/ul>\n<p>&nbsp;<\/p>\n","protected":false},"excerpt":{"rendered":"<p>Desde esta p\u00e1gina puedes buscar la informaci\u00f3n general, en la Web de todoFP.es sobre los distintos ciclos impartidos en el departamento de Transporte y Mantenimiento de Veh\u00edculos del CIFP N\u00ba1 de Santander. Ciclos de Grado Superior T\u00e9cnico Superior en Automoci\u00f3n &hellip; <a href=\"https:\/\/cifpn1.com\/mvehiculos\/?page_id=813\">Contin\u00faa leyendo <span class=\"meta-nav\">&rarr;<\/span><\/a><\/p>\n","protected":false},"author":67,"featured_media":0,"parent":2305,"menu_order":0,"comment_status":"closed","ping_status":"closed","template":"","meta":[],"_links":{"self":[{"href":"https:\/\/cifpn1.com\/mvehiculos\/index.php?rest_route=\/wp\/v2\/pages\/813"}],"collection":[{"href":"https:\/\/cifpn1.com\/mvehiculos\/index.php?rest_route=\/wp\/v2\/pages"}],"about":[{"href":"https:\/\/cifpn1.com\/mvehiculos\/index.php?rest_route=\/wp\/v2\/types\/page"}],"author":[{"embeddable":true,"href":"https:\/\/cifpn1.com\/mvehiculos\/index.php?rest_route=\/wp\/v2\/users\/67"}],"replies":[{"embeddable":true,"href":"https:\/\/cifpn1.com\/mvehiculos\/index.php?rest_route=%2Fwp%2Fv2%2Fcomments&post=813"}],"version-history":[{"count":6,"href":"https:\/\/cifpn1.com\/mvehiculos\/index.php?rest_route=\/wp\/v2\/pages\/813\/revisions"}],"predecessor-version":[{"id":2353,"href":"https:\/\/cifpn1.com\/mvehiculos\/index.php?rest_route=\/wp\/v2\/pages\/813\/revisions\/2353"}],"up":[{"embeddable":true,"href":"https:\/\/cifpn1.com\/mvehiculos\/index.php?rest_route=\/wp\/v2\/pages\/2305"}],"wp:attachment":[{"href":"https:\/\/cifpn1.com\/mvehiculos\/index.php?rest_route=%2Fwp%2Fv2%2Fmedia&parent=813"}],"curies":[{"name":"wp","href":"https:\/\/api.w.org\/{rel}","templated":true}]}}