{"id":2645,"date":"2022-02-09T12:00:29","date_gmt":"2022-02-09T11:00:29","guid":{"rendered":"https:\/\/cifpn1.com\/mvehiculos\/?page_id=2645"},"modified":"2022-05-23T13:52:44","modified_gmt":"2022-05-23T11:52:44","slug":"proyecto-de-digitalizacion-del-banco-de-potencia-prodibanp","status":"publish","type":"page","link":"https:\/\/cifpn1.com\/mvehiculos\/?page_id=2645","title":{"rendered":"Proyecto de Digitalizaci\u00f3n del Banco de Potencia. \u00abPRODIBANP\u00bb"},"content":{"rendered":"<p><strong>El proyecto PRODIBANP<\/strong> se enmarca en la modalidad B \u201cProyectos Base tecnol\u00f3gica, prioritariamente con incidencia en la Industria 4.0, fabricaci\u00f3n aditiva, rob\u00f3tica colaborativa, tecnolog\u00eda de los drones, virtualizaci\u00f3n, etc.\u201d, abarcando varios objetivos:<\/p>\n<p>En general el proyecto trata de sacar las im\u00e1genes de la prueba a diferentes pantallas en el taller de Automoci\u00f3n.<\/p>\n<p>Esto permitir\u00e1 ver los gr\u00e1ficos de forma mas clara minimizando los riesgos de tener a personas en las inmediaciones del veh\u00edculo mientras dura la prueba.<\/p>\n<p>&nbsp;<\/p>\n<p>&nbsp;<\/p>\n<p>&nbsp;<\/p>\n<p>&nbsp;<\/p>\n<p>&nbsp;<\/p>\n<p>&nbsp;<\/p>\n<p>&nbsp;<\/p>\n<p>&nbsp;<\/p>\n<p><strong>Objetivo N\u00ba1:<\/strong><\/p>\n<p>Mejorar la seguridad en el uso del banco de comprobaci\u00f3n de la potencia de motores en el taller de Automoci\u00f3n.<\/p>\n<p><strong>Objetivo N\u00ba2: <\/strong><\/p>\n<p>Mejorar la colaboraci\u00f3n interdepartamental y aplicar la formaci\u00f3n en entornos reales del alumnado del Ciclo Formativo de Grado Medio de Instalaci\u00f3n de telecomunicaciones y del Ciclo Formativo de Grado Superior de Mantenimiento electr\u00f3nico.<\/p>\n<p>Proyecto PRODIBANP 2021\/2<\/p>\n<p><strong>\u00a0<\/strong><\/p>\n<p><strong>Objetivo N\u00ba3: <\/strong><\/p>\n<p>Iniciar un proceso de digitalizaci\u00f3n del taller de automoci\u00f3n que mejore la formaci\u00f3n presente y futura de nuestro alumnado.<\/p>\n<p><strong>Objetivo N\u00ba4: <\/strong><\/p>\n<p>Fomentar la competencia digital del alumnado, tan importante en el sector de la Automoci\u00f3n.<\/p>\n<p><strong>Objetivo N\u00ba5: <\/strong><\/p>\n<p>Mejorar la colaboraci\u00f3n con empresas y talleres del entorno.<\/p>\n","protected":false},"excerpt":{"rendered":"<p>El proyecto PRODIBANP se enmarca en la modalidad B \u201cProyectos Base tecnol\u00f3gica, prioritariamente con incidencia en la Industria 4.0, fabricaci\u00f3n aditiva, rob\u00f3tica colaborativa, tecnolog\u00eda de los drones, virtualizaci\u00f3n, etc.\u201d, abarcando varios objetivos: En general el proyecto trata de sacar las &hellip; <a href=\"https:\/\/cifpn1.com\/mvehiculos\/?page_id=2645\">Contin\u00faa leyendo <span class=\"meta-nav\">&rarr;<\/span><\/a><\/p>\n","protected":false},"author":66,"featured_media":0,"parent":0,"menu_order":0,"comment_status":"closed","ping_status":"closed","template":"","meta":[],"_links":{"self":[{"href":"https:\/\/cifpn1.com\/mvehiculos\/index.php?rest_route=\/wp\/v2\/pages\/2645"}],"collection":[{"href":"https:\/\/cifpn1.com\/mvehiculos\/index.php?rest_route=\/wp\/v2\/pages"}],"about":[{"href":"https:\/\/cifpn1.com\/mvehiculos\/index.php?rest_route=\/wp\/v2\/types\/page"}],"author":[{"embeddable":true,"href":"https:\/\/cifpn1.com\/mvehiculos\/index.php?rest_route=\/wp\/v2\/users\/66"}],"replies":[{"embeddable":true,"href":"https:\/\/cifpn1.com\/mvehiculos\/index.php?rest_route=%2Fwp%2Fv2%2Fcomments&post=2645"}],"version-history":[{"count":1,"href":"https:\/\/cifpn1.com\/mvehiculos\/index.php?rest_route=\/wp\/v2\/pages\/2645\/revisions"}],"predecessor-version":[{"id":2646,"href":"https:\/\/cifpn1.com\/mvehiculos\/index.php?rest_route=\/wp\/v2\/pages\/2645\/revisions\/2646"}],"wp:attachment":[{"href":"https:\/\/cifpn1.com\/mvehiculos\/index.php?rest_route=%2Fwp%2Fv2%2Fmedia&parent=2645"}],"curies":[{"name":"wp","href":"https:\/\/api.w.org\/{rel}","templated":true}]}}