{"id":1873,"date":"2020-03-31T22:16:19","date_gmt":"2020-03-31T20:16:19","guid":{"rendered":"http:\/\/www.cifpn1.com\/mvehiculos\/?page_id=1873"},"modified":"2021-01-03T00:47:58","modified_gmt":"2021-01-02T23:47:58","slug":"sistemas-de-suspension","status":"publish","type":"page","link":"https:\/\/cifpn1.com\/mvehiculos\/?page_id=1873","title":{"rendered":"Sistemas de suspensi\u00f3n"},"content":{"rendered":"<h2 style=\"text-align: center;\"><a style=\"margin-left: 1em; margin-right: 1em;\" href=\"https:\/\/3.bp.blogspot.com\/-b5Q66wvNu0U\/XLi4hMcoZzI\/AAAAAAAAChY\/i6bIbHeMGskD3NzOwWNu1MMacwzXjDpiQCLcBGAs\/s1600\/imagen.jpg\"><img style=\"border-width: 0px; border-style: solid; width: 560px; height: 304px;\" src=\"https:\/\/3.bp.blogspot.com\/-b5Q66wvNu0U\/XLi4hMcoZzI\/AAAAAAAAChY\/i6bIbHeMGskD3NzOwWNu1MMacwzXjDpiQCLcBGAs\/s640\/imagen.jpg\" data-original-height=\"217\" data-original-width=\"400\"\/><\/a><\/h2>\n<div style=\"text-align: center;\">&nbsp;<\/div>\n<div style=\"text-align: center;\">&nbsp;<\/div>\n<div class=\"separator\" style=\"clear: both; text-align: center;\"><iframe loading=\"lazy\" class=\"YOUTUBE-iframe-video\" src=\"https:\/\/www.youtube.com\/embed\/tcR4rw5JvmA?feature=player_embedded\" width=\"656\" height=\"370\" frameborder=\"0\" data-thumbnail-src=\"https:\/\/i.ytimg.com\/vi\/tcR4rw5JvmA\/0.jpg\"><\/iframe><\/div>\n<div style=\"text-align: center;\">&nbsp;<\/div>\n<div style=\"text-align: center;\"><span style=\"background-color: white; font-family: roboto, arial, sans-serif;\"><b>Suspensi\u00f3n del Autom\u00f3vil.<\/b><\/span><\/div>\n<div style=\"text-align: center;\">&nbsp;<\/div>\n<div style=\"text-align: center;\"><iframe loading=\"lazy\" class=\"YOUTUBE-iframe-video\" src=\"https:\/\/www.youtube.com\/embed\/fKIdx5dSjLA?feature=player_embedded\" width=\"656\" height=\"370\" frameborder=\"0\" data-thumbnail-src=\"https:\/\/i.ytimg.com\/vi\/fKIdx5dSjLA\/0.jpg\"><\/iframe><\/div>\n<div style=\"text-align: center;\">&nbsp;<\/div>\n<div style=\"text-align: center;\"><span style=\"background-color: white; font-family: roboto, arial, sans-serif;\"><b>Funcionamiento de un amortiguador.<\/b><\/span><\/div>\n<div style=\"text-align: center;\">&nbsp;<\/div>\n<div class=\"separator\" style=\"clear: both; text-align: center;\"><iframe loading=\"lazy\" class=\"YOUTUBE-iframe-video\" src=\"https:\/\/www.youtube.com\/embed\/ruW-hlE9CZs?feature=player_embedded\" width=\"656\" height=\"370\" frameborder=\"0\" data-thumbnail-src=\"https:\/\/i.ytimg.com\/vi\/ruW-hlE9CZs\/0.jpg\"><\/iframe><\/div>\n<div style=\"text-align: center;\">\n<p class=\"title style-scope ytd-video-primary-info-renderer\" style=\"background: #ffffff; border: 0px; font-family: roboto, arial, sans-serif; line-height: 2.4rem; margin: 0px; max-height: 4.8rem; overflow: hidden; padding: 0px; text-align: center;\"><strong><span style=\"font-size: small;\">Amortiguadores a presi\u00f3n, con dep\u00f3sito y bitubo.<\/span><\/strong><\/p>\n<div>&nbsp;<\/div>\n<\/div>\n<div style=\"text-align: center;\">\n<div class=\"separator\" style=\"clear: both; text-align: center;\"><iframe loading=\"lazy\" class=\"YOUTUBE-iframe-video\" src=\"https:\/\/www.youtube.com\/embed\/Pj9wCpZIFrU?feature=player_embedded\" width=\"656\" height=\"370\" frameborder=\"0\" data-thumbnail-src=\"https:\/\/i.ytimg.com\/vi\/Pj9wCpZIFrU\/0.jpg\"><\/iframe><\/div>\n<p><span style=\"background-color: white; font-family: roboto, arial, sans-serif;\"><b>Funcionamiento del amortiguador bitubo Monroe.<\/b><\/span><\/p>\n<\/div>\n<div style=\"text-align: center;\">\n<div>&nbsp;<\/div>\n<div class=\"separator\" style=\"clear: both; text-align: center;\"><iframe loading=\"lazy\" class=\"YOUTUBE-iframe-video\" src=\"https:\/\/www.youtube.com\/embed\/-qNMGSzZRpE?feature=player_embedded\" width=\"656\" height=\"370\" frameborder=\"0\" data-thumbnail-src=\"https:\/\/i.ytimg.com\/vi\/-qNMGSzZRpE\/0.jpg\"><\/iframe><\/div>\n<div>&nbsp;<\/div>\n<div><span style=\"background-color: white; font-family: roboto, arial, sans-serif;\"><b>KDSS Movie.<\/b><\/span><\/div>\n<\/div>\n<div style=\"text-align: center;\">&nbsp;<\/div>\n<div style=\"text-align: center;\">\n<div class=\"separator\" style=\"clear: both; text-align: center;\"><iframe loading=\"lazy\" class=\"YOUTUBE-iframe-video\" src=\"https:\/\/www.youtube.com\/embed\/e0WoUgamGys?feature=player_embedded\" width=\"656\" height=\"370\" frameborder=\"0\" data-thumbnail-src=\"https:\/\/i.ytimg.com\/vi\/e0WoUgamGys\/0.jpg\"><\/iframe><\/div>\n<p><strong><span style=\"font-size: small; font-family: roboto, arial, sans-serif;\">Citro\u00ebn C5: Suspensi\u00f3n Hidractiva III Plus.<\/span><\/strong><\/p>\n<div>&nbsp;<\/div>\n<div class=\"separator\" style=\"clear: both; text-align: center;\"><iframe loading=\"lazy\" class=\"YOUTUBE-iframe-video\" src=\"https:\/\/www.youtube.com\/embed\/AQCS2xrAKK8?feature=player_embedded\" width=\"656\" height=\"370\" frameborder=\"0\" data-thumbnail-src=\"https:\/\/i.ytimg.com\/vi\/AQCS2xrAKK8\/0.jpg\"><\/iframe><\/div>\n<div>&nbsp;<\/div>\n<\/div>\n<div style=\"text-align: center;\"><span style=\"background-color: white; font-family: roboto, arial, sans-serif;\"><b>MODIFICACI\u00d3N DE SUSPENSIONES INAGA.<\/b><\/span><br \/>\n&nbsp;<br \/>\n<iframe loading=\"lazy\" class=\"YOUTUBE-iframe-video\" src=\"https:\/\/www.youtube.com\/embed\/bDJdfbdoarE?feature=player_embedded\" width=\"656\" height=\"370\" frameborder=\"0\" data-thumbnail-src=\"https:\/\/i.ytimg.com\/vi\/bDJdfbdoarE\/0.jpg\"><\/iframe><\/p>\n<div><b><span style=\"background-color: white; font-family: roboto, arial, sans-serif;\">Como cambiar la suspensi\u00f3n <\/span><span style=\"background-color: white; font-family: roboto, arial, sans-serif;\">neum\u00e1tica<\/span><span style=\"background-color: white; font-family: roboto, arial, sans-serif;\">.<\/span><\/b><\/div>\n<\/div>\n<div style=\"text-align: center;\">&nbsp;<\/div>\n<div style=\"text-align: center;\"><a style=\"margin-left: 1em; margin-right: 1em;\" href=\"https:\/\/2.bp.blogspot.com\/-FHUOvL6hUsM\/XLi9Xy5EEWI\/AAAAAAAAChk\/LO2CxNXuEsETs5IZTbSuP-IYtn9cMCAvwCLcBGAs\/s1600\/imagen.jpg\"><img style=\"border-width: 0px; border-style: solid; width: 656px; height: 397px;\" src=\"https:\/\/2.bp.blogspot.com\/-FHUOvL6hUsM\/XLi9Xy5EEWI\/AAAAAAAAChk\/LO2CxNXuEsETs5IZTbSuP-IYtn9cMCAvwCLcBGAs\/s640\/imagen.jpg\" data-original-height=\"479\" data-original-width=\"793\"\/><\/a><\/p>\n<h2><iframe loading=\"lazy\" class=\"YOUTUBE-iframe-video\" src=\"https:\/\/www.youtube.com\/embed\/jLQzW028Qc4?feature=player_embedded\" width=\"656\" height=\"370\" frameborder=\"0\" data-thumbnail-src=\"https:\/\/i.ytimg.com\/vi\/jLQzW028Qc4\/0.jpg\"><\/iframe><\/h2>\n<\/div>\n<h1 class=\"title style-scope ytd-video-primary-info-renderer\" style=\"background: #ffffff; border: 0px; font-family: roboto, arial, sans-serif; line-height: 2.4rem; margin: 0px; max-height: 4.8rem; overflow: hidden; padding: 0px; text-align: center;\"><span style=\"font-size: small;\">MODIFICACI\u00d3N DE SUSPENSIONES II | INAGA |<\/span><\/h1>\n<div>&nbsp;<\/div>\n<div class=\"separator\" style=\"clear: both; text-align: center;\">&nbsp;<\/div>\n<div style=\"text-align: center;\"><iframe loading=\"lazy\" class=\"YOUTUBE-iframe-video\" src=\"https:\/\/www.youtube.com\/embed\/e0WoUgamGys?feature=player_embedded\" width=\"656\" height=\"370\" frameborder=\"0\" data-thumbnail-src=\"https:\/\/i.ytimg.com\/vi\/e0WoUgamGys\/0.jpg\"><\/iframe><\/div>\n<div style=\"text-align: center;\">\n<h3><span style=\"font-family: roboto, arial, sans-serif; font-size: small;\"><b>Citro\u00ebn &#8211; Citro\u00ebn C5: Suspensi\u00f3n Hidractiva III Plus<\/b><\/span><\/h3>\n<\/div>\n<div style=\"text-align: center;\">&nbsp;<\/div>\n<div style=\"text-align: center;\"><iframe loading=\"lazy\" class=\"YOUTUBE-iframe-video\" src=\"https:\/\/www.youtube.com\/embed\/3N4qeuaDAzc?feature=player_embedded\" width=\"656\" height=\"370\" frameborder=\"0\" data-thumbnail-src=\"https:\/\/i.ytimg.com\/vi\/3N4qeuaDAzc\/0.jpg\"><\/iframe><\/div>\n<div style=\"text-align: center;\">&nbsp;<\/div>\n<div>\n<h1 class=\"title style-scope ytd-video-primary-info-renderer\" style=\"background: #ffffff; border: 0px; font-family: roboto, arial, sans-serif; line-height: 2.4rem; margin: 0px; max-height: 4.8rem; overflow: hidden; padding: 0px; text-align: center;\"><span style=\"font-size: small;\">AUDI Suspensi\u00f3n Magn\u00e9tica &#8211; Magnetic Ride<\/span><\/h1>\n<\/div>\n<div>&nbsp;<\/div>\n<div class=\"separator\" style=\"clear: both; text-align: center;\"><iframe loading=\"lazy\" class=\"YOUTUBE-iframe-video\" src=\"https:\/\/www.youtube.com\/embed\/P7QQLxthHyQ?feature=player_embedded\" width=\"656\" height=\"370\" frameborder=\"0\" data-thumbnail-src=\"https:\/\/i.ytimg.com\/vi\/P7QQLxthHyQ\/0.jpg\"><\/iframe><\/div>\n<div>&nbsp;<\/div>\n<div style=\"text-align: center;\"><span style=\"background-color: white; font-family: roboto, arial, sans-serif;\"><b>New 2018 Audi A8 Active Suspension.<\/b><\/span><\/div>\n<div style=\"text-align: center;\">&nbsp;<\/div>\n<div class=\"separator\" style=\"clear: both; text-align: center;\"><iframe loading=\"lazy\" class=\"YOUTUBE-iframe-video\" src=\"https:\/\/www.youtube.com\/embed\/_1Ay6AY-dms?feature=player_embedded\" width=\"656\" height=\"370\" frameborder=\"0\" data-thumbnail-src=\"https:\/\/i.ytimg.com\/vi\/_1Ay6AY-dms\/0.jpg\"><span data-mce-type=\"bookmark\" style=\"display: inline-block; width: 0px; overflow: hidden; line-height: 0;\" class=\"mce_SELRES_start\">\ufeff<\/span><\/iframe><\/div>\n<div style=\"text-align: center;\">&nbsp;<\/div>\n<div style=\"text-align: center;\"><span style=\"color: var(--ytd-video-primary-info-renderer-title-color, var(--yt-primary-text-color)); font-family: roboto, arial, sans-serif; font-size: xx-small;\"><b>La suspensi\u00f3n neum\u00e1tica regulable del Tesla Model S.<\/b><\/span><\/div>\n","protected":false},"excerpt":{"rendered":"<p>&nbsp; &nbsp; &nbsp; Suspensi\u00f3n del Autom\u00f3vil. &nbsp; &nbsp; Funcionamiento de un amortiguador. &nbsp; Amortiguadores a presi\u00f3n, con dep\u00f3sito y bitubo. &nbsp; Funcionamiento del amortiguador bitubo Monroe. &nbsp; &nbsp; KDSS Movie. &nbsp; Citro\u00ebn C5: Suspensi\u00f3n Hidractiva III Plus. &nbsp; &nbsp; MODIFICACI\u00d3N &hellip; <a href=\"https:\/\/cifpn1.com\/mvehiculos\/?page_id=1873\">Contin\u00faa leyendo <span class=\"meta-nav\">&rarr;<\/span><\/a><\/p>\n","protected":false},"author":66,"featured_media":0,"parent":1912,"menu_order":0,"comment_status":"closed","ping_status":"closed","template":"","meta":[],"_links":{"self":[{"href":"https:\/\/cifpn1.com\/mvehiculos\/index.php?rest_route=\/wp\/v2\/pages\/1873"}],"collection":[{"href":"https:\/\/cifpn1.com\/mvehiculos\/index.php?rest_route=\/wp\/v2\/pages"}],"about":[{"href":"https:\/\/cifpn1.com\/mvehiculos\/index.php?rest_route=\/wp\/v2\/types\/page"}],"author":[{"embeddable":true,"href":"https:\/\/cifpn1.com\/mvehiculos\/index.php?rest_route=\/wp\/v2\/users\/66"}],"replies":[{"embeddable":true,"href":"https:\/\/cifpn1.com\/mvehiculos\/index.php?rest_route=%2Fwp%2Fv2%2Fcomments&post=1873"}],"version-history":[{"count":5,"href":"https:\/\/cifpn1.com\/mvehiculos\/index.php?rest_route=\/wp\/v2\/pages\/1873\/revisions"}],"predecessor-version":[{"id":2403,"href":"https:\/\/cifpn1.com\/mvehiculos\/index.php?rest_route=\/wp\/v2\/pages\/1873\/revisions\/2403"}],"up":[{"embeddable":true,"href":"https:\/\/cifpn1.com\/mvehiculos\/index.php?rest_route=\/wp\/v2\/pages\/1912"}],"wp:attachment":[{"href":"https:\/\/cifpn1.com\/mvehiculos\/index.php?rest_route=%2Fwp%2Fv2%2Fmedia&parent=1873"}],"curies":[{"name":"wp","href":"https:\/\/api.w.org\/{rel}","templated":true}]}}