{"id":1855,"date":"2020-03-31T20:22:37","date_gmt":"2020-03-31T18:22:37","guid":{"rendered":"http:\/\/www.cifpn1.com\/mvehiculos\/?page_id=1855"},"modified":"2021-01-03T00:30:54","modified_gmt":"2021-01-02T23:30:54","slug":"ruedas-y-neumaticos","status":"publish","type":"page","link":"https:\/\/cifpn1.com\/mvehiculos\/?page_id=1855","title":{"rendered":"Ruedas y neum\u00e1ticos"},"content":{"rendered":"<h2 style=\"text-align: center;\"><img class=\"aligncenter\" style=\"border-width: 0px; border-style: solid; width: 656px; height: 308px;\" src=\"https:\/\/3.bp.blogspot.com\/-XEu-lmiRZh8\/XLhsCxQFe8I\/AAAAAAAAChM\/jnInx2U7Vkcd9j484TIkgXzHZs9XQ1R1gCLcBGAs\/s640\/images.jpg\" data-original-height=\"154\" data-original-width=\"1028\"\/><\/h2>\n<div class=\"separator\" style=\"clear: both; text-align: center;\">&nbsp;<\/div>\n<div style=\"text-align: center;\"><iframe loading=\"lazy\" src=\"https:\/\/www.youtube.com\/embed\/e2uMo7IXBPw\" width=\"656\" height=\"370\" frameborder=\"0\"><\/iframe><\/div>\n<div style=\"text-align: center;\">&nbsp;<\/div>\n<div style=\"text-align: center;\"><b>Reglamento Europeo de Etiquetado de Neum\u00e1ticos<\/b><\/div>\n<div>&nbsp;<\/div>\n<div style=\"text-align: center;\"><iframe loading=\"lazy\" src=\"https:\/\/www.youtube.com\/embed\/CWKxwY8Q1ig\" width=\"656\" height=\"370\" frameborder=\"0\" allowfullscreen=\"allowfullscreen\"><span data-mce-type=\"bookmark\" style=\"display: inline-block; width: 0px; overflow: hidden; line-height: 0;\" class=\"mce_SELRES_start\">\ufeff<\/span><\/iframe><\/div>\n<p style=\"text-align: center;\"><strong>COMO SE FABRICA UN NEUM\u00c1TICO.<\/strong><\/p>\n<div style=\"text-align: center;\">&nbsp;<\/div>\n<div>\n<div class=\"separator\" style=\"clear: both; text-align: center;\"><iframe loading=\"lazy\" class=\"YOUTUBE-iframe-video\" src=\"https:\/\/www.youtube.com\/embed\/XHXUYe8OSoQ?feature=player_embedded\" width=\"656\" height=\"370\" frameborder=\"0\" data-thumbnail-src=\"https:\/\/i.ytimg.com\/vi\/XHXUYe8OSoQ\/0.jpg\"><\/iframe><\/div>\n<div style=\"text-align: center;\">&nbsp;<\/div>\n<div style=\"text-align: center;\"><span style=\"font-size: small; color: var(--ytd-video-primary-info-renderer-title-color, var(--yt-primary-text-color)); font-family: roboto, arial, sans-serif;\">Desmontadora Revolution &#8212; Hunter Engineering<\/span><\/div>\n<div style=\"text-align: center;\">&nbsp;<\/div>\n<div style=\"text-align: center;\">&nbsp;<\/div>\n<div style=\"text-align: center;\">\n<div class=\"separator\" style=\"clear: both; text-align: center;\"><iframe loading=\"lazy\" class=\"YOUTUBE-iframe-video\" src=\"https:\/\/www.youtube.com\/embed\/jksP0Alga14?feature=player_embedded\" width=\"656\" height=\"495\" frameborder=\"0\" data-thumbnail-src=\"https:\/\/i.ytimg.com\/vi\/jksP0Alga14\/0.jpg\"><span data-mce-type=\"bookmark\" style=\"display: inline-block; width: 0px; overflow: hidden; line-height: 0;\" class=\"mce_SELRES_start\">\ufeff<\/span><\/iframe><\/div>\n<p><b style=\"background-color: white; color: var(--ytd-video-primary-info-renderer-title-color, var(--yt-primary-text-color)); font-family: roboto, arial, sans-serif;\">Como inflar un neum\u00e1tico<\/b><br \/>\n&nbsp;<\/p>\n<div class=\"separator\" style=\"clear: both; text-align: center;\"><iframe loading=\"lazy\" class=\"YOUTUBE-iframe-video\" src=\"https:\/\/www.youtube.com\/embed\/7JVXdTbpS2M?feature=player_embedded\" width=\"656\" height=\"370\" frameborder=\"0\" data-thumbnail-src=\"https:\/\/i.ytimg.com\/vi\/7JVXdTbpS2M\/0.jpg\"><\/iframe><\/div>\n<p><span style=\"background-color: white; font-family: roboto, arial, sans-serif;\"><b>C\u00f3mo usar el Sistema de Presi\u00f3n de Neum\u00e1ticos de Ford<\/b><\/span><\/p>\n<p>&nbsp;<\/p>\n<div class=\"separator\" style=\"clear: both; text-align: center;\"><iframe loading=\"lazy\" class=\"YOUTUBE-iframe-video\" src=\"https:\/\/www.youtube.com\/embed\/IT0moIrNyj4?feature=player_embedded\" width=\"656\" height=\"370\" frameborder=\"0\" data-thumbnail-src=\"https:\/\/i.ytimg.com\/vi\/IT0moIrNyj4\/0.jpg\"><\/iframe><\/div>\n<p><span style=\"background-color: white; font-family: roboto, arial, sans-serif;\"><b>Pruebas Michelin sobre presiones de inflado de los neum\u00e1ticos.<\/b><\/span><\/p>\n<\/div>\n<div style=\"text-align: center;\">\n<div class=\"separator\" style=\"clear: both; text-align: center;\">&nbsp;<\/div>\n<div class=\"separator\" style=\"clear: both; text-align: center;\"><iframe loading=\"lazy\" class=\"YOUTUBE-iframe-video\" src=\"https:\/\/www.youtube.com\/embed\/JcyeDIVi1eE?feature=player_embedded\" width=\"656\" height=\"370\" frameborder=\"0\" data-thumbnail-src=\"https:\/\/i.ytimg.com\/vi\/JcyeDIVi1eE\/0.jpg\"><\/iframe><\/div>\n<p><span style=\"background-color: white; font-family: roboto, arial, sans-serif;\"><b>Etiquetado de neum\u00e1ticos. RACE<\/b><\/span><\/p>\n<div class=\"separator\" style=\"clear: both; text-align: center;\">&nbsp;<\/div>\n<div class=\"separator\" style=\"clear: both; text-align: center;\"><iframe loading=\"lazy\" class=\"YOUTUBE-iframe-video\" src=\"https:\/\/www.youtube.com\/embed\/-FUyPXP_XLM?feature=player_embedded\" width=\"656\" height=\"370\" frameborder=\"0\" data-thumbnail-src=\"https:\/\/i.ytimg.com\/vi\/-FUyPXP_XLM\/0.jpg\"><\/iframe><\/div>\n<p><span style=\"background-color: white; font-family: roboto, arial, sans-serif;\"><b>Te explicamos m\u00e1s sobre el ET de una llanta.<\/b><\/span><\/p>\n<div class=\"separator\" style=\"clear: both; text-align: center;\">&nbsp;<\/div>\n<div class=\"separator\" style=\"clear: both; text-align: center;\"><iframe loading=\"lazy\" class=\"YOUTUBE-iframe-video\" src=\"https:\/\/www.youtube.com\/embed\/mvsJauCRagY?feature=player_embedded\" width=\"656\" height=\"370\" frameborder=\"0\" data-thumbnail-src=\"https:\/\/i.ytimg.com\/vi\/mvsJauCRagY\/0.jpg\"><\/iframe><\/div>\n<p><span style=\"background-color: white; font-family: roboto, arial, sans-serif;\"><b>CONOC\u00c9 LAS VENTAJAS DE LOS NEUM\u00c1TICOS RUN-FLAT<\/b><\/span><\/p>\n<div class=\"separator\" style=\"clear: both; text-align: center;\">&nbsp;<\/div>\n<div class=\"separator\" style=\"clear: both; text-align: center;\"><iframe loading=\"lazy\" class=\"YOUTUBE-iframe-video\" src=\"https:\/\/www.youtube.com\/embed\/1S2LioNmGd0?feature=player_embedded\" width=\"656\" height=\"370\" frameborder=\"0\" data-thumbnail-src=\"https:\/\/i.ytimg.com\/vi\/1S2LioNmGd0\/0.jpg\"><\/iframe><\/div>\n<div style=\"background: #ffffff; border: 0px; color: var(--ytd-video-primary-info-renderer-title-color, var(--yt-primary-text-color)); font-family: roboto, arial, sans-serif; font-weight: 400; line-height: 2.4rem; margin: 0px; max-height: 4.8rem; overflow: hidden; padding: 0px; text-align: center; text-shadow: var(--ytd-video-primary-info-renderer-title-text-shadow, none); transform: var(--ytd-video-primary-info-renderer-title-transform, none);\"><strong>\u00bfNeum\u00e1ticos Run Flat? La soluci\u00f3n con desmontadoras CORGHI<\/strong><\/div>\n<div class=\"separator\" style=\"clear: both; text-align: center;\">&nbsp;<\/div>\n<div class=\"separator\" style=\"clear: both; text-align: center;\"><iframe loading=\"lazy\" class=\"YOUTUBE-iframe-video\" src=\"https:\/\/www.youtube.com\/embed\/EpaVrKNx_nY?feature=player_embedded\" width=\"656\" height=\"370\" frameborder=\"0\" data-thumbnail-src=\"https:\/\/i.ytimg.com\/vi\/EpaVrKNx_nY\/0.jpg\"><\/iframe><\/div>\n<p><span style=\"background-color: white; font-family: roboto, arial, sans-serif;\"><b>Informe neum\u00e1ticos de segunda mano. RACE<\/b><\/span><\/p>\n<div class=\"separator\" style=\"clear: both; text-align: center;\">&nbsp;<\/div>\n<div class=\"separator\" style=\"clear: both; text-align: center;\"><iframe loading=\"lazy\" class=\"YOUTUBE-iframe-video\" src=\"https:\/\/www.youtube.com\/embed\/hUcxCd3XVDI?feature=player_embedded\" width=\"656\" height=\"370\" frameborder=\"0\" data-thumbnail-src=\"https:\/\/i.ytimg.com\/vi\/hUcxCd3XVDI\/0.jpg\"><\/iframe><\/div>\n<p><span style=\"background-color: white; font-family: roboto, arial, sans-serif;\"><b>Neum\u00e1ticos sin aire.<\/b><\/span><\/p>\n<div class=\"separator\" style=\"clear: both; text-align: center;\">&nbsp;<\/div>\n<div class=\"separator\" style=\"clear: both; text-align: center;\"><iframe loading=\"lazy\" class=\"YOUTUBE-iframe-video\" src=\"https:\/\/www.youtube.com\/embed\/oQcjRIPtQGM?feature=player_embedded\" width=\"656\" height=\"370\" frameborder=\"0\" data-thumbnail-src=\"https:\/\/i.ytimg.com\/vi\/oQcjRIPtQGM\/0.jpg\"><span data-mce-type=\"bookmark\" style=\"display: inline-block; width: 0px; overflow: hidden; line-height: 0;\" class=\"mce_SELRES_start\">\ufeff<\/span><\/iframe><\/div>\n<p><span style=\"background-color: white; font-family: roboto, arial, sans-serif;\"><b>Reciclado de los Neum\u00e1ticos y sus Aplicaciones.<\/b><\/span><\/p>\n<\/div>\n<\/div>\n","protected":false},"excerpt":{"rendered":"<p>&nbsp; &nbsp; Reglamento Europeo de Etiquetado de Neum\u00e1ticos &nbsp; \ufeff COMO SE FABRICA UN NEUM\u00c1TICO. &nbsp; &nbsp; Desmontadora Revolution &#8212; Hunter Engineering &nbsp; &nbsp; \ufeff Como inflar un neum\u00e1tico &nbsp; C\u00f3mo usar el Sistema de Presi\u00f3n de Neum\u00e1ticos de Ford &hellip; <a href=\"https:\/\/cifpn1.com\/mvehiculos\/?page_id=1855\">Contin\u00faa leyendo <span class=\"meta-nav\">&rarr;<\/span><\/a><\/p>\n","protected":false},"author":66,"featured_media":0,"parent":1912,"menu_order":0,"comment_status":"closed","ping_status":"closed","template":"","meta":[],"_links":{"self":[{"href":"https:\/\/cifpn1.com\/mvehiculos\/index.php?rest_route=\/wp\/v2\/pages\/1855"}],"collection":[{"href":"https:\/\/cifpn1.com\/mvehiculos\/index.php?rest_route=\/wp\/v2\/pages"}],"about":[{"href":"https:\/\/cifpn1.com\/mvehiculos\/index.php?rest_route=\/wp\/v2\/types\/page"}],"author":[{"embeddable":true,"href":"https:\/\/cifpn1.com\/mvehiculos\/index.php?rest_route=\/wp\/v2\/users\/66"}],"replies":[{"embeddable":true,"href":"https:\/\/cifpn1.com\/mvehiculos\/index.php?rest_route=%2Fwp%2Fv2%2Fcomments&post=1855"}],"version-history":[{"count":6,"href":"https:\/\/cifpn1.com\/mvehiculos\/index.php?rest_route=\/wp\/v2\/pages\/1855\/revisions"}],"predecessor-version":[{"id":2398,"href":"https:\/\/cifpn1.com\/mvehiculos\/index.php?rest_route=\/wp\/v2\/pages\/1855\/revisions\/2398"}],"up":[{"embeddable":true,"href":"https:\/\/cifpn1.com\/mvehiculos\/index.php?rest_route=\/wp\/v2\/pages\/1912"}],"wp:attachment":[{"href":"https:\/\/cifpn1.com\/mvehiculos\/index.php?rest_route=%2Fwp%2Fv2%2Fmedia&parent=1855"}],"curies":[{"name":"wp","href":"https:\/\/api.w.org\/{rel}","templated":true}]}}