{"id":818,"date":"2019-11-16T15:44:22","date_gmt":"2019-11-16T15:44:22","guid":{"rendered":"http:\/\/cifpn1.com\/mpesquera\/?page_id=818"},"modified":"2022-12-06T10:55:55","modified_gmt":"2022-12-06T09:55:55","slug":"otros-departamentos","status":"publish","type":"page","link":"https:\/\/cifpn1.com\/mpesquera\/?page_id=818","title":{"rendered":"BLogs del cifpn\u00ba1"},"content":{"rendered":"<h5>Blogs en el Centro Integrado de Formaci\u00f3n Profesional N\u00famero Uno de Santander<\/h5>\n<ul>\n<li>\n<h6><a href=\"https:\/\/cifpn1.com\/igualdad\/\">Blog de Igualdad<\/a><\/h6>\n<\/li>\n<li>\n<h6><a href=\"https:\/\/cifpn1.com\/mpesquera\/wp-content\/uploads\/2022\/12\/portada-puerto-santander3_1200x250.jpg\">Calidad e Innovaci\u00f3n<\/a><\/h6>\n<\/li>\n<li>\n<h6><a href=\"http:\/\/cifpn1.com\/electronica\/\">Electricidad-Electr\u00f3nica<\/a><\/h6>\n<\/li>\n<li>\n<h6><a href=\"https:\/\/cifpn1.com\/acreditacion\/\">Evaluaci\u00f3n y Acreditaci\u00f3n de Competencias Profesionales<\/a><\/h6>\n<\/li>\n<li>\n<h6><a href=\"http:\/\/cifpn1.com\/fmecanica\/\">Fabricaci\u00f3n Mec\u00e1nica<\/a><\/h6>\n<\/li>\n<li>\n<h6><a href=\"http:\/\/cifpn1.com\/fol\/\">Formaci\u00f3n y Orientaci\u00f3n Laboral<\/a><\/h6>\n<\/li>\n<li>\n<h6><a href=\"http:\/\/cifpn1.com\/siop\/\">Informaci\u00f3n y Orientaci\u00f3n Profesional<\/a><\/h6>\n<\/li>\n<li>\n<h6><a href=\"http:\/\/cifpn1.com\/ingles\/\">Ingl\u00e9s<\/a><\/h6>\n<\/li>\n<li>\n<h6><a href=\"http:\/\/cifpn1.com\/prlaborales\/\">Instalaci\u00f3n y Mantenimiento<\/a><\/h6>\n<\/li>\n<li>\n<h6><a href=\"https:\/\/cifpn1.com\/mpesquera\/\">Mar\u00edtimo y Pesquera<\/a><\/h6>\n<\/li>\n<li>\n<h6><a href=\"http:\/\/cifpn1.com\/mvehiculos\/\">Transporte y Mantenimiento de Veh\u00edculos<\/a><\/h6>\n<\/li>\n<li>\n<h6><a href=\"http:\/\/cifpn1.com\/tic\/\">TICs en el cifpn\u00ba1<\/a><\/h6>\n<\/li>\n<\/ul>\n<h5><\/h5>\n","protected":false},"excerpt":{"rendered":"<p>Blogs en el Centro Integrado de Formaci\u00f3n Profesional N\u00famero Uno de Santander Blog de Igualdad Calidad e Innovaci\u00f3n Electricidad-Electr\u00f3nica Evaluaci\u00f3n y Acreditaci\u00f3n de Competencias Profesionales Fabricaci\u00f3n Mec\u00e1nica Formaci\u00f3n y Orientaci\u00f3n Laboral Informaci\u00f3n y Orientaci\u00f3n Profesional Ingl\u00e9s Instalaci\u00f3n y Mantenimiento Mar\u00edtimo &hellip; <a href=\"https:\/\/cifpn1.com\/mpesquera\/?page_id=818\">Contin\u00faa leyendo <span class=\"meta-nav\">&rarr;<\/span><\/a><\/p>\n","protected":false},"author":1,"featured_media":2028,"parent":0,"menu_order":0,"comment_status":"closed","ping_status":"closed","template":"","meta":{"footnotes":""},"class_list":["post-818","page","type-page","status-publish","has-post-thumbnail","hentry"],"_links":{"self":[{"href":"https:\/\/cifpn1.com\/mpesquera\/index.php?rest_route=\/wp\/v2\/pages\/818","targetHints":{"allow":["GET"]}}],"collection":[{"href":"https:\/\/cifpn1.com\/mpesquera\/index.php?rest_route=\/wp\/v2\/pages"}],"about":[{"href":"https:\/\/cifpn1.com\/mpesquera\/index.php?rest_route=\/wp\/v2\/types\/page"}],"author":[{"embeddable":true,"href":"https:\/\/cifpn1.com\/mpesquera\/index.php?rest_route=\/wp\/v2\/users\/1"}],"replies":[{"embeddable":true,"href":"https:\/\/cifpn1.com\/mpesquera\/index.php?rest_route=%2Fwp%2Fv2%2Fcomments&post=818"}],"version-history":[{"count":4,"href":"https:\/\/cifpn1.com\/mpesquera\/index.php?rest_route=\/wp\/v2\/pages\/818\/revisions"}],"predecessor-version":[{"id":2038,"href":"https:\/\/cifpn1.com\/mpesquera\/index.php?rest_route=\/wp\/v2\/pages\/818\/revisions\/2038"}],"wp:featuredmedia":[{"embeddable":true,"href":"https:\/\/cifpn1.com\/mpesquera\/index.php?rest_route=\/wp\/v2\/media\/2028"}],"wp:attachment":[{"href":"https:\/\/cifpn1.com\/mpesquera\/index.php?rest_route=%2Fwp%2Fv2%2Fmedia&parent=818"}],"curies":[{"name":"wp","href":"https:\/\/api.w.org\/{rel}","templated":true}]}}