{"id":781,"date":"2019-10-25T07:40:15","date_gmt":"2019-10-25T07:40:15","guid":{"rendered":"http:\/\/cifpn1.com\/mpesquera\/?page_id=781"},"modified":"2020-01-08T12:22:59","modified_gmt":"2020-01-08T11:22:59","slug":"ciclos-formativos-2","status":"publish","type":"page","link":"https:\/\/cifpn1.com\/mpesquera\/?page_id=781","title":{"rendered":"Ciclos Formativos"},"content":{"rendered":"\r\n<p><a href=\"http:\/\/www.todofp.es\/dam\/jcr:d2196646-fd7c-4fbe-8644-b89a4aae0aed\/map.pdf\" target=\"_blank\" rel=\"noopener noreferrer\"><img loading=\"lazy\" decoding=\"async\" class=\"shrinkToFit alignnone\" src=\"https:\/\/pbs.twimg.com\/media\/Dn8hdQIXsAEaByl.jpg\" alt=\"https:\/\/pbs.twimg.com\/media\/Dn8hdQIXsAEaByl.jpg\" width=\"640\" height=\"364\" \/><\/a><\/p>\r\n<p style=\"text-align: justify;\">En el centro integrado de FP n\u00ba1 de Santander, dentro de la familia de Mar\u00edtimo-Pesquera se oferta el Ciclo Formativo de Grado Medio correspondiente al t\u00edtulo de T\u00e9cnico en Mantenimiento y Control de la Maquinar\u00eda de Buques y Embarcaciones.<\/p>\r\n\r\n\r\n\r\n<p style=\"text-align: justify;\">La duraci\u00f3n total de las ense\u00f1anzas correspondientes a este ciclo formativo, incluido el m\u00f3dulo profesional de Formaci\u00f3n en Centros de Trabajo, es de 2.000 horas.<\/p>\r\n<p style=\"text-align: justify;\">Los siguientes enlaces le llevar\u00e1n a a p\u00e1ginas web con informaci\u00f3n acerca del Ciclo Formativo:\u00a0<\/p>\r\n<p><a href=\"https:\/\/www.educantabria.es\/1260-infoinstitucional\/sistemaeducativocantabria\/etapas-educativas\/formacion-profesional\/oferta-formativa\/oferta-gm\/39714162-cfgm-mcmbe.html\" target=\"_blank\" rel=\"noopener noreferrer\">&#8211; Educantabria<\/a><\/p>\r\n<p><a href=\"http:\/\/todofp.es\/que-como-y-donde-estudiar\/que-estudiar\/familia\/loe\/maritimo-pesquera\/mnto-control-maquinaria-buques-embarcaciones.html\" target=\"_blank\" rel=\"noopener noreferrer\">&#8211; todofp.es<\/a><\/p>\r\n","protected":false},"excerpt":{"rendered":"<p>En el centro integrado de FP n\u00ba1 de Santander, dentro de la familia de Mar\u00edtimo-Pesquera se oferta el Ciclo Formativo de Grado Medio correspondiente al t\u00edtulo de T\u00e9cnico en Mantenimiento y Control de la Maquinar\u00eda de Buques y Embarcaciones. La &hellip; <a href=\"https:\/\/cifpn1.com\/mpesquera\/?page_id=781\">Contin\u00faa leyendo <span class=\"meta-nav\">&rarr;<\/span><\/a><\/p>\n","protected":false},"author":1,"featured_media":0,"parent":0,"menu_order":0,"comment_status":"closed","ping_status":"closed","template":"","meta":{"footnotes":""},"class_list":["post-781","page","type-page","status-publish","hentry"],"_links":{"self":[{"href":"https:\/\/cifpn1.com\/mpesquera\/index.php?rest_route=\/wp\/v2\/pages\/781","targetHints":{"allow":["GET"]}}],"collection":[{"href":"https:\/\/cifpn1.com\/mpesquera\/index.php?rest_route=\/wp\/v2\/pages"}],"about":[{"href":"https:\/\/cifpn1.com\/mpesquera\/index.php?rest_route=\/wp\/v2\/types\/page"}],"author":[{"embeddable":true,"href":"https:\/\/cifpn1.com\/mpesquera\/index.php?rest_route=\/wp\/v2\/users\/1"}],"replies":[{"embeddable":true,"href":"https:\/\/cifpn1.com\/mpesquera\/index.php?rest_route=%2Fwp%2Fv2%2Fcomments&post=781"}],"version-history":[{"count":15,"href":"https:\/\/cifpn1.com\/mpesquera\/index.php?rest_route=\/wp\/v2\/pages\/781\/revisions"}],"predecessor-version":[{"id":1225,"href":"https:\/\/cifpn1.com\/mpesquera\/index.php?rest_route=\/wp\/v2\/pages\/781\/revisions\/1225"}],"wp:attachment":[{"href":"https:\/\/cifpn1.com\/mpesquera\/index.php?rest_route=%2Fwp%2Fv2%2Fmedia&parent=781"}],"curies":[{"name":"wp","href":"https:\/\/api.w.org\/{rel}","templated":true}]}}