{"id":1112,"date":"2020-01-05T13:07:18","date_gmt":"2020-01-05T12:07:18","guid":{"rendered":"http:\/\/cifpn1.com\/mpesquera\/?page_id=1112"},"modified":"2020-01-05T13:07:18","modified_gmt":"2020-01-05T12:07:18","slug":"sobre-este-blog","status":"publish","type":"page","link":"https:\/\/cifpn1.com\/mpesquera\/?page_id=1112","title":{"rendered":"Sobre este blog"},"content":{"rendered":"<h2>Finalidad<\/h2>\n<p>Se ha dise\u00f1ado este blog con los siguientes prop\u00f3sitos:<\/p>\n<ul>\n<li>Representar la imagen p\u00faplica del departamento de Mar\u00edtimo-Pesquera ante la comunidad educativa y ante el resto de la sociedad, dotanto de trascendencia los estudios que se brindan en este departamento did\u00e1ctico del Centro Integrado de Formaci\u00f3n Profesional N\u00famero Uno de Santander (en adelante cifpn\u00ba1).<\/li>\n<li>Servir de enlace con las familias y alumnado del departamento, de modo que a trav\u00e9s de \u00e9ste se proporcione informaci\u00f3n b\u00e1sica sobre los estudios que se realizan el en centro educativo: planes de estudio, informaci\u00f3n relevante sobre los m\u00f3dulos y las materias que cursa el alumnado del departamento.<\/li>\n<\/ul>\n<h2>Entidad responsable<\/h2>\n<ul>\n<li>Nombre: Centro Integrado de Formaci\u00f3n Profesional N\u00famero Uno<\/li>\n<li>Direcci\u00f3n: c\/ Francisco Rivas Moreno, s\/n<br \/>\nCP: 39011 ; Santander<br \/>\nCantabria, Espa\u00f1a<\/li>\n<li>Tel\u00e9fono: 942 323845<\/li>\n<li>Email:\u00a0\u00a0<a href=\"http:\/\/cifpn1@cifpn1.es\/\" target=\"_blank\" rel=\"noopener noreferrer\" data-cke-saved-href=\"http:\/\/cifpn1@cifpn1.es\/\">cifpn1@cifpn1.es<\/a><\/li>\n<li>URL:\u00a0<a href=\"http:\/\/cifp.es\/\" target=\"_blank\" rel=\"noopener noreferrer\" data-cke-saved-href=\"http:\/\/cifp.es\/\">http:\/\/cifp.es<\/a><\/li>\n<\/ul>\n<h2>Gestor del blog<\/h2>\n<p>La persona gestor de este blog es: Jos\u00e9 M\u00aa Taborda, profesor del departamento de Mar\u00edtimo-Pesquera.<\/p>\n<p>Tambi\u00e9n participa en el dise\u00f1o y modificaci\u00f3n de la plantilla Worpress: Jos\u00e9 Francisco Alonso Calvo, tamb\u00e9n profesor del departamento de Electricidad y Electr\u00f3nica.<\/p>\n<h2>Plataforma de publicaci\u00f3n<\/h2>\n<p>Se ha elegido\u00a0<em>Wordpress\u00a0<\/em>como herramienta de publicaci\u00f3n<\/p>\n<p>La plantilla base es\u00a0<em>Coraline<\/em>, ver. 1.5.2; y ha sido modificada para adaptarla a este blog por el gestor.<\/p>\n","protected":false},"excerpt":{"rendered":"<p>Finalidad Se ha dise\u00f1ado este blog con los siguientes prop\u00f3sitos: Representar la imagen p\u00faplica del departamento de Mar\u00edtimo-Pesquera ante la comunidad educativa y ante el resto de la sociedad, dotanto de trascendencia los estudios que se brindan en este departamento &hellip; <a href=\"https:\/\/cifpn1.com\/mpesquera\/?page_id=1112\">Contin\u00faa leyendo <span class=\"meta-nav\">&rarr;<\/span><\/a><\/p>\n","protected":false},"author":1,"featured_media":0,"parent":0,"menu_order":0,"comment_status":"closed","ping_status":"closed","template":"full-width-page.php","meta":{"footnotes":""},"class_list":["post-1112","page","type-page","status-publish","hentry"],"_links":{"self":[{"href":"https:\/\/cifpn1.com\/mpesquera\/index.php?rest_route=\/wp\/v2\/pages\/1112","targetHints":{"allow":["GET"]}}],"collection":[{"href":"https:\/\/cifpn1.com\/mpesquera\/index.php?rest_route=\/wp\/v2\/pages"}],"about":[{"href":"https:\/\/cifpn1.com\/mpesquera\/index.php?rest_route=\/wp\/v2\/types\/page"}],"author":[{"embeddable":true,"href":"https:\/\/cifpn1.com\/mpesquera\/index.php?rest_route=\/wp\/v2\/users\/1"}],"replies":[{"embeddable":true,"href":"https:\/\/cifpn1.com\/mpesquera\/index.php?rest_route=%2Fwp%2Fv2%2Fcomments&post=1112"}],"version-history":[{"count":1,"href":"https:\/\/cifpn1.com\/mpesquera\/index.php?rest_route=\/wp\/v2\/pages\/1112\/revisions"}],"predecessor-version":[{"id":1113,"href":"https:\/\/cifpn1.com\/mpesquera\/index.php?rest_route=\/wp\/v2\/pages\/1112\/revisions\/1113"}],"wp:attachment":[{"href":"https:\/\/cifpn1.com\/mpesquera\/index.php?rest_route=%2Fwp%2Fv2%2Fmedia&parent=1112"}],"curies":[{"name":"wp","href":"https:\/\/api.w.org\/{rel}","templated":true}]}}