{"id":10,"date":"2017-03-28T18:15:16","date_gmt":"2017-03-28T18:15:16","guid":{"rendered":"http:\/\/cifpn1.com\/integraTenbici\/?page_id=10"},"modified":"2017-04-05T10:28:37","modified_gmt":"2017-04-05T10:28:37","slug":"parking","status":"publish","type":"page","link":"https:\/\/cifpn1.com\/integraTenbici\/parking\/","title":{"rendered":"Parking"},"content":{"rendered":"<p><!--more-->Como parte del proyecto los alumnos de primer curso de T\u00e9cnico Superior en Automoci\u00f3n est\u00e1 produciendo unos postes que pronto veremos en la secci\u00f3n de parking de bicicletas de nuestro Centro.<\/p>\n<p>El proceso ha sido el siguiente:<\/p>\n<ul>\n<li>Originalmente se procedi\u00f3 a realizar un concurso de ideas y dise\u00f1os entre los alumnos. Pero las ideas que surgieron eran muy elaboradas, ambiciosas o complejas de realizar. En esta p\u00e1gina de nuestro blog pod\u00e9is ver los mismos.<\/li>\n<li><img loading=\"lazy\" decoding=\"async\" class=\"alignleft wp-image-51\" src=\"https:\/\/cifpn1.com\/integraTenbici\/wp-content\/uploads\/2017\/03\/WhatsApp-Image-2017-04-02-at-19.05.57-300x225.jpeg\" alt=\"\" width=\"400\" height=\"300\" srcset=\"https:\/\/cifpn1.com\/integraTenbici\/wp-content\/uploads\/2017\/03\/WhatsApp-Image-2017-04-02-at-19.05.57-300x225.jpeg 300w, https:\/\/cifpn1.com\/integraTenbici\/wp-content\/uploads\/2017\/03\/WhatsApp-Image-2017-04-02-at-19.05.57-768x576.jpeg 768w, https:\/\/cifpn1.com\/integraTenbici\/wp-content\/uploads\/2017\/03\/WhatsApp-Image-2017-04-02-at-19.05.57-1024x768.jpeg 1024w, https:\/\/cifpn1.com\/integraTenbici\/wp-content\/uploads\/2017\/03\/WhatsApp-Image-2017-04-02-at-19.05.57.jpeg 1600w\" sizes=\"auto, (max-width: 400px) 100vw, 400px\" \/>El profesorado implicado en el proyecto estuvo realizando una b\u00fasqueda de dise\u00f1os que permitiesen un asentamiento seguro de las bicicletas y adem\u00e1s la posibilidad de implementar un sistema de control-conteo del seguimiento del proyecto por parte de la comunidad acad\u00e9mica.<\/li>\n<\/ul>\n<p>&nbsp;<\/p>\n<p>&nbsp;<\/p>\n<p>&nbsp;<\/p>\n<p>&nbsp;<\/p>\n<ul>\n<li>Se eligi\u00f3 el dise\u00f1o reflejado en la imagen y se procedi\u00f3 a el proyectado en 3D del mismo para proceder a solicitar a una empresa el corte de las piezas mediante un equipo de corte laser. De esta forma se ahorra tiempo, se gana precisi\u00f3n y repetitividad, calidad de acabado, etc.<\/li>\n<\/ul>\n<p>&nbsp;<\/p>\n<p>Al recibir las piezas son los alumnos los encargados de hacer la composici\u00f3n y con las destrezas adquiridas en soldadura y mecanizado del m\u00f3dulo profesional de Elementos Amovibles y Fijos no Estructurales proceden a realizar los postes del parking de bicicletas que quedar\u00e1 establecido en el porche norte del hall del Centro.<\/p>\n<p>Una vez soldadas las partes, y presentados en el sitio para el empernado para su posterior colocaci\u00f3n, se procede a aplicarles un tratamiento que les permita resistir muchos a\u00f1os a la intemperie, en principio se valora el galvanizado de las piezas, puesto que al estar expuestas a las inclemencias del tiempo, en ambiente relativamente cercano al mar y con el uso constante que se prev\u00e9, roces, golpeado de cadenas y otros elementos de seguridad antirobo, consideramos que es el procedimiento m\u00e1s rentable a medio-largo plazo.<\/p>\n<p>&nbsp;<\/p>\n<p>A continuaci\u00f3n se proceder\u00e1 a realizar un sistema de control del uso de los postes para poder realizar un conteo estad\u00edstico del uso de los mismos con el fin de valorar el \u00e9xito del proyecto. En este momento se est\u00e1 realizando el estudio de los medios m\u00e1s adecuados por medio del m\u00f3dulo de proyecto del Grado Superior de Desarrollo de Productos Electr\u00f3nicos.<\/p>\n","protected":false},"excerpt":{"rendered":"","protected":false},"author":2,"featured_media":0,"parent":0,"menu_order":0,"comment_status":"closed","ping_status":"closed","template":"","meta":{"footnotes":""},"class_list":["post-10","page","type-page","status-publish","hentry"],"_links":{"self":[{"href":"https:\/\/cifpn1.com\/integraTenbici\/wp-json\/wp\/v2\/pages\/10","targetHints":{"allow":["GET"]}}],"collection":[{"href":"https:\/\/cifpn1.com\/integraTenbici\/wp-json\/wp\/v2\/pages"}],"about":[{"href":"https:\/\/cifpn1.com\/integraTenbici\/wp-json\/wp\/v2\/types\/page"}],"author":[{"embeddable":true,"href":"https:\/\/cifpn1.com\/integraTenbici\/wp-json\/wp\/v2\/users\/2"}],"replies":[{"embeddable":true,"href":"https:\/\/cifpn1.com\/integraTenbici\/wp-json\/wp\/v2\/comments?post=10"}],"version-history":[{"count":13,"href":"https:\/\/cifpn1.com\/integraTenbici\/wp-json\/wp\/v2\/pages\/10\/revisions"}],"predecessor-version":[{"id":55,"href":"https:\/\/cifpn1.com\/integraTenbici\/wp-json\/wp\/v2\/pages\/10\/revisions\/55"}],"wp:attachment":[{"href":"https:\/\/cifpn1.com\/integraTenbici\/wp-json\/wp\/v2\/media?parent=10"}],"curies":[{"name":"wp","href":"https:\/\/api.w.org\/{rel}","templated":true}]}}