{"id":130,"date":"2017-05-30T11:54:59","date_gmt":"2017-05-30T11:54:59","guid":{"rendered":"http:\/\/cifpn1.com\/ingles\/?page_id=130"},"modified":"2019-12-23T18:03:42","modified_gmt":"2019-12-23T17:03:42","slug":"europass","status":"publish","type":"page","link":"https:\/\/cifpn1.com\/ingles\/?page_id=130","title":{"rendered":"Europass"},"content":{"rendered":"<p style=\"text-align: center\"><a href=\"https:\/\/cifpn1.com\/ingles\/wp-content\/uploads\/2017\/05\/europass-e1480411873349.jpg\"><img loading=\"lazy\" decoding=\"async\" class=\"aligncenter size-full wp-image-642\" src=\"https:\/\/cifpn1.com\/ingles\/wp-content\/uploads\/2017\/05\/europass-e1480411873349.jpg\" alt=\"\" width=\"333\" height=\"243\" srcset=\"https:\/\/cifpn1.com\/ingles\/wp-content\/uploads\/2017\/05\/europass-e1480411873349.jpg 333w, https:\/\/cifpn1.com\/ingles\/wp-content\/uploads\/2017\/05\/europass-e1480411873349-300x219.jpg 300w\" sizes=\"auto, (max-width: 333px) 100vw, 333px\" \/><\/a><\/p>\n<p><em><strong>Create your CV and cover letter online:<\/strong><\/em><\/p>\n<p><a href=\"http:\/\/europass.cedefop.europa.eu\/documents\/curriculum-vitae\">http:\/\/europass.cedefop.europa.eu\/documents\/curriculum-vitae<\/a><\/p>\n<p style=\"text-align: center\">\n<p><em><strong><span style=\"color: #ff0000\">Suplementos Europass<\/span> para los t\u00edtulos de Certificado de<span style=\"color: #000000\"> Grado Superior de LOE en ingl\u00e9s:<\/span><\/strong><\/em><\/p>\n<p>T\u00e9cnico Superior de Automoci\u00f3n:\u00a0 <a href=\"https:\/\/cifpn1.com\/ingles\/wp-content\/uploads\/2017\/05\/tsautomocionen-pdf.pdf\">tsautomocionen-pdf<\/a><\/p>\n<p>T\u00e9cnico Superior en Mantenimiento Electr\u00f3nico: <a href=\"https:\/\/cifpn1.com\/ingles\/wp-content\/uploads\/2017\/05\/tsmantenimientoelectronicoen-pdf.pdf\">tsmantenimientoelectronicoen-pdf<\/a><\/p>\n<p>T\u00e9cnico Superior en Sistemas Electrot\u00e9cnicos y Automatizados: <a href=\"https:\/\/cifpn1.com\/ingles\/wp-content\/uploads\/2017\/05\/tssselectrotecnicosautomatizadosen-1.pdf\">tssselectrotecnicosautomatizadosen<\/a><\/p>\n<p>T\u00e9cnico Superior en Programaci\u00f3n de la Producci\u00f3n en Fabricaci\u00f3n Mec\u00e1nica: <a href=\"https:\/\/cifpn1.com\/ingles\/wp-content\/uploads\/2017\/05\/tsprogramacionproduccionfabricacionmecanicaen-pdf.pdf\">tsprogramacionproduccionfabricacionmecanicaen-pdf<\/a><\/p>\n<p>T\u00e9cnico Superior en Mecatr\u00f3nica Industrial: <a href=\"https:\/\/cifpn1.com\/ingles\/wp-content\/uploads\/2017\/05\/tsmecatronicaindustrialen-pdf.pdf\">Mecatronica-industrial-ingl\u00e9s-pdf<\/a><\/p>\n<p>T\u00e9cnico Superior en Electromedicina Cl\u00ednica: <a href=\"http:\/\/todofp.es\/dam\/jcr:76b77113-0982-471c-bfbf-649f3910eabb\/TS_Electromedicina_Clinica_EN.pdf\">TS_Electromedicina_Clinica-ingl\u00e9s-.pdf<\/a><\/p>\n<p>&nbsp;<\/p>\n<p><em><strong><span style=\"color: #ff0000\">Suplementos Europass<\/span> para los t\u00edtulos de Certificado de <span style=\"color: #000000\">Grado Superior de LOGSE en ingl\u00e9s:<\/span><\/strong><\/em><\/p>\n<p>Mantenimiento Aeromec\u00e1nico: <a href=\"https:\/\/cifpn1.com\/ingles\/wp-content\/uploads\/2017\/05\/mantenimiento-aereomecanico-ingles-pdf.pdf\">mantenimiento-aereomecanico-ingles-pdf<\/a><\/p>\n<p>Prevenci\u00f3n de Riesgos Profesionales: <a href=\"https:\/\/cifpn1.com\/ingles\/wp-content\/uploads\/2017\/05\/prevencion-de-riesgos-profesionales-ingles-pdf.pdf\">prevencion-de-riesgos-profesionales-ingles-pdf<\/a><\/p>\n<p>&nbsp;<\/p>\n<p><em><strong><span style=\"color: #ff0000\">Suplementos Europass<\/span> para los t\u00edtulos de Certificado de<span style=\"color: #000000\"> Grado Medio de LOE en ingl\u00e9s:<\/span><\/strong><\/em><\/p>\n<p>T\u00e9cnico en Carrocer\u00eda: <a href=\"https:\/\/cifpn1.com\/ingles\/wp-content\/uploads\/2017\/05\/tcarroceriaen-pdf.pdf\">Carrocer\u00eda-ingl\u00e9s-pdf<\/a><\/p>\n<p>T\u00e9cnico en Electromec\u00e1ncia de Veh\u00edculos Autom\u00f3viles: <a href=\"https:\/\/cifpn1.com\/ingles\/wp-content\/uploads\/2017\/05\/telectromecanicaautomovilesen-pdf.pdf\">Electromecanica-automoviles-ingl\u00e9spdf<\/a><\/p>\n<p>T\u00e9cnico en Instalaciones El\u00e9ctricas y Autom\u00e1ticas: <a href=\"https:\/\/cifpn1.com\/ingles\/wp-content\/uploads\/2017\/05\/tinstalacioneselectricasautomaticasen-pdf.pdf\">Instalaciones-electricas-automaticas-ingl\u00e9s-pdf<\/a><\/p>\n<p>T\u00e9cnico en Instalaciones de Telecomunicaciones: <a href=\"https:\/\/cifpn1.com\/ingles\/wp-content\/uploads\/2017\/05\/tinstalacionestelecomunicacionesen-pdf.pdf\">Instalaciones-telecomunicaciones-ingl\u00e9s-pdf<\/a><\/p>\n<p>T\u00e9cnico en Mecanizado: <a href=\"https:\/\/cifpn1.com\/ingles\/wp-content\/uploads\/2017\/05\/tmecanizadoen-pdf.pdf\">Mecanizado-ingl\u00e9s-pdf<\/a><\/p>\n<p>T\u00e9cnico en Mantenimiento y Control de la Maquinaria de Buques y Embarcaciones: <a href=\"https:\/\/cifpn1.com\/ingles\/wp-content\/uploads\/2017\/05\/t-mantenimientocontrolmaquinariabuquesembarcacionesen-pdf.pdf\">Mantenimiento-control-maquinaria-buques-embarcaciones-ingl\u00e9s-pdf<\/a><\/p>\n<p style=\"text-align: center\"><a href=\"https:\/\/cifpn1.com\/ingles\/wp-content\/uploads\/2017\/05\/europass-cv-andres-forero.jpg\"><img loading=\"lazy\" decoding=\"async\" class=\"aligncenter size-full wp-image-641\" src=\"https:\/\/cifpn1.com\/ingles\/wp-content\/uploads\/2017\/05\/europass-cv-andres-forero.jpg\" alt=\"\" width=\"453\" height=\"640\" srcset=\"https:\/\/cifpn1.com\/ingles\/wp-content\/uploads\/2017\/05\/europass-cv-andres-forero.jpg 453w, https:\/\/cifpn1.com\/ingles\/wp-content\/uploads\/2017\/05\/europass-cv-andres-forero-212x300.jpg 212w, https:\/\/cifpn1.com\/ingles\/wp-content\/uploads\/2017\/05\/europass-cv-andres-forero-354x500.jpg 354w\" sizes=\"auto, (max-width: 453px) 100vw, 453px\" \/><\/a><\/p>\n","protected":false},"excerpt":{"rendered":"<p>Create your CV and cover letter online: http:\/\/europass.cedefop.europa.eu\/documents\/curriculum-vitae Suplementos Europass para los t\u00edtulos de Certificado de Grado Superior de LOE en ingl\u00e9s: T\u00e9cnico Superior de Automoci\u00f3n:\u00a0 tsautomocionen-pdf T\u00e9cnico Superior en Mantenimiento Electr\u00f3nico: tsmantenimientoelectronicoen-pdf T\u00e9cnico Superior en Sistemas Electrot\u00e9cnicos y Automatizados: &hellip; <a href=\"https:\/\/cifpn1.com\/ingles\/?page_id=130\">Contin\u00faa leyendo <span class=\"meta-nav\">&rarr;<\/span><\/a><\/p>\n","protected":false},"author":1,"featured_media":0,"parent":0,"menu_order":0,"comment_status":"closed","ping_status":"closed","template":"","meta":{"footnotes":""},"class_list":["post-130","page","type-page","status-publish","hentry"],"_links":{"self":[{"href":"https:\/\/cifpn1.com\/ingles\/index.php?rest_route=\/wp\/v2\/pages\/130","targetHints":{"allow":["GET"]}}],"collection":[{"href":"https:\/\/cifpn1.com\/ingles\/index.php?rest_route=\/wp\/v2\/pages"}],"about":[{"href":"https:\/\/cifpn1.com\/ingles\/index.php?rest_route=\/wp\/v2\/types\/page"}],"author":[{"embeddable":true,"href":"https:\/\/cifpn1.com\/ingles\/index.php?rest_route=\/wp\/v2\/users\/1"}],"replies":[{"embeddable":true,"href":"https:\/\/cifpn1.com\/ingles\/index.php?rest_route=%2Fwp%2Fv2%2Fcomments&post=130"}],"version-history":[{"count":21,"href":"https:\/\/cifpn1.com\/ingles\/index.php?rest_route=\/wp\/v2\/pages\/130\/revisions"}],"predecessor-version":[{"id":644,"href":"https:\/\/cifpn1.com\/ingles\/index.php?rest_route=\/wp\/v2\/pages\/130\/revisions\/644"}],"wp:attachment":[{"href":"https:\/\/cifpn1.com\/ingles\/index.php?rest_route=%2Fwp%2Fv2%2Fmedia&parent=130"}],"curies":[{"name":"wp","href":"https:\/\/api.w.org\/{rel}","templated":true}]}}