{"id":77,"date":"2025-01-20T10:33:34","date_gmt":"2025-01-20T10:33:34","guid":{"rendered":"https:\/\/cifpn1.com\/gestenedi\/?page_id=77"},"modified":"2025-01-23T21:26:54","modified_gmt":"2025-01-23T21:26:54","slug":"energias-renovables","status":"publish","type":"page","link":"https:\/\/cifpn1.com\/gestenedi\/index.php\/energias-renovables\/","title":{"rendered":"Energ\u00edas Renovables"},"content":{"rendered":"<p style=\"text-align: justify;\"><strong>La generaci\u00f3n de energ\u00eda del centro est\u00e1 distribuida en dos espacios, por un lado tenemos la azotea del edificio de Electricidad-Electr\u00f3nica en la que est\u00e1n situados cuatro bloques de paneles solares y un aerogenerador.<\/strong><\/p>\n<p><img loading=\"lazy\" decoding=\"async\" class=\"wp-image-175 alignleft\" src=\"https:\/\/cifpn1.com\/gestenedi\/wp-content\/uploads\/2025\/01\/1737454641741-300x226.jpg\" alt=\"\" width=\"602\" height=\"454\" srcset=\"https:\/\/cifpn1.com\/gestenedi\/wp-content\/uploads\/2025\/01\/1737454641741-300x226.jpg 300w, https:\/\/cifpn1.com\/gestenedi\/wp-content\/uploads\/2025\/01\/1737454641741-1024x771.jpg 1024w, https:\/\/cifpn1.com\/gestenedi\/wp-content\/uploads\/2025\/01\/1737454641741-768x578.jpg 768w, https:\/\/cifpn1.com\/gestenedi\/wp-content\/uploads\/2025\/01\/1737454641741-1536x1157.jpg 1536w, https:\/\/cifpn1.com\/gestenedi\/wp-content\/uploads\/2025\/01\/1737454641741-2048x1542.jpg 2048w, https:\/\/cifpn1.com\/gestenedi\/wp-content\/uploads\/2025\/01\/1737454641741-80x60.jpg 80w\" sizes=\"auto, (max-width: 602px) 100vw, 602px\" \/><\/p>\n<p><img loading=\"lazy\" decoding=\"async\" class=\"wp-image-176 alignright\" src=\"https:\/\/cifpn1.com\/gestenedi\/wp-content\/uploads\/2025\/01\/1737454641702-300x225.jpg\" alt=\"\" width=\"598\" height=\"449\" srcset=\"https:\/\/cifpn1.com\/gestenedi\/wp-content\/uploads\/2025\/01\/1737454641702-300x225.jpg 300w, https:\/\/cifpn1.com\/gestenedi\/wp-content\/uploads\/2025\/01\/1737454641702-1024x768.jpg 1024w, https:\/\/cifpn1.com\/gestenedi\/wp-content\/uploads\/2025\/01\/1737454641702-768x576.jpg 768w, https:\/\/cifpn1.com\/gestenedi\/wp-content\/uploads\/2025\/01\/1737454641702-1536x1152.jpg 1536w, https:\/\/cifpn1.com\/gestenedi\/wp-content\/uploads\/2025\/01\/1737454641702-2048x1536.jpg 2048w, https:\/\/cifpn1.com\/gestenedi\/wp-content\/uploads\/2025\/01\/1737454641702-80x60.jpg 80w\" sizes=\"auto, (max-width: 598px) 100vw, 598px\" \/><\/p>\n<p>&nbsp;<\/p>\n<p>&nbsp;<\/p>\n<p>&nbsp;<\/p>\n<p>&nbsp;<\/p>\n<p>&nbsp;<\/p>\n<p>&nbsp;<\/p>\n<p>&nbsp;<\/p>\n<p>&nbsp;<\/p>\n<p>&nbsp;<\/p>\n<p>&nbsp;<\/p>\n<p>&nbsp;<\/p>\n<p>&nbsp;<\/p>\n<p><strong>En segundo lugar hay 56 paneles solares instalados en una marquesina en el parking de alumnado que es un punto de recarga de coches el\u00e9ctricos. La energ\u00eda que no se consuma por esta v\u00eda ser\u00e1 volcada tambi\u00e9n a la red el\u00e9ctrica del edificio y medida a trav\u00e9s de los sistemas implementados.<\/strong><\/p>\n<p><img loading=\"lazy\" decoding=\"async\" class=\"alignnone wp-image-181\" src=\"https:\/\/cifpn1.com\/gestenedi\/wp-content\/uploads\/2025\/01\/1737454641777-226x300.jpg\" alt=\"\" width=\"339\" height=\"450\" srcset=\"https:\/\/cifpn1.com\/gestenedi\/wp-content\/uploads\/2025\/01\/1737454641777-226x300.jpg 226w, https:\/\/cifpn1.com\/gestenedi\/wp-content\/uploads\/2025\/01\/1737454641777-771x1024.jpg 771w, https:\/\/cifpn1.com\/gestenedi\/wp-content\/uploads\/2025\/01\/1737454641777-768x1020.jpg 768w, https:\/\/cifpn1.com\/gestenedi\/wp-content\/uploads\/2025\/01\/1737454641777-1157x1536.jpg 1157w, https:\/\/cifpn1.com\/gestenedi\/wp-content\/uploads\/2025\/01\/1737454641777-1542x2048.jpg 1542w, https:\/\/cifpn1.com\/gestenedi\/wp-content\/uploads\/2025\/01\/1737454641777-45x60.jpg 45w, https:\/\/cifpn1.com\/gestenedi\/wp-content\/uploads\/2025\/01\/1737454641777-scaled.jpg 1928w\" sizes=\"auto, (max-width: 339px) 100vw, 339px\" \/><img loading=\"lazy\" decoding=\"async\" class=\"wp-image-182 alignright\" src=\"https:\/\/cifpn1.com\/gestenedi\/wp-content\/uploads\/2025\/01\/1737454641819-300x226.jpg\" alt=\"\" width=\"597\" height=\"450\" srcset=\"https:\/\/cifpn1.com\/gestenedi\/wp-content\/uploads\/2025\/01\/1737454641819-300x226.jpg 300w, https:\/\/cifpn1.com\/gestenedi\/wp-content\/uploads\/2025\/01\/1737454641819-1024x771.jpg 1024w, https:\/\/cifpn1.com\/gestenedi\/wp-content\/uploads\/2025\/01\/1737454641819-768x578.jpg 768w, https:\/\/cifpn1.com\/gestenedi\/wp-content\/uploads\/2025\/01\/1737454641819-1536x1157.jpg 1536w, https:\/\/cifpn1.com\/gestenedi\/wp-content\/uploads\/2025\/01\/1737454641819-2048x1542.jpg 2048w, https:\/\/cifpn1.com\/gestenedi\/wp-content\/uploads\/2025\/01\/1737454641819-80x60.jpg 80w\" sizes=\"auto, (max-width: 597px) 100vw, 597px\" \/><\/p>\n<p>El esquema del \u00e1tico de Electricidad es el siguiente:<\/p>\n<p><img loading=\"lazy\" decoding=\"async\" class=\"wp-image-184 aligncenter\" src=\"https:\/\/cifpn1.com\/gestenedi\/wp-content\/uploads\/2025\/01\/Atico-electricidad-300x169.png\" alt=\"\" width=\"703\" height=\"396\" srcset=\"https:\/\/cifpn1.com\/gestenedi\/wp-content\/uploads\/2025\/01\/Atico-electricidad-300x169.png 300w, https:\/\/cifpn1.com\/gestenedi\/wp-content\/uploads\/2025\/01\/Atico-electricidad-768x433.png 768w, https:\/\/cifpn1.com\/gestenedi\/wp-content\/uploads\/2025\/01\/Atico-electricidad-106x60.png 106w, https:\/\/cifpn1.com\/gestenedi\/wp-content\/uploads\/2025\/01\/Atico-electricidad.png 890w\" sizes=\"auto, (max-width: 703px) 100vw, 703px\" \/><\/p>\n<p><strong>En primer lugar mostramos los cuadros e inversores de los fabricantes Solar Edge, Solar World y Solis:<\/strong><\/p>\n<p><img loading=\"lazy\" decoding=\"async\" class=\"alignnone wp-image-185\" src=\"https:\/\/cifpn1.com\/gestenedi\/wp-content\/uploads\/2025\/01\/Inversor-Solarworld-y-cuadro-electrico-300x133.png\" alt=\"\" width=\"905\" height=\"401\" srcset=\"https:\/\/cifpn1.com\/gestenedi\/wp-content\/uploads\/2025\/01\/Inversor-Solarworld-y-cuadro-electrico-300x133.png 300w, https:\/\/cifpn1.com\/gestenedi\/wp-content\/uploads\/2025\/01\/Inversor-Solarworld-y-cuadro-electrico-135x60.png 135w\" sizes=\"auto, (max-width: 905px) 100vw, 905px\" \/><img loading=\"lazy\" decoding=\"async\" class=\"alignnone wp-image-186\" src=\"https:\/\/cifpn1.com\/gestenedi\/wp-content\/uploads\/2025\/01\/Inversores-Solis-y-Solaredge-y-cuadros-electrico-259x300.png\" alt=\"\" width=\"344\" height=\"399\" srcset=\"https:\/\/cifpn1.com\/gestenedi\/wp-content\/uploads\/2025\/01\/Inversores-Solis-y-Solaredge-y-cuadros-electrico-259x300.png 259w, https:\/\/cifpn1.com\/gestenedi\/wp-content\/uploads\/2025\/01\/Inversores-Solis-y-Solaredge-y-cuadros-electrico-885x1024.png 885w, https:\/\/cifpn1.com\/gestenedi\/wp-content\/uploads\/2025\/01\/Inversores-Solis-y-Solaredge-y-cuadros-electrico-768x888.png 768w, https:\/\/cifpn1.com\/gestenedi\/wp-content\/uploads\/2025\/01\/Inversores-Solis-y-Solaredge-y-cuadros-electrico-52x60.png 52w, https:\/\/cifpn1.com\/gestenedi\/wp-content\/uploads\/2025\/01\/Inversores-Solis-y-Solaredge-y-cuadros-electrico.png 888w\" sizes=\"auto, (max-width: 344px) 100vw, 344px\" \/><\/p>\n<p>&nbsp;<\/p>\n<p><strong>En el cuarto el\u00e9ctrico del edificio de electricidad tenemos el PLC de WeilMuller nombrado como 13.3 en el proyecto, en \u00e9l se realiza el control de la informaci\u00f3n procedente de las se\u00f1ales Modbus RTU RS-485 que provienen de los inversores de energ\u00edas renovables del \u00e1tico.<\/strong><\/p>\n<p><img loading=\"lazy\" decoding=\"async\" class=\"alignnone wp-image-188\" src=\"https:\/\/cifpn1.com\/gestenedi\/wp-content\/uploads\/2025\/01\/Cuadro-electrico-edificio-Electricidad-Electronica-300x155.png\" alt=\"\" width=\"730\" height=\"377\" srcset=\"https:\/\/cifpn1.com\/gestenedi\/wp-content\/uploads\/2025\/01\/Cuadro-electrico-edificio-Electricidad-Electronica-300x155.png 300w, https:\/\/cifpn1.com\/gestenedi\/wp-content\/uploads\/2025\/01\/Cuadro-electrico-edificio-Electricidad-Electronica-768x398.png 768w, https:\/\/cifpn1.com\/gestenedi\/wp-content\/uploads\/2025\/01\/Cuadro-electrico-edificio-Electricidad-Electronica-116x60.png 116w, https:\/\/cifpn1.com\/gestenedi\/wp-content\/uploads\/2025\/01\/Cuadro-electrico-edificio-Electricidad-Electronica.png 969w\" sizes=\"auto, (max-width: 730px) 100vw, 730px\" \/><img loading=\"lazy\" decoding=\"async\" class=\"alignnone wp-image-189\" src=\"https:\/\/cifpn1.com\/gestenedi\/wp-content\/uploads\/2025\/01\/Cuarto-electrico-edificio-Electricidad-Electronica-1-300x216.png\" alt=\"\" width=\"531\" height=\"382\" srcset=\"https:\/\/cifpn1.com\/gestenedi\/wp-content\/uploads\/2025\/01\/Cuarto-electrico-edificio-Electricidad-Electronica-1-300x216.png 300w, https:\/\/cifpn1.com\/gestenedi\/wp-content\/uploads\/2025\/01\/Cuarto-electrico-edificio-Electricidad-Electronica-1-768x554.png 768w, https:\/\/cifpn1.com\/gestenedi\/wp-content\/uploads\/2025\/01\/Cuarto-electrico-edificio-Electricidad-Electronica-1-83x60.png 83w, https:\/\/cifpn1.com\/gestenedi\/wp-content\/uploads\/2025\/01\/Cuarto-electrico-edificio-Electricidad-Electronica-1.png 969w\" sizes=\"auto, (max-width: 531px) 100vw, 531px\" \/><\/p>\n<p style=\"text-align: justify;\"><strong>En el m\u00f3dulo de comunicaciones RTU server \u2013 1. Tiene el server ID 1 y est\u00e1 asignado al medidor de energ\u00eda Carlo Gavazzi del edificio de electricidad<\/strong><\/p>\n<ul style=\"text-align: justify;\">\n<li><strong>RTU Server-2,3,4. Los otros 3 servidores Modbus est\u00e1n asignados a los inversores fotovoltaicos, \u201cSolar Edge\u201d (ID 5),\u201cSolis\u201d (ID 6), \u201cSolar World\u201d (ID 8). La lectura de los datos de los medidores de energ\u00eda Weidmuller se realizan de la misma forma ya que es el mismo modelo.<\/strong><\/li>\n<\/ul>\n<p style=\"text-align: justify;\"><strong>En la actualidad est\u00e1 conectado a este sistema de control el inversor de Solar World, faltar\u00edan por integrar los otros dos inversores, los dos aerogeneradores y el sistema de generaci\u00f3n de energ\u00eda para carga de coche el\u00e9ctrico.<\/strong><\/p>\n<p style=\"text-align: justify;\"><strong>Estos datos se enviar\u00e1n v\u00eda MQTT al NUC, en la siguiente imagen podemos ver el flujo en que\u00a0 se muestran los datos de medida instant\u00e1neos del medidor de energ\u00eda del edificio de electricidad\/electr\u00f3nica. Dichos valores se recogen de las variables globales y se representan en el dashboard.<\/strong><\/p>\n<p><img loading=\"lazy\" decoding=\"async\" class=\"wp-image-192 aligncenter\" src=\"https:\/\/cifpn1.com\/gestenedi\/wp-content\/uploads\/2025\/01\/energia-solar-electricidad-300x196.png\" alt=\"\" width=\"1124\" height=\"734\" srcset=\"https:\/\/cifpn1.com\/gestenedi\/wp-content\/uploads\/2025\/01\/energia-solar-electricidad-300x196.png 300w, https:\/\/cifpn1.com\/gestenedi\/wp-content\/uploads\/2025\/01\/energia-solar-electricidad-768x501.png 768w, https:\/\/cifpn1.com\/gestenedi\/wp-content\/uploads\/2025\/01\/energia-solar-electricidad-92x60.png 92w, https:\/\/cifpn1.com\/gestenedi\/wp-content\/uploads\/2025\/01\/energia-solar-electricidad.png 890w\" sizes=\"auto, (max-width: 1124px) 100vw, 1124px\" \/><\/p>\n<p><img loading=\"lazy\" decoding=\"async\" class=\"wp-image-193 aligncenter\" src=\"https:\/\/cifpn1.com\/gestenedi\/wp-content\/uploads\/2025\/01\/energia-inversores-300x137.png\" alt=\"\" width=\"1135\" height=\"518\" srcset=\"https:\/\/cifpn1.com\/gestenedi\/wp-content\/uploads\/2025\/01\/energia-inversores-300x137.png 300w, https:\/\/cifpn1.com\/gestenedi\/wp-content\/uploads\/2025\/01\/energia-inversores-132x60.png 132w, https:\/\/cifpn1.com\/gestenedi\/wp-content\/uploads\/2025\/01\/energia-inversores.png 890w\" sizes=\"auto, (max-width: 1135px) 100vw, 1135px\" \/><\/p>\n<p>En el NUC tenemos una base de datos y la tabla que corresponde a la estaci\u00f3n meteorol\u00f3gica es <b>tbEnergiaWeidMuller<\/b><\/p>\n<ul>\n<li style=\"font-weight: 400;\" aria-level=\"1\"><b>tbEnergiaWeidMuller<\/b><span style=\"font-weight: 400;\">: Cada registro es una inserci\u00f3n temporal, cada 3 minutos, con las medidas de los contadores de energ\u00eda Weidmuller del <\/span><span style=\"font-weight: 400;\">\u00e1tico<\/span><span style=\"font-weight: 400;\"> (paneles solares y aerogeneradores).<\/span><\/li>\n<\/ul>\n<p><img loading=\"lazy\" decoding=\"async\" class=\"wp-image-343 aligncenter\" src=\"https:\/\/cifpn1.com\/gestenedi\/wp-content\/uploads\/2025\/01\/bdmeteo-300x211.png\" alt=\"\" width=\"1200\" height=\"843\" srcset=\"https:\/\/cifpn1.com\/gestenedi\/wp-content\/uploads\/2025\/01\/bdmeteo-300x211.png 300w, https:\/\/cifpn1.com\/gestenedi\/wp-content\/uploads\/2025\/01\/bdmeteo-768x539.png 768w, https:\/\/cifpn1.com\/gestenedi\/wp-content\/uploads\/2025\/01\/bdmeteo-85x60.png 85w, https:\/\/cifpn1.com\/gestenedi\/wp-content\/uploads\/2025\/01\/bdmeteo.png 890w\" sizes=\"auto, (max-width: 1200px) 100vw, 1200px\" \/><\/p>\n<p>&nbsp;<\/p>\n","protected":false},"excerpt":{"rendered":"<p>La generaci\u00f3n de energ\u00eda del centro est\u00e1 distribuida en dos espacios, por un lado tenemos la azotea del edificio de Electricidad-Electr\u00f3nica en la que est\u00e1n situados cuatro bloques de paneles solares y un aerogenerador. &nbsp; &nbsp; &nbsp; &nbsp; &nbsp; &nbsp; &nbsp; &nbsp; &nbsp; &nbsp; &nbsp; &nbsp; En segundo lugar hay 56 paneles solares instalados en &hellip; <\/p>\n","protected":false},"author":1,"featured_media":0,"parent":0,"menu_order":0,"comment_status":"closed","ping_status":"closed","template":"","meta":{"footnotes":""},"class_list":["post-77","page","type-page","status-publish","hentry"],"_links":{"self":[{"href":"https:\/\/cifpn1.com\/gestenedi\/index.php\/wp-json\/wp\/v2\/pages\/77","targetHints":{"allow":["GET"]}}],"collection":[{"href":"https:\/\/cifpn1.com\/gestenedi\/index.php\/wp-json\/wp\/v2\/pages"}],"about":[{"href":"https:\/\/cifpn1.com\/gestenedi\/index.php\/wp-json\/wp\/v2\/types\/page"}],"author":[{"embeddable":true,"href":"https:\/\/cifpn1.com\/gestenedi\/index.php\/wp-json\/wp\/v2\/users\/1"}],"replies":[{"embeddable":true,"href":"https:\/\/cifpn1.com\/gestenedi\/index.php\/wp-json\/wp\/v2\/comments?post=77"}],"version-history":[{"count":14,"href":"https:\/\/cifpn1.com\/gestenedi\/index.php\/wp-json\/wp\/v2\/pages\/77\/revisions"}],"predecessor-version":[{"id":344,"href":"https:\/\/cifpn1.com\/gestenedi\/index.php\/wp-json\/wp\/v2\/pages\/77\/revisions\/344"}],"wp:attachment":[{"href":"https:\/\/cifpn1.com\/gestenedi\/index.php\/wp-json\/wp\/v2\/media?parent=77"}],"curies":[{"name":"wp","href":"https:\/\/api.w.org\/{rel}","templated":true}]}}