{"id":75,"date":"2025-01-20T10:32:58","date_gmt":"2025-01-20T10:32:58","guid":{"rendered":"https:\/\/cifpn1.com\/gestenedi\/?page_id=75"},"modified":"2025-01-23T21:32:37","modified_gmt":"2025-01-23T21:32:37","slug":"medidas-electricidad","status":"publish","type":"page","link":"https:\/\/cifpn1.com\/gestenedi\/index.php\/medidas-electricidad\/","title":{"rendered":"Medidas Electricidad"},"content":{"rendered":"<p><strong>Para entender c\u00f3mo se est\u00e1n realizando las medidas de consumo de electricidad es necesario visualizar sobre este plano, el centro de transformaci\u00f3n que da electricidad a todo el conjunto y distinguir las tres partes y los edificios que conforman el campus:<\/strong><\/p>\n<ul>\n<li><strong>Tres edificios del I.E.S. Pe\u00f1acastillo a la izquierda se\u00f1alados en amarillo.<\/strong><\/li>\n<li><strong>Dos edificios del I.E.S. Augusto Gonz\u00e1lez Linares, en la parte superior, se\u00f1alados en color azul.<\/strong><\/li>\n<li><strong>Edificios del Centro Integrado de Formaci\u00f3n profesional n\u00famero uno<\/strong>\n<ul>\n<li><strong>Aulas y nave de Fabricaci\u00f3n Mec\u00e1nica<\/strong><\/li>\n<li><strong>Edificio Principal<\/strong><\/li>\n<li><strong>Nave de Automoci\u00f3n<\/strong><\/li>\n<li><strong>Dos Edificios de Electricidad Electr\u00f3nica unidos por pasarela<\/strong><\/li>\n<li><strong>Hangar de Aeromec\u00e1nica<\/strong><\/li>\n<\/ul>\n<\/li>\n<\/ul>\n<p><img loading=\"lazy\" decoding=\"async\" class=\"alignnone wp-image-146\" src=\"https:\/\/cifpn1.com\/gestenedi\/wp-content\/uploads\/2025\/01\/Edificios-1-300x109.png\" alt=\"\" width=\"1266\" height=\"460\" srcset=\"https:\/\/cifpn1.com\/gestenedi\/wp-content\/uploads\/2025\/01\/Edificios-1-300x109.png 300w, https:\/\/cifpn1.com\/gestenedi\/wp-content\/uploads\/2025\/01\/Edificios-1-1024x373.png 1024w, https:\/\/cifpn1.com\/gestenedi\/wp-content\/uploads\/2025\/01\/Edificios-1-768x280.png 768w, https:\/\/cifpn1.com\/gestenedi\/wp-content\/uploads\/2025\/01\/Edificios-1-165x60.png 165w, https:\/\/cifpn1.com\/gestenedi\/wp-content\/uploads\/2025\/01\/Edificios-1.png 1188w\" sizes=\"auto, (max-width: 1266px) 100vw, 1266px\" \/><\/p>\n<p><strong>El proceso de medida empieza en el centro de transformaci\u00f3n en el que hay tres medidores <a href=\"https:\/\/descargas.futurasmus-knxgroup.org\/doc\/es\/abb\/12777\/zss_11_ph_es_v1-0_2cdc512066d0703.pdf\">ABB i-bus KNX ZS\/S 1.1<\/a>, uno para cada centro.<\/strong><\/p>\n<p><img loading=\"lazy\" decoding=\"async\" class=\"alignnone wp-image-148\" src=\"https:\/\/cifpn1.com\/gestenedi\/wp-content\/uploads\/2025\/01\/ZS-S-300x107.png\" alt=\"\" width=\"1259\" height=\"449\" srcset=\"https:\/\/cifpn1.com\/gestenedi\/wp-content\/uploads\/2025\/01\/ZS-S-300x107.png 300w, https:\/\/cifpn1.com\/gestenedi\/wp-content\/uploads\/2025\/01\/ZS-S-169x60.png 169w, https:\/\/cifpn1.com\/gestenedi\/wp-content\/uploads\/2025\/01\/ZS-S.png 690w\" sizes=\"auto, (max-width: 1259px) 100vw, 1259px\" \/><\/p>\n<p><strong>Estos tres medidores est\u00e1n interconectados POR BUS knx al <a href=\"https:\/\/web.ingeniumsl.com\/pdf\/MP_BD930000_es.pdf\">BD30000<\/a>.<\/strong><\/p>\n<p><img loading=\"lazy\" decoding=\"async\" class=\"alignnone wp-image-150\" src=\"https:\/\/cifpn1.com\/gestenedi\/wp-content\/uploads\/2025\/01\/BD930000-300x164.png\" alt=\"\" width=\"1260\" height=\"689\" srcset=\"https:\/\/cifpn1.com\/gestenedi\/wp-content\/uploads\/2025\/01\/BD930000-300x164.png 300w, https:\/\/cifpn1.com\/gestenedi\/wp-content\/uploads\/2025\/01\/BD930000-110x60.png 110w, https:\/\/cifpn1.com\/gestenedi\/wp-content\/uploads\/2025\/01\/BD930000.png 703w\" sizes=\"auto, (max-width: 1260px) 100vw, 1260px\" \/><\/p>\n<p><strong>De esta manera se puede contabilizar por separado en la base de datos y por un per\u00edodo de tiempo determinado el consumo y potencias\u00a0 de cada uno de los tres centros que utilizar\u00e1 el secretario para hacer los distintos cargos de la factura y conseguir un precio mejor de la electricidad.<\/strong><\/p>\n<p><img loading=\"lazy\" decoding=\"async\" class=\"alignnone wp-image-154\" src=\"https:\/\/cifpn1.com\/gestenedi\/wp-content\/uploads\/2025\/01\/Medidas-centro-de-transformacion-1-300x160.png\" alt=\"\" width=\"1253\" height=\"668\" srcset=\"https:\/\/cifpn1.com\/gestenedi\/wp-content\/uploads\/2025\/01\/Medidas-centro-de-transformacion-1-300x160.png 300w, https:\/\/cifpn1.com\/gestenedi\/wp-content\/uploads\/2025\/01\/Medidas-centro-de-transformacion-1-768x409.png 768w, https:\/\/cifpn1.com\/gestenedi\/wp-content\/uploads\/2025\/01\/Medidas-centro-de-transformacion-1-113x60.png 113w, https:\/\/cifpn1.com\/gestenedi\/wp-content\/uploads\/2025\/01\/Medidas-centro-de-transformacion-1.png 880w\" sizes=\"auto, (max-width: 1253px) 100vw, 1253px\" \/><\/p>\n<p><strong>La informaci\u00f3n se env\u00eda a trav\u00e9s de una l\u00ednea de fibra \u00f3ptica al edificio de electricidad electr\u00f3nica.<\/strong><\/p>\n<p><strong>Los valores instant\u00e1neos de toda esta informaci\u00f3n son transmitidos por MQTT y se almacenan cada x tiempo en la Base de Datos para pintar gr\u00e1ficas.<\/strong><\/p>\n<p><strong>Estos valores son accesibles para almacenar datos en la base de datos del NUC, donde se reflejan consumos de energ\u00eda de los diferentes centros de formaci\u00f3n<\/strong><\/p>\n<p><img loading=\"lazy\" decoding=\"async\" class=\"alignnone wp-image-155\" src=\"https:\/\/cifpn1.com\/gestenedi\/wp-content\/uploads\/2025\/01\/Boton-energia-300x298.png\" alt=\"\" width=\"356\" height=\"354\" srcset=\"https:\/\/cifpn1.com\/gestenedi\/wp-content\/uploads\/2025\/01\/Boton-energia-300x298.png 300w, https:\/\/cifpn1.com\/gestenedi\/wp-content\/uploads\/2025\/01\/Boton-energia-150x150.png 150w, https:\/\/cifpn1.com\/gestenedi\/wp-content\/uploads\/2025\/01\/Boton-energia-60x60.png 60w, https:\/\/cifpn1.com\/gestenedi\/wp-content\/uploads\/2025\/01\/Boton-energia.png 633w\" sizes=\"auto, (max-width: 356px) 100vw, 356px\" \/><img loading=\"lazy\" decoding=\"async\" class=\"alignnone wp-image-156\" src=\"https:\/\/cifpn1.com\/gestenedi\/wp-content\/uploads\/2025\/01\/Consumo-energia-centros-300x119.png\" alt=\"\" width=\"887\" height=\"352\" srcset=\"https:\/\/cifpn1.com\/gestenedi\/wp-content\/uploads\/2025\/01\/Consumo-energia-centros-300x119.png 300w, https:\/\/cifpn1.com\/gestenedi\/wp-content\/uploads\/2025\/01\/Consumo-energia-centros-768x304.png 768w, https:\/\/cifpn1.com\/gestenedi\/wp-content\/uploads\/2025\/01\/Consumo-energia-centros-151x60.png 151w, https:\/\/cifpn1.com\/gestenedi\/wp-content\/uploads\/2025\/01\/Consumo-energia-centros.png 969w\" sizes=\"auto, (max-width: 887px) 100vw, 887px\" \/><\/p>\n<p>&nbsp;<\/p>\n<p>&nbsp;<\/p>\n<p style=\"text-align: justify;\"><strong>Una vez se sabe lo que consume el centro en general, se desea discriminar por zonas tal y como se muestra en el plano inicial y se indic\u00f3 al principio:<\/strong><\/p>\n<ul style=\"text-align: justify;\">\n<li><strong>Edificios del Centro Integrado de Formaci\u00f3n profesional n\u00famero uno<\/strong>\n<ul>\n<li><strong>Aulas y nave de Fabricaci\u00f3n Mec\u00e1nica<\/strong><\/li>\n<li><strong>Edificio Principal<\/strong><\/li>\n<li><strong>Nave de Automoci\u00f3n<\/strong><\/li>\n<li><strong>Dos Edificios de Electricidad Electr\u00f3nica unidos por pasarela<\/strong><\/li>\n<\/ul>\n<\/li>\n<\/ul>\n<p style=\"text-align: justify;\"><strong>Para ello en el edificio principal en el cuadro el\u00e9ctrico general se han colocado tres medidores de energ\u00eda Carlo Gavazzi EM21 72D. Medir\u00e1n el consumo de Fabricaci\u00f3n m\u00e9c\u00e1nica, el de automoci\u00f3n y el del edificio principal se obtendr\u00e1 restando del contador general el consumo de los dos anteriores. Para que estos valores est\u00e9n disponibles y lleguen a la base de datos del NUC se utiliza una pasarela <a href=\"https:\/\/media.distrelec.com\/Web\/Downloads\/_t\/ds\/2682600000_eng_tds.pdf\">IE-CS-MBGW-2TX-1COM de Weidmuller<\/a> ya que los datos son enviados por Modbus RS-485 por los medidores y se encaminan al NUC a trav\u00e9s de su puerto de salida TCP\/IP con la direcci\u00f3n 192.168.13.6.<\/strong><\/p>\n<p style=\"text-align: justify;\"><strong>En el edificio de electricidad-electr\u00f3nica se utiliza el mismo medidor que enviar\u00e1 las medidas a trav\u00e9s del bus RS485 para las se\u00f1ales Modbus RTU que llegar\u00e1n al\u00a0 PLC 13.3 Weidmuller y de all\u00ed al NUC por IoT. Este medidor lo que refleja es el consumo del edificio rest\u00e1ndole lo generado a trav\u00e9s de energ\u00edas renovables que ha sido inyectado directamente a la red del edificio.<\/strong><\/p>\n<p><img loading=\"lazy\" decoding=\"async\" class=\"alignnone wp-image-161\" src=\"https:\/\/cifpn1.com\/gestenedi\/wp-content\/uploads\/2025\/01\/Medidas-centro-cuarto-electrico-300x155.png\" alt=\"\" width=\"682\" height=\"352\" srcset=\"https:\/\/cifpn1.com\/gestenedi\/wp-content\/uploads\/2025\/01\/Medidas-centro-cuarto-electrico-300x155.png 300w, https:\/\/cifpn1.com\/gestenedi\/wp-content\/uploads\/2025\/01\/Medidas-centro-cuarto-electrico-768x398.png 768w, https:\/\/cifpn1.com\/gestenedi\/wp-content\/uploads\/2025\/01\/Medidas-centro-cuarto-electrico-116x60.png 116w, https:\/\/cifpn1.com\/gestenedi\/wp-content\/uploads\/2025\/01\/Medidas-centro-cuarto-electrico.png 969w\" sizes=\"auto, (max-width: 682px) 100vw, 682px\" \/><img loading=\"lazy\" decoding=\"async\" class=\"alignnone wp-image-162\" src=\"https:\/\/cifpn1.com\/gestenedi\/wp-content\/uploads\/2025\/01\/Cuarto-electrico-electricidad-300x169.png\" alt=\"\" width=\"590\" height=\"332\" srcset=\"https:\/\/cifpn1.com\/gestenedi\/wp-content\/uploads\/2025\/01\/Cuarto-electrico-electricidad-300x169.png 300w, https:\/\/cifpn1.com\/gestenedi\/wp-content\/uploads\/2025\/01\/Cuarto-electrico-electricidad-768x433.png 768w, https:\/\/cifpn1.com\/gestenedi\/wp-content\/uploads\/2025\/01\/Cuarto-electrico-electricidad-106x60.png 106w, https:\/\/cifpn1.com\/gestenedi\/wp-content\/uploads\/2025\/01\/Cuarto-electrico-electricidad.png 890w\" sizes=\"auto, (max-width: 590px) 100vw, 590px\" \/><\/p>\n<p><strong>El\u00a0EM21 72D\u00a0de\u00a0Carlo Gavazzi\u00a0es un contador de Energ\u00eda econ\u00f3mico y compacto, que dispone de un display LCD desmontable que permite la instalaci\u00f3n en panel (72 x 72 mm) \u00f3 en carril DIN (4 m\u00f3dulos DIN) sin adaptadores ni accesorios externos.<\/strong><\/p>\n<p><img loading=\"lazy\" decoding=\"async\" class=\"alignnone wp-image-166\" src=\"https:\/\/cifpn1.com\/gestenedi\/wp-content\/uploads\/2025\/01\/Medidor-EE-Carlo-Gavazzi-300x155.png\" alt=\"\" width=\"625\" height=\"323\" srcset=\"https:\/\/cifpn1.com\/gestenedi\/wp-content\/uploads\/2025\/01\/Medidor-EE-Carlo-Gavazzi-300x155.png 300w, https:\/\/cifpn1.com\/gestenedi\/wp-content\/uploads\/2025\/01\/Medidor-EE-Carlo-Gavazzi-768x398.png 768w, https:\/\/cifpn1.com\/gestenedi\/wp-content\/uploads\/2025\/01\/Medidor-EE-Carlo-Gavazzi-116x60.png 116w, https:\/\/cifpn1.com\/gestenedi\/wp-content\/uploads\/2025\/01\/Medidor-EE-Carlo-Gavazzi.png 969w\" sizes=\"auto, (max-width: 625px) 100vw, 625px\" \/><img loading=\"lazy\" decoding=\"async\" class=\"alignnone wp-image-167\" src=\"https:\/\/cifpn1.com\/gestenedi\/wp-content\/uploads\/2025\/01\/Cuarto-electrico-edificio-Electricidad-Electronica-300x216.png\" alt=\"\" width=\"444\" height=\"320\" srcset=\"https:\/\/cifpn1.com\/gestenedi\/wp-content\/uploads\/2025\/01\/Cuarto-electrico-edificio-Electricidad-Electronica-300x216.png 300w, https:\/\/cifpn1.com\/gestenedi\/wp-content\/uploads\/2025\/01\/Cuarto-electrico-edificio-Electricidad-Electronica-768x554.png 768w, https:\/\/cifpn1.com\/gestenedi\/wp-content\/uploads\/2025\/01\/Cuarto-electrico-edificio-Electricidad-Electronica-83x60.png 83w, https:\/\/cifpn1.com\/gestenedi\/wp-content\/uploads\/2025\/01\/Cuarto-electrico-edificio-Electricidad-Electronica.png 969w\" sizes=\"auto, (max-width: 444px) 100vw, 444px\" \/><\/p>\n<p style=\"text-align: justify;\"><strong>Este analizador es adecuado tanto para la medici\u00f3n de energ\u00eda activa como reactiva, asignaci\u00f3n de costes y funci\u00f3n transductor. La corriente es medida mediante transformadores externos y el voltaje mediante conexi\u00f3n directa o transformadores. el\u00a0EM21-72D dispone de una salida de pulsos, adem\u00e1s de puerto de comunicaci\u00f3n RS485.<\/strong><\/p>\n<p>&nbsp;<\/p>\n<p><strong>Flujo de datos:<\/strong><\/p>\n<p><img loading=\"lazy\" decoding=\"async\" class=\"wp-image-198 aligncenter\" src=\"https:\/\/cifpn1.com\/gestenedi\/wp-content\/uploads\/2025\/01\/Flujo-de-datos-energia-ppal-fm-y-autom-300x159.png\" alt=\"\" width=\"1270\" height=\"673\" srcset=\"https:\/\/cifpn1.com\/gestenedi\/wp-content\/uploads\/2025\/01\/Flujo-de-datos-energia-ppal-fm-y-autom-300x159.png 300w, https:\/\/cifpn1.com\/gestenedi\/wp-content\/uploads\/2025\/01\/Flujo-de-datos-energia-ppal-fm-y-autom-768x408.png 768w, https:\/\/cifpn1.com\/gestenedi\/wp-content\/uploads\/2025\/01\/Flujo-de-datos-energia-ppal-fm-y-autom-113x60.png 113w, https:\/\/cifpn1.com\/gestenedi\/wp-content\/uploads\/2025\/01\/Flujo-de-datos-energia-ppal-fm-y-autom.png 890w\" sizes=\"auto, (max-width: 1270px) 100vw, 1270px\" \/><\/p>\n<p><strong>En este flujo se muestran los datos de medida instant\u00e1neos del medidor general de energ\u00eda del edificio principal y los dos de fabricaci\u00f3n mec\u00e1nica y automoci\u00f3n. Dichos valores se recogen de las variables globales y se presentan en el dashboard.<\/strong><\/p>\n<p><img loading=\"lazy\" decoding=\"async\" class=\"wp-image-199 aligncenter\" src=\"https:\/\/cifpn1.com\/gestenedi\/wp-content\/uploads\/2025\/01\/Dashboard-energia-ppal-fm-y-autom-300x150.png\" alt=\"\" width=\"1256\" height=\"628\" srcset=\"https:\/\/cifpn1.com\/gestenedi\/wp-content\/uploads\/2025\/01\/Dashboard-energia-ppal-fm-y-autom-300x150.png 300w, https:\/\/cifpn1.com\/gestenedi\/wp-content\/uploads\/2025\/01\/Dashboard-energia-ppal-fm-y-autom-768x383.png 768w, https:\/\/cifpn1.com\/gestenedi\/wp-content\/uploads\/2025\/01\/Dashboard-energia-ppal-fm-y-autom-120x60.png 120w, https:\/\/cifpn1.com\/gestenedi\/wp-content\/uploads\/2025\/01\/Dashboard-energia-ppal-fm-y-autom.png 890w\" sizes=\"auto, (max-width: 1256px) 100vw, 1256px\" \/><\/p>\n<p><strong>La base de datos utilizada es MySQL. Se encuentra ubicada en el NUC (192.168.13.2) en el puerto 3306. El nombre del esquema es BaseDatos y consta de las siguientes tablas que cumplen las funciones relacionadas con las medidas de electricidad de este apartado:<\/strong><\/p>\n<p>&nbsp;<\/p>\n<ul>\n<li style=\"font-weight: 400;\" aria-level=\"1\"><strong>tbEnergia: Cada registro es una inserci\u00f3n temporal, cada 5 minutos, con las medidas de los contadores de energ\u00eda del edificio principal (General, Automoci\u00f3n, Mecanizado).<\/strong><\/li>\n<li style=\"font-weight: 400;\" aria-level=\"1\"><strong>tbEnergiaKnx: Cada registro es una inserci\u00f3n temporal, cada 1 minuto, con las medidas de los contadores de energ\u00eda del Centro de Transformaci\u00f3n.<\/strong><\/li>\n<\/ul>\n<p><img loading=\"lazy\" decoding=\"async\" class=\"wp-image-345 aligncenter\" src=\"https:\/\/cifpn1.com\/gestenedi\/wp-content\/uploads\/2025\/01\/bdenergia-300x211.png\" alt=\"\" width=\"1200\" height=\"843\" srcset=\"https:\/\/cifpn1.com\/gestenedi\/wp-content\/uploads\/2025\/01\/bdenergia-300x211.png 300w, https:\/\/cifpn1.com\/gestenedi\/wp-content\/uploads\/2025\/01\/bdenergia-768x539.png 768w, https:\/\/cifpn1.com\/gestenedi\/wp-content\/uploads\/2025\/01\/bdenergia-85x60.png 85w, https:\/\/cifpn1.com\/gestenedi\/wp-content\/uploads\/2025\/01\/bdenergia.png 890w\" sizes=\"auto, (max-width: 1200px) 100vw, 1200px\" \/><\/p>\n","protected":false},"excerpt":{"rendered":"<p>Para entender c\u00f3mo se est\u00e1n realizando las medidas de consumo de electricidad es necesario visualizar sobre este plano, el centro de transformaci\u00f3n que da electricidad a todo el conjunto y distinguir las tres partes y los edificios que conforman el campus: Tres edificios del I.E.S. Pe\u00f1acastillo a la izquierda se\u00f1alados en amarillo. Dos edificios del &hellip; <\/p>\n","protected":false},"author":1,"featured_media":0,"parent":0,"menu_order":0,"comment_status":"closed","ping_status":"closed","template":"","meta":{"footnotes":""},"class_list":["post-75","page","type-page","status-publish","hentry"],"_links":{"self":[{"href":"https:\/\/cifpn1.com\/gestenedi\/index.php\/wp-json\/wp\/v2\/pages\/75","targetHints":{"allow":["GET"]}}],"collection":[{"href":"https:\/\/cifpn1.com\/gestenedi\/index.php\/wp-json\/wp\/v2\/pages"}],"about":[{"href":"https:\/\/cifpn1.com\/gestenedi\/index.php\/wp-json\/wp\/v2\/types\/page"}],"author":[{"embeddable":true,"href":"https:\/\/cifpn1.com\/gestenedi\/index.php\/wp-json\/wp\/v2\/users\/1"}],"replies":[{"embeddable":true,"href":"https:\/\/cifpn1.com\/gestenedi\/index.php\/wp-json\/wp\/v2\/comments?post=75"}],"version-history":[{"count":22,"href":"https:\/\/cifpn1.com\/gestenedi\/index.php\/wp-json\/wp\/v2\/pages\/75\/revisions"}],"predecessor-version":[{"id":347,"href":"https:\/\/cifpn1.com\/gestenedi\/index.php\/wp-json\/wp\/v2\/pages\/75\/revisions\/347"}],"wp:attachment":[{"href":"https:\/\/cifpn1.com\/gestenedi\/index.php\/wp-json\/wp\/v2\/media?parent=75"}],"curies":[{"name":"wp","href":"https:\/\/api.w.org\/{rel}","templated":true}]}}