{"id":73,"date":"2025-01-20T10:32:31","date_gmt":"2025-01-20T10:32:31","guid":{"rendered":"https:\/\/cifpn1.com\/gestenedi\/?page_id=73"},"modified":"2025-01-23T21:18:52","modified_gmt":"2025-01-23T21:18:52","slug":"estacion-meteorologica","status":"publish","type":"page","link":"https:\/\/cifpn1.com\/gestenedi\/index.php\/estacion-meteorologica\/","title":{"rendered":"Estaci\u00f3n Meteorol\u00f3gica"},"content":{"rendered":"<p><strong>La estaci\u00f3n meteorol\u00f3gica <a href=\"https:\/\/info.elsner-elektronik.de\/hubfs\/Produktdaten\/70900_SuntracerKNXpro_Manual_ES.pdf\">Suntracer KNX pro 1<\/a> se encuentra en la azotea el edificio de electricidad-electr\u00f3nica.<\/strong><\/p>\n<p><img loading=\"lazy\" decoding=\"async\" class=\"wp-image-125 alignleft\" src=\"https:\/\/cifpn1.com\/gestenedi\/wp-content\/uploads\/2025\/01\/Estacion-meteo-en-edificio-electricidad-electronica-300x250.png\" alt=\"\" width=\"571\" height=\"476\" srcset=\"https:\/\/cifpn1.com\/gestenedi\/wp-content\/uploads\/2025\/01\/Estacion-meteo-en-edificio-electricidad-electronica-300x250.png 300w, https:\/\/cifpn1.com\/gestenedi\/wp-content\/uploads\/2025\/01\/Estacion-meteo-en-edificio-electricidad-electronica-72x60.png 72w, https:\/\/cifpn1.com\/gestenedi\/wp-content\/uploads\/2025\/01\/Estacion-meteo-en-edificio-electricidad-electronica.png 599w\" sizes=\"auto, (max-width: 571px) 100vw, 571px\" \/><img loading=\"lazy\" decoding=\"async\" class=\"alignnone wp-image-216\" src=\"https:\/\/cifpn1.com\/gestenedi\/wp-content\/uploads\/2025\/01\/Estacion-meteorologica-300x225.png\" alt=\"\" width=\"680\" height=\"510\" srcset=\"https:\/\/cifpn1.com\/gestenedi\/wp-content\/uploads\/2025\/01\/Estacion-meteorologica-300x225.png 300w, https:\/\/cifpn1.com\/gestenedi\/wp-content\/uploads\/2025\/01\/Estacion-meteorologica-80x60.png 80w, https:\/\/cifpn1.com\/gestenedi\/wp-content\/uploads\/2025\/01\/Estacion-meteorologica.png 558w\" sizes=\"auto, (max-width: 680px) 100vw, 680px\" \/><\/p>\n<p style=\"text-align: justify;\"><strong>Ofrece valores, en tiempo real, de temperatura, humedad, luminosidad exterior, presi\u00f3n atmosf\u00e9rica, velocidad y direcci\u00f3n del viento y por \u00faltimo las horas del amanecer y el anochecer, estas dos se obtienen de un servidor externo gratuito \u00abOpenweather\u00bb. Estos valores son mostrados en las pantallas de los pasillos y a trav\u00e9s de la web de controles general.<\/strong><\/p>\n<p><img loading=\"lazy\" decoding=\"async\" class=\"wp-image-135 aligncenter\" src=\"https:\/\/cifpn1.com\/gestenedi\/wp-content\/uploads\/2025\/01\/Dasboard-estacion-meteo-300x166.png\" alt=\"\" width=\"779\" height=\"431\" srcset=\"https:\/\/cifpn1.com\/gestenedi\/wp-content\/uploads\/2025\/01\/Dasboard-estacion-meteo-300x166.png 300w, https:\/\/cifpn1.com\/gestenedi\/wp-content\/uploads\/2025\/01\/Dasboard-estacion-meteo-768x425.png 768w, https:\/\/cifpn1.com\/gestenedi\/wp-content\/uploads\/2025\/01\/Dasboard-estacion-meteo-108x60.png 108w, https:\/\/cifpn1.com\/gestenedi\/wp-content\/uploads\/2025\/01\/Dasboard-estacion-meteo.png 890w\" sizes=\"auto, (max-width: 779px) 100vw, 779px\" \/><\/p>\n<p style=\"text-align: justify;\"><strong>Al disponer de una base de datos tambi\u00e9n accesible se pueden realizar consultas y generar gr\u00e1ficas:<\/strong><\/p>\n<ul>\n<li style=\"text-align: justify;\"><strong>La temperatura en grados cent\u00edgrados se puede ver en el dashboard de control fijando fechas de inicio y final para la gr\u00e1fica a mostrar.<\/strong><\/li>\n<li style=\"text-align: justify;\"><strong>La potencia te\u00f3rica en watios que existe en la corriente de aire que atraviesa un molino de viento viene dada por la f\u00f3rmula:\u00a0P=0,04143 r2 en que r es el radio del rotor en metros y V la velocidad del viento en kil\u00f3metros\/hora.<\/strong><\/li>\n<li style=\"text-align: justify;\"><strong>La frecuencia del viento se mide mediante un anem\u00f3metro, y la unidad de medida es habitualmente metros por segundo (m\/s).<\/strong><\/li>\n<\/ul>\n<p><img loading=\"lazy\" decoding=\"async\" class=\"wp-image-127 aligncenter\" src=\"https:\/\/cifpn1.com\/gestenedi\/wp-content\/uploads\/2025\/01\/Temperatura-y-viento-300x202.png\" alt=\"\" width=\"805\" height=\"542\" srcset=\"https:\/\/cifpn1.com\/gestenedi\/wp-content\/uploads\/2025\/01\/Temperatura-y-viento-300x202.png 300w, https:\/\/cifpn1.com\/gestenedi\/wp-content\/uploads\/2025\/01\/Temperatura-y-viento-768x518.png 768w, https:\/\/cifpn1.com\/gestenedi\/wp-content\/uploads\/2025\/01\/Temperatura-y-viento-89x60.png 89w, https:\/\/cifpn1.com\/gestenedi\/wp-content\/uploads\/2025\/01\/Temperatura-y-viento.png 890w\" sizes=\"auto, (max-width: 805px) 100vw, 805px\" \/><\/p>\n<p><strong>Para la estaci\u00f3n meteorol\u00f3gica se ha instalado un cuadro el\u00e9ctrico y un router IP KNX.<\/strong><\/p>\n<p><img loading=\"lazy\" decoding=\"async\" class=\"wp-image-132 aligncenter\" src=\"https:\/\/cifpn1.com\/gestenedi\/wp-content\/uploads\/2025\/01\/Cuadro-Enertec-IP-Router-estacion-meteorologica-300x265.png\" alt=\"\" width=\"630\" height=\"556\" srcset=\"https:\/\/cifpn1.com\/gestenedi\/wp-content\/uploads\/2025\/01\/Cuadro-Enertec-IP-Router-estacion-meteorologica-300x265.png 300w, https:\/\/cifpn1.com\/gestenedi\/wp-content\/uploads\/2025\/01\/Cuadro-Enertec-IP-Router-estacion-meteorologica-768x679.png 768w, https:\/\/cifpn1.com\/gestenedi\/wp-content\/uploads\/2025\/01\/Cuadro-Enertec-IP-Router-estacion-meteorologica-68x60.png 68w, https:\/\/cifpn1.com\/gestenedi\/wp-content\/uploads\/2025\/01\/Cuadro-Enertec-IP-Router-estacion-meteorologica.png 775w\" sizes=\"auto, (max-width: 630px) 100vw, 630px\" \/><\/p>\n<p><strong>A trav\u00e9s de este router se comunican los valores de la estaci\u00f3n meteorol\u00f3gica al NUC por TCP\/IP<\/strong><\/p>\n<p style=\"text-align: justify;\"><strong>En el cuarto el\u00e9ctrico est\u00e1 en NUC:<\/strong><\/p>\n<ul style=\"text-align: justify;\">\n<li><strong>El NUC es un mini PC de Intel con sistema operativo Ubuntu en donde se ha programado, con Node-red, la aplicaci\u00f3n de control del proyecto de eficiencia energ\u00e9tica del CIFPN1 a trav\u00e9s de un cuadro de mando, posee toda la informaci\u00f3n de la estaci\u00f3n meteorol\u00f3gica.<\/strong><\/li>\n<li><strong>Los valores instant\u00e1neos de toda esta informaci\u00f3n son transmitidos por MQTT y se almacenan cada x tiempo en la Base de Datos para pintar gr\u00e1ficas o ser visualizados en tiempo real por pantalla.<\/strong><\/li>\n<li><strong>La base de datos utilizada es MySQL. Se encuentra ubicada en el NUC (192.168.13.2) en el puerto 3306. El nombre del esquema es BaseDatos y la tabla que corresponde a la estaci\u00f3n meteorol\u00f3gica es:<\/strong>\n<ul>\n<li><strong>tbMeteo: Cada registro es una inserci\u00f3n temporal, cada 3 minutos, con las medidas de la <u>estaci\u00f3n meteorol\u00f3gica<\/u>.<\/strong><\/li>\n<\/ul>\n<\/li>\n<\/ul>\n<p><img loading=\"lazy\" decoding=\"async\" class=\"wp-image-341 aligncenter\" src=\"https:\/\/cifpn1.com\/gestenedi\/wp-content\/uploads\/2025\/01\/tbmeteo-300x211.png\" alt=\"\" width=\"1200\" height=\"843\" srcset=\"https:\/\/cifpn1.com\/gestenedi\/wp-content\/uploads\/2025\/01\/tbmeteo-300x211.png 300w, https:\/\/cifpn1.com\/gestenedi\/wp-content\/uploads\/2025\/01\/tbmeteo-768x539.png 768w, https:\/\/cifpn1.com\/gestenedi\/wp-content\/uploads\/2025\/01\/tbmeteo-85x60.png 85w, https:\/\/cifpn1.com\/gestenedi\/wp-content\/uploads\/2025\/01\/tbmeteo.png 890w\" sizes=\"auto, (max-width: 1200px) 100vw, 1200px\" \/><\/p>\n<p style=\"text-align: justify;\"><strong>Idealmente la temperatura de impulsi\u00f3n de la caldera depender\u00eda de la temperatura exterior o la hora de inicio-arranque de la caldera se adaptar\u00eda en funci\u00f3n de esta temperatura exterior para que las aulas estuvieran a la temperatura de confort establecida cuando el alumnado llegue a las 8:15 que comienzan las clases.<\/strong><\/p>\n","protected":false},"excerpt":{"rendered":"<p>La estaci\u00f3n meteorol\u00f3gica Suntracer KNX pro 1 se encuentra en la azotea el edificio de electricidad-electr\u00f3nica. Ofrece valores, en tiempo real, de temperatura, humedad, luminosidad exterior, presi\u00f3n atmosf\u00e9rica, velocidad y direcci\u00f3n del viento y por \u00faltimo las horas del amanecer y el anochecer, estas dos se obtienen de un servidor externo gratuito \u00abOpenweather\u00bb. Estos valores &hellip; <\/p>\n","protected":false},"author":1,"featured_media":0,"parent":0,"menu_order":0,"comment_status":"closed","ping_status":"closed","template":"","meta":{"footnotes":""},"class_list":["post-73","page","type-page","status-publish","hentry"],"_links":{"self":[{"href":"https:\/\/cifpn1.com\/gestenedi\/index.php\/wp-json\/wp\/v2\/pages\/73","targetHints":{"allow":["GET"]}}],"collection":[{"href":"https:\/\/cifpn1.com\/gestenedi\/index.php\/wp-json\/wp\/v2\/pages"}],"about":[{"href":"https:\/\/cifpn1.com\/gestenedi\/index.php\/wp-json\/wp\/v2\/types\/page"}],"author":[{"embeddable":true,"href":"https:\/\/cifpn1.com\/gestenedi\/index.php\/wp-json\/wp\/v2\/users\/1"}],"replies":[{"embeddable":true,"href":"https:\/\/cifpn1.com\/gestenedi\/index.php\/wp-json\/wp\/v2\/comments?post=73"}],"version-history":[{"count":21,"href":"https:\/\/cifpn1.com\/gestenedi\/index.php\/wp-json\/wp\/v2\/pages\/73\/revisions"}],"predecessor-version":[{"id":342,"href":"https:\/\/cifpn1.com\/gestenedi\/index.php\/wp-json\/wp\/v2\/pages\/73\/revisions\/342"}],"wp:attachment":[{"href":"https:\/\/cifpn1.com\/gestenedi\/index.php\/wp-json\/wp\/v2\/media?parent=73"}],"curies":[{"name":"wp","href":"https:\/\/api.w.org\/{rel}","templated":true}]}}