{"id":396,"date":"2025-01-24T18:39:04","date_gmt":"2025-01-24T18:39:04","guid":{"rendered":"https:\/\/cifpn1.com\/gestenedi\/?page_id=396"},"modified":"2025-01-24T18:52:11","modified_gmt":"2025-01-24T18:52:11","slug":"proximos-pasos","status":"publish","type":"page","link":"https:\/\/cifpn1.com\/gestenedi\/index.php\/proximos-pasos\/","title":{"rendered":"PR\u00d3XIMOS PASOS"},"content":{"rendered":"<h3><strong>Se ha obtenido una segunda fase del proyecto en la que se plantean los siguientes hitos:<\/strong><\/h3>\n<h3><\/h3>\n<ul>\n<li>\n<h3><strong>Incorporar el sistema de calefacci\u00f3n del edificio nuevo de electricidad electr\u00f3nica<\/strong><\/h3>\n<\/li>\n<li>\n<h3><strong>Incorporar el sistema de calefacci\u00f3n del edificio principal<\/strong><\/h3>\n<\/li>\n<li>\n<h3><strong>An\u00e1lisis de datos con inteligencia artificial<\/strong><\/h3>\n<\/li>\n<li>\n<h3><strong>A\u00f1adir datos de consumo de energ\u00eda el\u00e9ctrica del hangar<\/strong><\/h3>\n<\/li>\n<li>\n<h3><strong>A\u00f1adir datos de la producci\u00f3n de los paneles solares del parking.<\/strong><\/h3>\n<\/li>\n<\/ul>\n<h3><strong>Adem\u00e1s de esto ser\u00eda interesante llegar a dos objetivos que quedaron pendientes de la primera fase con el uso de c\u00e1maras t\u00e9rmicas:<\/strong><\/h3>\n<ul>\n<li>\n<h3><strong>Localizaci\u00f3n de fugas de calor en la envolvente del edificio a partir de las medidas adquiridas.<\/strong><\/h3>\n<\/li>\n<li>\n<h3><strong>Comportamiento de la envolvente del edificio dependiendo de los par\u00e1metros medidos.<\/strong><\/h3>\n<\/li>\n<\/ul>\n<p>&nbsp;<\/p>\n<h3><strong><img loading=\"lazy\" decoding=\"async\" class=\"size-full wp-image-398 aligncenter\" src=\"https:\/\/cifpn1.com\/gestenedi\/wp-content\/uploads\/2025\/01\/logos-1.jpg\" alt=\"\" width=\"293\" height=\"199\" srcset=\"https:\/\/cifpn1.com\/gestenedi\/wp-content\/uploads\/2025\/01\/logos-1.jpg 293w, https:\/\/cifpn1.com\/gestenedi\/wp-content\/uploads\/2025\/01\/logos-1-88x60.jpg 88w\" sizes=\"auto, (max-width: 293px) 100vw, 293px\" \/><\/strong><\/h3>\n","protected":false},"excerpt":{"rendered":"<p>Se ha obtenido una segunda fase del proyecto en la que se plantean los siguientes hitos: Incorporar el sistema de calefacci\u00f3n del edificio nuevo de electricidad electr\u00f3nica Incorporar el sistema de calefacci\u00f3n del edificio principal An\u00e1lisis de datos con inteligencia artificial A\u00f1adir datos de consumo de energ\u00eda el\u00e9ctrica del hangar A\u00f1adir datos de la producci\u00f3n &hellip; <\/p>\n","protected":false},"author":1,"featured_media":0,"parent":0,"menu_order":0,"comment_status":"closed","ping_status":"closed","template":"","meta":{"footnotes":""},"class_list":["post-396","page","type-page","status-publish","hentry"],"_links":{"self":[{"href":"https:\/\/cifpn1.com\/gestenedi\/index.php\/wp-json\/wp\/v2\/pages\/396","targetHints":{"allow":["GET"]}}],"collection":[{"href":"https:\/\/cifpn1.com\/gestenedi\/index.php\/wp-json\/wp\/v2\/pages"}],"about":[{"href":"https:\/\/cifpn1.com\/gestenedi\/index.php\/wp-json\/wp\/v2\/types\/page"}],"author":[{"embeddable":true,"href":"https:\/\/cifpn1.com\/gestenedi\/index.php\/wp-json\/wp\/v2\/users\/1"}],"replies":[{"embeddable":true,"href":"https:\/\/cifpn1.com\/gestenedi\/index.php\/wp-json\/wp\/v2\/comments?post=396"}],"version-history":[{"count":7,"href":"https:\/\/cifpn1.com\/gestenedi\/index.php\/wp-json\/wp\/v2\/pages\/396\/revisions"}],"predecessor-version":[{"id":406,"href":"https:\/\/cifpn1.com\/gestenedi\/index.php\/wp-json\/wp\/v2\/pages\/396\/revisions\/406"}],"wp:attachment":[{"href":"https:\/\/cifpn1.com\/gestenedi\/index.php\/wp-json\/wp\/v2\/media?parent=396"}],"curies":[{"name":"wp","href":"https:\/\/api.w.org\/{rel}","templated":true}]}}