{"id":328,"date":"2025-01-23T20:45:46","date_gmt":"2025-01-23T20:45:46","guid":{"rendered":"https:\/\/cifpn1.com\/gestenedi\/?page_id=328"},"modified":"2025-01-23T20:52:20","modified_gmt":"2025-01-23T20:52:20","slug":"eldo","status":"publish","type":"page","link":"https:\/\/cifpn1.com\/gestenedi\/index.php\/eldo\/","title":{"rendered":"ELDO"},"content":{"rendered":"<p><strong>Se han realizado proyectos previos de eficiencia energ\u00e9tica y este proyecto tiene que reflejarlos de alguna manera ya que son parte de la gesti\u00f3n energ\u00e9tica del edificio. Esto se ha hecho incluyendo el bot\u00f3n ELDO en el dashboard.<\/strong><\/p>\n<p><img loading=\"lazy\" decoding=\"async\" class=\"wp-image-331 aligncenter\" src=\"https:\/\/cifpn1.com\/gestenedi\/wp-content\/uploads\/2025\/01\/ELDO-300x226.png\" alt=\"\" width=\"1200\" height=\"904\" srcset=\"https:\/\/cifpn1.com\/gestenedi\/wp-content\/uploads\/2025\/01\/ELDO-300x226.png 300w, https:\/\/cifpn1.com\/gestenedi\/wp-content\/uploads\/2025\/01\/ELDO-768x579.png 768w, https:\/\/cifpn1.com\/gestenedi\/wp-content\/uploads\/2025\/01\/ELDO-80x60.png 80w, https:\/\/cifpn1.com\/gestenedi\/wp-content\/uploads\/2025\/01\/ELDO.png 771w\" sizes=\"auto, (max-width: 1200px) 100vw, 1200px\" \/><\/p>\n<p><strong>Este bot\u00f3n nos dirige a los controles propios de la gesti\u00f3n de iluminaci\u00f3n, subida y bajada de estores y otros aspectos que contemplaba el proyecto<\/strong><\/p>\n<p><img loading=\"lazy\" decoding=\"async\" class=\"wp-image-332 aligncenter\" src=\"https:\/\/cifpn1.com\/gestenedi\/wp-content\/uploads\/2025\/01\/ELDO2-300x188.png\" alt=\"\" width=\"1200\" height=\"751\" srcset=\"https:\/\/cifpn1.com\/gestenedi\/wp-content\/uploads\/2025\/01\/ELDO2-300x188.png 300w, https:\/\/cifpn1.com\/gestenedi\/wp-content\/uploads\/2025\/01\/ELDO2-768x481.png 768w, https:\/\/cifpn1.com\/gestenedi\/wp-content\/uploads\/2025\/01\/ELDO2-96x60.png 96w, https:\/\/cifpn1.com\/gestenedi\/wp-content\/uploads\/2025\/01\/ELDO2.png 890w\" sizes=\"auto, (max-width: 1200px) 100vw, 1200px\" \/><\/p>\n","protected":false},"excerpt":{"rendered":"<p>Se han realizado proyectos previos de eficiencia energ\u00e9tica y este proyecto tiene que reflejarlos de alguna manera ya que son parte de la gesti\u00f3n energ\u00e9tica del edificio. Esto se ha hecho incluyendo el bot\u00f3n ELDO en el dashboard. Este bot\u00f3n nos dirige a los controles propios de la gesti\u00f3n de iluminaci\u00f3n, subida y bajada de &hellip; <\/p>\n","protected":false},"author":1,"featured_media":0,"parent":0,"menu_order":0,"comment_status":"closed","ping_status":"closed","template":"","meta":{"footnotes":""},"class_list":["post-328","page","type-page","status-publish","hentry"],"_links":{"self":[{"href":"https:\/\/cifpn1.com\/gestenedi\/index.php\/wp-json\/wp\/v2\/pages\/328","targetHints":{"allow":["GET"]}}],"collection":[{"href":"https:\/\/cifpn1.com\/gestenedi\/index.php\/wp-json\/wp\/v2\/pages"}],"about":[{"href":"https:\/\/cifpn1.com\/gestenedi\/index.php\/wp-json\/wp\/v2\/types\/page"}],"author":[{"embeddable":true,"href":"https:\/\/cifpn1.com\/gestenedi\/index.php\/wp-json\/wp\/v2\/users\/1"}],"replies":[{"embeddable":true,"href":"https:\/\/cifpn1.com\/gestenedi\/index.php\/wp-json\/wp\/v2\/comments?post=328"}],"version-history":[{"count":3,"href":"https:\/\/cifpn1.com\/gestenedi\/index.php\/wp-json\/wp\/v2\/pages\/328\/revisions"}],"predecessor-version":[{"id":333,"href":"https:\/\/cifpn1.com\/gestenedi\/index.php\/wp-json\/wp\/v2\/pages\/328\/revisions\/333"}],"wp:attachment":[{"href":"https:\/\/cifpn1.com\/gestenedi\/index.php\/wp-json\/wp\/v2\/media?parent=328"}],"curies":[{"name":"wp","href":"https:\/\/api.w.org\/{rel}","templated":true}]}}