{"id":219,"date":"2025-01-21T18:34:35","date_gmt":"2025-01-21T18:34:35","guid":{"rendered":"https:\/\/cifpn1.com\/gestenedi\/?page_id=219"},"modified":"2025-01-21T20:32:13","modified_gmt":"2025-01-21T20:32:13","slug":"aulas","status":"publish","type":"page","link":"https:\/\/cifpn1.com\/gestenedi\/index.php\/aulas\/","title":{"rendered":"Aulas"},"content":{"rendered":"<p style=\"text-align: justify;\"><strong>El proyecto tiene un objetivo general que es la mejora en la gesti\u00f3n energ\u00e9tica del centro integrado que tiene impl\u00edcito el objetivo de conseguir un confort t\u00e9rmico y de calidad del aire en las aulas del edificio de Electricidad-Electr\u00f3nica.<\/strong><\/p>\n<p style=\"text-align: justify;\"><strong>Para conseguir estas dos caracter\u00edsticas es necesario en primer lugar la monitorizaci\u00f3n de todos los espacios. Para este fin se instalan\u00a014 sondas <a href=\"https:\/\/resource.milesight.com\/milesight\/iot\/document\/am103&amp;am103l-datasheet-en.pdf\">Milesight AM103\/AM103L<\/a>\u00a0 que son sensores LoRaWAN de monitoreo ambiental. El modelo sin la L incorpora un panel LCD por cada sonda del que se ha prescindido por encarecer el producto.<\/strong><\/p>\n<p><img loading=\"lazy\" decoding=\"async\" class=\"size-full wp-image-226 aligncenter\" src=\"https:\/\/cifpn1.com\/gestenedi\/wp-content\/uploads\/2025\/01\/MILESIGHT.png\" alt=\"\" width=\"225\" height=\"225\" srcset=\"https:\/\/cifpn1.com\/gestenedi\/wp-content\/uploads\/2025\/01\/MILESIGHT.png 225w, https:\/\/cifpn1.com\/gestenedi\/wp-content\/uploads\/2025\/01\/MILESIGHT-150x150.png 150w, https:\/\/cifpn1.com\/gestenedi\/wp-content\/uploads\/2025\/01\/MILESIGHT-60x60.png 60w\" sizes=\"auto, (max-width: 225px) 100vw, 225px\" \/><\/p>\n<p style=\"text-align: justify;\"><strong>Estas sondas nos dan la temperatura, humedad y concentraci\u00f3n de CO2 en cada uno de los espacios y la transmiten a un GATEWAY LORAWAN CON COMUNICACI\u00d3N ETHERNET semi-industrial UG65. <\/strong><\/p>\n<p style=\"text-align: justify;\"><strong>Esta puerta de enlace tiene 8 canales para interiores. Adopta la tecnolog\u00eda LoRaship SX1302 y un procesador de cuatro n\u00facleos de alto rendimiento. Puede conectarse a m\u00e1s de 2.000 nodos, lo cual es adecuado para nuestro sistema que tiene 14 nodos. Visi\u00f3n de hasta 10Km y puede cubrir unos 2Km en zonas urbanizadas, se comprueba emp\u00edricamente que las distancias al ser peque\u00f1as, a pesar de ser en interiores, no son ning\u00fan problema para la correcta comunicaci\u00f3n de los nodos. El Gateway admite m\u00faltiples opciones de Bakchaul con Ethernet, Wi-Fi y se puede conectar a servidores de red LoRa (TTN, ChispStak, etc).<\/strong><\/p>\n<p><strong>La IP del gateway es la 192.168.13.8<\/strong><\/p>\n<p><img loading=\"lazy\" decoding=\"async\" class=\"wp-image-233 aligncenter\" src=\"https:\/\/cifpn1.com\/gestenedi\/wp-content\/uploads\/2025\/01\/Lorawan-gateway-1-300x101.png\" alt=\"\" width=\"855\" height=\"288\" srcset=\"https:\/\/cifpn1.com\/gestenedi\/wp-content\/uploads\/2025\/01\/Lorawan-gateway-1-300x101.png 300w, https:\/\/cifpn1.com\/gestenedi\/wp-content\/uploads\/2025\/01\/Lorawan-gateway-1-179x60.png 179w, https:\/\/cifpn1.com\/gestenedi\/wp-content\/uploads\/2025\/01\/Lorawan-gateway-1.png 1131w\" sizes=\"auto, (max-width: 855px) 100vw, 855px\" \/><\/p>\n<p style=\"text-align: justify;\"><strong>La comunicaci\u00f3n MQTT\u00a0utiliza el protocolo SSL para proteger los datos confidenciales que transmiten los dispositivos IoT. Puede implementar la identidad, la autenticaci\u00f3n y la autorizaci\u00f3n entre los clientes y el agente mediante certificados SSL y contrase\u00f1as. Ser\u00e1 este tipo de comunicaci\u00f3n la que se establece para comunicar el gateway con el cerebro del sistema, el NUC 192.168.13.2 que est\u00e1 en el cuarto el\u00e9ctrico y de comunicaciones del edificio de electricidad-electr\u00f3nica.<\/strong><\/p>\n<p><img loading=\"lazy\" decoding=\"async\" class=\"wp-image-237 aligncenter\" src=\"https:\/\/cifpn1.com\/gestenedi\/wp-content\/uploads\/2025\/01\/Lorawan-gateway2-300x139.png\" alt=\"\" width=\"842\" height=\"390\" srcset=\"https:\/\/cifpn1.com\/gestenedi\/wp-content\/uploads\/2025\/01\/Lorawan-gateway2-300x139.png 300w, https:\/\/cifpn1.com\/gestenedi\/wp-content\/uploads\/2025\/01\/Lorawan-gateway2-130x60.png 130w, https:\/\/cifpn1.com\/gestenedi\/wp-content\/uploads\/2025\/01\/Lorawan-gateway2.png 677w\" sizes=\"auto, (max-width: 842px) 100vw, 842px\" \/><\/p>\n<p><strong>Aqu\u00ed se realiza la lectura MQTT con el topic \u201cMilesight\/#\u201d para recibir los datos de las sondas Milesight ubicadas en las aulas. A continuaci\u00f3n, el mensaje recibido se separa en objetos JSON para despu\u00e9s almacenar cada valor de <u>temperatura <\/u>en una variable del contexto de flujo.<\/strong><\/p>\n<p><img loading=\"lazy\" decoding=\"async\" class=\"wp-image-240 aligncenter\" src=\"https:\/\/cifpn1.com\/gestenedi\/wp-content\/uploads\/2025\/01\/mqtt-temperaturas-300x55.png\" alt=\"\" width=\"829\" height=\"152\" srcset=\"https:\/\/cifpn1.com\/gestenedi\/wp-content\/uploads\/2025\/01\/mqtt-temperaturas-300x55.png 300w, https:\/\/cifpn1.com\/gestenedi\/wp-content\/uploads\/2025\/01\/mqtt-temperaturas-768x142.png 768w, https:\/\/cifpn1.com\/gestenedi\/wp-content\/uploads\/2025\/01\/mqtt-temperaturas-326x60.png 326w, https:\/\/cifpn1.com\/gestenedi\/wp-content\/uploads\/2025\/01\/mqtt-temperaturas.png 890w\" sizes=\"auto, (max-width: 829px) 100vw, 829px\" \/><\/p>\n<p><img loading=\"lazy\" decoding=\"async\" class=\"wp-image-241 aligncenter\" src=\"https:\/\/cifpn1.com\/gestenedi\/wp-content\/uploads\/2025\/01\/variables-temperaturas-300x188.png\" alt=\"\" width=\"811\" height=\"509\" srcset=\"https:\/\/cifpn1.com\/gestenedi\/wp-content\/uploads\/2025\/01\/variables-temperaturas-300x188.png 300w, https:\/\/cifpn1.com\/gestenedi\/wp-content\/uploads\/2025\/01\/variables-temperaturas-768x482.png 768w, https:\/\/cifpn1.com\/gestenedi\/wp-content\/uploads\/2025\/01\/variables-temperaturas-96x60.png 96w, https:\/\/cifpn1.com\/gestenedi\/wp-content\/uploads\/2025\/01\/variables-temperaturas.png 890w\" sizes=\"auto, (max-width: 811px) 100vw, 811px\" \/><\/p>\n<p style=\"text-align: justify;\"><strong>A continuaci\u00f3n, se programa la acci\u00f3n a realizar (abrir o cerrar) sobre cada electrov\u00e1lvula.<\/strong><\/p>\n<p style=\"text-align: justify;\"><strong>En funci\u00f3n de la temperatura, del horario, del modo manual\/autom\u00e1tico o que est\u00e9 activada la entrada de funcionamiento de la caldera (la entrada digital 5, que es el canal 4) se abre o se cierra la v\u00e1lvula.<\/strong><\/p>\n<p style=\"text-align: justify;\"><strong>De este modo se consigue una temperatura de confort en cada una de las aulas independientemente de su superficie o el n\u00famero de m\u00f3dulos de radiador que tengan instalados. Es necesario indicar que hay una electrov\u00e1lvula por cada radiador y una v\u00e1lvula termost\u00e1tica en cada uno de ellos con niveles 1 a 5 para regular su apertura y cierre. De todo ello se muestran im\u00e1genes y ofrecen detalles en el apartado de calefacci\u00f3n.<\/strong><\/p>\n<p style=\"text-align: justify;\"><strong>Las tres variables medidas por las sondas Milesight son mostradas a trav\u00e9s de dos sistemas, por un lado cualquier jefe de departamento o miembro del proyecto puede acceder al dashboard haciendo click sobre cualquiera de los <em>dos botones\u00a0 de PLANTA BAJA y PLANTA PRIMERA <\/em>y un segundo sistema que son las pantallas de los pasillos del centro.<\/strong><\/p>\n<p><img loading=\"lazy\" decoding=\"async\" class=\"alignnone wp-image-242\" src=\"https:\/\/cifpn1.com\/gestenedi\/wp-content\/uploads\/2025\/01\/botonera-graficas-300x226.png\" alt=\"\" width=\"705\" height=\"531\" srcset=\"https:\/\/cifpn1.com\/gestenedi\/wp-content\/uploads\/2025\/01\/botonera-graficas-300x226.png 300w, https:\/\/cifpn1.com\/gestenedi\/wp-content\/uploads\/2025\/01\/botonera-graficas-768x579.png 768w, https:\/\/cifpn1.com\/gestenedi\/wp-content\/uploads\/2025\/01\/botonera-graficas-80x60.png 80w, https:\/\/cifpn1.com\/gestenedi\/wp-content\/uploads\/2025\/01\/botonera-graficas.png 771w\" sizes=\"auto, (max-width: 705px) 100vw, 705px\" \/><img loading=\"lazy\" decoding=\"async\" class=\"alignnone wp-image-243\" src=\"https:\/\/cifpn1.com\/gestenedi\/wp-content\/uploads\/2025\/01\/planta0-300x300.png\" alt=\"\" width=\"534\" height=\"534\" srcset=\"https:\/\/cifpn1.com\/gestenedi\/wp-content\/uploads\/2025\/01\/planta0-300x300.png 300w, https:\/\/cifpn1.com\/gestenedi\/wp-content\/uploads\/2025\/01\/planta0-150x150.png 150w, https:\/\/cifpn1.com\/gestenedi\/wp-content\/uploads\/2025\/01\/planta0-60x60.png 60w\" sizes=\"auto, (max-width: 534px) 100vw, 534px\" \/><\/p>\n<p><strong>Gr\u00e1ficas. Correspondiente a las gr\u00e1ficas que se pueden consultar de las diferentes variables:<\/strong><\/p>\n<p><img loading=\"lazy\" decoding=\"async\" class=\"wp-image-244 aligncenter\" src=\"https:\/\/cifpn1.com\/gestenedi\/wp-content\/uploads\/2025\/01\/botonera-300x300.png\" alt=\"\" width=\"706\" height=\"706\" srcset=\"https:\/\/cifpn1.com\/gestenedi\/wp-content\/uploads\/2025\/01\/botonera-300x300.png 300w, https:\/\/cifpn1.com\/gestenedi\/wp-content\/uploads\/2025\/01\/botonera-150x150.png 150w, https:\/\/cifpn1.com\/gestenedi\/wp-content\/uploads\/2025\/01\/botonera-60x60.png 60w\" sizes=\"auto, (max-width: 706px) 100vw, 706px\" \/><\/p>\n<ul>\n<li><strong>Temperaturas, en \u00baC del aire del espacio donde se ubica el sensor<\/strong><\/li>\n<\/ul>\n<p><img loading=\"lazy\" decoding=\"async\" class=\"wp-image-245 aligncenter\" src=\"https:\/\/cifpn1.com\/gestenedi\/wp-content\/uploads\/2025\/01\/graf-temp-300x105.png\" alt=\"\" width=\"689\" height=\"241\" srcset=\"https:\/\/cifpn1.com\/gestenedi\/wp-content\/uploads\/2025\/01\/graf-temp-300x105.png 300w, https:\/\/cifpn1.com\/gestenedi\/wp-content\/uploads\/2025\/01\/graf-temp-768x268.png 768w, https:\/\/cifpn1.com\/gestenedi\/wp-content\/uploads\/2025\/01\/graf-temp-172x60.png 172w, https:\/\/cifpn1.com\/gestenedi\/wp-content\/uploads\/2025\/01\/graf-temp.png 890w\" sizes=\"auto, (max-width: 689px) 100vw, 689px\" \/><\/p>\n<ul>\n<li><strong>C02 medido en ppm del aire del espacio donde se ubica el sensor.<\/strong><\/li>\n<\/ul>\n<p><img loading=\"lazy\" decoding=\"async\" class=\"wp-image-246 aligncenter\" src=\"https:\/\/cifpn1.com\/gestenedi\/wp-content\/uploads\/2025\/01\/graf-CO2-300x105.png\" alt=\"\" width=\"703\" height=\"246\" srcset=\"https:\/\/cifpn1.com\/gestenedi\/wp-content\/uploads\/2025\/01\/graf-CO2-300x105.png 300w, https:\/\/cifpn1.com\/gestenedi\/wp-content\/uploads\/2025\/01\/graf-CO2-768x268.png 768w, https:\/\/cifpn1.com\/gestenedi\/wp-content\/uploads\/2025\/01\/graf-CO2-172x60.png 172w, https:\/\/cifpn1.com\/gestenedi\/wp-content\/uploads\/2025\/01\/graf-CO2.png 890w\" sizes=\"auto, (max-width: 703px) 100vw, 703px\" \/><\/p>\n<ul>\n<li><strong>Humedad medida en % humedad relativa del aire del espacio donde se ubica el sensor<\/strong><\/li>\n<\/ul>\n<p><img loading=\"lazy\" decoding=\"async\" class=\"wp-image-247 aligncenter\" src=\"https:\/\/cifpn1.com\/gestenedi\/wp-content\/uploads\/2025\/01\/graf-humedad-300x93.png\" alt=\"\" width=\"690\" height=\"214\" srcset=\"https:\/\/cifpn1.com\/gestenedi\/wp-content\/uploads\/2025\/01\/graf-humedad-300x93.png 300w, https:\/\/cifpn1.com\/gestenedi\/wp-content\/uploads\/2025\/01\/graf-humedad-768x237.png 768w, https:\/\/cifpn1.com\/gestenedi\/wp-content\/uploads\/2025\/01\/graf-humedad-194x60.png 194w, https:\/\/cifpn1.com\/gestenedi\/wp-content\/uploads\/2025\/01\/graf-humedad.png 890w\" sizes=\"auto, (max-width: 690px) 100vw, 690px\" \/><\/p>\n<p style=\"text-align: justify;\"><strong>Hasta ahora hemos abordado como se consigue un nivel de confort t\u00e9rmico en las aulas evitando que se desperdicie energ\u00eda por sobrecalentar algunas, tambi\u00e9n se han programado horarios para que no se calienten aulas que se encuentren vac\u00edas.<\/strong><\/p>\n<p style=\"text-align: justify;\"><strong>La siguiente variable a controlar es el nivel de CO2, esto se hace mediante las alarmas que se detallan en el apartado de \u00abalarmas\u00bb. La comunicaci\u00f3n hacia la base d datos del NUC se produce de la mima manera que la de temperatura. La dificultad y el coste de realizar una apertura autom\u00e1tica de las ventanas del centro cada vez que el nivel de CO2 supere un umbral hace que se gestione por alarmas que aparecer\u00e1n en la pantalla situada en los pasillos del centro o a trav\u00e9s del dashbioard.<\/strong><\/p>\n<p><img loading=\"lazy\" decoding=\"async\" class=\" wp-image-208 aligncenter\" src=\"https:\/\/cifpn1.com\/gestenedi\/wp-content\/uploads\/2025\/01\/configurador-de-alarmas-en-plano-300x113.png\" alt=\"\" width=\"666\" height=\"251\" srcset=\"https:\/\/cifpn1.com\/gestenedi\/wp-content\/uploads\/2025\/01\/configurador-de-alarmas-en-plano-300x113.png 300w, https:\/\/cifpn1.com\/gestenedi\/wp-content\/uploads\/2025\/01\/configurador-de-alarmas-en-plano-768x290.png 768w, https:\/\/cifpn1.com\/gestenedi\/wp-content\/uploads\/2025\/01\/configurador-de-alarmas-en-plano-159x60.png 159w, https:\/\/cifpn1.com\/gestenedi\/wp-content\/uploads\/2025\/01\/configurador-de-alarmas-en-plano.png 890w\" sizes=\"auto, (max-width: 666px) 100vw, 666px\" \/><\/p>\n<p>&nbsp;<\/p>\n","protected":false},"excerpt":{"rendered":"<p>El proyecto tiene un objetivo general que es la mejora en la gesti\u00f3n energ\u00e9tica del centro integrado que tiene impl\u00edcito el objetivo de conseguir un confort t\u00e9rmico y de calidad del aire en las aulas del edificio de Electricidad-Electr\u00f3nica. Para conseguir estas dos caracter\u00edsticas es necesario en primer lugar la monitorizaci\u00f3n de todos los espacios. &hellip; <\/p>\n","protected":false},"author":1,"featured_media":0,"parent":0,"menu_order":0,"comment_status":"closed","ping_status":"closed","template":"","meta":{"footnotes":""},"class_list":["post-219","page","type-page","status-publish","hentry"],"_links":{"self":[{"href":"https:\/\/cifpn1.com\/gestenedi\/index.php\/wp-json\/wp\/v2\/pages\/219","targetHints":{"allow":["GET"]}}],"collection":[{"href":"https:\/\/cifpn1.com\/gestenedi\/index.php\/wp-json\/wp\/v2\/pages"}],"about":[{"href":"https:\/\/cifpn1.com\/gestenedi\/index.php\/wp-json\/wp\/v2\/types\/page"}],"author":[{"embeddable":true,"href":"https:\/\/cifpn1.com\/gestenedi\/index.php\/wp-json\/wp\/v2\/users\/1"}],"replies":[{"embeddable":true,"href":"https:\/\/cifpn1.com\/gestenedi\/index.php\/wp-json\/wp\/v2\/comments?post=219"}],"version-history":[{"count":15,"href":"https:\/\/cifpn1.com\/gestenedi\/index.php\/wp-json\/wp\/v2\/pages\/219\/revisions"}],"predecessor-version":[{"id":223,"href":"https:\/\/cifpn1.com\/gestenedi\/index.php\/wp-json\/wp\/v2\/pages\/219\/revisions\/223"}],"wp:attachment":[{"href":"https:\/\/cifpn1.com\/gestenedi\/index.php\/wp-json\/wp\/v2\/media?parent=219"}],"curies":[{"name":"wp","href":"https:\/\/api.w.org\/{rel}","templated":true}]}}