{"id":14,"date":"2025-01-16T10:43:22","date_gmt":"2025-01-16T10:43:22","guid":{"rendered":"https:\/\/cifpn1.com\/gestenedi\/?page_id=14"},"modified":"2025-01-23T12:26:17","modified_gmt":"2025-01-23T12:26:17","slug":"contacto","status":"publish","type":"page","link":"https:\/\/cifpn1.com\/gestenedi\/index.php\/contacto\/","title":{"rendered":"Contacto"},"content":{"rendered":"\r\n<h3><strong>Centro Integrado de Formaci\u00f3n Profesional N\u00famero Uno<\/strong><\/h3>\r\n<div>Direcci\u00f3n:\u00a0 \u00a0 Calle Francisco Rivas Moreno s\/n<\/div>\r\n<div>\u00a0 \u00a0 \u00a0 \u00a0 \u00a0 \u00a0 \u00a0 \u00a0 \u00a0 \u00a0 \u00a039011 Santander (Cantabria)<br \/>\u00a0 \u00a0 \u00a0 \u00a0 \u00a0 \u00a0 \u00a0 \u00a0 \u00a0 \u00a0 \u00a0Espa\u00f1a<\/div>\r\n<p>Horario:\u00a0 \u00a0 \u00a0 \u00a08:15 a 21:30 h.<\/p>\r\n<div>Telf. fijo:\u00a0 \u00a0 \u00a0 \u00a0942 32 38 45<br \/>\u00a0 \u00a0 \u00a0 \u00a0 \u00a0 \u00a0 \u00a0 \u00a0 \u00a0 \u00a0 \u00a0 \u00a0942 33 13 09 (l\u00ednea alternativa)<\/div>\r\n<div>Telf. m\u00f3vil:\u00a0 \u00a0601 37 56 41<\/div>\r\n<div>Fax:\u00a0 \u00a0 \u00a0 \u00a0 \u00a0 \u00a0 \u00a0 \u00a0 942 34 81 93<\/div>\r\n<div>\u00a0<\/div>\r\n<div><em>Emails:<\/em><\/div>\r\n<div>Oficina:\u00a0 \u00a0 \u00a0 \u00a0 \u00a0 \u00a0 \u00a0 \u00a0 \u00a0 \u00a0 \u00a0 \u00a0 \u00a0 \u00a0<a href=\"http:\/\/cifpn1.es\/\">\u00a0<\/a><a href=\"mailto:cifpn1@cifpn1.es\">cifpn1@cifpn1.es<\/a><\/div>\r\n<div>Secretario:\u00a0 \u00a0 \u00a0 \u00a0 \u00a0 \u00a0 \u00a0 \u00a0 \u00a0 \u00a0 \u00a0 <a href=\"mailto:secretario@cifpn1.es?subject=Env%C3%ADo%20desde%20la%20Web%20del%20Centro\">secretario@cifpn1.es<\/a><\/div>\r\n<div>Direcci\u00f3n:\u00a0 \u00a0 \u00a0 \u00a0 \u00a0 \u00a0 \u00a0 \u00a0 \u00a0 \u00a0 \u00a0 \u00a0<a href=\"http:\/\/%20%3Cscript%20language='javascript'%20type='text\/javascript'%3E%20%3C!--%20var%20prefix%20=%20'mailto:';%20var%20suffix%20=%20'';%20var%20attribs%20=%20'';%20var%20path%20=%20'hr'%20+%20'ef'%20+%20'=';%20var%20addy87337%20=%20'direccion'%20+%20'@';%20addy87337%20=%20addy87337%20+%20'cifpn1'%20+%20'.'%20+%20'es';%20document.write(%20'%3Ca%20'%20+%20path%20+%20'\/''%20+%20prefix%20+%20addy87337%20+%20suffix%20+%20'\/''%20+%20attribs%20+%20'%3E'%20);%20document.write(%20addy87337%20);%20document.write(%20'%3C\/\/a%3E'%20);%20\/\/--%3E%20%3C\/script%3E%20%3Cscript%20language='JavaScript'%20type='text\/javascript'%3E%20%3C!--%20document.write(%20'%3Cspan%20style=\/'display:%20none;\/'%3E'%20);%20\/\/--%3E%20%3C\/script%3EEsta%20direcci%C3%B3n%20electr%C3%B3nica%20esta%20protegida%20contra%20spam%20bots.%20Necesita%20activar%20JavaScript%20para%20visualizarla%20%3Cscript%20language='JavaScript'%20type='text\/javascript'%3E%20%3C!--%20document.write(%20'%3C\/'%20);%20document.write(%20'span%3E'%20);%20\/\/--%3E%20%3C\/script%3E\">\u00a0<\/a><a href=\"mailto:direccion@cifpn1.es\">direccion@cifpn1.es<\/a><\/div>\r\n<div>Vicedirecci\u00f3n:\u00a0 \u00a0 \u00a0 \u00a0 \u00a0 \u00a0 \u00a0 \u00a0 <a href=\"http:\/\/%20%3Cscript%20language='javascript'%20type='text\/javascript'%3E%20%3C!--%20var%20prefix%20=%20'mailto:';%20var%20suffix%20=%20'';%20var%20attribs%20=%20'';%20var%20path%20=%20'hr'%20+%20'ef'%20+%20'=';%20var%20addy154%20=%20'vicedireccion'%20+%20'@';%20addy154%20=%20addy154%20+%20'cifpn1'%20+%20'.'%20+%20'es';%20document.write(%20'%3Ca%20'%20+%20path%20+%20'\/''%20+%20prefix%20+%20addy154%20+%20suffix%20+%20'\/''%20+%20attribs%20+%20'%3E'%20);%20document.write(%20addy154%20);%20document.write(%20'%3C\/\/a%3E'%20);%20\/\/--%3E%20%3C\/script%3E%20%3Cscript%20language='JavaScript'%20type='text\/javascript'%3E%20%3C!--%20document.write(%20'%3Cspan%20style=\/'display:%20none;\/'%3E'%20);%20\/\/--%3E%20%3C\/script%3EEsta%20direcci%C3%B3n%20electr%C3%B3nica%20esta%20protegida%20contra%20spam%20bots.%20Necesita%20activar%20JavaScript%20para%20visualizarla%20%3Cscript%20language='JavaScript'%20type='text\/javascript'%3E%20%3C!--%20document.write(%20'%3C\/'%20);%20document.write(%20'span%3E'%20);%20\/\/--%3E%20%3C\/script%3E\">\u00a0<\/a><a href=\"mailto:vicedireccion@cifpn1.es\">vicedireccion@cifpn1.es<\/a><\/div>\r\n<div>Jefatura de Estudios:\u00a0 \u00a0<a href=\"http:\/\/%20%3Cscript%20language='javascript'%20type='text\/javascript'%3E%20%3C!--%20var%20prefix%20=%20'mailto:';%20var%20suffix%20=%20'';%20var%20attribs%20=%20'';%20var%20path%20=%20'hr'%20+%20'ef'%20+%20'=';%20var%20addy78824%20=%20'jjefatura'%20+%20'@';%20addy78824%20=%20addy78824%20+%20'cifpn1'%20+%20'.'%20+%20'es';%20document.write(%20'%3Ca%20'%20+%20path%20+%20'\/''%20+%20prefix%20+%20addy78824%20+%20suffix%20+%20'\/''%20+%20attribs%20+%20'%3E'%20);%20document.write(%20addy78824%20);%20document.write(%20'%3C\/\/a%3E'%20);%20\/\/--%3E%20%3C\/script%3E%20%3Cscript%20language='JavaScript'%20type='text\/javascript'%3E%20%3C!--%20document.write(%20'%3Cspan%20style=\/'display:%20none;\/'%3E'%20);%20\/\/--%3E%20%3C\/script%3EEsta%20direcci%C3%B3n%20electr%C3%B3nica%20esta%20protegida%20contra%20spam%20bots.%20Necesita%20activar%20JavaScript%20para%20visualizarla%20%3Cscript%20language='JavaScript'%20type='text\/javascript'%3E%20%3C!--%20document.write(%20'%3C\/'%20);%20document.write(%20'span%3E'%20);%20\/\/--%3E%20%3C\/script%3E\">\u00a0<\/a><a href=\"mailto:jefatura@cifpn1.es\">jefatura@cifpn1.es<\/a><\/div>\r\n<p>\u00b7<\/p>\r\n<h2>Localizaci\u00f3n<\/h2>\r\n<p>El Centro Integrado de Formaci\u00f3n Profesional N\u00famero Uno est\u00e1 situado en la calle Francisco Rivas Moreno (s\/n) del t\u00e9rmino municipal de Santander, ubicado a cuatro kil\u00f3metros del centro de la ciudad, en una zona en plena expansi\u00f3n urban\u00edstica de la capital, conocida como Pe\u00f1acastillo.<\/p>\r\n<p><a href=\"https:\/\/goo.gl\/maps\/kT572coa4FCXuCAU7\"><img loading=\"lazy\" decoding=\"async\" class=\"wp-image-279 aligncenter\" src=\"https:\/\/cifpn1.com\/gestenedi\/wp-content\/uploads\/2025\/01\/cifpn1-en-google-maps-300x227.jpeg\" alt=\"\" width=\"866\" height=\"655\" srcset=\"https:\/\/cifpn1.com\/gestenedi\/wp-content\/uploads\/2025\/01\/cifpn1-en-google-maps-300x227.jpeg 300w, https:\/\/cifpn1.com\/gestenedi\/wp-content\/uploads\/2025\/01\/cifpn1-en-google-maps-79x60.jpeg 79w, https:\/\/cifpn1.com\/gestenedi\/wp-content\/uploads\/2025\/01\/cifpn1-en-google-maps.jpeg 608w\" sizes=\"auto, (max-width: 866px) 100vw, 866px\" \/><\/a><\/p>\r\n","protected":false},"excerpt":{"rendered":"<p>Centro Integrado de Formaci\u00f3n Profesional N\u00famero Uno Direcci\u00f3n:\u00a0 \u00a0 Calle Francisco Rivas Moreno s\/n \u00a0 \u00a0 \u00a0 \u00a0 \u00a0 \u00a0 \u00a0 \u00a0 \u00a0 \u00a0 \u00a039011 Santander (Cantabria)\u00a0 \u00a0 \u00a0 \u00a0 \u00a0 \u00a0 \u00a0 \u00a0 \u00a0 \u00a0 \u00a0Espa\u00f1a Horario:\u00a0 \u00a0 \u00a0 \u00a08:15 a 21:30 h. Telf. fijo:\u00a0 \u00a0 \u00a0 \u00a0942 32 38 45\u00a0 \u00a0 \u00a0 \u00a0 &hellip; <\/p>\n","protected":false},"author":1,"featured_media":0,"parent":0,"menu_order":0,"comment_status":"closed","ping_status":"closed","template":"","meta":{"footnotes":""},"class_list":["post-14","page","type-page","status-publish","hentry"],"_links":{"self":[{"href":"https:\/\/cifpn1.com\/gestenedi\/index.php\/wp-json\/wp\/v2\/pages\/14","targetHints":{"allow":["GET"]}}],"collection":[{"href":"https:\/\/cifpn1.com\/gestenedi\/index.php\/wp-json\/wp\/v2\/pages"}],"about":[{"href":"https:\/\/cifpn1.com\/gestenedi\/index.php\/wp-json\/wp\/v2\/types\/page"}],"author":[{"embeddable":true,"href":"https:\/\/cifpn1.com\/gestenedi\/index.php\/wp-json\/wp\/v2\/users\/1"}],"replies":[{"embeddable":true,"href":"https:\/\/cifpn1.com\/gestenedi\/index.php\/wp-json\/wp\/v2\/comments?post=14"}],"version-history":[{"count":9,"href":"https:\/\/cifpn1.com\/gestenedi\/index.php\/wp-json\/wp\/v2\/pages\/14\/revisions"}],"predecessor-version":[{"id":40,"href":"https:\/\/cifpn1.com\/gestenedi\/index.php\/wp-json\/wp\/v2\/pages\/14\/revisions\/40"}],"wp:attachment":[{"href":"https:\/\/cifpn1.com\/gestenedi\/index.php\/wp-json\/wp\/v2\/media?parent=14"}],"curies":[{"name":"wp","href":"https:\/\/api.w.org\/{rel}","templated":true}]}}