{"id":12,"date":"2025-01-16T10:43:22","date_gmt":"2025-01-16T10:43:22","guid":{"rendered":"https:\/\/cifpn1.com\/gestenedi\/?page_id=12"},"modified":"2025-01-24T19:01:01","modified_gmt":"2025-01-24T19:01:01","slug":"the-new-umoma-opens-its-doors-2","status":"publish","type":"page","link":"https:\/\/cifpn1.com\/gestenedi\/","title":{"rendered":"EFICIENCIA ENERG\u00c9TICA DEL EDIFICIO DE ELECTRICIDAD-ELECTR\u00d3NICA DEL CIFPN1"},"content":{"rendered":"\r\n<div class=\"wp-block-group alignwide\">\r\n<div class=\"wp-block-group__inner-container is-layout-flow wp-block-group-is-layout-flow\">\r\n<h2 class=\"has-text-align-center wp-block-heading\">EFICIENCIA ENERG\u00c9TICA DEL EDIFICIO DE ELECTRICIDAD-ELECTR\u00d3NICA DEL CIFPN1<\/h2>\r\n<\/div>\r\n<\/div>\r\n\r\n\r\n\r\n<div class=\"wp-block-columns alignwide is-layout-flex wp-container-core-columns-is-layout-1 wp-block-columns-is-layout-flex\">\r\n<div class=\"wp-block-column\">\r\n<div class=\"wp-block-group\">\r\n<div class=\"wp-block-group__inner-container\">\r\n<figure id=\"attachment_94\" aria-describedby=\"caption-attachment-94\" style=\"width: 355px\" class=\"wp-caption alignnone\"><img loading=\"lazy\" decoding=\"async\" class=\"wp-image-94\" src=\"https:\/\/cifpn1.com\/gestenedi\/wp-content\/uploads\/2025\/01\/Estacion-Meterorologica-225x300.jpg\" alt=\"\" width=\"355\" height=\"473\" srcset=\"https:\/\/cifpn1.com\/gestenedi\/wp-content\/uploads\/2025\/01\/Estacion-Meterorologica-225x300.jpg 225w, https:\/\/cifpn1.com\/gestenedi\/wp-content\/uploads\/2025\/01\/Estacion-Meterorologica-768x1024.jpg 768w, https:\/\/cifpn1.com\/gestenedi\/wp-content\/uploads\/2025\/01\/Estacion-Meterorologica-1152x1536.jpg 1152w, https:\/\/cifpn1.com\/gestenedi\/wp-content\/uploads\/2025\/01\/Estacion-Meterorologica-1536x2048.jpg 1536w, https:\/\/cifpn1.com\/gestenedi\/wp-content\/uploads\/2025\/01\/Estacion-Meterorologica-45x60.jpg 45w, https:\/\/cifpn1.com\/gestenedi\/wp-content\/uploads\/2025\/01\/Estacion-Meterorologica-scaled.jpg 1920w\" sizes=\"auto, (max-width: 355px) 100vw, 355px\" \/><figcaption id=\"caption-attachment-94\" class=\"wp-caption-text\">Azotea del edificio de Electricidad Electr\u00f3nica<\/figcaption><\/figure>\r\n<h3>Estaci\u00f3n Meteorol\u00f3gica<\/h3>\r\n<div class=\"wp-block-button is-style-outline\"><a class=\"wp-block-button__link\" href=\"https:\/\/cifpn1.com\/gestenedi\/index.php\/estacion-meteorologica\/\">Saber M\u00e1s<\/a><\/div>\r\n<\/div>\r\n<\/div>\r\n<div class=\"wp-block-group\">\r\n<div class=\"wp-block-group__inner-container\">\r\n<div class=\"wp-block-button is-style-outline\">\u00a0<\/div>\r\n<\/div>\r\n<\/div>\r\n<\/div>\r\n<div class=\"wp-block-column\">\r\n<div class=\"wp-block-group\">\r\n<div class=\"wp-block-group__inner-container\">\r\n<div>\r\n<figure class=\"wp-block-image alignfull size-full\">\r\n<figure id=\"attachment_106\" aria-describedby=\"caption-attachment-106\" style=\"width: 631px\" class=\"wp-caption alignnone\"><img loading=\"lazy\" decoding=\"async\" class=\"wp-image-106\" src=\"https:\/\/cifpn1.com\/gestenedi\/wp-content\/uploads\/2025\/01\/IMG_8478-300x225.jpg\" alt=\"\" width=\"631\" height=\"473\" srcset=\"https:\/\/cifpn1.com\/gestenedi\/wp-content\/uploads\/2025\/01\/IMG_8478-300x225.jpg 300w, https:\/\/cifpn1.com\/gestenedi\/wp-content\/uploads\/2025\/01\/IMG_8478-1024x768.jpg 1024w, https:\/\/cifpn1.com\/gestenedi\/wp-content\/uploads\/2025\/01\/IMG_8478-768x576.jpg 768w, https:\/\/cifpn1.com\/gestenedi\/wp-content\/uploads\/2025\/01\/IMG_8478-1536x1152.jpg 1536w, https:\/\/cifpn1.com\/gestenedi\/wp-content\/uploads\/2025\/01\/IMG_8478-2048x1536.jpg 2048w, https:\/\/cifpn1.com\/gestenedi\/wp-content\/uploads\/2025\/01\/IMG_8478-80x60.jpg 80w\" sizes=\"auto, (max-width: 631px) 100vw, 631px\" \/><figcaption id=\"caption-attachment-106\" class=\"wp-caption-text\">Cuadro el\u00e9ctrico edificio electricidad-electr\u00f3nica<\/figcaption><\/figure>\r\n<\/figure>\r\n<h3>Medidas de Electricidad<\/h3>\r\n<div class=\"wp-block-button is-style-outline\"><a class=\"wp-block-button__link\" href=\"https:\/\/cifpn1.com\/gestenedi\/index.php\/medidas-electricidad\/\">Saber M\u00e1s<\/a><\/div>\r\n<\/div>\r\n<\/div>\r\n<div>\u00a0<\/div>\r\n<\/div>\r\n<div class=\"wp-block-group\">\u00a0<\/div>\r\n<\/div>\r\n<\/div>\r\n<div>\u00a0<\/div>\r\n<div>\u00a0<\/div>\r\n<div>\u00a0<\/div>\r\n<div class=\"wp-block-group alignwide has-background\" style=\"background-color: #ffffff;\">\r\n<div class=\"wp-block-group__inner-container\">\r\n<div class=\"wp-block-group\">\r\n<div class=\"wp-block-group__inner-container\">\r\n<div class=\"wp-block-button aligncenter\"><img loading=\"lazy\" decoding=\"async\" class=\"alignnone size-full wp-image-398\" src=\"https:\/\/cifpn1.com\/gestenedi\/wp-content\/uploads\/2025\/01\/logos-1.jpg\" alt=\"\" width=\"293\" height=\"199\" srcset=\"https:\/\/cifpn1.com\/gestenedi\/wp-content\/uploads\/2025\/01\/logos-1.jpg 293w, https:\/\/cifpn1.com\/gestenedi\/wp-content\/uploads\/2025\/01\/logos-1-88x60.jpg 88w\" sizes=\"auto, (max-width: 293px) 100vw, 293px\" \/><\/div>\r\n<\/div>\r\n<\/div>\r\n<!-- \/wp:group --><\/div>\r\n<\/div>\r\n<!-- \/wp:group -->\r\n\r\n<!-- wp:gallery {\"ids\":[39,38],\"align\":\"wide\"} -->\r\n<figure class=\"wp-block-gallery alignwide columns-2 is-cropped\">\r\n<p>&nbsp;<\/p>\r\n<p>&nbsp;<\/p>\r\n<\/figure>\r\n<!-- \/wp:gallery -->","protected":false},"excerpt":{"rendered":"<p>EFICIENCIA ENERG\u00c9TICA DEL EDIFICIO DE ELECTRICIDAD-ELECTR\u00d3NICA DEL CIFPN1 Estaci\u00f3n Meteorol\u00f3gica Saber M\u00e1s \u00a0 Medidas de Electricidad Saber M\u00e1s \u00a0 \u00a0 \u00a0 \u00a0 \u00a0 &nbsp; &nbsp;<\/p>\n","protected":false},"author":1,"featured_media":81,"parent":0,"menu_order":0,"comment_status":"closed","ping_status":"closed","template":"","meta":{"footnotes":""},"class_list":["post-12","page","type-page","status-publish","has-post-thumbnail","hentry"],"_links":{"self":[{"href":"https:\/\/cifpn1.com\/gestenedi\/index.php\/wp-json\/wp\/v2\/pages\/12","targetHints":{"allow":["GET"]}}],"collection":[{"href":"https:\/\/cifpn1.com\/gestenedi\/index.php\/wp-json\/wp\/v2\/pages"}],"about":[{"href":"https:\/\/cifpn1.com\/gestenedi\/index.php\/wp-json\/wp\/v2\/types\/page"}],"author":[{"embeddable":true,"href":"https:\/\/cifpn1.com\/gestenedi\/index.php\/wp-json\/wp\/v2\/users\/1"}],"replies":[{"embeddable":true,"href":"https:\/\/cifpn1.com\/gestenedi\/index.php\/wp-json\/wp\/v2\/comments?post=12"}],"version-history":[{"count":32,"href":"https:\/\/cifpn1.com\/gestenedi\/index.php\/wp-json\/wp\/v2\/pages\/12\/revisions"}],"predecessor-version":[{"id":413,"href":"https:\/\/cifpn1.com\/gestenedi\/index.php\/wp-json\/wp\/v2\/pages\/12\/revisions\/413"}],"wp:featuredmedia":[{"embeddable":true,"href":"https:\/\/cifpn1.com\/gestenedi\/index.php\/wp-json\/wp\/v2\/media\/81"}],"wp:attachment":[{"href":"https:\/\/cifpn1.com\/gestenedi\/index.php\/wp-json\/wp\/v2\/media?parent=12"}],"curies":[{"name":"wp","href":"https:\/\/api.w.org\/{rel}","templated":true}]}}