{"id":28,"date":"2025-05-20T00:36:11","date_gmt":"2025-05-19T22:36:11","guid":{"rendered":"https:\/\/cifpn1.com\/excelencia\/?page_id=28"},"modified":"2025-09-15T14:53:57","modified_gmt":"2025-09-15T12:53:57","slug":"nuestro-centro","status":"publish","type":"page","link":"https:\/\/cifpn1.com\/excelencia\/","title":{"rendered":"Nuestro Centro"},"content":{"rendered":"<p style=\"text-align: center;\"><iframe loading=\"lazy\" title=\"YouTube video player\" src=\"https:\/\/www.youtube.com\/embed\/nEmEL-_o5UU?si=5jkIg3YThfIFZAMH\" width=\"860\" height=\"515\" frameborder=\"0\" allowfullscreen=\"allowfullscreen\"><span data-mce-type=\"bookmark\" style=\"display: inline-block; width: 0px; overflow: hidden; line-height: 0;\" class=\"mce_SELRES_start\">\ufeff<\/span><\/iframe><\/p>\n<p style=\"text-align: center;\"><iframe loading=\"lazy\" title=\"YouTube video player\" src=\"https:\/\/www.youtube.com\/embed\/D8EsyRElDCE?si=DAFbVYp6uWFqPUJA\" width=\"860\" height=\"515\" frameborder=\"0\" allowfullscreen=\"allowfullscreen\"><span data-mce-type=\"bookmark\" style=\"display: inline-block; width: 0px; overflow: hidden; line-height: 0;\" class=\"mce_SELRES_start\">\ufeff<\/span><\/iframe><\/p>\n<p>El Centro Integrado de Formaci\u00f3n Profesional N\u00famero Uno est\u00e1 situado en la calle Francisco Rivas Moreno, del t\u00e9rmino municipal de Santander. Est\u00e1 ubicado a cuatro kil\u00f3metros del centro de la ciudad, en una zona en plena expansi\u00f3n urban\u00edstica de la capital, conocida como Pe\u00f1acastillo.<\/p>\n<h3>Creaci\u00f3n<\/h3>\n<p>Nuestro Centro Integrado se cre\u00f3 a partir del desdoblamiento del antig\u00fco Instituto Polit\u00e9cnico de Pe\u00f1acastillo (Santander), el cual y seg\u00fan el<a href=\"https:\/\/boc.cantabria.es\/boces\/verAnuncioAction.do?idAnuBlob=100556\">\u00a0BOC de 30 de Junio de 2006 (Decreto 76\/2006 de 22 de junio)<\/a>\u00a0se divide en dos:<\/p>\n<ul>\n<li>El Instituto de Ense\u00f1anza Secundaria Augusto Gonz\u00e1lez Linares, y<\/li>\n<li>El Centro Integrado de Formaci\u00f3n Profesional N\u00famero Uno.<\/li>\n<\/ul>\n<p>A partir de entonces, el Centro Integrado de FP N\u00famero Uno se constituye en centro de referencia de la formaci\u00f3n profesional, siendo uno de los m\u00e1s grandes y con mayor impacto en Cantabria.<\/p>\n<p>\u00bb <a href=\"https:\/\/cifp.es\/index.php?option=com_content&amp;view=article&amp;id=371\" target=\"_blank\" rel=\"noopener\">Conocer m\u00e1s de la Historia del Centro Integrado de FP N\u00famero Uno.<\/a><\/p>\n<h3>Estudios que se imparten en el CIFP N\u00famero Uno<\/h3>\n<p>En el CIFPN1 (como tambi\u00e9n le solemos llamar abreviadamente) se integran las familias profesionales de:<\/p>\n<ul>\n<li>Electricidad y Electr\u00f3nica<\/li>\n<li>Fabricaci\u00f3n Mec\u00e1nica<\/li>\n<li>Instalaci\u00f3n y Mantenimiento<\/li>\n<li>Transporte y Mantenimiento de Veh\u00edculos Autom\u00f3viles<\/li>\n<\/ul>\n<p>Como los dem\u00e1s Centros Integrados, nuestro CIFPN1 imparte estudios de formaci\u00f3n profesional:<\/p>\n<ul>\n<li>Ciclos de FP de Grado Medio y de Grado Superior, pero tambi\u00e9n<\/li>\n<li>Cursos de Especializaci\u00f3n de formaci\u00f3n profesional, y finalmente<\/li>\n<li>Cursos de Formaci\u00f3n para el Empleo<\/li>\n<\/ul>\n<p>Los estudios anteriores se imparten la mayor\u00eda en formaci\u00f3n Presencial, pero tambi\u00e9n tenemos dos ciclos formativos de Electricidad-Electr\u00f3nica que se imparten en formaci\u00f3n a Distancia, y adem\u00e1s otro ciclo de Instalaci\u00f3n y Mantenimiento, como es el CF de GS de Prevenci\u00f3n de Riesgos Profesionales.<\/p>\n<p>Como no podr\u00eda ser de otro modo, tambi\u00e9n el CIFP N\u00famero Uno oferta en modalidad biling\u00fce cuatro ciclos formativos de grado superior de dos familias profesionales diferentes. En cada uno de los ciclos, en primer y segundo curso, nuestro alumnado estudia un m\u00f3dulo profesional en ingl\u00e9s en horario de ma\u00f1ana junto con el resto de m\u00f3dulos que corresponde a su titulaci\u00f3n. Adem\u00e1s, nuevamente en cada uno de los ciclos, en ambos cursos, los alumnos asisten a un m\u00f3dulo de ingl\u00e9s dos horas semanales que se desarrollan en un \u00fanico d\u00eda en horario de tarde.<\/p>\n<p>Adem\u00e1s, el CIFP N\u00famero Uno es centro acreditado para la Evaluaci\u00f3n y Acreditaci\u00f3n de Competencias Profesionales, siendo el centro que mayor n\u00famero de acreditaciones efect\u00faa al a\u00f1o.<\/p>\n<p>\u00bb <a href=\"https:\/\/cifp.es\/index.php?option=com_content&amp;view=article&amp;id=665\" target=\"_blank\" rel=\"noopener\">Conocer la Oferta Educativa del Centro Integrado de FP N\u00famero Uno.<\/a><\/p>\n<h3>Ubicaci\u00f3n<\/h3>\n<p>El Centro Integrado de Formaci\u00f3n Profesional N\u00famero Uno se encuentra en una finca urbana de alrededor de 40.000 m2. Actualmente cuenta con tres edificios con una superficie construida de aproximadamente 6.000 m2:<\/p>\n<p>En el edificio principal se encuentra la zona de administraci\u00f3n y aulas. En dos naves adosadas a \u00e9l se encuentran talleres y aulas de las familias profesionales de Fabricaci\u00f3n Mec\u00e1nica, Mantenimiento de Veh\u00edculos Autopropulsados, Mar\u00edtimo-Pesquera e Instalaci\u00f3n y Mantenimiento.<\/p>\n<p>En otro edificio est\u00e1n ubicadas aulas, laboratorios y talleres de la familia de Electricidad\u2013Electr\u00f3nica, y en una ampliaci\u00f3n del mismo (mayo 2023) m\u00e1s aulas y talleres de esta familia profesional.<\/p>\n<p>En el tercer edificio, en la zona m\u00e1s oriental del solar y terminado en mayo de 2023, se encuentran los hangares de los ciclos formativos de Mantenimiento de aviones y helic\u00f3pteros, de la familia profesional de Transporte y Mantenimiento de Veh\u00edculos, aparte de almacenes, aulas y talleres de estas especialidades.<\/p>\n<p>El centro cuenta adem\u00e1s con zonas adyacentes de aparcamiento reservado para profesorado y visitates, por una parte, y para alumnado por otra; adem\u00e1s de patios y zonas comunes.<\/p>\n<p>\u00bb <a href=\"https:\/\/cifp.es\/index.php?option=com_content&amp;view=article&amp;id=373\" target=\"_blank\" rel=\"noopener\">Acceder a los datos de Localizaci\u00f3n y Contacto del CIFP N\u00famero Uno.<\/a><\/p>\n<h3>Organizaci\u00f3n<\/h3>\n<p>Como cualquier otro centro donde se imparten estudios de formaci\u00f3n profesional, aparte de los dptos. de familias profesionales, tenemos dos dptos. did\u00e1cticos m\u00e1s:<\/p>\n<ul>\n<li>Ingl\u00e9s<\/li>\n<li>Formaci\u00f3n y Orientaci\u00f3n Laboral<\/li>\n<\/ul>\n<p>Pero adem\u00e1s, como centro integrado, tenemos otros departamentos no did\u00e1cticos, que podemos denominar \u201cestrat\u00e9gicos\u201d y que son los dptos. de:<\/p>\n<ul>\n<li>Calidad<\/li>\n<li>Innovaci\u00f3n<\/li>\n<li>Informaci\u00f3n y Orientaci\u00f3n Profesional<\/li>\n<li>Evaluaci\u00f3n y Acreditaci\u00f3n de Competencias Profesionales<\/li>\n<li>Relaciones con las Empresas<\/li>\n<\/ul>\n<p>Para atender nuestra gran oferta de formaci\u00f3n, contamos con un centenar de profesores y profesoras, junto con unas amplias y modernas instalaciones, divididas en tres edificios, con una superficie construida de aproximadamente 6.000 m2.<\/p>\n<p>Nuestro Centro est\u00e1 abierto de 8:15 h de la ma\u00f1ana hasta las 21:30 h de la noche.<\/p>\n<p>\u00bb <a href=\"https:\/\/cifp.es\/index.php?option=com_content&amp;view=article&amp;id=669\" target=\"_blank\" rel=\"noopener\">Acceder al apto. de Organizaci\u00f3n de Centro de nuestra Web.<\/a><\/p>\n<h2>Proyecci\u00f3n y excelencia<\/h2>\n<p>Nuestro alumnado participa en concursos regionales y \u201cskills\u201d de formaci\u00f3n profesional:<\/p>\n<ul>\n<li>StartInnova<\/li>\n<li>CantabriaSkills<\/li>\n<li>Euskelec<\/li>\n<\/ul>\n<p>Teniendo el honor de haber quedado campeones o finalistas en las \u00faltimas ediciones de estos eventos.<\/p>\n<p>Adem\u00e1s, el Centro participa en numerosos proyectos de Innovaci\u00f3n, entre los que podemos destacar:<\/p>\n<ul>\n<li>Emisora did\u00e1ctica de tv TDT<\/li>\n<li>Hogar digital<\/li>\n<li>Sistema Modular Electro-\u00f3ptico para Diagn\u00f3stico M\u00e9dico Multimagen<\/li>\n<li>Europa Spiders<\/li>\n<li>Digitalizaci\u00f3n del Banco de Potencia de veh\u00edculos<\/li>\n<li>Proyecto DAKAR<\/li>\n<li>Inteligencia Artificial y Rob\u00f3tica Colaborativa para la digitalizaci\u00f3n de procesos industriales basados en visi\u00f3n<\/li>\n<li>Estudio de eficiencia en instalaciones solares fotovoltaicas frente a sombras<\/li>\n<\/ul>\n<p>El Centro Integrado de FP N\u00famero Uno est\u00e1 centrado y proyectado en las Nuevas Tecnolog\u00edas: adem\u00e1s de su Web de centro, sus departamentos did\u00e1cticos y \u201cestrat\u00e9gicos\u201d (no did\u00e1cticos) tienen cada uno su blog donde dan a conocer sus actividades, novedades y servicios que ofrecen, incluyendo variados blogs como:<\/p>\n<ul>\n<li>Blog de Igualdad<\/li>\n<li>Blog de TICs en el CIFP N\u00famero Uno<\/li>\n<li>Google-Site \u201cMujeres en la ciencia\u201d<\/li>\n<\/ul>\n","protected":false},"excerpt":{"rendered":"<p>\ufeff \ufeff El Centro Integrado de Formaci\u00f3n Profesional N\u00famero Uno est\u00e1 situado en la calle Francisco Rivas Moreno, del t\u00e9rmino [&hellip;]<\/p>\n","protected":false},"author":1,"featured_media":25,"parent":0,"menu_order":0,"comment_status":"closed","ping_status":"closed","template":"","meta":{"site-sidebar-layout":"default","site-content-layout":"","ast-site-content-layout":"default","site-content-style":"default","site-sidebar-style":"default","ast-global-header-display":"","ast-banner-title-visibility":"","ast-main-header-display":"","ast-hfb-above-header-display":"","ast-hfb-below-header-display":"","ast-hfb-mobile-header-display":"","site-post-title":"","ast-breadcrumbs-content":"","ast-featured-img":"","footer-sml-layout":"","ast-disable-related-posts":"","theme-transparent-header-meta":"default","adv-header-id-meta":"","stick-header-meta":"","header-above-stick-meta":"","header-main-stick-meta":"","header-below-stick-meta":"","astra-migrate-meta-layouts":"set","ast-page-background-enabled":"default","ast-page-background-meta":{"desktop":{"background-color":"var(--ast-global-color-5)","background-image":"","background-repeat":"repeat","background-position":"center center","background-size":"auto","background-attachment":"scroll","background-type":"","background-media":"","overlay-type":"","overlay-color":"","overlay-opacity":"","overlay-gradient":""},"tablet":{"background-color":"","background-image":"","background-repeat":"repeat","background-position":"center center","background-size":"auto","background-attachment":"scroll","background-type":"","background-media":"","overlay-type":"","overlay-color":"","overlay-opacity":"","overlay-gradient":""},"mobile":{"background-color":"","background-image":"","background-repeat":"repeat","background-position":"center center","background-size":"auto","background-attachment":"scroll","background-type":"","background-media":"","overlay-type":"","overlay-color":"","overlay-opacity":"","overlay-gradient":""}},"ast-content-background-meta":{"desktop":{"background-color":"var(--ast-global-color-4)","background-image":"","background-repeat":"repeat","background-position":"center center","background-size":"auto","background-attachment":"scroll","background-type":"","background-media":"","overlay-type":"","overlay-color":"","overlay-opacity":"","overlay-gradient":""},"tablet":{"background-color":"var(--ast-global-color-4)","background-image":"","background-repeat":"repeat","background-position":"center center","background-size":"auto","background-attachment":"scroll","background-type":"","background-media":"","overlay-type":"","overlay-color":"","overlay-opacity":"","overlay-gradient":""},"mobile":{"background-color":"var(--ast-global-color-4)","background-image":"","background-repeat":"repeat","background-position":"center center","background-size":"auto","background-attachment":"scroll","background-type":"","background-media":"","overlay-type":"","overlay-color":"","overlay-opacity":"","overlay-gradient":""}},"footnotes":""},"class_list":["post-28","page","type-page","status-publish","has-post-thumbnail","hentry"],"_links":{"self":[{"href":"https:\/\/cifpn1.com\/excelencia\/index.php?rest_route=\/wp\/v2\/pages\/28","targetHints":{"allow":["GET"]}}],"collection":[{"href":"https:\/\/cifpn1.com\/excelencia\/index.php?rest_route=\/wp\/v2\/pages"}],"about":[{"href":"https:\/\/cifpn1.com\/excelencia\/index.php?rest_route=\/wp\/v2\/types\/page"}],"author":[{"embeddable":true,"href":"https:\/\/cifpn1.com\/excelencia\/index.php?rest_route=\/wp\/v2\/users\/1"}],"replies":[{"embeddable":true,"href":"https:\/\/cifpn1.com\/excelencia\/index.php?rest_route=%2Fwp%2Fv2%2Fcomments&post=28"}],"version-history":[{"count":10,"href":"https:\/\/cifpn1.com\/excelencia\/index.php?rest_route=\/wp\/v2\/pages\/28\/revisions"}],"predecessor-version":[{"id":77,"href":"https:\/\/cifpn1.com\/excelencia\/index.php?rest_route=\/wp\/v2\/pages\/28\/revisions\/77"}],"wp:featuredmedia":[{"embeddable":true,"href":"https:\/\/cifpn1.com\/excelencia\/index.php?rest_route=\/wp\/v2\/media\/25"}],"wp:attachment":[{"href":"https:\/\/cifpn1.com\/excelencia\/index.php?rest_route=%2Fwp%2Fv2%2Fmedia&parent=28"}],"curies":[{"name":"wp","href":"https:\/\/api.w.org\/{rel}","templated":true}]}}