{"id":192,"date":"2025-09-15T23:01:36","date_gmt":"2025-09-15T21:01:36","guid":{"rendered":"https:\/\/cifpn1.com\/excelencia\/?page_id=192"},"modified":"2025-09-29T08:39:11","modified_gmt":"2025-09-29T06:39:11","slug":"vehiculos-electricos","status":"publish","type":"page","link":"https:\/\/cifpn1.com\/excelencia\/?page_id=192","title":{"rendered":"Movilidad Sostenible"},"content":{"rendered":"<h2><em><strong>Creaci\u00f3n y desarrollo de veh\u00edculos el\u00e9ctricos.<\/strong><\/em><\/h2>\n<p>Actuaci\u00f3nes englobadas dentro de las actividades de los Centros de Excelencia en FP esta financiada por la Uni\u00f3n Europea a trav\u00e9s de los fondos \u201cNextGenerationEU\u201d y el \u201cPlan de Recuperaci\u00f3n, Transformaci\u00f3n y Resiliencia\u201d MRR.<\/p>\n<p style=\"text-align: left;\">Una vez finalizados los veh\u00edculos, nos hemos desplazado a Vitoria y Santa Perpetua de Moguda, donde hemos participado en ambas competiciones.<\/p>\n<p style=\"text-align: left;\">El alumnado y profesorado, han podido intercambiar opiniones con otros centros, contribuyendo a fomentar la red de Centros.<\/p>\n<blockquote class=\"instagram-media\" style=\"background: #FFF; border: 0; border-radius: 3px; box-shadow: 0 0 1px 0 rgba(0,0,0,0.5),0 1px 10px 0 rgba(0,0,0,0.15); margin: 1px; max-width: 540px; min-width: 326px; padding: 0; width: calc(100% - 2px);\" data-instgrm-captioned=\"\" data-instgrm-permalink=\"https:\/\/www.instagram.com\/p\/C7ZN0Uno4lg\/?utm_source=ig_embed&amp;utm_campaign=loading\" data-instgrm-version=\"14\">\n<div style=\"padding: 16px;\">\n<p>&nbsp;<\/p>\n<div style=\"display: flex; flex-direction: row; align-items: center;\">\n<div style=\"background-color: #f4f4f4; border-radius: 50%; flex-grow: 0; height: 40px; margin-right: 14px; width: 40px;\"><\/div>\n<div style=\"display: flex; flex-direction: column; flex-grow: 1; justify-content: center;\">\n<div style=\"background-color: #f4f4f4; border-radius: 4px; flex-grow: 0; height: 14px; margin-bottom: 6px; width: 100px;\"><\/div>\n<div style=\"background-color: #f4f4f4; border-radius: 4px; flex-grow: 0; height: 14px; width: 60px;\"><\/div>\n<\/div>\n<\/div>\n<div style=\"padding: 19% 0;\"><\/div>\n<div style=\"display: block; height: 50px; margin: 0 auto 12px; width: 50px;\"><\/div>\n<div style=\"padding-top: 8px;\">\n<div style=\"color: #3897f0; font-family: Arial,sans-serif; font-size: 14px; font-style: normal; font-weight: 550; line-height: 18px;\">Ver esta publicaci\u00f3n en Instagram<\/div>\n<\/div>\n<div style=\"padding: 12.5% 0;\"><\/div>\n<div style=\"display: flex; flex-direction: row; margin-bottom: 14px; align-items: center;\">\n<div>\n<div style=\"background-color: #f4f4f4; border-radius: 50%; height: 12.5px; width: 12.5px; transform: translateX(0px) translateY(7px);\"><\/div>\n<div style=\"background-color: #f4f4f4; height: 12.5px; transform: rotate(-45deg) translateX(3px) translateY(1px); width: 12.5px; flex-grow: 0; margin-right: 14px; margin-left: 2px;\"><\/div>\n<div style=\"background-color: #f4f4f4; border-radius: 50%; height: 12.5px; width: 12.5px; transform: translateX(9px) translateY(-18px);\"><\/div>\n<\/div>\n<div style=\"margin-left: 8px;\">\n<div style=\"background-color: #f4f4f4; border-radius: 50%; flex-grow: 0; height: 20px; width: 20px;\"><\/div>\n<div style=\"width: 0; height: 0; border-top: 2px solid transparent; border-left: 6px solid #f4f4f4; border-bottom: 2px solid transparent; transform: translateX(16px) translateY(-4px) rotate(30deg);\"><\/div>\n<\/div>\n<div style=\"margin-left: auto;\">\n<div style=\"width: 0px; border-top: 8px solid #F4F4F4; border-right: 8px solid transparent; transform: translateY(16px);\"><\/div>\n<div style=\"background-color: #f4f4f4; flex-grow: 0; height: 12px; width: 16px; transform: translateY(-4px);\"><\/div>\n<div style=\"width: 0; height: 0; border-top: 8px solid #F4F4F4; border-left: 8px solid transparent; transform: translateY(-4px) translateX(8px);\"><\/div>\n<\/div>\n<\/div>\n<div style=\"display: flex; flex-direction: column; flex-grow: 1; justify-content: center; margin-bottom: 24px;\">\n<div style=\"background-color: #f4f4f4; border-radius: 4px; flex-grow: 0; height: 14px; margin-bottom: 6px; width: 224px;\"><\/div>\n<div style=\"background-color: #f4f4f4; border-radius: 4px; flex-grow: 0; height: 14px; width: 144px;\"><\/div>\n<\/div>\n<p>&nbsp;<\/p>\n<p style=\"color: #c9c8cd; font-family: Arial,sans-serif; font-size: 14px; line-height: 17px; margin-bottom: 0; margin-top: 8px; overflow: hidden; padding: 8px 0 7px; text-align: center; text-overflow: ellipsis; white-space: nowrap;\"><a style=\"color: #c9c8cd; font-family: Arial,sans-serif; font-size: 14px; font-style: normal; font-weight: normal; line-height: 17px; text-decoration: none;\" href=\"https:\/\/www.instagram.com\/p\/C7ZN0Uno4lg\/?utm_source=ig_embed&amp;utm_campaign=loading\" target=\"_blank\" rel=\"noopener\">Una publicaci\u00f3n compartida de CIFP N1 Santander (@cifpn1santander)<\/a><\/p>\n<\/div>\n<\/blockquote>\n<p style=\"text-align: center;\"><script async src=\"\/\/www.instagram.com\/embed.js\"><\/script><\/p>\n<p><strong>Parking solar fotovoltaico dotado con marquesina y paneles fotovoltaicos integrados para la obtenci\u00f3n de energ\u00eda.<\/strong><\/p>\n<p>El Parking solar fotovoltaico dotado con marquesina y paneles fotovoltaicos integrados para la obtenci\u00f3n de energ\u00eda ha sido instalado.<\/p>\n<p><strong>Con este proyecto:<\/strong><\/p>\n<ul>\n<li><strong>Reducimos nuestra huella de carbono:<\/strong>\u00a0Al generar nuestra propia energ\u00eda a partir de fuentes renovables, contribuimos a disminuir las emisiones de gases de efecto invernadero y a combatir el cambio clim\u00e1tico.<\/li>\n<li><strong>Ahorramos energ\u00eda y dinero:<\/strong>\u00a0La energ\u00eda solar es una fuente inagotable y gratuita. Al aprovecharla, reducimos nuestra dependencia de las energ\u00edas f\u00f3siles y ahorramos en nuestra factura de la luz.<\/li>\n<li><strong>Somos un referente en sostenibilidad:<\/strong>\u00a0Este proyecto nos convierte en un centro educativo comprometido con el cuidado del medio ambiente y la innovaci\u00f3n tecnol\u00f3gica.<\/li>\n<\/ul>\n<p><img loading=\"lazy\" decoding=\"async\" class=\"aligncenter wp-image-223 size-full\" src=\"https:\/\/cifpn1.com\/excelencia\/wp-content\/uploads\/2025\/09\/Estacion-de-carga-1-656x369-1.jpg\" alt=\"\" width=\"656\" height=\"369\" srcset=\"https:\/\/cifpn1.com\/excelencia\/wp-content\/uploads\/2025\/09\/Estacion-de-carga-1-656x369-1.jpg 656w, https:\/\/cifpn1.com\/excelencia\/wp-content\/uploads\/2025\/09\/Estacion-de-carga-1-656x369-1-350x197.jpg 350w\" sizes=\"auto, (max-width: 656px) 100vw, 656px\" \/><\/p>\n<p>&nbsp;<\/p>\n<p>&nbsp;<\/p>\n<p><img loading=\"lazy\" decoding=\"async\" class=\"aligncenter wp-image-222 size-full\" src=\"https:\/\/cifpn1.com\/excelencia\/wp-content\/uploads\/2025\/09\/ENERGIAS-RENOVABLES-656x1166-1.jpg\" alt=\"\" width=\"656\" height=\"1166\" srcset=\"https:\/\/cifpn1.com\/excelencia\/wp-content\/uploads\/2025\/09\/ENERGIAS-RENOVABLES-656x1166-1.jpg 656w, https:\/\/cifpn1.com\/excelencia\/wp-content\/uploads\/2025\/09\/ENERGIAS-RENOVABLES-656x1166-1-197x350.jpg 197w, https:\/\/cifpn1.com\/excelencia\/wp-content\/uploads\/2025\/09\/ENERGIAS-RENOVABLES-656x1166-1-576x1024.jpg 576w\" sizes=\"auto, (max-width: 656px) 100vw, 656px\" \/><\/p>\n<p>&nbsp;<\/p>\n<p>&nbsp;<\/p>\n<p>&nbsp;<\/p>\n<p>&nbsp;<\/p>\n<p>&nbsp;<\/p>\n","protected":false},"excerpt":{"rendered":"<p>Creaci\u00f3n y desarrollo de veh\u00edculos el\u00e9ctricos. Actuaci\u00f3nes englobadas dentro de las actividades de los Centros de Excelencia en FP esta [&hellip;]<\/p>\n","protected":false},"author":3,"featured_media":200,"parent":0,"menu_order":0,"comment_status":"closed","ping_status":"closed","template":"","meta":{"site-sidebar-layout":"default","site-content-layout":"","ast-site-content-layout":"default","site-content-style":"default","site-sidebar-style":"default","ast-global-header-display":"","ast-banner-title-visibility":"","ast-main-header-display":"","ast-hfb-above-header-display":"","ast-hfb-below-header-display":"","ast-hfb-mobile-header-display":"","site-post-title":"","ast-breadcrumbs-content":"","ast-featured-img":"","footer-sml-layout":"","ast-disable-related-posts":"","theme-transparent-header-meta":"default","adv-header-id-meta":"","stick-header-meta":"","header-above-stick-meta":"","header-main-stick-meta":"","header-below-stick-meta":"","astra-migrate-meta-layouts":"set","ast-page-background-enabled":"default","ast-page-background-meta":{"desktop":{"background-color":"var(--ast-global-color-5)","background-image":"","background-repeat":"repeat","background-position":"center center","background-size":"auto","background-attachment":"scroll","background-type":"","background-media":"","overlay-type":"","overlay-color":"","overlay-opacity":"","overlay-gradient":""},"tablet":{"background-color":"","background-image":"","background-repeat":"repeat","background-position":"center center","background-size":"auto","background-attachment":"scroll","background-type":"","background-media":"","overlay-type":"","overlay-color":"","overlay-opacity":"","overlay-gradient":""},"mobile":{"background-color":"","background-image":"","background-repeat":"repeat","background-position":"center center","background-size":"auto","background-attachment":"scroll","background-type":"","background-media":"","overlay-type":"","overlay-color":"","overlay-opacity":"","overlay-gradient":""}},"ast-content-background-meta":{"desktop":{"background-color":"var(--ast-global-color-4)","background-image":"","background-repeat":"repeat","background-position":"center center","background-size":"auto","background-attachment":"scroll","background-type":"","background-media":"","overlay-type":"","overlay-color":"","overlay-opacity":"","overlay-gradient":""},"tablet":{"background-color":"var(--ast-global-color-4)","background-image":"","background-repeat":"repeat","background-position":"center center","background-size":"auto","background-attachment":"scroll","background-type":"","background-media":"","overlay-type":"","overlay-color":"","overlay-opacity":"","overlay-gradient":""},"mobile":{"background-color":"var(--ast-global-color-4)","background-image":"","background-repeat":"repeat","background-position":"center center","background-size":"auto","background-attachment":"scroll","background-type":"","background-media":"","overlay-type":"","overlay-color":"","overlay-opacity":"","overlay-gradient":""}},"footnotes":""},"class_list":["post-192","page","type-page","status-publish","has-post-thumbnail","hentry"],"_links":{"self":[{"href":"https:\/\/cifpn1.com\/excelencia\/index.php?rest_route=\/wp\/v2\/pages\/192","targetHints":{"allow":["GET"]}}],"collection":[{"href":"https:\/\/cifpn1.com\/excelencia\/index.php?rest_route=\/wp\/v2\/pages"}],"about":[{"href":"https:\/\/cifpn1.com\/excelencia\/index.php?rest_route=\/wp\/v2\/types\/page"}],"author":[{"embeddable":true,"href":"https:\/\/cifpn1.com\/excelencia\/index.php?rest_route=\/wp\/v2\/users\/3"}],"replies":[{"embeddable":true,"href":"https:\/\/cifpn1.com\/excelencia\/index.php?rest_route=%2Fwp%2Fv2%2Fcomments&post=192"}],"version-history":[{"count":6,"href":"https:\/\/cifpn1.com\/excelencia\/index.php?rest_route=\/wp\/v2\/pages\/192\/revisions"}],"predecessor-version":[{"id":224,"href":"https:\/\/cifpn1.com\/excelencia\/index.php?rest_route=\/wp\/v2\/pages\/192\/revisions\/224"}],"wp:featuredmedia":[{"embeddable":true,"href":"https:\/\/cifpn1.com\/excelencia\/index.php?rest_route=\/wp\/v2\/media\/200"}],"wp:attachment":[{"href":"https:\/\/cifpn1.com\/excelencia\/index.php?rest_route=%2Fwp%2Fv2%2Fmedia&parent=192"}],"curies":[{"name":"wp","href":"https:\/\/api.w.org\/{rel}","templated":true}]}}