{"id":158,"date":"2025-09-15T18:38:35","date_gmt":"2025-09-15T16:38:35","guid":{"rendered":"https:\/\/cifpn1.com\/excelencia\/?page_id=158"},"modified":"2025-09-15T19:05:59","modified_gmt":"2025-09-15T17:05:59","slug":"proyecto-primario-3","status":"publish","type":"page","link":"https:\/\/cifpn1.com\/excelencia\/?page_id=158","title":{"rendered":"Proyecto Primario 1"},"content":{"rendered":"<p><strong>Nuestro centro impulsa el Proyecto Primario 1 dentro de los Centros de Excelencia de Formaci\u00f3n Profesional.<\/strong><\/p>\n<p>El CIFP N\u00famero Uno, participa en la Red Estatal de Centros de Excelencia en Formaci\u00f3n Profesional, una iniciativa del Ministerio de Educaci\u00f3n, Formaci\u00f3n Profesional y Deporte enmarcada en el Plan de Recuperaci\u00f3n, Transformaci\u00f3n y Resiliencia. Este programa tiene como finalidad modernizar la Formaci\u00f3n Profesional en Espa\u00f1a, impulsando la innovaci\u00f3n, la digitalizaci\u00f3n y la conexi\u00f3n con las necesidades reales del tejido productivo.<\/p>\n<p>Dentro de esta estrategia, nuestro centro desarrolla el <strong>Proyecto Primario 1<\/strong>, correspondiente a la Fase I de implantaci\u00f3n.<\/p>\n<p>Este proyecto se centra en la transformaci\u00f3n tecnol\u00f3gica, digital y metodol\u00f3gica de los procesos formativos, incorporando recursos de vanguardia y adaptando los espacios de aprendizaje a metodolog\u00edas activas y colaborativas.<\/p>\n<p>Entre las actuaciones contempladas destacan la renovaci\u00f3n de infraestructuras tecnol\u00f3gicas, la adecuaci\u00f3n de talleres y aulas a nuevos modelos de ense\u00f1anza, y la digitalizaci\u00f3n de los procesos formativos.<\/p>\n<p>Se realiza la de mejora y modernizaci\u00f3n de las \u00e1reas de carrocer\u00eda y pintura, as\u00ed como de las diferentes aulas del centro, desde el punto de vista tecnol\u00f3gico, de espacios y mobiliario.<\/p>\n<div id='gallery-1' class='gallery galleryid-158 gallery-columns-2 gallery-size-large'><figure class='gallery-item'>\n\t\t\t<div class='gallery-icon landscape'>\n\t\t\t\t<a href='https:\/\/cifpn1.com\/excelencia\/?attachment_id=123'><img loading=\"lazy\" decoding=\"async\" width=\"1024\" height=\"768\" src=\"https:\/\/cifpn1.com\/excelencia\/wp-content\/uploads\/2025\/09\/aula-1-1200x900-1-1024x768.jpg\" class=\"attachment-large size-large\" alt=\"\" srcset=\"https:\/\/cifpn1.com\/excelencia\/wp-content\/uploads\/2025\/09\/aula-1-1200x900-1-1024x768.jpg 1024w, https:\/\/cifpn1.com\/excelencia\/wp-content\/uploads\/2025\/09\/aula-1-1200x900-1-350x263.jpg 350w, https:\/\/cifpn1.com\/excelencia\/wp-content\/uploads\/2025\/09\/aula-1-1200x900-1-768x576.jpg 768w, https:\/\/cifpn1.com\/excelencia\/wp-content\/uploads\/2025\/09\/aula-1-1200x900-1.jpg 1200w\" sizes=\"auto, (max-width: 1024px) 100vw, 1024px\" \/><\/a>\n\t\t\t<\/div><\/figure><figure class='gallery-item'>\n\t\t\t<div class='gallery-icon landscape'>\n\t\t\t\t<a href='https:\/\/cifpn1.com\/excelencia\/?attachment_id=124'><img loading=\"lazy\" decoding=\"async\" width=\"1024\" height=\"576\" src=\"https:\/\/cifpn1.com\/excelencia\/wp-content\/uploads\/2025\/09\/aula-2-1200x675-1-1024x576.jpg\" class=\"attachment-large size-large\" alt=\"\" srcset=\"https:\/\/cifpn1.com\/excelencia\/wp-content\/uploads\/2025\/09\/aula-2-1200x675-1-1024x576.jpg 1024w, https:\/\/cifpn1.com\/excelencia\/wp-content\/uploads\/2025\/09\/aula-2-1200x675-1-350x197.jpg 350w, https:\/\/cifpn1.com\/excelencia\/wp-content\/uploads\/2025\/09\/aula-2-1200x675-1-768x432.jpg 768w, https:\/\/cifpn1.com\/excelencia\/wp-content\/uploads\/2025\/09\/aula-2-1200x675-1.jpg 1200w\" sizes=\"auto, (max-width: 1024px) 100vw, 1024px\" \/><\/a>\n\t\t\t<\/div><\/figure><figure class='gallery-item'>\n\t\t\t<div class='gallery-icon landscape'>\n\t\t\t\t<a href='https:\/\/cifpn1.com\/excelencia\/?attachment_id=126'><img loading=\"lazy\" decoding=\"async\" width=\"1024\" height=\"576\" src=\"https:\/\/cifpn1.com\/excelencia\/wp-content\/uploads\/2025\/09\/Carroceria-4-1200x675-1-1024x576.jpg\" class=\"attachment-large size-large\" alt=\"\" srcset=\"https:\/\/cifpn1.com\/excelencia\/wp-content\/uploads\/2025\/09\/Carroceria-4-1200x675-1-1024x576.jpg 1024w, https:\/\/cifpn1.com\/excelencia\/wp-content\/uploads\/2025\/09\/Carroceria-4-1200x675-1-350x197.jpg 350w, https:\/\/cifpn1.com\/excelencia\/wp-content\/uploads\/2025\/09\/Carroceria-4-1200x675-1-768x432.jpg 768w, https:\/\/cifpn1.com\/excelencia\/wp-content\/uploads\/2025\/09\/Carroceria-4-1200x675-1.jpg 1200w\" sizes=\"auto, (max-width: 1024px) 100vw, 1024px\" \/><\/a>\n\t\t\t<\/div><\/figure><figure class='gallery-item'>\n\t\t\t<div class='gallery-icon landscape'>\n\t\t\t\t<a href='https:\/\/cifpn1.com\/excelencia\/?attachment_id=125'><img loading=\"lazy\" decoding=\"async\" width=\"1024\" height=\"576\" src=\"https:\/\/cifpn1.com\/excelencia\/wp-content\/uploads\/2025\/09\/Carroceria-3-1200x675-1-1024x576.jpg\" class=\"attachment-large size-large\" alt=\"\" srcset=\"https:\/\/cifpn1.com\/excelencia\/wp-content\/uploads\/2025\/09\/Carroceria-3-1200x675-1-1024x576.jpg 1024w, https:\/\/cifpn1.com\/excelencia\/wp-content\/uploads\/2025\/09\/Carroceria-3-1200x675-1-350x197.jpg 350w, https:\/\/cifpn1.com\/excelencia\/wp-content\/uploads\/2025\/09\/Carroceria-3-1200x675-1-768x432.jpg 768w, https:\/\/cifpn1.com\/excelencia\/wp-content\/uploads\/2025\/09\/Carroceria-3-1200x675-1.jpg 1200w\" sizes=\"auto, (max-width: 1024px) 100vw, 1024px\" \/><\/a>\n\t\t\t<\/div><\/figure>\n\t\t<\/div>\n\n<p>Todo ello tiene como objetivo garantizar que el alumnado disponga de un entorno de aprendizaje innovador y adaptado a las competencias profesionales que demanda el mercado laboral.<\/p>\n<p>El proyecto incluye tambi\u00e9n un plan de formaci\u00f3n del profesorado, con estancias en centros referentes designados por la Secretar\u00eda General de Formaci\u00f3n Profesional.<\/p>\n<blockquote class=\"instagram-media\" style=\"background: #FFF; border: 0; border-radius: 3px; box-shadow: 0 0 1px 0 rgba(0,0,0,0.5),0 1px 10px 0 rgba(0,0,0,0.15); margin: 1px; max-width: 540px; min-width: 326px; padding: 0; width: calc(100% - 2px);\" data-instgrm-captioned=\"\" data-instgrm-permalink=\"https:\/\/www.instagram.com\/p\/CxDCET0Iami\/?utm_source=ig_embed&amp;utm_campaign=loading\" data-instgrm-version=\"14\">\n<div style=\"padding: 16px;\">\n<p>&nbsp;<\/p>\n<div style=\"display: flex; flex-direction: row; align-items: center;\">\n<div style=\"background-color: #f4f4f4; border-radius: 50%; flex-grow: 0; height: 40px; margin-right: 14px; width: 40px;\"><\/div>\n<div style=\"display: flex; flex-direction: column; flex-grow: 1; justify-content: center;\">\n<div style=\"background-color: #f4f4f4; border-radius: 4px; flex-grow: 0; height: 14px; margin-bottom: 6px; width: 100px;\"><\/div>\n<div style=\"background-color: #f4f4f4; border-radius: 4px; flex-grow: 0; height: 14px; width: 60px;\"><\/div>\n<\/div>\n<\/div>\n<div style=\"padding: 19% 0;\"><\/div>\n<div style=\"display: block; height: 50px; margin: 0 auto 12px; width: 50px;\"><\/div>\n<div style=\"padding-top: 8px;\">\n<div style=\"color: #3897f0; font-family: Arial,sans-serif; font-size: 14px; font-style: normal; font-weight: 550; line-height: 18px;\">Ver esta publicaci\u00f3n en Instagram<\/div>\n<\/div>\n<div style=\"padding: 12.5% 0;\"><\/div>\n<div style=\"display: flex; flex-direction: row; margin-bottom: 14px; align-items: center;\">\n<div>\n<div style=\"background-color: #f4f4f4; border-radius: 50%; height: 12.5px; width: 12.5px; transform: translateX(0px) translateY(7px);\"><\/div>\n<div style=\"background-color: #f4f4f4; height: 12.5px; transform: rotate(-45deg) translateX(3px) translateY(1px); width: 12.5px; flex-grow: 0; margin-right: 14px; margin-left: 2px;\"><\/div>\n<div style=\"background-color: #f4f4f4; border-radius: 50%; height: 12.5px; width: 12.5px; transform: translateX(9px) translateY(-18px);\"><\/div>\n<\/div>\n<div style=\"margin-left: 8px;\">\n<div style=\"background-color: #f4f4f4; border-radius: 50%; flex-grow: 0; height: 20px; width: 20px;\"><\/div>\n<div style=\"width: 0; height: 0; border-top: 2px solid transparent; border-left: 6px solid #f4f4f4; border-bottom: 2px solid transparent; transform: translateX(16px) translateY(-4px) rotate(30deg);\"><\/div>\n<\/div>\n<div style=\"margin-left: auto;\">\n<div style=\"width: 0px; border-top: 8px solid #F4F4F4; border-right: 8px solid transparent; transform: translateY(16px);\"><\/div>\n<div style=\"background-color: #f4f4f4; flex-grow: 0; height: 12px; width: 16px; transform: translateY(-4px);\"><\/div>\n<div style=\"width: 0; height: 0; border-top: 8px solid #F4F4F4; border-left: 8px solid transparent; transform: translateY(-4px) translateX(8px);\"><\/div>\n<\/div>\n<\/div>\n<div style=\"display: flex; flex-direction: column; flex-grow: 1; justify-content: center; margin-bottom: 24px;\">\n<div style=\"background-color: #f4f4f4; border-radius: 4px; flex-grow: 0; height: 14px; margin-bottom: 6px; width: 224px;\"><\/div>\n<div style=\"background-color: #f4f4f4; border-radius: 4px; flex-grow: 0; height: 14px; width: 144px;\"><\/div>\n<\/div>\n<p>&nbsp;<\/p>\n<p style=\"color: #c9c8cd; font-family: Arial,sans-serif; font-size: 14px; line-height: 17px; margin-bottom: 0; margin-top: 8px; overflow: hidden; padding: 8px 0 7px; text-align: center; text-overflow: ellipsis; white-space: nowrap;\"><a style=\"color: #c9c8cd; font-family: Arial,sans-serif; font-size: 14px; font-style: normal; font-weight: normal; line-height: 17px; text-decoration: none;\" href=\"https:\/\/www.instagram.com\/p\/CxDCET0Iami\/?utm_source=ig_embed&amp;utm_campaign=loading\" target=\"_blank\" rel=\"noopener\">Una publicaci\u00f3n compartida de CIFP N1 Santander (@cifpn1santander)<\/a><\/p>\n<\/div>\n<\/blockquote>\n<p style=\"text-align: center;\"><script async src=\"\/\/www.instagram.com\/embed.js\"><\/script><\/p>\n<p>Estas estancias permitir\u00e1n la transferencia de buenas pr\u00e1cticas y la incorporaci\u00f3n de experiencias consolidadas en innovaci\u00f3n educativa.<\/p>\n<p>Gracias a esta iniciativa, el CIFP N\u00famero Uno refuerza su compromiso con la excelencia educativa, se posiciona como agente de innovaci\u00f3n en el \u00e1mbito de la Formaci\u00f3n Profesional y contribuye al impulso de una FP moderna, competitiva y de calidad.<\/p>\n","protected":false},"excerpt":{"rendered":"<p>Nuestro centro impulsa el Proyecto Primario 1 dentro de los Centros de Excelencia de Formaci\u00f3n Profesional. El CIFP N\u00famero Uno, [&hellip;]<\/p>\n","protected":false},"author":3,"featured_media":124,"parent":0,"menu_order":0,"comment_status":"closed","ping_status":"closed","template":"","meta":{"site-sidebar-layout":"default","site-content-layout":"","ast-site-content-layout":"default","site-content-style":"default","site-sidebar-style":"default","ast-global-header-display":"","ast-banner-title-visibility":"","ast-main-header-display":"","ast-hfb-above-header-display":"","ast-hfb-below-header-display":"","ast-hfb-mobile-header-display":"","site-post-title":"","ast-breadcrumbs-content":"","ast-featured-img":"","footer-sml-layout":"","ast-disable-related-posts":"","theme-transparent-header-meta":"default","adv-header-id-meta":"","stick-header-meta":"","header-above-stick-meta":"","header-main-stick-meta":"","header-below-stick-meta":"","astra-migrate-meta-layouts":"set","ast-page-background-enabled":"default","ast-page-background-meta":{"desktop":{"background-color":"var(--ast-global-color-5)","background-image":"","background-repeat":"repeat","background-position":"center center","background-size":"auto","background-attachment":"scroll","background-type":"","background-media":"","overlay-type":"","overlay-color":"","overlay-opacity":"","overlay-gradient":""},"tablet":{"background-color":"","background-image":"","background-repeat":"repeat","background-position":"center center","background-size":"auto","background-attachment":"scroll","background-type":"","background-media":"","overlay-type":"","overlay-color":"","overlay-opacity":"","overlay-gradient":""},"mobile":{"background-color":"","background-image":"","background-repeat":"repeat","background-position":"center center","background-size":"auto","background-attachment":"scroll","background-type":"","background-media":"","overlay-type":"","overlay-color":"","overlay-opacity":"","overlay-gradient":""}},"ast-content-background-meta":{"desktop":{"background-color":"var(--ast-global-color-4)","background-image":"","background-repeat":"repeat","background-position":"center center","background-size":"auto","background-attachment":"scroll","background-type":"","background-media":"","overlay-type":"","overlay-color":"","overlay-opacity":"","overlay-gradient":""},"tablet":{"background-color":"var(--ast-global-color-4)","background-image":"","background-repeat":"repeat","background-position":"center center","background-size":"auto","background-attachment":"scroll","background-type":"","background-media":"","overlay-type":"","overlay-color":"","overlay-opacity":"","overlay-gradient":""},"mobile":{"background-color":"var(--ast-global-color-4)","background-image":"","background-repeat":"repeat","background-position":"center center","background-size":"auto","background-attachment":"scroll","background-type":"","background-media":"","overlay-type":"","overlay-color":"","overlay-opacity":"","overlay-gradient":""}},"footnotes":""},"class_list":["post-158","page","type-page","status-publish","has-post-thumbnail","hentry"],"_links":{"self":[{"href":"https:\/\/cifpn1.com\/excelencia\/index.php?rest_route=\/wp\/v2\/pages\/158","targetHints":{"allow":["GET"]}}],"collection":[{"href":"https:\/\/cifpn1.com\/excelencia\/index.php?rest_route=\/wp\/v2\/pages"}],"about":[{"href":"https:\/\/cifpn1.com\/excelencia\/index.php?rest_route=\/wp\/v2\/types\/page"}],"author":[{"embeddable":true,"href":"https:\/\/cifpn1.com\/excelencia\/index.php?rest_route=\/wp\/v2\/users\/3"}],"replies":[{"embeddable":true,"href":"https:\/\/cifpn1.com\/excelencia\/index.php?rest_route=%2Fwp%2Fv2%2Fcomments&post=158"}],"version-history":[{"count":9,"href":"https:\/\/cifpn1.com\/excelencia\/index.php?rest_route=\/wp\/v2\/pages\/158\/revisions"}],"predecessor-version":[{"id":168,"href":"https:\/\/cifpn1.com\/excelencia\/index.php?rest_route=\/wp\/v2\/pages\/158\/revisions\/168"}],"wp:featuredmedia":[{"embeddable":true,"href":"https:\/\/cifpn1.com\/excelencia\/index.php?rest_route=\/wp\/v2\/media\/124"}],"wp:attachment":[{"href":"https:\/\/cifpn1.com\/excelencia\/index.php?rest_route=%2Fwp%2Fv2%2Fmedia&parent=158"}],"curies":[{"name":"wp","href":"https:\/\/api.w.org\/{rel}","templated":true}]}}