{"id":83,"date":"2018-11-21T08:13:19","date_gmt":"2018-11-21T08:13:19","guid":{"rendered":"https:\/\/cifpn1.com\/epitex\/?page_id=83"},"modified":"2019-11-17T18:33:23","modified_gmt":"2019-11-17T18:33:23","slug":"pruebas","status":"publish","type":"page","link":"https:\/\/cifpn1.com\/epitex\/?page_id=83","title":{"rendered":"Compras"},"content":{"rendered":"<p><img loading=\"lazy\" decoding=\"async\" class=\"alignnone size-full wp-image-565\" src=\"https:\/\/cifpn1.com\/epitex\/wp-content\/uploads\/2019\/11\/Compras.png\" alt=\"\" width=\"889\" height=\"437\" srcset=\"https:\/\/cifpn1.com\/epitex\/wp-content\/uploads\/2019\/11\/Compras.png 889w, https:\/\/cifpn1.com\/epitex\/wp-content\/uploads\/2019\/11\/Compras-300x147.png 300w, https:\/\/cifpn1.com\/epitex\/wp-content\/uploads\/2019\/11\/Compras-768x378.png 768w, https:\/\/cifpn1.com\/epitex\/wp-content\/uploads\/2019\/11\/Compras-122x60.png 122w\" sizes=\"auto, (max-width: 889px) 100vw, 889px\" \/><\/p>\n<h2>Aplicaciones futuras<\/h2>\n<p style=\"text-align: justify;\">Al haberse comprado suficiente material como para realizar pads y prendas en el futuro se incorporar\u00e1n estos contenidos en los ciclos formativos implicados. Las posibilidades de realizar prendas son infinitas con lo que en el futuro una vez superada la fase t\u00e9cnica se podr\u00e1 trabajar m\u00e1s en el dise\u00f1o y la originalidad de las mismas.<\/p>\n<h2>Contabilidad<\/h2>\n<p>A continuaci\u00f3n se presenta el extracto contable en detalle de todos los gastos realizados:<\/p>\n<p><img loading=\"lazy\" decoding=\"async\" class=\"size-full wp-image-567 aligncenter\" src=\"https:\/\/cifpn1.com\/epitex\/wp-content\/uploads\/2019\/11\/Contabilidad-1.png\" alt=\"\" width=\"918\" height=\"599\" srcset=\"https:\/\/cifpn1.com\/epitex\/wp-content\/uploads\/2019\/11\/Contabilidad-1.png 918w, https:\/\/cifpn1.com\/epitex\/wp-content\/uploads\/2019\/11\/Contabilidad-1-300x196.png 300w, https:\/\/cifpn1.com\/epitex\/wp-content\/uploads\/2019\/11\/Contabilidad-1-768x501.png 768w, https:\/\/cifpn1.com\/epitex\/wp-content\/uploads\/2019\/11\/Contabilidad-1-92x60.png 92w\" sizes=\"auto, (max-width: 918px) 100vw, 918px\" \/> <img loading=\"lazy\" decoding=\"async\" class=\"wp-image-568 aligncenter\" src=\"https:\/\/cifpn1.com\/epitex\/wp-content\/uploads\/2019\/11\/Contabilidad-2.png\" alt=\"\" width=\"876\" height=\"475\" srcset=\"https:\/\/cifpn1.com\/epitex\/wp-content\/uploads\/2019\/11\/Contabilidad-2.png 564w, https:\/\/cifpn1.com\/epitex\/wp-content\/uploads\/2019\/11\/Contabilidad-2-300x163.png 300w, https:\/\/cifpn1.com\/epitex\/wp-content\/uploads\/2019\/11\/Contabilidad-2-111x60.png 111w\" sizes=\"auto, (max-width: 876px) 100vw, 876px\" \/><\/p>\n","protected":false},"excerpt":{"rendered":"<p>Aplicaciones futuras Al haberse comprado suficiente material como para realizar pads y prendas en el futuro se incorporar\u00e1n estos contenidos en los ciclos formativos implicados. Las posibilidades de realizar prendas son infinitas con lo que en el futuro una vez superada la fase t\u00e9cnica se podr\u00e1 trabajar m\u00e1s en el dise\u00f1o y la originalidad de &hellip; <\/p>\n","protected":false},"author":1,"featured_media":0,"parent":0,"menu_order":0,"comment_status":"closed","ping_status":"closed","template":"","meta":{"footnotes":""},"class_list":["post-83","page","type-page","status-publish","hentry"],"_links":{"self":[{"href":"https:\/\/cifpn1.com\/epitex\/index.php?rest_route=\/wp\/v2\/pages\/83","targetHints":{"allow":["GET"]}}],"collection":[{"href":"https:\/\/cifpn1.com\/epitex\/index.php?rest_route=\/wp\/v2\/pages"}],"about":[{"href":"https:\/\/cifpn1.com\/epitex\/index.php?rest_route=\/wp\/v2\/types\/page"}],"author":[{"embeddable":true,"href":"https:\/\/cifpn1.com\/epitex\/index.php?rest_route=\/wp\/v2\/users\/1"}],"replies":[{"embeddable":true,"href":"https:\/\/cifpn1.com\/epitex\/index.php?rest_route=%2Fwp%2Fv2%2Fcomments&post=83"}],"version-history":[{"count":5,"href":"https:\/\/cifpn1.com\/epitex\/index.php?rest_route=\/wp\/v2\/pages\/83\/revisions"}],"predecessor-version":[{"id":603,"href":"https:\/\/cifpn1.com\/epitex\/index.php?rest_route=\/wp\/v2\/pages\/83\/revisions\/603"}],"wp:attachment":[{"href":"https:\/\/cifpn1.com\/epitex\/index.php?rest_route=%2Fwp%2Fv2%2Fmedia&parent=83"}],"curies":[{"name":"wp","href":"https:\/\/api.w.org\/{rel}","templated":true}]}}