{"id":79,"date":"2018-11-21T08:12:54","date_gmt":"2018-11-21T08:12:54","guid":{"rendered":"https:\/\/cifpn1.com\/epitex\/?page_id=79"},"modified":"2019-11-17T17:42:33","modified_gmt":"2019-11-17T17:42:33","slug":"reguladores","status":"publish","type":"page","link":"https:\/\/cifpn1.com\/epitex\/?page_id=79","title":{"rendered":"Reguladores"},"content":{"rendered":"<h1>Se encuentran dos reguladores a la venta \u00fanicamente en Aliexpress<\/h1>\n<h2><a href=\"https:\/\/es.aliexpress.com\/item\/4000270668185.html?spm=a2g0o.productlist.0.0.5e9837a0tOJszF&amp;algo_pvid=0b52a338-30da-4824-9002-789b1efaaab3&amp;algo_expid=0b52a338-30da-4824-9002-789b1efaaab3-3&amp;btsid=8bcad1ee-1075-4019-97c0-57649e6024ce&amp;ws_ab_test=searchweb0_0,searchweb201602_10,searchweb201603_52\">Control de temperatura de tres niveles impermeable<\/a><\/h2>\n<p>\u00abCaracter\u00edsticas:<\/p>\n<p>Voltaje: 3,7 V-12 V<\/p>\n<p>Actual: Max 3A<\/p>\n<p>Tama\u00f1o: 34*34*7mm<\/p>\n<p>Materiales: silicona a prueba de agua<\/p>\n<p>: Alambre de 3 l\u00edneas<\/p>\n<p>Precio: \u20ac 1,55 gastos de env\u00edo incluidos<\/p>\n<p><img loading=\"lazy\" decoding=\"async\" class=\"alignnone size-large wp-image-579\" src=\"https:\/\/cifpn1.com\/epitex\/wp-content\/uploads\/2019\/11\/Reguladores-1024x330.png\" alt=\"\" width=\"925\" height=\"298\" srcset=\"https:\/\/cifpn1.com\/epitex\/wp-content\/uploads\/2019\/11\/Reguladores-1024x330.png 1024w, https:\/\/cifpn1.com\/epitex\/wp-content\/uploads\/2019\/11\/Reguladores-300x97.png 300w, https:\/\/cifpn1.com\/epitex\/wp-content\/uploads\/2019\/11\/Reguladores-768x248.png 768w, https:\/\/cifpn1.com\/epitex\/wp-content\/uploads\/2019\/11\/Reguladores-186x60.png 186w, https:\/\/cifpn1.com\/epitex\/wp-content\/uploads\/2019\/11\/Reguladores.png 1116w\" sizes=\"auto, (max-width: 925px) 100vw, 925px\" \/><\/p>\n<p>Lo desmontamos para ver los componentes electr\u00f3nicos que tiene y su dise\u00f1o<\/p>\n<p><img loading=\"lazy\" decoding=\"async\" class=\"alignnone size-full wp-image-580\" src=\"https:\/\/cifpn1.com\/epitex\/wp-content\/uploads\/2019\/11\/Reguladores-interior.png\" alt=\"\" width=\"747\" height=\"360\" srcset=\"https:\/\/cifpn1.com\/epitex\/wp-content\/uploads\/2019\/11\/Reguladores-interior.png 747w, https:\/\/cifpn1.com\/epitex\/wp-content\/uploads\/2019\/11\/Reguladores-interior-300x145.png 300w, https:\/\/cifpn1.com\/epitex\/wp-content\/uploads\/2019\/11\/Reguladores-interior-125x60.png 125w\" sizes=\"auto, (max-width: 747px) 100vw, 747px\" \/><\/p>\n<h2><a href=\"https:\/\/es.aliexpress.com\/item\/33021500419.html?spm=a2g0o.detail.1000014.15.254253b0zw0b8Z&amp;gps-id=pcDetailBottomMoreOtherSeller&amp;scm=1007.13338.128125.0&amp;scm_id=1007.13338.128125.0&amp;scm-url=1007.13338.128125.0&amp;pvid=e52d76fa-ef92-418c-bee8-1581f9d8a7ad\">Interruptor de temperatura USB\u00a0<\/a><\/h2>\n<p>Nombre del producto: Interruptor de temperatura USB\/DC3.5<\/p>\n<p>Longitud Total de la l\u00ednea: unos 90 cm<\/p>\n<p>Material: Pl\u00e1stico<\/p>\n<p>Voltaje: 5 V-12 V<\/p>\n<p>Corriente: 3A<\/p>\n<p>Potencia: 25 W<\/p>\n<p>Tiempo: 30 minutos<\/p>\n<p>Precio: 3.23\u20ac\u00a0 gastos de env\u00edo incluidos<\/p>\n<p><img loading=\"lazy\" decoding=\"async\" class=\"alignnone size-full wp-image-581\" src=\"https:\/\/cifpn1.com\/epitex\/wp-content\/uploads\/2019\/11\/Conector2.png\" alt=\"\" width=\"703\" height=\"348\" srcset=\"https:\/\/cifpn1.com\/epitex\/wp-content\/uploads\/2019\/11\/Conector2.png 703w, https:\/\/cifpn1.com\/epitex\/wp-content\/uploads\/2019\/11\/Conector2-300x149.png 300w, https:\/\/cifpn1.com\/epitex\/wp-content\/uploads\/2019\/11\/Conector2-121x60.png 121w\" sizes=\"auto, (max-width: 703px) 100vw, 703px\" \/><\/p>\n","protected":false},"excerpt":{"rendered":"<p>Se encuentran dos reguladores a la venta \u00fanicamente en Aliexpress Control de temperatura de tres niveles impermeable \u00abCaracter\u00edsticas: Voltaje: 3,7 V-12 V Actual: Max 3A Tama\u00f1o: 34*34*7mm Materiales: silicona a prueba de agua : Alambre de 3 l\u00edneas Precio: \u20ac 1,55 gastos de env\u00edo incluidos Lo desmontamos para ver los componentes electr\u00f3nicos que tiene y &hellip; <\/p>\n","protected":false},"author":1,"featured_media":0,"parent":0,"menu_order":0,"comment_status":"closed","ping_status":"closed","template":"","meta":{"footnotes":""},"class_list":["post-79","page","type-page","status-publish","hentry"],"_links":{"self":[{"href":"https:\/\/cifpn1.com\/epitex\/index.php?rest_route=\/wp\/v2\/pages\/79","targetHints":{"allow":["GET"]}}],"collection":[{"href":"https:\/\/cifpn1.com\/epitex\/index.php?rest_route=\/wp\/v2\/pages"}],"about":[{"href":"https:\/\/cifpn1.com\/epitex\/index.php?rest_route=\/wp\/v2\/types\/page"}],"author":[{"embeddable":true,"href":"https:\/\/cifpn1.com\/epitex\/index.php?rest_route=\/wp\/v2\/users\/1"}],"replies":[{"embeddable":true,"href":"https:\/\/cifpn1.com\/epitex\/index.php?rest_route=%2Fwp%2Fv2%2Fcomments&post=79"}],"version-history":[{"count":4,"href":"https:\/\/cifpn1.com\/epitex\/index.php?rest_route=\/wp\/v2\/pages\/79\/revisions"}],"predecessor-version":[{"id":583,"href":"https:\/\/cifpn1.com\/epitex\/index.php?rest_route=\/wp\/v2\/pages\/79\/revisions\/583"}],"wp:attachment":[{"href":"https:\/\/cifpn1.com\/epitex\/index.php?rest_route=%2Fwp%2Fv2%2Fmedia&parent=79"}],"curies":[{"name":"wp","href":"https:\/\/api.w.org\/{rel}","templated":true}]}}