{"id":436,"date":"2019-02-04T12:05:14","date_gmt":"2019-02-04T12:05:14","guid":{"rendered":"https:\/\/cifpn1.com\/epitex\/?page_id=436"},"modified":"2019-11-17T18:11:04","modified_gmt":"2019-11-17T18:11:04","slug":"ingenieria-inversa","status":"publish","type":"page","link":"https:\/\/cifpn1.com\/epitex\/?page_id=436","title":{"rendered":"Ingenier\u00eda Inversa"},"content":{"rendered":"<p>Una vez realizadas las pruebas de temperatura, lavado, homogeneidad sobre los pads&#8230;. queremos saber c\u00f3mo y de qu\u00e9 materiales est\u00e1n hechos.<\/p>\n<p>Las telas no son de gran inter\u00e9s ya que son telas de forro simples no el\u00e1sticas in ninguna propiedad a rese\u00f1ar. Lo interesante ser\u00e1 conocer algo m\u00e1s acerca del material que hace que la electricidad se transforme en calor.<\/p>\n<h2>Nicrom<\/h2>\n<p>En el caso de los dos pads con regulaci\u00f3n t\u00e9rmica a tres niveles de los que disponemos el material por su color y resistencia parece ser <a href=\"https:\/\/es.wikipedia.org\/wiki\/Nicromo\">Nicrom<\/a>.<\/p>\n<p>El primer pad lleva el conductor de Nicrom directamente soldado al Cobre y parecen haberle a\u00f1adido una pasta blanca tipo silicona que podr\u00eda ser un aislante y que introducir una pasta t\u00e9rmica no tendr\u00eda sentido. El Nicrom est\u00e1 pegado a la tela al igual que el cable que va haciendo un recorrido en forma de \u00abS\u00bb o de t\u00edpico radiador. Para fijar el recorrido del hilo calefactor parece haberse utilizado un pegamento de tela,\u00a0 telas encoladas con pegamento que se activa con el planchado o un elemento tipo \u00abViled\u00f3n\u00bb. La temperatura m\u00e1xima que se alcanza en el pad ser\u00e1 la medida en el centro del hilo conductor y est\u00e1 ligeramente por debajo de 43 grados. La temperatura m\u00ednima es de 27.4 grados. A pesar de no haber una uniformidad en todo el pad se consigue una temperatura de confort. El calibrado de temperatura no es adecuado si los pads van aplicados sobre la piel en una primera capa ya que 43 grados puede causar quemaduras si es utilizado durante varias horas. Si en el empaquetado viniera una indicaci\u00f3n clara de que los pads son para ser utilizados en una capa dos s\u00ed que ser\u00eda una temperatura adecuada ya que la piel recibir\u00eda unos 5 grados cent\u00edgrados menos.<\/p>\n<p><img loading=\"lazy\" decoding=\"async\" class=\"wp-image-443 alignnone\" src=\"https:\/\/cifpn1.com\/epitex\/wp-content\/uploads\/2019\/02\/Nicrom-225x300.jpg\" alt=\"\" width=\"329\" height=\"437\" srcset=\"https:\/\/cifpn1.com\/epitex\/wp-content\/uploads\/2019\/02\/Nicrom-225x300.jpg 225w, https:\/\/cifpn1.com\/epitex\/wp-content\/uploads\/2019\/02\/Nicrom-45x60.jpg 45w\" sizes=\"auto, (max-width: 329px) 100vw, 329px\" \/><img loading=\"lazy\" decoding=\"async\" class=\" wp-image-452\" src=\"https:\/\/cifpn1.com\/epitex\/wp-content\/uploads\/2019\/02\/1_120_a-222x300.jpg\" alt=\"\" width=\"325\" height=\"437\" srcset=\"https:\/\/cifpn1.com\/epitex\/wp-content\/uploads\/2019\/02\/1_120_a-222x300.jpg 222w, https:\/\/cifpn1.com\/epitex\/wp-content\/uploads\/2019\/02\/1_120_a-44x60.jpg 44w\" sizes=\"auto, (max-width: 325px) 100vw, 325px\" \/><img loading=\"lazy\" decoding=\"async\" class=\" wp-image-453\" src=\"https:\/\/cifpn1.com\/epitex\/wp-content\/uploads\/2019\/02\/1_120_b-212x300.jpg\" alt=\"\" width=\"310\" height=\"437\" srcset=\"https:\/\/cifpn1.com\/epitex\/wp-content\/uploads\/2019\/02\/1_120_b-212x300.jpg 212w, https:\/\/cifpn1.com\/epitex\/wp-content\/uploads\/2019\/02\/1_120_b-768x1084.jpg 768w, https:\/\/cifpn1.com\/epitex\/wp-content\/uploads\/2019\/02\/1_120_b-725x1024.jpg 725w, https:\/\/cifpn1.com\/epitex\/wp-content\/uploads\/2019\/02\/1_120_b-42x60.jpg 42w, https:\/\/cifpn1.com\/epitex\/wp-content\/uploads\/2019\/02\/1_120_b.jpg 1044w\" sizes=\"auto, (max-width: 310px) 100vw, 310px\" \/><\/p>\n<p>El segundo pad regulable, que est\u00e1 compuesto de 5 pads peque\u00f1os, tambi\u00e9n est\u00e1 hecho de Nicrom. El hilo calefactor tiene una secci\u00f3n mucho m\u00e1s fina y en lugar de ir pegado el Nicrom va cosido a la entretela. El hecho de que tenga menos secci\u00f3n har\u00e1 que su resistencia sea mayor y por tanto la longitud total del hilo ser\u00e1 menor que en el primer caso. Adem\u00e1s de tener sus extremos soldados al cobre lleva una pasta o pegamento al final para evitar que se desplace el final del cable y se pueda desprender del conductor del Nicrom por un tir\u00f3n. La proximidad de los hilos en este caso hace que la temperatura sea bastante uniforme en toda la superficie calefactada. La temperatura m\u00e1xima que alcana el pad es demasiado alta para ser aplicada sobre la piel directamente y se estabiliza en 45.6 \u00baC en unos tres minutos y medio. De utilizarse en prendas que vayan en contacto directo con la piel estos pads s\u00f3lo podr\u00edan ser itilizados en los niveles uno y dos de temperatura.<\/p>\n<p><img loading=\"lazy\" decoding=\"async\" class=\"wp-image-442 alignnone\" src=\"https:\/\/cifpn1.com\/epitex\/wp-content\/uploads\/2019\/02\/Detalle-cosido-Nicrom-300x225.jpg\" alt=\"\" width=\"584\" height=\"438\" srcset=\"https:\/\/cifpn1.com\/epitex\/wp-content\/uploads\/2019\/02\/Detalle-cosido-Nicrom-300x225.jpg 300w, https:\/\/cifpn1.com\/epitex\/wp-content\/uploads\/2019\/02\/Detalle-cosido-Nicrom-768x576.jpg 768w, https:\/\/cifpn1.com\/epitex\/wp-content\/uploads\/2019\/02\/Detalle-cosido-Nicrom-1024x768.jpg 1024w, https:\/\/cifpn1.com\/epitex\/wp-content\/uploads\/2019\/02\/Detalle-cosido-Nicrom-80x60.jpg 80w\" sizes=\"auto, (max-width: 584px) 100vw, 584px\" \/><img loading=\"lazy\" decoding=\"async\" class=\" wp-image-425\" src=\"https:\/\/cifpn1.com\/epitex\/wp-content\/uploads\/2019\/01\/Pad-227x300.jpg\" alt=\"\" width=\"332\" height=\"437\" srcset=\"https:\/\/cifpn1.com\/epitex\/wp-content\/uploads\/2019\/01\/Pad-227x300.jpg 227w, https:\/\/cifpn1.com\/epitex\/wp-content\/uploads\/2019\/01\/Pad-768x1013.jpg 768w, https:\/\/cifpn1.com\/epitex\/wp-content\/uploads\/2019\/01\/Pad-776x1024.jpg 776w, https:\/\/cifpn1.com\/epitex\/wp-content\/uploads\/2019\/01\/Pad-45x60.jpg 45w, https:\/\/cifpn1.com\/epitex\/wp-content\/uploads\/2019\/01\/Pad.jpg 837w\" sizes=\"auto, (max-width: 332px) 100vw, 332px\" \/><\/p>\n<p>davEn los dos casos la resistencia que presenta el conjunto del pad es de aproximadamente 5Ohmios. Al aplicarse 5 Voltios por el USB el consumo ser\u00e1 de 1 Amperio, lo cual no es ning\u00fan problema para las bater\u00edas adquiridas que constan de dos puertos USB que pueden proporcionar dos amperios cada uno. En el caso de los 5 pads que est\u00e1n en paralelo cada uno tiene una resistencia de 24 Ohmios. Por cada uno de ellos circular\u00e1n 100 a 200mA dependiendo de si se est\u00e1 en la temperatura m\u00ednima o la m\u00e1xima.<\/p>\n<h2>Fibra de Carbono<\/h2>\n<p>Los otros dos pads que no disponen de regulaci\u00f3n t\u00e9rmica est\u00e1n hechos de fibra de carbono que va crimpada mediante una grapa doble. Para facilitar que la electricidad llegue a todas las fibras estas se han distribuido por una tira de cobre. En la primera foto se puede apreciar el positivo arriba y el negativo abajo. La configuraci\u00f3n de las fibras en forma de \u00ab8\u00bb por el pad no es para nada adecuada de cara a proporcionar una temperatura uniforme en toda la superficie. Las fibras parecen ser de la d\u00e9cima parte de un pelo, se ha encontrado un <a href=\"https:\/\/www.clipcarbono.com\/\">proveedor<\/a> que indica un di\u00e1metro de filamento de 7micr\u00f3metros al que se le podr\u00e1 comprar una bobina para hacer pruebas..<\/p>\n<p><img loading=\"lazy\" decoding=\"async\" class=\"wp-image-439 alignnone\" src=\"https:\/\/cifpn1.com\/epitex\/wp-content\/uploads\/2019\/02\/IMG_20190131_130855-225x300.jpg\" alt=\"\" width=\"329\" height=\"439\" srcset=\"https:\/\/cifpn1.com\/epitex\/wp-content\/uploads\/2019\/02\/IMG_20190131_130855-225x300.jpg 225w, https:\/\/cifpn1.com\/epitex\/wp-content\/uploads\/2019\/02\/IMG_20190131_130855-768x1024.jpg 768w, https:\/\/cifpn1.com\/epitex\/wp-content\/uploads\/2019\/02\/IMG_20190131_130855-45x60.jpg 45w\" sizes=\"auto, (max-width: 329px) 100vw, 329px\" \/><img loading=\"lazy\" decoding=\"async\" class=\"wp-image-440 alignnone\" src=\"https:\/\/cifpn1.com\/epitex\/wp-content\/uploads\/2019\/02\/IMG_20190131_130915-225x300.jpg\" alt=\"\" width=\"329\" height=\"439\" srcset=\"https:\/\/cifpn1.com\/epitex\/wp-content\/uploads\/2019\/02\/IMG_20190131_130915-225x300.jpg 225w, https:\/\/cifpn1.com\/epitex\/wp-content\/uploads\/2019\/02\/IMG_20190131_130915-768x1024.jpg 768w, https:\/\/cifpn1.com\/epitex\/wp-content\/uploads\/2019\/02\/IMG_20190131_130915-45x60.jpg 45w\" sizes=\"auto, (max-width: 329px) 100vw, 329px\" \/><img loading=\"lazy\" decoding=\"async\" class=\"wp-image-441 alignnone\" src=\"https:\/\/cifpn1.com\/epitex\/wp-content\/uploads\/2019\/02\/IMG_20190131_131003-300x225.jpg\" alt=\"\" width=\"584\" height=\"439\" srcset=\"https:\/\/cifpn1.com\/epitex\/wp-content\/uploads\/2019\/02\/IMG_20190131_131003-300x225.jpg 300w, https:\/\/cifpn1.com\/epitex\/wp-content\/uploads\/2019\/02\/IMG_20190131_131003-768x576.jpg 768w, https:\/\/cifpn1.com\/epitex\/wp-content\/uploads\/2019\/02\/IMG_20190131_131003-1024x768.jpg 1024w, https:\/\/cifpn1.com\/epitex\/wp-content\/uploads\/2019\/02\/IMG_20190131_131003-80x60.jpg 80w\" sizes=\"auto, (max-width: 584px) 100vw, 584px\" \/><\/p>\n<p><img loading=\"lazy\" decoding=\"async\" class=\" wp-image-455\" src=\"https:\/\/cifpn1.com\/epitex\/wp-content\/uploads\/2019\/02\/2_150_b-212x300.jpg\" alt=\"\" width=\"309\" height=\"438\" srcset=\"https:\/\/cifpn1.com\/epitex\/wp-content\/uploads\/2019\/02\/2_150_b-212x300.jpg 212w, https:\/\/cifpn1.com\/epitex\/wp-content\/uploads\/2019\/02\/2_150_b-768x1086.jpg 768w, https:\/\/cifpn1.com\/epitex\/wp-content\/uploads\/2019\/02\/2_150_b-724x1024.jpg 724w, https:\/\/cifpn1.com\/epitex\/wp-content\/uploads\/2019\/02\/2_150_b-42x60.jpg 42w, https:\/\/cifpn1.com\/epitex\/wp-content\/uploads\/2019\/02\/2_150_b.jpg 826w\" sizes=\"auto, (max-width: 309px) 100vw, 309px\" \/><img loading=\"lazy\" decoding=\"async\" class=\" wp-image-454\" src=\"https:\/\/cifpn1.com\/epitex\/wp-content\/uploads\/2019\/02\/2_150_a-226x300.jpg\" alt=\"\" width=\"330\" height=\"438\" srcset=\"https:\/\/cifpn1.com\/epitex\/wp-content\/uploads\/2019\/02\/2_150_a-226x300.jpg 226w, https:\/\/cifpn1.com\/epitex\/wp-content\/uploads\/2019\/02\/2_150_a-768x1020.jpg 768w, https:\/\/cifpn1.com\/epitex\/wp-content\/uploads\/2019\/02\/2_150_a-771x1024.jpg 771w, https:\/\/cifpn1.com\/epitex\/wp-content\/uploads\/2019\/02\/2_150_a-45x60.jpg 45w, https:\/\/cifpn1.com\/epitex\/wp-content\/uploads\/2019\/02\/2_150_a.jpg 849w\" sizes=\"auto, (max-width: 330px) 100vw, 330px\" \/><\/p>\n<p style=\"text-align: justify;\">Estos pads son los que menos uniformidad presentan de todos. En las intersecciones de los \u00ab8\u00bb se alcanzan temperaturas peligrosas y como carecen de regulador esos 65-70 \u00baC hacen que el uso de estos pads deba limitarse a pocos minutos y en capa 2. No deber\u00edan pasar unas m\u00ednimas pruebas de seguridad en la Uni\u00f3n Europea y no ser\u00edan aplicables a cualquier tejido..<\/p>\n<p style=\"text-align: justify;\">El crimpado puede tener ventajas en cuanto a que mejorar\u00eda la uni\u00f3n mec\u00e1nicamente, la soldadura (si est\u00e1 protegida frente al agua y la tracci\u00f3n por una silicona o laca)\u00a0 bien realizada tampoco es un mal m\u00e9todo de uni\u00f3n en el caso del Nicrom. Antes de soldar hemos de ser conscientes de que ser\u00e1 necesario rasparlo ya que por su composici\u00f3n presentar\u00e1 una oxidaxi\u00f3n exterior que impedir\u00eda el proceso de soldadura.<\/p>\n<h2>Se compran los dos materiales para hacer pruebas:<\/h2>\n<p>Bobina de nicrom, hilo fino.\u00a0 \u00a0 \u00a0 \u00a0 \u00a0 \u00a0 \u00a0 \u00a0 \u00a0 \u00a0 \u00a0 Bobina de nicrom, hilo grueso.\u00a0 \u00a0 \u00a0 \u00a0 \u00a0 \u00a0 \u00a0 \u00a0 \u00a0 \u00a0 \u00a0Bobina de fibra de carbono<\/p>\n<p><img loading=\"lazy\" decoding=\"async\" class=\"size-full wp-image-575 alignleft\" src=\"https:\/\/cifpn1.com\/epitex\/wp-content\/uploads\/2019\/11\/Materiales.png\" alt=\"\" width=\"815\" height=\"317\" srcset=\"https:\/\/cifpn1.com\/epitex\/wp-content\/uploads\/2019\/11\/Materiales.png 815w, https:\/\/cifpn1.com\/epitex\/wp-content\/uploads\/2019\/11\/Materiales-300x117.png 300w, https:\/\/cifpn1.com\/epitex\/wp-content\/uploads\/2019\/11\/Materiales-768x299.png 768w, https:\/\/cifpn1.com\/epitex\/wp-content\/uploads\/2019\/11\/Materiales-154x60.png 154w\" sizes=\"auto, (max-width: 815px) 100vw, 815px\" \/><\/p>\n<p>&nbsp;<\/p>\n<h2><\/h2>\n<h2><\/h2>\n<h2><\/h2>\n<h2>Medidas de Temperatura y consumos en funci\u00f3n del tiempo en los hilos de Nicrom confeccionados<\/h2>\n<p><img loading=\"lazy\" decoding=\"async\" class=\"alignnone size-full wp-image-584\" src=\"https:\/\/cifpn1.com\/epitex\/wp-content\/uploads\/2019\/11\/Temperatura-hilos.png\" alt=\"\" width=\"1366\" height=\"414\" srcset=\"https:\/\/cifpn1.com\/epitex\/wp-content\/uploads\/2019\/11\/Temperatura-hilos.png 1366w, https:\/\/cifpn1.com\/epitex\/wp-content\/uploads\/2019\/11\/Temperatura-hilos-300x91.png 300w, https:\/\/cifpn1.com\/epitex\/wp-content\/uploads\/2019\/11\/Temperatura-hilos-768x233.png 768w, https:\/\/cifpn1.com\/epitex\/wp-content\/uploads\/2019\/11\/Temperatura-hilos-1024x310.png 1024w, https:\/\/cifpn1.com\/epitex\/wp-content\/uploads\/2019\/11\/Temperatura-hilos-198x60.png 198w\" sizes=\"auto, (max-width: 1366px) 100vw, 1366px\" \/><\/p>\n<h2>\u00a0<img loading=\"lazy\" decoding=\"async\" class=\"alignnone  wp-image-591\" src=\"https:\/\/cifpn1.com\/epitex\/wp-content\/uploads\/2019\/11\/Un-hilo-1024x219.png\" alt=\"\" width=\"1262\" height=\"269\" srcset=\"https:\/\/cifpn1.com\/epitex\/wp-content\/uploads\/2019\/11\/Un-hilo-1024x219.png 1024w, https:\/\/cifpn1.com\/epitex\/wp-content\/uploads\/2019\/11\/Un-hilo-300x64.png 300w, https:\/\/cifpn1.com\/epitex\/wp-content\/uploads\/2019\/11\/Un-hilo-768x164.png 768w, https:\/\/cifpn1.com\/epitex\/wp-content\/uploads\/2019\/11\/Un-hilo-281x60.png 281w, https:\/\/cifpn1.com\/epitex\/wp-content\/uploads\/2019\/11\/Un-hilo.png 1366w\" sizes=\"auto, (max-width: 1262px) 100vw, 1262px\" \/><img loading=\"lazy\" decoding=\"async\" class=\"alignnone size-full wp-image-589\" src=\"https:\/\/cifpn1.com\/epitex\/wp-content\/uploads\/2019\/11\/Dos-hilos.png\" alt=\"\" width=\"1366\" height=\"311\" srcset=\"https:\/\/cifpn1.com\/epitex\/wp-content\/uploads\/2019\/11\/Dos-hilos.png 1366w, https:\/\/cifpn1.com\/epitex\/wp-content\/uploads\/2019\/11\/Dos-hilos-300x68.png 300w, https:\/\/cifpn1.com\/epitex\/wp-content\/uploads\/2019\/11\/Dos-hilos-768x175.png 768w, https:\/\/cifpn1.com\/epitex\/wp-content\/uploads\/2019\/11\/Dos-hilos-1024x233.png 1024w, https:\/\/cifpn1.com\/epitex\/wp-content\/uploads\/2019\/11\/Dos-hilos-264x60.png 264w\" sizes=\"auto, (max-width: 1366px) 100vw, 1366px\" \/><img loading=\"lazy\" decoding=\"async\" class=\"alignnone size-full wp-image-590\" style=\"font-size: 16px;\" src=\"https:\/\/cifpn1.com\/epitex\/wp-content\/uploads\/2019\/11\/Tres-hilos.png\" alt=\"\" width=\"1366\" height=\"337\" srcset=\"https:\/\/cifpn1.com\/epitex\/wp-content\/uploads\/2019\/11\/Tres-hilos.png 1366w, https:\/\/cifpn1.com\/epitex\/wp-content\/uploads\/2019\/11\/Tres-hilos-300x74.png 300w, https:\/\/cifpn1.com\/epitex\/wp-content\/uploads\/2019\/11\/Tres-hilos-768x189.png 768w, https:\/\/cifpn1.com\/epitex\/wp-content\/uploads\/2019\/11\/Tres-hilos-1024x253.png 1024w, https:\/\/cifpn1.com\/epitex\/wp-content\/uploads\/2019\/11\/Tres-hilos-243x60.png 243w\" sizes=\"auto, (max-width: 1366px) 100vw, 1366px\" \/><span style=\"font-size: 16px;\">\u00a0<\/span><img loading=\"lazy\" decoding=\"async\" class=\"alignnone wp-image-588\" style=\"font-size: 16px;\" src=\"https:\/\/cifpn1.com\/epitex\/wp-content\/uploads\/2019\/11\/Cuatro-hilos-1024x255.png\" alt=\"\" width=\"1325\" height=\"331\" srcset=\"https:\/\/cifpn1.com\/epitex\/wp-content\/uploads\/2019\/11\/Cuatro-hilos-1024x255.png 1024w, https:\/\/cifpn1.com\/epitex\/wp-content\/uploads\/2019\/11\/Cuatro-hilos-300x75.png 300w, https:\/\/cifpn1.com\/epitex\/wp-content\/uploads\/2019\/11\/Cuatro-hilos-768x191.png 768w, https:\/\/cifpn1.com\/epitex\/wp-content\/uploads\/2019\/11\/Cuatro-hilos-241x60.png 241w, https:\/\/cifpn1.com\/epitex\/wp-content\/uploads\/2019\/11\/Cuatro-hilos.png 1366w\" sizes=\"auto, (max-width: 1325px) 100vw, 1325px\" \/><\/h2>\n<h2><a name=\"_Toc24544527\"><\/a>Donde conseguir los materiales, tipos y precios.<\/h2>\n<h3 style=\"text-align: justify;\"><a name=\"_Toc24544528\"><\/a>-Fibra de carbono:<\/h3>\n<p style=\"text-align: justify;\">-En la p\u00e1gina web <a href=\"https:\/\/www.clipcarbono.com\/\">clipcarbono<\/a> podemos conseguir la misma <a href=\"https:\/\/www.clipcarbono.com\/es\/comprar-telas-y-refuerzos-para-resinas-composite\/604-bobina-de-hilo-de-fibra-de-carbono-tenax-e-hts40-24k-1600tex.html?search_query=Tenax-E+HTS40+F13&amp;results=9\">bobina<\/a> que tenemos nosotros por el precio de 106,48\u20ac la unidad. O si no se podr\u00e1 obtener los <a href=\"https:\/\/www.clipcarbono.com\/es\/comprar-telas-y-refuerzos-para-resinas-composite\/613-hilo-de-fibra-de-carbono-tenax-e-hts40-24k-1600tex.html\">hilos<\/a> de cable desde 10 metros por 0,68\u20ac la unidad.(Tenax-E HTS40 24K 1600TEX) 6mm ancho y 0,3mm de espesura.<\/p>\n<h3 style=\"text-align: justify;\"><a name=\"_Toc24544529\"><\/a>-Nicrom:<\/h3>\n<p style=\"text-align: justify;\">-Las bobinas de nicrom tan solo las hemos encontrado en amazon o p\u00e1ginas del estilo. Hemos encontrado dos bobinas una de 0.3mm y otra de 0,5mm de di\u00e1metro, la m\u00e1s <a href=\"https:\/\/www.amazon.es\/metros-Nicrom-Resistencia-Resistor-Alambre\/dp\/B017XGRLSC\/ref=sr_1_12?keywords=hilo+nicrom&amp;qid=1573645164&amp;s=tools&amp;sr=1-12\">fina<\/a> de 0,3mm la tenemos por un precio de 7,34\u20ac la bobina de 30 metros. La <a href=\"https:\/\/www.amazon.es\/Resistencia-Resistor-Alambre-Elemento-Calefactor\/dp\/B00TGQG9RM\/ref=sr_1_16?keywords=hilo+nicrom&amp;qid=1573645164&amp;s=tools&amp;sr=1-16\">bobina<\/a> de 0,5mm de di\u00e1metro la encontramos por un precio de 10,67\u20ac por 30 metros.<\/p>\n","protected":false},"excerpt":{"rendered":"<p>Una vez realizadas las pruebas de temperatura, lavado, homogeneidad sobre los pads&#8230;. queremos saber c\u00f3mo y de qu\u00e9 materiales est\u00e1n hechos. Las telas no son de gran inter\u00e9s ya que son telas de forro simples no el\u00e1sticas in ninguna propiedad a rese\u00f1ar. Lo interesante ser\u00e1 conocer algo m\u00e1s acerca del material que hace que la &hellip; <\/p>\n","protected":false},"author":1,"featured_media":0,"parent":0,"menu_order":0,"comment_status":"closed","ping_status":"closed","template":"","meta":{"footnotes":""},"class_list":["post-436","page","type-page","status-publish","hentry"],"_links":{"self":[{"href":"https:\/\/cifpn1.com\/epitex\/index.php?rest_route=\/wp\/v2\/pages\/436","targetHints":{"allow":["GET"]}}],"collection":[{"href":"https:\/\/cifpn1.com\/epitex\/index.php?rest_route=\/wp\/v2\/pages"}],"about":[{"href":"https:\/\/cifpn1.com\/epitex\/index.php?rest_route=\/wp\/v2\/types\/page"}],"author":[{"embeddable":true,"href":"https:\/\/cifpn1.com\/epitex\/index.php?rest_route=\/wp\/v2\/users\/1"}],"replies":[{"embeddable":true,"href":"https:\/\/cifpn1.com\/epitex\/index.php?rest_route=%2Fwp%2Fv2%2Fcomments&post=436"}],"version-history":[{"count":17,"href":"https:\/\/cifpn1.com\/epitex\/index.php?rest_route=\/wp\/v2\/pages\/436\/revisions"}],"predecessor-version":[{"id":593,"href":"https:\/\/cifpn1.com\/epitex\/index.php?rest_route=\/wp\/v2\/pages\/436\/revisions\/593"}],"wp:attachment":[{"href":"https:\/\/cifpn1.com\/epitex\/index.php?rest_route=%2Fwp%2Fv2%2Fmedia&parent=436"}],"curies":[{"name":"wp","href":"https:\/\/api.w.org\/{rel}","templated":true}]}}