{"id":399,"date":"2019-01-22T11:57:27","date_gmt":"2019-01-22T11:57:27","guid":{"rendered":"https:\/\/cifpn1.com\/epitex\/?page_id=399"},"modified":"2019-11-13T12:27:11","modified_gmt":"2019-11-13T12:27:11","slug":"seguridad","status":"publish","type":"page","link":"https:\/\/cifpn1.com\/epitex\/?page_id=399","title":{"rendered":"Seguridad"},"content":{"rendered":"<p style=\"text-align: justify;\">La temperatura normal del ser humano debe mantenerse entre 36,6 y 37,5\u00b0C aproximadamente, existiendo los denominados mecanismos termorreguladores para mantener la temperatura corporal en estos m\u00e1rgenes tan estrechos.<\/p>\n<p><img loading=\"lazy\" decoding=\"async\" class=\"alignnone wp-image-402\" src=\"https:\/\/cifpn1.com\/epitex\/wp-content\/uploads\/2019\/01\/como-regula-temperatura-el-cuerpo-1-300x239.jpg\" alt=\"\" width=\"551\" height=\"438\" srcset=\"https:\/\/cifpn1.com\/epitex\/wp-content\/uploads\/2019\/01\/como-regula-temperatura-el-cuerpo-1-300x239.jpg 300w, https:\/\/cifpn1.com\/epitex\/wp-content\/uploads\/2019\/01\/como-regula-temperatura-el-cuerpo-1-75x60.jpg 75w\" sizes=\"auto, (max-width: 551px) 100vw, 551px\" \/> <img loading=\"lazy\" decoding=\"async\" class=\"alignnone wp-image-403\" src=\"https:\/\/cifpn1.com\/epitex\/wp-content\/uploads\/2019\/01\/Temperaturas-Extremas-Humanos-300x214.jpg\" alt=\"\" width=\"551\" height=\"394\" srcset=\"https:\/\/cifpn1.com\/epitex\/wp-content\/uploads\/2019\/01\/Temperaturas-Extremas-Humanos-300x214.jpg 300w, https:\/\/cifpn1.com\/epitex\/wp-content\/uploads\/2019\/01\/Temperaturas-Extremas-Humanos-84x60.jpg 84w\" sizes=\"auto, (max-width: 551px) 100vw, 551px\" \/><\/p>\n<p style=\"text-align: justify;\">En el origen de las quemaduras existen dos factores fundamentales: la temperatura del agente que hace contacto con la piel y el tiempo que dura el contacto.<\/p>\n<p style=\"text-align: justify;\">La piel posee la capacidad de difundir y disipar el calor con gran rapidez, pero hasta cierto punto. Cuando la absorci\u00f3n de calor supera la velocidad de difusi\u00f3n y se sobrepasan los mecanismos reguladores se producen da\u00f1os que podr\u00edan medirse por histopatolog\u00eda, ser evidentes mediante una inspecci\u00f3n visual o causar dalos en la funcionalidad permanentes.<\/p>\n<p style=\"text-align: justify;\">El contacto con l\u00edquidos muy calientes produce lesi\u00f3n instant\u00e1nea. Cuando hay ni\u00f1os o personas muy mayores en casa se recomienda situar la temperatura m\u00e1xima del calentador de agua por debajo de 54\u00baC. A esta temperatura, aunque se produzca un accidente, la persona podr\u00eda aguantar la temperatura m\u00e1xima sin quemarse unos pocos minutos.<\/p>\n<p><img loading=\"lazy\" decoding=\"async\" class=\"alignnone wp-image-409\" src=\"https:\/\/cifpn1.com\/epitex\/wp-content\/uploads\/2019\/01\/hot_water_burn_scalding-300x232.gif\" alt=\"\" width=\"578\" height=\"446\" srcset=\"https:\/\/cifpn1.com\/epitex\/wp-content\/uploads\/2019\/01\/hot_water_burn_scalding-300x232.gif 300w, https:\/\/cifpn1.com\/epitex\/wp-content\/uploads\/2019\/01\/hot_water_burn_scalding-768x594.gif 768w, https:\/\/cifpn1.com\/epitex\/wp-content\/uploads\/2019\/01\/hot_water_burn_scalding-260x200.gif 260w, https:\/\/cifpn1.com\/epitex\/wp-content\/uploads\/2019\/01\/hot_water_burn_scalding-280x215.gif 280w, https:\/\/cifpn1.com\/epitex\/wp-content\/uploads\/2019\/01\/hot_water_burn_scalding-78x60.gif 78w\" sizes=\"auto, (max-width: 578px) 100vw, 578px\" \/>\u00a0<img loading=\"lazy\" decoding=\"async\" class=\"alignnone wp-image-407\" src=\"https:\/\/cifpn1.com\/epitex\/wp-content\/uploads\/2019\/01\/Temperaturas-del-calentador.png\" alt=\"\" width=\"552\" height=\"466\" srcset=\"https:\/\/cifpn1.com\/epitex\/wp-content\/uploads\/2019\/01\/Temperaturas-del-calentador.png 245w, https:\/\/cifpn1.com\/epitex\/wp-content\/uploads\/2019\/01\/Temperaturas-del-calentador-71x60.png 71w\" sizes=\"auto, (max-width: 552px) 100vw, 552px\" \/><\/p>\n<p style=\"text-align: justify;\">Cuando la temperatura sobrepasa los 44\u00ba C, se produce lesi\u00f3n cut\u00e1nea. A partir de esta temperatura la destrucci\u00f3n celular se duplica con cada grado de temperatura. Por debajo de 43\u00ba C no se lesionan los tejidos, al menos que el contacto sea mayor de cuatro horas.<\/p>\n<p style=\"text-align: justify;\">En el caso de las mantas t\u00e9rmicas, las cuales mantienen una temperatura de 40 a 44\u00ba C durante un largo per\u00edodo de tiempo (4 a 6 horas), se pueden producir quemaduras profundas en \u00e1reas extensas.<\/p>\n<p>&nbsp;<\/p>\n<h2>Temperatura medida en los PADS<\/h2>\n<table>\n<tbody>\n<tr>\n<td width=\"148\"><\/td>\n<td width=\"145\">ENTRE CABLES<\/td>\n<td width=\"18\"><\/td>\n<td width=\"208\"><strong>EN EL CABLE<\/strong><\/td>\n<\/tr>\n<tr>\n<td width=\"148\"><strong>INICIO<\/strong><\/td>\n<td width=\"145\">23,7 GRADOS<\/td>\n<td width=\"18\"><\/td>\n<td width=\"208\">29,3 GRADOS<\/td>\n<\/tr>\n<tr>\n<td width=\"148\"><strong>5 MINUTOS<\/strong><\/td>\n<td width=\"145\">24 GRADOS<\/td>\n<td width=\"18\"><\/td>\n<td width=\"208\">34,7 GRADOS<\/td>\n<\/tr>\n<tr>\n<td width=\"148\"><strong>10 MINUTOS<\/strong><\/td>\n<td width=\"145\">25,1 GRADOS<\/td>\n<td width=\"18\"><\/td>\n<td width=\"208\">34.9 GRADOS<\/td>\n<\/tr>\n<tr>\n<td width=\"148\"><strong>15 MINUTOS<\/strong><\/td>\n<td width=\"145\">26 GRADOS<\/td>\n<td width=\"18\"><\/td>\n<td width=\"208\">36,4 GRADOS<\/td>\n<\/tr>\n<tr>\n<td width=\"148\"><strong>30 MINUTOS<\/strong><\/td>\n<td width=\"145\">26,6 GRADOS<\/td>\n<td width=\"18\"><\/td>\n<td width=\"208\">36,4 GRADOS<\/td>\n<\/tr>\n<tr>\n<td width=\"148\"><strong>45 MINUTOS<\/strong><\/td>\n<td width=\"145\">27,2 GRADOS<\/td>\n<td width=\"18\"><\/td>\n<td width=\"208\">36,6 GRADOS<\/td>\n<\/tr>\n<\/tbody>\n<\/table>\n<p><img loading=\"lazy\" decoding=\"async\" class=\"size-full wp-image-519 aligncenter\" src=\"https:\/\/cifpn1.com\/epitex\/wp-content\/uploads\/2019\/11\/Temperatura-pads1.png\" alt=\"\" width=\"879\" height=\"770\" srcset=\"https:\/\/cifpn1.com\/epitex\/wp-content\/uploads\/2019\/11\/Temperatura-pads1.png 879w, https:\/\/cifpn1.com\/epitex\/wp-content\/uploads\/2019\/11\/Temperatura-pads1-300x263.png 300w, https:\/\/cifpn1.com\/epitex\/wp-content\/uploads\/2019\/11\/Temperatura-pads1-768x673.png 768w, https:\/\/cifpn1.com\/epitex\/wp-content\/uploads\/2019\/11\/Temperatura-pads1-68x60.png 68w\" sizes=\"auto, (max-width: 879px) 100vw, 879px\" \/> <img loading=\"lazy\" decoding=\"async\" class=\"wp-image-520 aligncenter\" src=\"https:\/\/cifpn1.com\/epitex\/wp-content\/uploads\/2019\/11\/Temperatura-pads2.png\" alt=\"\" width=\"823\" height=\"889\" srcset=\"https:\/\/cifpn1.com\/epitex\/wp-content\/uploads\/2019\/11\/Temperatura-pads2.png 778w, https:\/\/cifpn1.com\/epitex\/wp-content\/uploads\/2019\/11\/Temperatura-pads2-278x300.png 278w, https:\/\/cifpn1.com\/epitex\/wp-content\/uploads\/2019\/11\/Temperatura-pads2-768x829.png 768w, https:\/\/cifpn1.com\/epitex\/wp-content\/uploads\/2019\/11\/Temperatura-pads2-56x60.png 56w\" sizes=\"auto, (max-width: 823px) 100vw, 823px\" \/> <img loading=\"lazy\" decoding=\"async\" class=\"wp-image-521 aligncenter\" src=\"https:\/\/cifpn1.com\/epitex\/wp-content\/uploads\/2019\/11\/Temperatura-pads3.png\" alt=\"\" width=\"853\" height=\"910\" srcset=\"https:\/\/cifpn1.com\/epitex\/wp-content\/uploads\/2019\/11\/Temperatura-pads3.png 778w, https:\/\/cifpn1.com\/epitex\/wp-content\/uploads\/2019\/11\/Temperatura-pads3-281x300.png 281w, https:\/\/cifpn1.com\/epitex\/wp-content\/uploads\/2019\/11\/Temperatura-pads3-768x819.png 768w, https:\/\/cifpn1.com\/epitex\/wp-content\/uploads\/2019\/11\/Temperatura-pads3-56x60.png 56w\" sizes=\"auto, (max-width: 853px) 100vw, 853px\" \/> <img loading=\"lazy\" decoding=\"async\" class=\"wp-image-522 aligncenter\" src=\"https:\/\/cifpn1.com\/epitex\/wp-content\/uploads\/2019\/11\/Temperatura-pads4.png\" alt=\"\" width=\"806\" height=\"757\" srcset=\"https:\/\/cifpn1.com\/epitex\/wp-content\/uploads\/2019\/11\/Temperatura-pads4.png 761w, https:\/\/cifpn1.com\/epitex\/wp-content\/uploads\/2019\/11\/Temperatura-pads4-300x282.png 300w, https:\/\/cifpn1.com\/epitex\/wp-content\/uploads\/2019\/11\/Temperatura-pads4-64x60.png 64w\" sizes=\"auto, (max-width: 806px) 100vw, 806px\" \/><\/p>\n<h1>\u00a0AL\u00c9RGENOS:<\/h1>\n<p style=\"text-align: justify;\">En el proyecto epitex se trabaja con nicrom o nicromo y fibra de carbono que presentan distintos\u00a0 problemas para la salud del usuario, el nicrom puede presentar una reacci\u00f3n al\u00e9rgica llamada dermatitis por contacto al contacto con la piel, debido tanto al n\u00edquel como al cromo que lo componen. Los s\u00edntomas que se pueden presentar son erupciones, picaz\u00f3n o ampollas. Para prevenir dicha reacci\u00f3n al\u00e9rgica\u00a0 lo \u00fanico que podemos hacer es aislar dichos materiales dentro de las prendas para evitar contacto con la piel.<\/p>\n<p style=\"text-align: justify;\">Cuando lo que se utiliza para calefactar es la fibra de carbono hay que tener especial cuidado con su manipulaci\u00f3n pues se generan residuos como peque\u00f1as fibras del orden de nan\u00f3metros que pueden causar irritaciones cut\u00e1neas o pueden entrar al organismo por v\u00eda respiratoria, para evitar esto es importante el uso de EPI\u2019s al manipularlo.<\/p>\n<h1>USO DE LOS EPI\u2019S<\/h1>\n<p style=\"text-align: justify;\">Para la manipulaci\u00f3n de los elementos del proyecto epitex debemos usar EPI\u2019s para garantizar la seguridad:<\/p>\n<ul style=\"text-align: justify;\">\n<li>Guantes<\/li>\n<li>Mascarilla<\/li>\n<li>Gafas de Protecci\u00f3n<\/li>\n<\/ul>\n<p style=\"text-align: justify;\">Para evitar el contacto con el nicrom y la fibra de carbono por posibles reacciones al\u00e9rgicas deben usarse los guantes. Es imprescindible impedir que se introduzcan en el organismo microfibras de la fibra de carbono deber\u00e1 usarse mascarilla y gafas para evitar que dichas fibras entren a los pulmones y los ojos.<\/p>\n","protected":false},"excerpt":{"rendered":"<p>La temperatura normal del ser humano debe mantenerse entre 36,6 y 37,5\u00b0C aproximadamente, existiendo los denominados mecanismos termorreguladores para mantener la temperatura corporal en estos m\u00e1rgenes tan estrechos. En el origen de las quemaduras existen dos factores fundamentales: la temperatura del agente que hace contacto con la piel y el tiempo que dura el contacto. &hellip; <\/p>\n","protected":false},"author":1,"featured_media":0,"parent":0,"menu_order":0,"comment_status":"closed","ping_status":"closed","template":"","meta":{"footnotes":""},"class_list":["post-399","page","type-page","status-publish","hentry"],"_links":{"self":[{"href":"https:\/\/cifpn1.com\/epitex\/index.php?rest_route=\/wp\/v2\/pages\/399","targetHints":{"allow":["GET"]}}],"collection":[{"href":"https:\/\/cifpn1.com\/epitex\/index.php?rest_route=\/wp\/v2\/pages"}],"about":[{"href":"https:\/\/cifpn1.com\/epitex\/index.php?rest_route=\/wp\/v2\/types\/page"}],"author":[{"embeddable":true,"href":"https:\/\/cifpn1.com\/epitex\/index.php?rest_route=\/wp\/v2\/users\/1"}],"replies":[{"embeddable":true,"href":"https:\/\/cifpn1.com\/epitex\/index.php?rest_route=%2Fwp%2Fv2%2Fcomments&post=399"}],"version-history":[{"count":12,"href":"https:\/\/cifpn1.com\/epitex\/index.php?rest_route=\/wp\/v2\/pages\/399\/revisions"}],"predecessor-version":[{"id":561,"href":"https:\/\/cifpn1.com\/epitex\/index.php?rest_route=\/wp\/v2\/pages\/399\/revisions\/561"}],"wp:attachment":[{"href":"https:\/\/cifpn1.com\/epitex\/index.php?rest_route=%2Fwp%2Fv2%2Fmedia&parent=399"}],"curies":[{"name":"wp","href":"https:\/\/api.w.org\/{rel}","templated":true}]}}