{"id":342,"date":"2019-01-17T11:14:27","date_gmt":"2019-01-17T11:14:27","guid":{"rendered":"https:\/\/cifpn1.com\/epitex\/?page_id=342"},"modified":"2019-11-13T12:08:09","modified_gmt":"2019-11-13T12:08:09","slug":"faja-lumbar","status":"publish","type":"page","link":"https:\/\/cifpn1.com\/epitex\/?page_id=342","title":{"rendered":"Faja Lumbar"},"content":{"rendered":"<p style=\"text-align: justify;\">Los m\u00fasclos lumbares se localizan en la parte baja de la espalda, por lo que son importantes para la buena posici\u00f3n y el mantenimiento de una buena postura. No es dif\u00edcil deducir que\u00a0 un buen cuidado de la zona es crucial para evitar innumerbales problemas derivados del dolor de espalda, a parte de las molestias inherentes.<\/p>\n<p style=\"text-align: justify;\">Por ello, se recomienda en muchos casos el uso de un cintur\u00f3n lumbar para sujetar dicha zona tanto para prevenir como para tratar dolencias utilizando compresi\u00f3n y limitaci\u00f3n de movimientos para, por ejemplo, ciertas lesiones con el fin de acelerar el proceso de curaci\u00f3n.<\/p>\n<p style=\"text-align: justify;\">Otro de los usos que pueden tener estos cinturones es la aplicaci\u00f3n de calor regional con objeto de relajar los m\u00fasculos afectados por contracturas o resentimiento.<\/p>\n<p><img loading=\"lazy\" decoding=\"async\" class=\"wp-image-357 aligncenter\" src=\"https:\/\/cifpn1.com\/epitex\/wp-content\/uploads\/2019\/01\/3-tama-o-durable-negro-cintura-soporte-cintur-300x300.png\" alt=\"\" width=\"312\" height=\"312\" srcset=\"https:\/\/cifpn1.com\/epitex\/wp-content\/uploads\/2019\/01\/3-tama-o-durable-negro-cintura-soporte-cintur-300x300.png 300w, https:\/\/cifpn1.com\/epitex\/wp-content\/uploads\/2019\/01\/3-tama-o-durable-negro-cintura-soporte-cintur-150x150.png 150w, https:\/\/cifpn1.com\/epitex\/wp-content\/uploads\/2019\/01\/3-tama-o-durable-negro-cintura-soporte-cintur-768x768.png 768w, https:\/\/cifpn1.com\/epitex\/wp-content\/uploads\/2019\/01\/3-tama-o-durable-negro-cintura-soporte-cintur-60x60.png 60w, https:\/\/cifpn1.com\/epitex\/wp-content\/uploads\/2019\/01\/3-tama-o-durable-negro-cintura-soporte-cintur.png 1001w\" sizes=\"auto, (max-width: 312px) 100vw, 312px\" \/><\/p>\n<p style=\"text-align: justify;\">Por lo tanto, se ha desarrollado un prototipo de faja lumbar calefactable con 5 pads t\u00e9rmicos repartidos por la zona baja de la espalda, a la altura de la cintura.<\/p>\n<p style=\"text-align: justify;\">Con los siguientes materiales, se ha dise\u00f1ado la disposici\u00f3n en la que se iban a colocar los pads, estudiando la direcci\u00f3n y sentido en la que se iban a posicionar provisionalmente para hacer las pruebas. Adem\u00e1s, se ha comprobado la uniformidad t\u00e9rmica de los filamentos internos con una c\u00e1mara termogr\u00e1fica espec\u00edfica para ello.<\/p>\n<p><img loading=\"lazy\" decoding=\"async\" class=\"wp-image-373 alignleft\" src=\"https:\/\/cifpn1.com\/epitex\/wp-content\/uploads\/2019\/01\/20190117_102824-300x225.jpg\" alt=\"\" width=\"291\" height=\"219\" srcset=\"https:\/\/cifpn1.com\/epitex\/wp-content\/uploads\/2019\/01\/20190117_102824-300x225.jpg 300w, https:\/\/cifpn1.com\/epitex\/wp-content\/uploads\/2019\/01\/20190117_102824-768x576.jpg 768w, https:\/\/cifpn1.com\/epitex\/wp-content\/uploads\/2019\/01\/20190117_102824-1024x768.jpg 1024w, https:\/\/cifpn1.com\/epitex\/wp-content\/uploads\/2019\/01\/20190117_102824-80x60.jpg 80w\" sizes=\"auto, (max-width: 291px) 100vw, 291px\" \/><\/p>\n<p><img loading=\"lazy\" decoding=\"async\" class=\"alignnone wp-image-460\" src=\"https:\/\/cifpn1.com\/epitex\/wp-content\/uploads\/2019\/02\/WhatsApp-Image-2019-02-12-at-08.49.37-e1549957961529-300x169.jpeg\" alt=\"\" width=\"380\" height=\"214\" srcset=\"https:\/\/cifpn1.com\/epitex\/wp-content\/uploads\/2019\/02\/WhatsApp-Image-2019-02-12-at-08.49.37-e1549957961529-300x169.jpeg 300w, https:\/\/cifpn1.com\/epitex\/wp-content\/uploads\/2019\/02\/WhatsApp-Image-2019-02-12-at-08.49.37-e1549957961529-768x432.jpeg 768w, https:\/\/cifpn1.com\/epitex\/wp-content\/uploads\/2019\/02\/WhatsApp-Image-2019-02-12-at-08.49.37-e1549957961529-1024x576.jpeg 1024w, https:\/\/cifpn1.com\/epitex\/wp-content\/uploads\/2019\/02\/WhatsApp-Image-2019-02-12-at-08.49.37-e1549957961529-107x60.jpeg 107w, https:\/\/cifpn1.com\/epitex\/wp-content\/uploads\/2019\/02\/WhatsApp-Image-2019-02-12-at-08.49.37-e1549957961529.jpeg 1600w\" sizes=\"auto, (max-width: 380px) 100vw, 380px\" \/>\u00a0\u00a0\u00a0 \u00a0 \u00a0\u00a0 <img loading=\"lazy\" decoding=\"async\" class=\"alignnone wp-image-462\" src=\"https:\/\/cifpn1.com\/epitex\/wp-content\/uploads\/2019\/02\/WhatsApp-Image-2019-02-12-at-08.54.45-e1549958227531-300x244.jpeg\" alt=\"\" width=\"269\" height=\"219\" srcset=\"https:\/\/cifpn1.com\/epitex\/wp-content\/uploads\/2019\/02\/WhatsApp-Image-2019-02-12-at-08.54.45-e1549958227531-300x244.jpeg 300w, https:\/\/cifpn1.com\/epitex\/wp-content\/uploads\/2019\/02\/WhatsApp-Image-2019-02-12-at-08.54.45-e1549958227531-768x624.jpeg 768w, https:\/\/cifpn1.com\/epitex\/wp-content\/uploads\/2019\/02\/WhatsApp-Image-2019-02-12-at-08.54.45-e1549958227531-1024x832.jpeg 1024w, https:\/\/cifpn1.com\/epitex\/wp-content\/uploads\/2019\/02\/WhatsApp-Image-2019-02-12-at-08.54.45-e1549958227531-74x60.jpeg 74w, https:\/\/cifpn1.com\/epitex\/wp-content\/uploads\/2019\/02\/WhatsApp-Image-2019-02-12-at-08.54.45-e1549958227531.jpeg 1108w\" sizes=\"auto, (max-width: 269px) 100vw, 269px\" \/><\/p>\n<p>&nbsp;<\/p>\n<p style=\"text-align: justify;\">Primeramente se ha medido el espacio que se tendr\u00e1, ya que el cintur\u00f3n posee espacio ya utilizado para la sujeci\u00f3n del mismo mediante velcro. Teniendo en cuenta que cada pad es de 6cm de ancho aproximadamente y que se quiere calefactar \u00fanicamente la zona trasera se ha estimado que se dispone de una largura de unos 31 cm seg\u00fan el siguiente boceto:<\/p>\n<p><img loading=\"lazy\" decoding=\"async\" class=\"alignnone wp-image-395\" src=\"https:\/\/cifpn1.com\/epitex\/wp-content\/uploads\/2019\/01\/Boceto-300x103.png\" alt=\"\" width=\"821\" height=\"282\" srcset=\"https:\/\/cifpn1.com\/epitex\/wp-content\/uploads\/2019\/01\/Boceto-300x103.png 300w, https:\/\/cifpn1.com\/epitex\/wp-content\/uploads\/2019\/01\/Boceto-768x264.png 768w, https:\/\/cifpn1.com\/epitex\/wp-content\/uploads\/2019\/01\/Boceto-1024x352.png 1024w, https:\/\/cifpn1.com\/epitex\/wp-content\/uploads\/2019\/01\/Boceto-175x60.png 175w, https:\/\/cifpn1.com\/epitex\/wp-content\/uploads\/2019\/01\/Boceto.png 1348w\" sizes=\"auto, (max-width: 821px) 100vw, 821px\" \/><\/p>\n<p style=\"text-align: justify;\">Una vez determinada la disposici\u00f3n final de los pads, se ha procedido a colocarlos temporalmente con unos clips. De esta forma se ha podido testar el prototipo sin cambios incorregibles y de una forma c\u00f3moda y sencilla para modificar la posici\u00f3n de los parches t\u00e9rmicos.<\/p>\n<p><img loading=\"lazy\" decoding=\"async\" class=\"wp-image-381 alignleft\" src=\"https:\/\/cifpn1.com\/epitex\/wp-content\/uploads\/2019\/01\/20190117_115953-1-e1548147996553-300x225.jpg\" alt=\"\" width=\"327\" height=\"245\" srcset=\"https:\/\/cifpn1.com\/epitex\/wp-content\/uploads\/2019\/01\/20190117_115953-1-e1548147996553-300x225.jpg 300w, https:\/\/cifpn1.com\/epitex\/wp-content\/uploads\/2019\/01\/20190117_115953-1-e1548147996553-768x576.jpg 768w, https:\/\/cifpn1.com\/epitex\/wp-content\/uploads\/2019\/01\/20190117_115953-1-e1548147996553-1024x768.jpg 1024w, https:\/\/cifpn1.com\/epitex\/wp-content\/uploads\/2019\/01\/20190117_115953-1-e1548147996553-80x60.jpg 80w, https:\/\/cifpn1.com\/epitex\/wp-content\/uploads\/2019\/01\/20190117_115953-1-e1548147996553.jpg 1707w\" sizes=\"auto, (max-width: 327px) 100vw, 327px\" \/><\/p>\n<p><img loading=\"lazy\" decoding=\"async\" class=\"alignnone wp-image-413\" src=\"https:\/\/cifpn1.com\/epitex\/wp-content\/uploads\/2019\/01\/20190122_101301-300x225.jpg\" alt=\"\" width=\"324\" height=\"243\" srcset=\"https:\/\/cifpn1.com\/epitex\/wp-content\/uploads\/2019\/01\/20190122_101301-300x225.jpg 300w, https:\/\/cifpn1.com\/epitex\/wp-content\/uploads\/2019\/01\/20190122_101301-768x576.jpg 768w, https:\/\/cifpn1.com\/epitex\/wp-content\/uploads\/2019\/01\/20190122_101301-1024x768.jpg 1024w, https:\/\/cifpn1.com\/epitex\/wp-content\/uploads\/2019\/01\/20190122_101301-80x60.jpg 80w, https:\/\/cifpn1.com\/epitex\/wp-content\/uploads\/2019\/01\/20190122_101301.jpg 1920w\" sizes=\"auto, (max-width: 324px) 100vw, 324px\" \/><\/p>\n<p style=\"text-align: justify;\">Cuando se ha verificado que la disposici\u00f3n resulta c\u00f3moda y que la sensaci\u00f3n t\u00e9rmica es agradable se han cosido de forma definitiva al cintur\u00f3n.\u00a0 Adem\u00e1s, se ha a\u00f1adido un parche de tela suficientemente el\u00e1stica para aislar los pads de posible sudoracion o al usuario de contacto directo con los dispositivos.<\/p>\n<p><img loading=\"lazy\" decoding=\"async\" class=\"alignnone wp-image-464 size-medium\" src=\"https:\/\/cifpn1.com\/epitex\/wp-content\/uploads\/2019\/02\/IMG_20190212_082223-e1549958683362-300x196.jpg\" alt=\"\" width=\"300\" height=\"196\" srcset=\"https:\/\/cifpn1.com\/epitex\/wp-content\/uploads\/2019\/02\/IMG_20190212_082223-e1549958683362-300x196.jpg 300w, https:\/\/cifpn1.com\/epitex\/wp-content\/uploads\/2019\/02\/IMG_20190212_082223-e1549958683362-768x502.jpg 768w, https:\/\/cifpn1.com\/epitex\/wp-content\/uploads\/2019\/02\/IMG_20190212_082223-e1549958683362-1024x670.jpg 1024w, https:\/\/cifpn1.com\/epitex\/wp-content\/uploads\/2019\/02\/IMG_20190212_082223-e1549958683362-92x60.jpg 92w\" sizes=\"auto, (max-width: 300px) 100vw, 300px\" \/>\u00a0\u00a0\u00a0\u00a0 <img loading=\"lazy\" decoding=\"async\" class=\"alignnone wp-image-465\" src=\"https:\/\/cifpn1.com\/epitex\/wp-content\/uploads\/2019\/02\/IMG_20190212_082350-e1549958623795-300x179.jpg\" alt=\"\" width=\"328\" height=\"196\" srcset=\"https:\/\/cifpn1.com\/epitex\/wp-content\/uploads\/2019\/02\/IMG_20190212_082350-e1549958623795-300x179.jpg 300w, https:\/\/cifpn1.com\/epitex\/wp-content\/uploads\/2019\/02\/IMG_20190212_082350-e1549958623795-768x458.jpg 768w, https:\/\/cifpn1.com\/epitex\/wp-content\/uploads\/2019\/02\/IMG_20190212_082350-e1549958623795-1024x611.jpg 1024w, https:\/\/cifpn1.com\/epitex\/wp-content\/uploads\/2019\/02\/IMG_20190212_082350-e1549958623795-101x60.jpg 101w\" sizes=\"auto, (max-width: 328px) 100vw, 328px\" \/><\/p>\n<p>A continuaci\u00f3n se ha observado la disposici\u00f3n de las zonas calefactadas y la temperatura que alcanzan por la zona exterior e interior del cintur\u00f3n en el nivel m\u00e1ximo de temperatura.<\/p>\n<p>-Exterior:<\/p>\n<p><img loading=\"lazy\" decoding=\"async\" class=\"size-medium wp-image-475 alignleft\" src=\"https:\/\/cifpn1.com\/epitex\/wp-content\/uploads\/2019\/02\/IR000126-225x300.jpg\" alt=\"\" width=\"225\" height=\"300\" srcset=\"https:\/\/cifpn1.com\/epitex\/wp-content\/uploads\/2019\/02\/IR000126-225x300.jpg 225w, https:\/\/cifpn1.com\/epitex\/wp-content\/uploads\/2019\/02\/IR000126-45x60.jpg 45w, https:\/\/cifpn1.com\/epitex\/wp-content\/uploads\/2019\/02\/IR000126.jpg 480w\" sizes=\"auto, (max-width: 225px) 100vw, 225px\" \/><\/p>\n<p><img loading=\"lazy\" decoding=\"async\" class=\"size-medium wp-image-473\" src=\"https:\/\/cifpn1.com\/epitex\/wp-content\/uploads\/2019\/02\/IR000124-225x300.jpg\" alt=\"\" width=\"225\" height=\"300\" srcset=\"https:\/\/cifpn1.com\/epitex\/wp-content\/uploads\/2019\/02\/IR000124-225x300.jpg 225w, https:\/\/cifpn1.com\/epitex\/wp-content\/uploads\/2019\/02\/IR000124-45x60.jpg 45w, https:\/\/cifpn1.com\/epitex\/wp-content\/uploads\/2019\/02\/IR000124.jpg 480w\" sizes=\"auto, (max-width: 225px) 100vw, 225px\" \/>\u00a0\u00a0\u00a0\u00a0 <img loading=\"lazy\" decoding=\"async\" class=\"size-medium wp-image-474 alignnone\" src=\"https:\/\/cifpn1.com\/epitex\/wp-content\/uploads\/2019\/02\/IR000125-225x300.jpg\" alt=\"\" width=\"225\" height=\"300\" srcset=\"https:\/\/cifpn1.com\/epitex\/wp-content\/uploads\/2019\/02\/IR000125-225x300.jpg 225w, https:\/\/cifpn1.com\/epitex\/wp-content\/uploads\/2019\/02\/IR000125-45x60.jpg 45w, https:\/\/cifpn1.com\/epitex\/wp-content\/uploads\/2019\/02\/IR000125.jpg 480w\" sizes=\"auto, (max-width: 225px) 100vw, 225px\" \/><\/p>\n<p>-Interior:<\/p>\n<p><img loading=\"lazy\" decoding=\"async\" class=\"size-medium wp-image-477 alignleft\" src=\"https:\/\/cifpn1.com\/epitex\/wp-content\/uploads\/2019\/02\/IR000127-225x300.jpg\" alt=\"\" width=\"225\" height=\"300\" srcset=\"https:\/\/cifpn1.com\/epitex\/wp-content\/uploads\/2019\/02\/IR000127-225x300.jpg 225w, https:\/\/cifpn1.com\/epitex\/wp-content\/uploads\/2019\/02\/IR000127-45x60.jpg 45w, https:\/\/cifpn1.com\/epitex\/wp-content\/uploads\/2019\/02\/IR000127.jpg 480w\" sizes=\"auto, (max-width: 225px) 100vw, 225px\" \/><\/p>\n<p><img loading=\"lazy\" decoding=\"async\" class=\"size-medium wp-image-478\" src=\"https:\/\/cifpn1.com\/epitex\/wp-content\/uploads\/2019\/02\/IR000128-225x300.jpg\" alt=\"\" width=\"225\" height=\"300\" srcset=\"https:\/\/cifpn1.com\/epitex\/wp-content\/uploads\/2019\/02\/IR000128-225x300.jpg 225w, https:\/\/cifpn1.com\/epitex\/wp-content\/uploads\/2019\/02\/IR000128-45x60.jpg 45w, https:\/\/cifpn1.com\/epitex\/wp-content\/uploads\/2019\/02\/IR000128.jpg 480w\" sizes=\"auto, (max-width: 225px) 100vw, 225px\" \/>\u00a0\u00a0\u00a0\u00a0 <img loading=\"lazy\" decoding=\"async\" class=\"size-medium wp-image-479\" src=\"https:\/\/cifpn1.com\/epitex\/wp-content\/uploads\/2019\/02\/IR000129-225x300.jpg\" alt=\"\" width=\"225\" height=\"300\" srcset=\"https:\/\/cifpn1.com\/epitex\/wp-content\/uploads\/2019\/02\/IR000129-225x300.jpg 225w, https:\/\/cifpn1.com\/epitex\/wp-content\/uploads\/2019\/02\/IR000129-45x60.jpg 45w, https:\/\/cifpn1.com\/epitex\/wp-content\/uploads\/2019\/02\/IR000129.jpg 480w\" sizes=\"auto, (max-width: 225px) 100vw, 225px\" \/><\/p>\n<p>&nbsp;<\/p>\n<p style=\"text-align: justify;\">Tambi\u00e9n se ha modificado la longitud de todos los cables para evitar el exceso del mismo cuando se lleve puesto ya que, adem\u00e1s de poco est\u00e9tico, es bastante inc\u00f3modo.<\/p>\n<p>-Despu\u00e9s. \u00a0\u00a0\u00a0\u00a0\u00a0\u00a0\u00a0\u00a0\u00a0\u00a0\u00a0\u00a0\u00a0\u00a0\u00a0\u00a0\u00a0\u00a0\u00a0\u00a0\u00a0\u00a0\u00a0\u00a0\u00a0\u00a0\u00a0\u00a0\u00a0\u00a0\u00a0\u00a0\u00a0\u00a0\u00a0\u00a0\u00a0\u00a0\u00a0\u00a0\u00a0\u00a0\u00a0\u00a0\u00a0\u00a0\u00a0\u00a0\u00a0\u00a0\u00a0\u00a0\u00a0\u00a0\u00a0\u00a0\u00a0\u00a0\u00a0\u00a0\u00a0\u00a0\u00a0 -Antes.<\/p>\n<p><img loading=\"lazy\" decoding=\"async\" class=\"alignnone size-medium wp-image-482\" src=\"https:\/\/cifpn1.com\/epitex\/wp-content\/uploads\/2019\/02\/IMG_20190212_082238-300x225.jpg\" alt=\"\" width=\"300\" height=\"225\" srcset=\"https:\/\/cifpn1.com\/epitex\/wp-content\/uploads\/2019\/02\/IMG_20190212_082238-300x225.jpg 300w, https:\/\/cifpn1.com\/epitex\/wp-content\/uploads\/2019\/02\/IMG_20190212_082238-768x576.jpg 768w, https:\/\/cifpn1.com\/epitex\/wp-content\/uploads\/2019\/02\/IMG_20190212_082238-1024x768.jpg 1024w, https:\/\/cifpn1.com\/epitex\/wp-content\/uploads\/2019\/02\/IMG_20190212_082238-80x60.jpg 80w\" sizes=\"auto, (max-width: 300px) 100vw, 300px\" \/><img loading=\"lazy\" decoding=\"async\" class=\"wp-image-488 alignleft\" src=\"https:\/\/cifpn1.com\/epitex\/wp-content\/uploads\/2019\/03\/IMG_20190321_084340-300x225.jpg\" alt=\"\" width=\"299\" height=\"224\" srcset=\"https:\/\/cifpn1.com\/epitex\/wp-content\/uploads\/2019\/03\/IMG_20190321_084340-300x225.jpg 300w, https:\/\/cifpn1.com\/epitex\/wp-content\/uploads\/2019\/03\/IMG_20190321_084340-768x576.jpg 768w, https:\/\/cifpn1.com\/epitex\/wp-content\/uploads\/2019\/03\/IMG_20190321_084340-1024x768.jpg 1024w, https:\/\/cifpn1.com\/epitex\/wp-content\/uploads\/2019\/03\/IMG_20190321_084340-80x60.jpg 80w\" sizes=\"auto, (max-width: 299px) 100vw, 299px\" \/><\/p>\n<p style=\"text-align: justify;\">Se han reconfigurado pensando en que el bot\u00f3n y la alimentaci\u00f3n por USB se encuentren a un lateral para poder guardar la bater\u00eda en un bolsillo de forma poco aparatosa.<\/p>\n<p>Este ha sido el resultado:<\/p>\n<p><img loading=\"lazy\" decoding=\"async\" class=\"wp-image-491 alignleft\" src=\"https:\/\/cifpn1.com\/epitex\/wp-content\/uploads\/2019\/03\/IMG_20190321_084419-300x225.jpg\" alt=\"\" width=\"371\" height=\"278\" srcset=\"https:\/\/cifpn1.com\/epitex\/wp-content\/uploads\/2019\/03\/IMG_20190321_084419-300x225.jpg 300w, https:\/\/cifpn1.com\/epitex\/wp-content\/uploads\/2019\/03\/IMG_20190321_084419-768x576.jpg 768w, https:\/\/cifpn1.com\/epitex\/wp-content\/uploads\/2019\/03\/IMG_20190321_084419-1024x768.jpg 1024w, https:\/\/cifpn1.com\/epitex\/wp-content\/uploads\/2019\/03\/IMG_20190321_084419-80x60.jpg 80w\" sizes=\"auto, (max-width: 371px) 100vw, 371px\" \/><\/p>\n<p><img loading=\"lazy\" decoding=\"async\" class=\"alignnone wp-image-492\" src=\"https:\/\/cifpn1.com\/epitex\/wp-content\/uploads\/2019\/03\/IMG_20190321_095046-225x300.jpg\" alt=\"\" width=\"212\" height=\"282\" srcset=\"https:\/\/cifpn1.com\/epitex\/wp-content\/uploads\/2019\/03\/IMG_20190321_095046-225x300.jpg 225w, https:\/\/cifpn1.com\/epitex\/wp-content\/uploads\/2019\/03\/IMG_20190321_095046-768x1024.jpg 768w, https:\/\/cifpn1.com\/epitex\/wp-content\/uploads\/2019\/03\/IMG_20190321_095046-45x60.jpg 45w\" sizes=\"auto, (max-width: 212px) 100vw, 212px\" \/><\/p>\n<p style=\"text-align: justify;\">A continuaci\u00f3n se incluye el precio de los materiales utilizados con dos precios diferenciados: incluyendo y sin incluir la bater\u00eda port\u00e1til.<\/p>\n<p><img loading=\"lazy\" decoding=\"async\" class=\"wp-image-504 aligncenter\" src=\"https:\/\/cifpn1.com\/epitex\/wp-content\/uploads\/2019\/03\/presupuesto-3-300x245.png\" alt=\"\" width=\"503\" height=\"411\" srcset=\"https:\/\/cifpn1.com\/epitex\/wp-content\/uploads\/2019\/03\/presupuesto-3-300x245.png 300w, https:\/\/cifpn1.com\/epitex\/wp-content\/uploads\/2019\/03\/presupuesto-3-73x60.png 73w, https:\/\/cifpn1.com\/epitex\/wp-content\/uploads\/2019\/03\/presupuesto-3.png 589w\" sizes=\"auto, (max-width: 503px) 100vw, 503px\" \/><\/p>\n<p>Miembros del equipo<\/p>\n<p>-Silvia Fern\u00e1ndez Somarriba<\/p>\n<p><img loading=\"lazy\" decoding=\"async\" class=\"alignnone size-medium wp-image-494\" src=\"https:\/\/cifpn1.com\/epitex\/wp-content\/uploads\/2019\/03\/IMG_20190321_100824-225x300.jpg\" alt=\"\" width=\"225\" height=\"300\" \/><\/p>\n","protected":false},"excerpt":{"rendered":"<p>Los m\u00fasclos lumbares se localizan en la parte baja de la espalda, por lo que son importantes para la buena posici\u00f3n y el mantenimiento de una buena postura. No es dif\u00edcil deducir que\u00a0 un buen cuidado de la zona es crucial para evitar innumerbales problemas derivados del dolor de espalda, a parte de las molestias &hellip; <\/p>\n","protected":false},"author":1,"featured_media":0,"parent":0,"menu_order":0,"comment_status":"closed","ping_status":"closed","template":"","meta":{"footnotes":""},"class_list":["post-342","page","type-page","status-publish","hentry"],"_links":{"self":[{"href":"https:\/\/cifpn1.com\/epitex\/index.php?rest_route=\/wp\/v2\/pages\/342","targetHints":{"allow":["GET"]}}],"collection":[{"href":"https:\/\/cifpn1.com\/epitex\/index.php?rest_route=\/wp\/v2\/pages"}],"about":[{"href":"https:\/\/cifpn1.com\/epitex\/index.php?rest_route=\/wp\/v2\/types\/page"}],"author":[{"embeddable":true,"href":"https:\/\/cifpn1.com\/epitex\/index.php?rest_route=\/wp\/v2\/users\/1"}],"replies":[{"embeddable":true,"href":"https:\/\/cifpn1.com\/epitex\/index.php?rest_route=%2Fwp%2Fv2%2Fcomments&post=342"}],"version-history":[{"count":24,"href":"https:\/\/cifpn1.com\/epitex\/index.php?rest_route=\/wp\/v2\/pages\/342\/revisions"}],"predecessor-version":[{"id":549,"href":"https:\/\/cifpn1.com\/epitex\/index.php?rest_route=\/wp\/v2\/pages\/342\/revisions\/549"}],"wp:attachment":[{"href":"https:\/\/cifpn1.com\/epitex\/index.php?rest_route=%2Fwp%2Fv2%2Fmedia&parent=342"}],"curies":[{"name":"wp","href":"https:\/\/api.w.org\/{rel}","templated":true}]}}