{"id":28,"date":"2018-11-14T09:05:48","date_gmt":"2018-11-14T09:05:48","guid":{"rendered":"https:\/\/cifpn1.com\/epitex\/?page_id=28"},"modified":"2018-11-21T12:43:55","modified_gmt":"2018-11-21T12:43:55","slug":"trabajo","status":"publish","type":"page","link":"https:\/\/cifpn1.com\/epitex\/?page_id=28","title":{"rendered":"Laborales"},"content":{"rendered":"<p><strong>Demanda laboral.<\/strong><\/p>\n<p>Cuando el fr\u00edo se produce durante jornadas laborales puede tener consecuencias negativas en la salud, la productividad e incluso desencadenar bajas laborales que no son deseables para el empresario.<\/p>\n<p>&nbsp;<\/p>\n<p><strong>Demanda en puestos de trabajo convencionales<\/strong><\/p>\n<p>Investigando en nuestro entorno cercano hemos encontrado algunos puestos de trabajo que se producen en condiciones para las que el uso de estas prendas calefactadas ser\u00eda adecuado.<\/p>\n<p>Trabajos en naves industriales que resulta complicado tener a una temperatura de confort por el gasto energ\u00e9tico:<\/p>\n<p>Automoci\u00f3n de mec\u00e1nico o chapista<\/p>\n<p>Fabricaci\u00f3n mec\u00e1nica<\/p>\n<p>Sector alimentario en el que para respetar la cadena de f\u00edo no se puede calefactar el recinto<\/p>\n<p>Existe adem\u00e1s un factor que influye en la percepci\u00f3n positiva de estas prendas que es la comodidad. Tener muchas prendas encima puede dificultar el movimiento o causar incomodidad en los trabajadores.<\/p>\n<p>&nbsp;<\/p>\n<p><strong>Demanda en otros puestos y situaciones no tan frecuentes<\/strong><\/p>\n<p>Puestos de trabajo con un nivel protocolario alto en los que es necesario mantener unas normas de protocolo o etiqueta y no siempre se puede tener a mano una chaqueta de abrigo, pol\u00edticos, ejecutivos cuyos actos oficiales incluyen per\u00edodos de interior y otros a la intemperie en cualquier \u00e9poca del a\u00f1o.<\/p>\n<p>El caso de la moda, el cine, las alfombras rojas y el glamour ser\u00edan otros en los que habr\u00eda que hacer un estudio particular de necesidades y posibilidades de adaptar prendas que sin perder su esencia pudieran incluir pads en lugares espec\u00edficos que evitaran que las personas estuvieran en situaciones en las que el p\u00fablico esta abrigado con prendas invernales y los protagonistas est\u00e1n en una situaci\u00f3n vulnerable frente al fr\u00edo sonriendo como si todo fuera bien.<\/p>\n<p><img loading=\"lazy\" decoding=\"async\" class=\"size-medium wp-image-109 aligncenter\" src=\"https:\/\/cifpn1.com\/epitex\/wp-content\/uploads\/2018\/11\/Fr\u00edo-calor2-300x265.png\" alt=\"\" width=\"300\" height=\"265\" srcset=\"https:\/\/cifpn1.com\/epitex\/wp-content\/uploads\/2018\/11\/Fr\u00edo-calor2-300x265.png 300w, https:\/\/cifpn1.com\/epitex\/wp-content\/uploads\/2018\/11\/Fr\u00edo-calor2-68x60.png 68w, https:\/\/cifpn1.com\/epitex\/wp-content\/uploads\/2018\/11\/Fr\u00edo-calor2.png 506w\" sizes=\"auto, (max-width: 300px) 100vw, 300px\" \/><\/p>\n<p>&nbsp;<\/p>\n","protected":false},"excerpt":{"rendered":"<p>Demanda laboral. Cuando el fr\u00edo se produce durante jornadas laborales puede tener consecuencias negativas en la salud, la productividad e incluso desencadenar bajas laborales que no son deseables para el empresario. &nbsp; Demanda en puestos de trabajo convencionales Investigando en nuestro entorno cercano hemos encontrado algunos puestos de trabajo que se producen en condiciones para &hellip; <\/p>\n","protected":false},"author":1,"featured_media":114,"parent":0,"menu_order":0,"comment_status":"closed","ping_status":"closed","template":"","meta":{"footnotes":""},"class_list":["post-28","page","type-page","status-publish","has-post-thumbnail","hentry"],"_links":{"self":[{"href":"https:\/\/cifpn1.com\/epitex\/index.php?rest_route=\/wp\/v2\/pages\/28","targetHints":{"allow":["GET"]}}],"collection":[{"href":"https:\/\/cifpn1.com\/epitex\/index.php?rest_route=\/wp\/v2\/pages"}],"about":[{"href":"https:\/\/cifpn1.com\/epitex\/index.php?rest_route=\/wp\/v2\/types\/page"}],"author":[{"embeddable":true,"href":"https:\/\/cifpn1.com\/epitex\/index.php?rest_route=\/wp\/v2\/users\/1"}],"replies":[{"embeddable":true,"href":"https:\/\/cifpn1.com\/epitex\/index.php?rest_route=%2Fwp%2Fv2%2Fcomments&post=28"}],"version-history":[{"count":7,"href":"https:\/\/cifpn1.com\/epitex\/index.php?rest_route=\/wp\/v2\/pages\/28\/revisions"}],"predecessor-version":[{"id":127,"href":"https:\/\/cifpn1.com\/epitex\/index.php?rest_route=\/wp\/v2\/pages\/28\/revisions\/127"}],"wp:featuredmedia":[{"embeddable":true,"href":"https:\/\/cifpn1.com\/epitex\/index.php?rest_route=\/wp\/v2\/media\/114"}],"wp:attachment":[{"href":"https:\/\/cifpn1.com\/epitex\/index.php?rest_route=%2Fwp%2Fv2%2Fmedia&parent=28"}],"curies":[{"name":"wp","href":"https:\/\/api.w.org\/{rel}","templated":true}]}}