{"id":253,"date":"2018-11-26T17:38:53","date_gmt":"2018-11-26T17:38:53","guid":{"rendered":"https:\/\/cifpn1.com\/epitex\/?page_id=253"},"modified":"2019-11-13T11:49:25","modified_gmt":"2019-11-13T11:49:25","slug":"participantes","status":"publish","type":"page","link":"https:\/\/cifpn1.com\/epitex\/?page_id=253","title":{"rendered":"Participantes"},"content":{"rendered":"<p><img loading=\"lazy\" decoding=\"async\" class=\"alignnone size-full wp-image-255\" src=\"https:\/\/cifpn1.com\/epitex\/wp-content\/uploads\/2018\/11\/Textil-Santanderina.png\" alt=\"\" width=\"122\" height=\"122\" srcset=\"https:\/\/cifpn1.com\/epitex\/wp-content\/uploads\/2018\/11\/Textil-Santanderina.png 122w, https:\/\/cifpn1.com\/epitex\/wp-content\/uploads\/2018\/11\/Textil-Santanderina-60x60.png 60w\" sizes=\"auto, (max-width: 122px) 100vw, 122px\" \/><\/p>\n<h4>Participaci\u00f3n de Sara G\u00f3mez G\u00f3mez departamento de I+D+I\u00a0 de la empresa Textil Santanderina<\/h4>\n<p>&nbsp;<\/p>\n<table style=\"height: 679px;\" width=\"896\">\n<tbody>\n<tr>\n<td colspan=\"2\" width=\"528\">\n<h2><strong>Profesorado participante<\/strong><\/h2>\n<\/td>\n<\/tr>\n<tr>\n<td width=\"252\">\n<h2><strong>Nombre y apellidos<\/strong><\/h2>\n<\/td>\n<td width=\"276\">\n<h2><strong>Centro de destino<\/strong><\/h2>\n<\/td>\n<\/tr>\n<tr>\n<td width=\"252\"><strong>SARA TEJERINA TRONCO<\/strong><\/td>\n<td rowspan=\"5\" width=\"276\"><strong>Centro Integrado de formaci\u00f3n Profesional n\u00famero uno<\/strong><\/p>\n<p>&nbsp;<\/td>\n<\/tr>\n<tr>\n<td width=\"252\"><strong>SUSANA L\u00d3PEZ DE LA NAVA<\/strong><\/td>\n<\/tr>\n<tr>\n<td width=\"252\"><strong>JOSE LUIS PEREZ DEL VAL<\/strong><\/td>\n<\/tr>\n<tr>\n<td width=\"252\"><strong>EDUARDO MART\u00cdNEZ B\u00c1RCENA<\/strong><\/td>\n<\/tr>\n<tr>\n<td width=\"252\"><strong>PEDRO CASTILLO RODRIGUEZ<\/strong><\/td>\n<\/tr>\n<tr>\n<td width=\"252\"><strong>ANA CORO OLMO IB\u00c1\u00d1EZ<\/strong><\/td>\n<td rowspan=\"4\" width=\"276\"><strong>I.E.S. Foramontanos<\/strong><\/p>\n<p>&nbsp;<\/td>\n<\/tr>\n<tr>\n<td width=\"252\"><strong>PAZ GARCIA PILO\u00d1ETA<\/strong><\/td>\n<\/tr>\n<tr>\n<td width=\"252\"><strong>ANA FERNANDEZ RIVEROLA<\/strong><\/td>\n<\/tr>\n<tr>\n<td width=\"252\"><strong>PATRICIA AGUDO MAZA<\/strong><\/td>\n<\/tr>\n<\/tbody>\n<\/table>\n","protected":false},"excerpt":{"rendered":"<p>Participaci\u00f3n de Sara G\u00f3mez G\u00f3mez departamento de I+D+I\u00a0 de la empresa Textil Santanderina &nbsp; Profesorado participante Nombre y apellidos Centro de destino SARA TEJERINA TRONCO Centro Integrado de formaci\u00f3n Profesional n\u00famero uno &nbsp; SUSANA L\u00d3PEZ DE LA NAVA JOSE LUIS PEREZ DEL VAL EDUARDO MART\u00cdNEZ B\u00c1RCENA PEDRO CASTILLO RODRIGUEZ ANA CORO OLMO IB\u00c1\u00d1EZ I.E.S. Foramontanos &hellip; <\/p>\n","protected":false},"author":1,"featured_media":0,"parent":0,"menu_order":0,"comment_status":"closed","ping_status":"closed","template":"","meta":{"footnotes":""},"class_list":["post-253","page","type-page","status-publish","hentry"],"_links":{"self":[{"href":"https:\/\/cifpn1.com\/epitex\/index.php?rest_route=\/wp\/v2\/pages\/253","targetHints":{"allow":["GET"]}}],"collection":[{"href":"https:\/\/cifpn1.com\/epitex\/index.php?rest_route=\/wp\/v2\/pages"}],"about":[{"href":"https:\/\/cifpn1.com\/epitex\/index.php?rest_route=\/wp\/v2\/types\/page"}],"author":[{"embeddable":true,"href":"https:\/\/cifpn1.com\/epitex\/index.php?rest_route=\/wp\/v2\/users\/1"}],"replies":[{"embeddable":true,"href":"https:\/\/cifpn1.com\/epitex\/index.php?rest_route=%2Fwp%2Fv2%2Fcomments&post=253"}],"version-history":[{"count":8,"href":"https:\/\/cifpn1.com\/epitex\/index.php?rest_route=\/wp\/v2\/pages\/253\/revisions"}],"predecessor-version":[{"id":544,"href":"https:\/\/cifpn1.com\/epitex\/index.php?rest_route=\/wp\/v2\/pages\/253\/revisions\/544"}],"wp:attachment":[{"href":"https:\/\/cifpn1.com\/epitex\/index.php?rest_route=%2Fwp%2Fv2%2Fmedia&parent=253"}],"curies":[{"name":"wp","href":"https:\/\/api.w.org\/{rel}","templated":true}]}}