{"id":14,"date":"2018-11-14T08:45:28","date_gmt":"2018-11-14T08:45:28","guid":{"rendered":"https:\/\/cifpn1.com\/epitex\/?page_id=14"},"modified":"2018-11-27T09:00:10","modified_gmt":"2018-11-27T09:00:10","slug":"objetivos","status":"publish","type":"page","link":"https:\/\/cifpn1.com\/epitex\/?page_id=14","title":{"rendered":"Objetivos"},"content":{"rendered":"<table style=\"height:853;\" width=\"901\">\n<tbody>\n<tr>\n<td style=\"background-color: #c8dfe8;\">\n<h1 style=\"text-align: center;\"><strong>T\u00cdTULO<\/strong><\/h1>\n<p>&nbsp;<\/td>\n<td style=\"background-color: #eff6f9;\" colspan=\"3\" width=\"900\">\n<h2 style=\"text-align: left;\"><strong>EPITEX<\/strong><\/h2>\n<ul>\n<li style=\"text-align: left;\">\n<h2><strong>E<\/strong>lectr\u00f3nica en <strong>P<\/strong>roducci\u00f3n e<strong> I<\/strong>nnovaci\u00f3n <strong>T<\/strong>extil<\/h2>\n<\/li>\n<\/ul>\n<\/td>\n<\/tr>\n<tr>\n<td colspan=\"3\" width=\"660\">\n<h2><strong>DESCRIPCI\u00d3N DEL PROYECTO<\/strong><\/h2>\n<\/td>\n<\/tr>\n<tr>\n<td colspan=\"3\" width=\"660\">&nbsp;<\/p>\n<p>El presente proyecto tiene el objetivo principal de innovar did\u00e1cticamente en el aula e Innovar tecnol\u00f3gicamente en colaboraci\u00f3n\u00a0 con la empresa Textil Santanderina S.A.. Permitiendo un aprendizaje eminentemente pr\u00e1ctico con aspectos como:<\/p>\n<p>a)\u00a0\u00a0\u00a0\u00a0\u00a0 Investigaci\u00f3n en detecci\u00f3n patolog\u00edas y nichos de mercado de en las que el calor localizado implementado en prendas calefactadas, no existentes en el mercado actual, pueda mejorar la calidad de vida con el fin de establecer las necesidades prioritarias para el proyecto y establecer una temporalizaci\u00f3n que permita seguir una dificultad t\u00e9cnica incremental.<\/p>\n<p>b)\u00a0\u00a0\u00a0\u00a0\u00a0 Aprendizaje sobre dispositivos de acumulaci\u00f3n de energ\u00eda, regulaci\u00f3n, transformaci\u00f3n en calor a la venta de manera modular y f\u00e1cilmente adaptable por una micropyme pero tambi\u00e9n introducible en grandes cadenas de producci\u00f3n.<\/p>\n<p>c)\u00a0\u00a0\u00a0\u00a0\u00a0\u00a0 Dise\u00f1o y desarrollo de aplicaciones de bajo coste para textiles de distintos tipos y funcionalidad.<\/p>\n<p>d)\u00a0\u00a0\u00a0\u00a0\u00a0 Pruebas en laboratorio y de campo de los prototipos desarrollados, recogida de datos de las prendas probadas, correcci\u00f3n de errores y presentaci\u00f3n de los resultados.<\/td>\n<\/tr>\n<tr>\n<td colspan=\"2\" width=\"206\">&nbsp;<\/p>\n<p style=\"text-align: center;\"><strong>CICLO\/S FORMATIVOS IMPLICADOS<\/strong><\/p>\n<\/td>\n<td width=\"454\">\n<p style=\"text-align: center;\">\u00a0 \u00a0 Ciclo Formativo de Grado Medio Confecci\u00f3n y Moda<\/p>\n<p style=\"text-align: center;\">Ciclo Formativo de Grado Medio Instalaciones de Telecomunicaciones<\/p>\n<p style=\"text-align: center;\">Ciclo Formativo de Grado Superior de Mantenimiento Electr\u00f3nico.<\/p>\n<\/td>\n<\/tr>\n<\/tbody>\n<\/table>\n<p>&nbsp;<\/p>\n<table style=\"height: 1041px;\" width=\"901\">\n<tbody>\n<tr>\n<td style=\"background-color: #c8dfe8;\">\n<h2><strong>PRODUCTOS \/ RESULTADOS A OBTENER\u00a0 <\/strong><\/h2>\n<\/td>\n<\/tr>\n<tr style=\"background-color: #eff6f9;\">\n<td width=\"660\">&nbsp;<\/p>\n<p>Para ello se definen una serie de Hitos que ser\u00e1n alcanzados sirviendo de evaluaci\u00f3n al proyecto y a la metodolog\u00eda aplicada.<\/p>\n<p>\u00b7\u00a0\u00a0\u00a0\u00a0\u00a0\u00a0\u00a0\u00a0 <u>HITO 1<\/u> Realizaci\u00f3n de <strong>talleres interdisciplinares conjuntos de profesorado y alumnado<\/strong>. Tareas 1, 3, 6, 7 y 8(Mes 1 a 9)<\/p>\n<p><img loading=\"lazy\" decoding=\"async\" class=\" wp-image-259 aligncenter\" style=\"font-family: inherit; font-size: inherit;\" src=\"https:\/\/cifpn1.com\/epitex\/wp-content\/uploads\/2018\/11\/Medios-300x83.jpg\" alt=\"\" width=\"485\" height=\"134\" srcset=\"https:\/\/cifpn1.com\/epitex\/wp-content\/uploads\/2018\/11\/Medios-300x83.jpg 300w, https:\/\/cifpn1.com\/epitex\/wp-content\/uploads\/2018\/11\/Medios-768x212.jpg 768w, https:\/\/cifpn1.com\/epitex\/wp-content\/uploads\/2018\/11\/Medios-925x256.jpg 925w, https:\/\/cifpn1.com\/epitex\/wp-content\/uploads\/2018\/11\/Medios-217x60.jpg 217w, https:\/\/cifpn1.com\/epitex\/wp-content\/uploads\/2018\/11\/Medios.jpg 927w\" sizes=\"auto, (max-width: 485px) 100vw, 485px\" \/><\/p>\n<p>\u00b7\u00a0\u00a0\u00a0\u00a0\u00a0\u00a0\u00a0\u00a0 <u>HITO 2<\/u>\u00a0\u00a0\u00a0 Desarrollo de <strong>prototipos y prendas calefactadas terape\u00faticas y de moda plenamente funcionales<\/strong> en los centros de FP. Tarea 4(Mes 3 al 8)<\/p>\n<p><img loading=\"lazy\" decoding=\"async\" class=\"wp-image-260 aligncenter\" src=\"https:\/\/cifpn1.com\/epitex\/wp-content\/uploads\/2018\/11\/Posibles-prendas-300x98.jpg\" alt=\"\" width=\"409\" height=\"134\" srcset=\"https:\/\/cifpn1.com\/epitex\/wp-content\/uploads\/2018\/11\/Posibles-prendas-300x98.jpg 300w, https:\/\/cifpn1.com\/epitex\/wp-content\/uploads\/2018\/11\/Posibles-prendas-768x250.jpg 768w, https:\/\/cifpn1.com\/epitex\/wp-content\/uploads\/2018\/11\/Posibles-prendas-925x304.jpg 925w, https:\/\/cifpn1.com\/epitex\/wp-content\/uploads\/2018\/11\/Posibles-prendas-184x60.jpg 184w, https:\/\/cifpn1.com\/epitex\/wp-content\/uploads\/2018\/11\/Posibles-prendas.jpg 934w\" sizes=\"auto, (max-width: 409px) 100vw, 409px\" \/><\/p>\n<p>\u00b7\u00a0\u00a0\u00a0\u00a0\u00a0\u00a0\u00a0\u00a0 <u>HITO 3<\/u>\u00a0\u00a0\u00a0\u00a0 Desarrollo de <strong>la web\/blog\/multimedia<\/strong>.Tarea 7(Mes1 al 9)<\/p>\n<p>\u00b7\u00a0\u00a0\u00a0\u00a0\u00a0\u00a0\u00a0\u00a0 <u>HITO 4<\/u>\u00a0\u00a0 Entrega de valoraci\u00f3n preliminar y <strong>memoria final de proyecto<\/strong> correctos y en tiempo. Tarea 5 y 9 (Mes 4 y 9)<\/p>\n<p>\u00b7\u00a0\u00a0\u00a0\u00a0\u00a0\u00a0\u00a0\u00a0 <u>HITO 5<\/u>\u00a0\u00a0 Aplicaci\u00f3n de metodolog\u00eda PBL en los m\u00f3dulos implicados y evaluaci\u00f3n de la metodolog\u00eda mediante telara\u00f1a de acuerdo al modelo visual de evaluaci\u00f3n de proyectos de acuerdo al dec\u00e1logo de proyectos innovaci\u00f3n presentado por la Fundaci\u00f3n\u00a0 Telef\u00f3nica.<\/p>\n<p>&nbsp;<\/p>\n<p>&nbsp;<\/p>\n<p>&nbsp;<\/p>\n<p>&nbsp;<\/td>\n<\/tr>\n<\/tbody>\n<\/table>\n","protected":false},"excerpt":{"rendered":"<p>T\u00cdTULO &nbsp; EPITEX Electr\u00f3nica en Producci\u00f3n e Innovaci\u00f3n Textil DESCRIPCI\u00d3N DEL PROYECTO &nbsp; El presente proyecto tiene el objetivo principal de innovar did\u00e1cticamente en el aula e Innovar tecnol\u00f3gicamente en colaboraci\u00f3n\u00a0 con la empresa Textil Santanderina S.A.. Permitiendo un aprendizaje eminentemente pr\u00e1ctico con aspectos como: a)\u00a0\u00a0\u00a0\u00a0\u00a0 Investigaci\u00f3n en detecci\u00f3n patolog\u00edas y nichos de mercado de &hellip; <\/p>\n","protected":false},"author":1,"featured_media":0,"parent":0,"menu_order":0,"comment_status":"closed","ping_status":"closed","template":"","meta":{"footnotes":""},"class_list":["post-14","page","type-page","status-publish","hentry"],"_links":{"self":[{"href":"https:\/\/cifpn1.com\/epitex\/index.php?rest_route=\/wp\/v2\/pages\/14","targetHints":{"allow":["GET"]}}],"collection":[{"href":"https:\/\/cifpn1.com\/epitex\/index.php?rest_route=\/wp\/v2\/pages"}],"about":[{"href":"https:\/\/cifpn1.com\/epitex\/index.php?rest_route=\/wp\/v2\/types\/page"}],"author":[{"embeddable":true,"href":"https:\/\/cifpn1.com\/epitex\/index.php?rest_route=\/wp\/v2\/users\/1"}],"replies":[{"embeddable":true,"href":"https:\/\/cifpn1.com\/epitex\/index.php?rest_route=%2Fwp%2Fv2%2Fcomments&post=14"}],"version-history":[{"count":8,"href":"https:\/\/cifpn1.com\/epitex\/index.php?rest_route=\/wp\/v2\/pages\/14\/revisions"}],"predecessor-version":[{"id":258,"href":"https:\/\/cifpn1.com\/epitex\/index.php?rest_route=\/wp\/v2\/pages\/14\/revisions\/258"}],"wp:attachment":[{"href":"https:\/\/cifpn1.com\/epitex\/index.php?rest_route=%2Fwp%2Fv2%2Fmedia&parent=14"}],"curies":[{"name":"wp","href":"https:\/\/api.w.org\/{rel}","templated":true}]}}