{"id":103,"date":"2018-11-21T08:38:45","date_gmt":"2018-11-21T08:38:45","guid":{"rendered":"https:\/\/cifpn1.com\/epitex\/?page_id=103"},"modified":"2018-11-21T12:24:43","modified_gmt":"2018-11-21T12:24:43","slug":"poblacion-general","status":"publish","type":"page","link":"https:\/\/cifpn1.com\/epitex\/?page_id=103","title":{"rendered":"Poblaci\u00f3n general"},"content":{"rendered":"<p><strong>Demanda de la poblaci\u00f3n en general.<\/strong><\/p>\n<p style=\"text-align: justify;\">Sentir f\u00edo no es una sensaci\u00f3n agradable, en la poblaci\u00f3n general puede producir contracturas musculares principalmente en las zonas cervical y lumbar.<\/p>\n<p><img loading=\"lazy\" decoding=\"async\" class=\"size-medium wp-image-117 aligncenter\" src=\"https:\/\/cifpn1.com\/epitex\/wp-content\/uploads\/2018\/11\/Dolor-lumbar-y-cervical-300x181.jpg\" alt=\"\" width=\"300\" height=\"181\" srcset=\"https:\/\/cifpn1.com\/epitex\/wp-content\/uploads\/2018\/11\/Dolor-lumbar-y-cervical-300x181.jpg 300w, https:\/\/cifpn1.com\/epitex\/wp-content\/uploads\/2018\/11\/Dolor-lumbar-y-cervical-99x60.jpg 99w, https:\/\/cifpn1.com\/epitex\/wp-content\/uploads\/2018\/11\/Dolor-lumbar-y-cervical.jpg 710w\" sizes=\"auto, (max-width: 300px) 100vw, 300px\" \/><\/p>\n<p style=\"text-align: justify;\">En comunidades aut\u00f3nomas donde el tiempo es cambiante o cuando es necesario permanecer fuera de casa muchas horas no siempre se llevan las prendas de abrigo necesarias. El uso de prendas calefactadas puede ser una soluci\u00f3n para esos momentos ya que tenemos la posibilidad de tenerlas apagadas en interiores y encenderlas cuando salimos o el tiempo ha empeorado.<\/p>\n<p><img loading=\"lazy\" decoding=\"async\" class=\"wp-image-124 aligncenter\" src=\"https:\/\/cifpn1.com\/epitex\/wp-content\/uploads\/2018\/11\/Cambio-diario-300x75.jpg\" alt=\"\" width=\"615\" height=\"153\" srcset=\"https:\/\/cifpn1.com\/epitex\/wp-content\/uploads\/2018\/11\/Cambio-diario-300x75.jpg 300w, https:\/\/cifpn1.com\/epitex\/wp-content\/uploads\/2018\/11\/Cambio-diario-768x192.jpg 768w, https:\/\/cifpn1.com\/epitex\/wp-content\/uploads\/2018\/11\/Cambio-diario-1024x256.jpg 1024w, https:\/\/cifpn1.com\/epitex\/wp-content\/uploads\/2018\/11\/Cambio-diario-240x60.jpg 240w\" sizes=\"auto, (max-width: 615px) 100vw, 615px\" \/><\/p>\n<p style=\"text-align: justify;\">La temperatura de confort t\u00e9rmico no es igual para todas las personas y las diferencias que se pueden `producir en un edificio debidas a la orientaci\u00f3n Norte y Sur aun en edificios que tienen calefacci\u00f3n y que no est\u00e1n bien aislados pueden hacer que haya personas en un mismo edificio sintiendo fr\u00edo y calor .<\/p>\n<p><img loading=\"lazy\" decoding=\"async\" class=\"size-medium wp-image-125 aligncenter\" src=\"https:\/\/cifpn1.com\/epitex\/wp-content\/uploads\/2018\/11\/arquitectura_ecologica-300x215.jpg\" alt=\"\" width=\"300\" height=\"215\" srcset=\"https:\/\/cifpn1.com\/epitex\/wp-content\/uploads\/2018\/11\/arquitectura_ecologica-300x215.jpg 300w, https:\/\/cifpn1.com\/epitex\/wp-content\/uploads\/2018\/11\/arquitectura_ecologica-84x60.jpg 84w, https:\/\/cifpn1.com\/epitex\/wp-content\/uploads\/2018\/11\/arquitectura_ecologica.jpg 545w\" sizes=\"auto, (max-width: 300px) 100vw, 300px\" \/><\/p>\n<p>&nbsp;<\/p>\n<p style=\"text-align: justify;\">Ante las preguntas en nuestro entorno de si alguna vez se ha estado en alguno de los casos anteriores y si a la gente le gustar\u00eda disponer de una prenda ligera que pueda proporcionar calor la respuesta a ambas suele ser s\u00ed.<\/p>\n","protected":false},"excerpt":{"rendered":"<p>Demanda de la poblaci\u00f3n en general. Sentir f\u00edo no es una sensaci\u00f3n agradable, en la poblaci\u00f3n general puede producir contracturas musculares principalmente en las zonas cervical y lumbar. En comunidades aut\u00f3nomas donde el tiempo es cambiante o cuando es necesario permanecer fuera de casa muchas horas no siempre se llevan las prendas de abrigo necesarias. &hellip; <\/p>\n","protected":false},"author":1,"featured_media":0,"parent":0,"menu_order":0,"comment_status":"closed","ping_status":"closed","template":"","meta":{"footnotes":""},"class_list":["post-103","page","type-page","status-publish","hentry"],"_links":{"self":[{"href":"https:\/\/cifpn1.com\/epitex\/index.php?rest_route=\/wp\/v2\/pages\/103","targetHints":{"allow":["GET"]}}],"collection":[{"href":"https:\/\/cifpn1.com\/epitex\/index.php?rest_route=\/wp\/v2\/pages"}],"about":[{"href":"https:\/\/cifpn1.com\/epitex\/index.php?rest_route=\/wp\/v2\/types\/page"}],"author":[{"embeddable":true,"href":"https:\/\/cifpn1.com\/epitex\/index.php?rest_route=\/wp\/v2\/users\/1"}],"replies":[{"embeddable":true,"href":"https:\/\/cifpn1.com\/epitex\/index.php?rest_route=%2Fwp%2Fv2%2Fcomments&post=103"}],"version-history":[{"count":5,"href":"https:\/\/cifpn1.com\/epitex\/index.php?rest_route=\/wp\/v2\/pages\/103\/revisions"}],"predecessor-version":[{"id":126,"href":"https:\/\/cifpn1.com\/epitex\/index.php?rest_route=\/wp\/v2\/pages\/103\/revisions\/126"}],"wp:attachment":[{"href":"https:\/\/cifpn1.com\/epitex\/index.php?rest_route=%2Fwp%2Fv2%2Fmedia&parent=103"}],"curies":[{"name":"wp","href":"https:\/\/api.w.org\/{rel}","templated":true}]}}