{"id":7113,"date":"2023-05-03T20:52:16","date_gmt":"2023-05-03T18:52:16","guid":{"rendered":"https:\/\/cifpn1.com\/electronica\/?page_id=7113"},"modified":"2023-05-03T20:52:16","modified_gmt":"2023-05-03T18:52:16","slug":"proyecto-de-innovacion-inteligencia-artificial-y-robotica-colaborativa-para-la-digitalizacion-de-procesos-industriales-basados-en-vision","status":"publish","type":"page","link":"https:\/\/cifpn1.com\/electronica\/?page_id=7113","title":{"rendered":"Proyecto de innovaci\u00f3n \u201cInteligencia Artificial y Rob\u00f3tica Colaborativa para la digitalizaci\u00f3n de procesos industriales basados en visi\u00f3n\u201d"},"content":{"rendered":"<p><span style=\"font-size: 10pt;\"><strong><em>Participan los departamentos de las siguientes familias profesionales del CIFPN\u00ba1:<\/em><\/strong><\/span><\/p>\n<ul>\n<li><span style=\"font-size: 10pt;\"><strong><em>Instalaci\u00f3n y mantenimiento<\/em><\/strong><\/span><\/li>\n<li><span style=\"font-size: 10pt;\"><strong><em>Fabricaci\u00f3n mec\u00e1nica<\/em><\/strong><\/span><\/li>\n<li><span style=\"font-size: 10pt;\"><strong><em>Electricidad-electr\u00f3nica<\/em><\/strong><\/span><\/li>\n<\/ul>\n<p style=\"text-align: center;\"><img loading=\"lazy\" decoding=\"async\" class=\"alignnone  wp-image-7115\" src=\"https:\/\/cifpn1.com\/electronica\/wp-content\/uploads\/robot0.jpg\" alt=\"\" width=\"297\" height=\"525\" \/><\/p>\n<p style=\"text-align: justify;\">Este proyecto pretende transferir conocimiento de algunas de estas tecnolog\u00edas a la Formaci\u00f3n Profesional a trav\u00e9s de los centros participantes desde empresas l\u00edderes en esos \u00e1mbitos. Se formar\u00e1 a los profesores en Rob\u00f3tica Colaborativa, Visi\u00f3n Artificial e Inteligencia Artificial para que sean capaces de trabajar estos campos con sus alumnos y, conjuntamente, desarrollar proyectos innovadores basados en estas nuevas capacidades tecnol\u00f3gicas, posibilitando que los alumnos implanten estas tecnolog\u00edas en las empresas donde van a desarrollar sus competencias profesionales.<\/p>\n<p style=\"text-align: justify;\">El proyecto fomentar\u00e1 el emprendimiento por parte de los alumnos favoreciendo que aquellos alumnos que tengan inter\u00e9s reciban asesoramiento personalizado por parte de entidades clave (en funci\u00f3n de su Municipio y\/o Comunidad Aut\u00f3noma) que les permitan en explorar el potencial y evaluar las posibilidades de lanzar una iniciativa empresarial basada en el proyecto innovador que realice cada centro.<\/p>\n<p style=\"text-align: center;\"><a href=\"https:\/\/cifpn1.com\/electronica\/wp-content\/uploads\/robot1.jpg\" target=\"_blank\" rel=\"noopener\"><img loading=\"lazy\" decoding=\"async\" class=\"alignnone wp-image-7114\" src=\"https:\/\/cifpn1.com\/electronica\/wp-content\/uploads\/robot1.jpg\" alt=\"\" width=\"372\" height=\"561\" \/><\/a><br \/>\n<span style=\"font-size: 10pt;\"><em>El alumno Andr\u00e9s Felipe Sierra realizando la aplicaci\u00f3n pr\u00e1ctica <\/em><\/span><br \/>\n<span style=\"font-size: 10pt;\"><em>relativa al Proyecto que va a presentar como Fin de Ciclo.<\/em><\/span><\/p>\n<p style=\"text-align: justify;\">Durante el proyecto se desarrollar\u00e1 material did\u00e1ctico para que este aprendizaje tecnol\u00f3gico pueda ser reproducido posteriormente por otros centros de Formaci\u00f3n Profesional que no participan en el proyecto.<\/p>\n<p style=\"text-align: justify;\">As\u00ed mismo se contribuir\u00e1 a fomentar el equilibrio de g\u00e9nero en STEAM: cada centro, por su parte, fomentar\u00e1 la participaci\u00f3n femenina en las actividades del proyecto, ya sea con sus alumnos de FP, como mediante colaboraciones con grupos de 4\u00ba ESO donde pueda haber m\u00e1s alumnado femenino, contribuyendo estas acciones tambi\u00e9n a fomentar los objetivos de desarrollo sostenible.<\/p>\n<p style=\"text-align: justify;\">En el presente proyecto participar\u00e1n los departamentos de Instalaci\u00f3n y mantenimiento, Fabricaci\u00f3n mec\u00e1nica y Electricidad-electr\u00f3nica dentro de los ciclos que en ellos se imparte se pueden destacar los siguientes:<\/p>\n<ul>\n<li style=\"font-weight: 400;\" aria-level=\"1\"><span style=\"font-weight: 400;\">Ciclo formativo de <\/span><a href=\"https:\/\/goo.su\/gmSCd\"><span style=\"font-weight: 400;\">Grado Superior en Sistemas electrot\u00e9cnicos y automatizados<\/span><\/a><span style=\"font-weight: 400;\">.<\/span><\/li>\n<li style=\"font-weight: 400;\" aria-level=\"1\"><span style=\"font-weight: 400;\">Curso de especializaci\u00f3n en<\/span><a href=\"https:\/\/www.educantabria.es\/fp\/formacion-profesional\/oferta-educativa\/cursos-de-especializacion\/-\/asset_publisher\/YDNJvX2Iw0kc\/content\/fabricaci-c3-b3n-inteligente?_com_liferay_asset_publisher_web_portlet_AssetPublisherPortlet_INSTANCE_YDNJvX2Iw0kc_assetEntryId=368577&amp;_com_liferay_asset_publisher_web_portlet_AssetPublisherPortlet_INSTANCE_YDNJvX2Iw0kc_redirect=https%3A%2F%2Fwww.educantabria.es%2Ffp%2Fformacion-profesional%2Foferta-educativa%2Fcursos-de-especializacion%3Fp_p_id%3Dcom_liferay_asset_publisher_web_portlet_AssetPublisherPortlet_INSTANCE_YDNJvX2Iw0kc%26p_p_lifecycle%3D0%26p_p_state%3Dnormal%26p_p_mode%3Dview%26_com_liferay_asset_publisher_web_portlet_AssetPublisherPortlet_INSTANCE_YDNJvX2Iw0kc_cur%3D0%26p_r_p_resetCur%3Dfalse%26_com_liferay_asset_publisher_web_portlet_AssetPublisherPortlet_INSTANCE_YDNJvX2Iw0kc_assetEntryId%3D368577\"><span style=\"font-weight: 400;\"> Fabricaci\u00f3n inteligente<\/span><\/a><span style=\"font-weight: 400;\">.<\/span><\/li>\n<li style=\"font-weight: 400;\" aria-level=\"1\"><span style=\"font-weight: 400;\">Ciclo formativo de <\/span><a href=\"https:\/\/goo.su\/mTZm8\"><span style=\"font-weight: 400;\">Grado Superior en Mantenimiento electr\u00f3nico<\/span><\/a><span style=\"font-weight: 400;\">.<\/span><\/li>\n<li style=\"font-weight: 400;\" aria-level=\"1\"><span style=\"font-weight: 400;\">Ciclo formativo de <\/span><a href=\"https:\/\/goo.su\/jBUm2JD\"><span style=\"font-weight: 400;\">Grado Superior en Electromedicina cl\u00ednica<\/span><\/a><span style=\"font-weight: 400;\">.\u00a0<\/span><\/li>\n<li style=\"font-weight: 400;\" aria-level=\"1\"><span style=\"font-weight: 400;\">Ciclo formativo de <\/span><a href=\"https:\/\/goo.su\/kqsLKj\"><span style=\"font-weight: 400;\">Grado Superior de Mecatr\u00f3nica Industrial<\/span><\/a><span style=\"font-weight: 400;\">.<\/span><\/li>\n<\/ul>\n<p style=\"text-align: center;\"><a href=\"https:\/\/cifpn1.com\/electronica\/wp-content\/uploads\/Equipo-profesores-robotica_cifn1_4032x2546-scaled.jpg\" target=\"_blank\" rel=\"noopener\"><img loading=\"lazy\" decoding=\"async\" class=\"alignnone wp-image-7116 size-medium\" src=\"https:\/\/cifpn1.com\/electronica\/wp-content\/uploads\/Equipo-profesores-robotica_cifn1_4032x2546-656x414.jpg\" alt=\"\" width=\"656\" height=\"414\" srcset=\"https:\/\/cifpn1.com\/electronica\/wp-content\/uploads\/Equipo-profesores-robotica_cifn1_4032x2546-656x414.jpg 656w, https:\/\/cifpn1.com\/electronica\/wp-content\/uploads\/Equipo-profesores-robotica_cifn1_4032x2546-1200x758.jpg 1200w, https:\/\/cifpn1.com\/electronica\/wp-content\/uploads\/Equipo-profesores-robotica_cifn1_4032x2546-768x485.jpg 768w, https:\/\/cifpn1.com\/electronica\/wp-content\/uploads\/Equipo-profesores-robotica_cifn1_4032x2546-1536x970.jpg 1536w, https:\/\/cifpn1.com\/electronica\/wp-content\/uploads\/Equipo-profesores-robotica_cifn1_4032x2546-2048x1293.jpg 2048w\" sizes=\"auto, (max-width: 656px) 100vw, 656px\" \/><\/a><br \/>\n<span style=\"font-size: 10pt;\"><em>Los profesores (de izda. a dcha.) del CIFPN\u00ba1 Sergio D\u00edaz Manrique,<\/em><\/span><br \/>\n<span style=\"font-size: 10pt;\"><em>Diego Amilibia Barrutieta y Alberto Rivero Alario<\/em><\/span><\/p>\n<p style=\"text-align: justify;\">Actualmente se disponen de c\u00e9lulas de fabricaci\u00f3n flexibles en los ciclos de Mecatr\u00f3nica Industrial y Mantenimiento electr\u00f3nico, donde se desarrollan pr\u00e1cticas en los m\u00f3dulos relacionados con la automatizaci\u00f3n de procesos y m\u00e1s en concreto con el uso de robots y pr\u00e1cticas con visi\u00f3n artificial, aunque con pocos medios y de manera espor\u00e1dica. Es el deseo del Centro de poder abordar una l\u00ednea de trabajo interdisciplinar que aborde materias de rob\u00f3tica colaborativa, visi\u00f3n e inteligencia artificial e integrarlas en los diferentes m\u00f3dulos de los ciclos anteriormente descritos. De esta forma se podr\u00e1 modernizar la actual infraestructura y dotarla de m\u00e1s medios y m\u00e1s modernos a los actuales; a\u00f1adiendo el factor de inteligencia artificial como un aprendizaje a sumar a los anteriores y en la l\u00ednea de avance de los actuales est\u00e1ndares industriales.<\/p>\n<p style=\"text-align: justify;\">Esta materia aportar\u00e1 un valor a\u00f1adido y una modernizaci\u00f3n y puesta al d\u00eda de contenidos que actualmente la industria ya est\u00e1 demandando en sus perfiles profesionales.<\/p>\n<p style=\"text-align: center;\">&#8212;-<\/p>\n","protected":false},"excerpt":{"rendered":"<p>Participan los departamentos de las siguientes familias profesionales del CIFPN\u00ba1: Instalaci\u00f3n y mantenimiento Fabricaci\u00f3n mec\u00e1nica Electricidad-electr\u00f3nica Este proyecto pretende transferir conocimiento de algunas de estas tecnolog\u00edas a la Formaci\u00f3n Profesional a trav\u00e9s de los centros participantes desde empresas l\u00edderes en &hellip; <a href=\"https:\/\/cifpn1.com\/electronica\/?page_id=7113\">Contin\u00faa leyendo <span class=\"meta-nav\">&rarr;<\/span><\/a><\/p>\n","protected":false},"author":23,"featured_media":7117,"parent":5958,"menu_order":0,"comment_status":"closed","ping_status":"closed","template":"","meta":{"_monsterinsights_skip_tracking":false,"_monsterinsights_sitenote_active":false,"_monsterinsights_sitenote_note":"","_monsterinsights_sitenote_category":0,"footnotes":""},"class_list":["post-7113","page","type-page","status-publish","has-post-thumbnail","hentry"],"aioseo_notices":[],"_links":{"self":[{"href":"https:\/\/cifpn1.com\/electronica\/index.php?rest_route=\/wp\/v2\/pages\/7113","targetHints":{"allow":["GET"]}}],"collection":[{"href":"https:\/\/cifpn1.com\/electronica\/index.php?rest_route=\/wp\/v2\/pages"}],"about":[{"href":"https:\/\/cifpn1.com\/electronica\/index.php?rest_route=\/wp\/v2\/types\/page"}],"author":[{"embeddable":true,"href":"https:\/\/cifpn1.com\/electronica\/index.php?rest_route=\/wp\/v2\/users\/23"}],"replies":[{"embeddable":true,"href":"https:\/\/cifpn1.com\/electronica\/index.php?rest_route=%2Fwp%2Fv2%2Fcomments&post=7113"}],"version-history":[{"count":1,"href":"https:\/\/cifpn1.com\/electronica\/index.php?rest_route=\/wp\/v2\/pages\/7113\/revisions"}],"predecessor-version":[{"id":7118,"href":"https:\/\/cifpn1.com\/electronica\/index.php?rest_route=\/wp\/v2\/pages\/7113\/revisions\/7118"}],"up":[{"embeddable":true,"href":"https:\/\/cifpn1.com\/electronica\/index.php?rest_route=\/wp\/v2\/pages\/5958"}],"wp:featuredmedia":[{"embeddable":true,"href":"https:\/\/cifpn1.com\/electronica\/index.php?rest_route=\/wp\/v2\/media\/7117"}],"wp:attachment":[{"href":"https:\/\/cifpn1.com\/electronica\/index.php?rest_route=%2Fwp%2Fv2%2Fmedia&parent=7113"}],"curies":[{"name":"wp","href":"https:\/\/api.w.org\/{rel}","templated":true}]}}