{"id":7092,"date":"2023-01-23T20:28:04","date_gmt":"2023-01-23T19:28:04","guid":{"rendered":"https:\/\/cifpn1.com\/electronica\/?page_id=7092"},"modified":"2023-01-23T20:27:23","modified_gmt":"2023-01-23T19:27:23","slug":"proyecto-de-innovacion-tecnologica-estudio-de-eficiencia-en-instalaciones-solares-fotovoltaicas-frente-a-sombras","status":"publish","type":"page","link":"https:\/\/cifpn1.com\/electronica\/?page_id=7092","title":{"rendered":"Proyecto de Innovaci\u00f3n Tecnol\u00f3gica: Estudio de eficiencia en instalaciones solares fotovoltaicas frente a sombras"},"content":{"rendered":"<p><img loading=\"lazy\" decoding=\"async\" class=\"alignnone size-full wp-image-7093 aligncenter\" src=\"https:\/\/cifpn1.com\/electronica\/wp-content\/uploads\/Proyecto-EEISFFAS-portada_636x213.jpg\" alt=\"\" width=\"636\" height=\"213\" \/><\/p>\n<p style=\"text-align: justify;\">El presente proyecto es fruto de la concesi\u00f3n de un Proyecto de Innovaci\u00f3n Tecnol\u00f3gica entre el Centro Integrado de Formaci\u00f3n Profesional n\u00ba1, la empresa tecnol\u00f3gica TEICAN y la Escuela Polit\u00e9cnica de Ingenier\u00eda de Minas y Energ\u00eda de la Universidad de Cantabria para el curso 2021-22.<\/p>\n<p style=\"text-align: justify;\">Dicho proyecto consisti\u00f3 en la identificaci\u00f3n por parte de la empresa TEICAN de un reto t\u00e9cnico en el \u00e1mbito de la energ\u00eda solar fotovoltaica, que sirvi\u00f3 a su vez a los estudiantes del Centro Integrado para la realizaci\u00f3n pr\u00e1ctica del proyecto en sus instalaciones. Por su parte, la Escuela Polit\u00e9cnica de Ingenier\u00eda de Minas y Energ\u00eda se encarg\u00f3 del dise\u00f1o del proyecto y de la recogida y an\u00e1lisis de datos.<\/p>\n<p style=\"text-align: justify;\">Las instalaciones se ubican en la azotea de uno de los edificios del Centro situado en Pe\u00f1acastillo, Santander, y el proyecto forma parte de asignaturas pertenecientes a M\u00f3dulos de los Ciclos de Formativos de Electricidad y Electr\u00f3nica, tanto en grado Medio como Superior.<\/p>\n<h4>Proyecto<\/h4>\n<p><iframe style=\"align: center; width: 100%; height: 950px;\" src=\"https:\/\/drive.google.com\/file\/d\/1hzd-egZDOEbvSuLTBQfL1Hq2d9eaxLZT\/preview\" frameborder=\"0\"><span data-mce-type=\"bookmark\" style=\"display: inline-block; width: 0px; overflow: hidden; line-height: 0;\" class=\"mce_SELRES_start\">\ufeff<\/span><\/iframe><\/p>\n<p style=\"text-align: center;\"><span style=\"color: #ffffff;\">&#8211;<\/span><\/p>\n<p style=\"text-align: justify;\"><strong>Estudio realizado por la Escuela Polit\u00e9cnica de Ingenier\u00eda de Minas y Energ\u00eda de Torrelavega como centro colaborador del proyecto.<\/strong><\/p>\n<p style=\"text-align: justify;\"><iframe style=\"align: center; width: 100%; height: 950px;\" src=\"https:\/\/drive.google.com\/file\/d\/1o8sRiDG2aUE9L4ZeIFY37lVhOqRLskBO\/preview\" frameborder=\"0\"><span data-mce-type=\"bookmark\" style=\"display: inline-block; width: 0px; overflow: hidden; line-height: 0;\" class=\"mce_SELRES_start\">\ufeff<\/span><\/iframe><\/p>\n<p style=\"text-align: center;\"><span style=\"color: #ffffff;\">&#8211;<\/span><\/p>\n<p><strong>Anexo I. Pr\u00e1cticas propuestas para cursos siguientes<\/strong><\/p>\n<p style=\"text-align: center;\"><iframe style=\"align: center; width: 100%; height: 950px;\" src=\"https:\/\/drive.google.com\/file\/d\/1ilmmBgxPMt8yHJ4WjFUeXtzZbeTAA-0J\/preview\" frameborder=\"0\"><span data-mce-type=\"bookmark\" style=\"display: inline-block; width: 0px; overflow: hidden; line-height: 0;\" class=\"mce_SELRES_start\">\ufeff<\/span><\/iframe><\/p>\n","protected":false},"excerpt":{"rendered":"<p>El presente proyecto es fruto de la concesi\u00f3n de un Proyecto de Innovaci\u00f3n Tecnol\u00f3gica entre el Centro Integrado de Formaci\u00f3n Profesional n\u00ba1, la empresa tecnol\u00f3gica TEICAN y la Escuela Polit\u00e9cnica de Ingenier\u00eda de Minas y Energ\u00eda de la Universidad de &hellip; <a href=\"https:\/\/cifpn1.com\/electronica\/?page_id=7092\">Contin\u00faa leyendo <span class=\"meta-nav\">&rarr;<\/span><\/a><\/p>\n","protected":false},"author":28,"featured_media":0,"parent":5958,"menu_order":0,"comment_status":"closed","ping_status":"closed","template":"","meta":{"_monsterinsights_skip_tracking":false,"_monsterinsights_sitenote_active":false,"_monsterinsights_sitenote_note":"","_monsterinsights_sitenote_category":0,"footnotes":""},"class_list":["post-7092","page","type-page","status-publish","hentry"],"aioseo_notices":[],"_links":{"self":[{"href":"https:\/\/cifpn1.com\/electronica\/index.php?rest_route=\/wp\/v2\/pages\/7092","targetHints":{"allow":["GET"]}}],"collection":[{"href":"https:\/\/cifpn1.com\/electronica\/index.php?rest_route=\/wp\/v2\/pages"}],"about":[{"href":"https:\/\/cifpn1.com\/electronica\/index.php?rest_route=\/wp\/v2\/types\/page"}],"author":[{"embeddable":true,"href":"https:\/\/cifpn1.com\/electronica\/index.php?rest_route=\/wp\/v2\/users\/28"}],"replies":[{"embeddable":true,"href":"https:\/\/cifpn1.com\/electronica\/index.php?rest_route=%2Fwp%2Fv2%2Fcomments&post=7092"}],"version-history":[{"count":4,"href":"https:\/\/cifpn1.com\/electronica\/index.php?rest_route=\/wp\/v2\/pages\/7092\/revisions"}],"predecessor-version":[{"id":7097,"href":"https:\/\/cifpn1.com\/electronica\/index.php?rest_route=\/wp\/v2\/pages\/7092\/revisions\/7097"}],"up":[{"embeddable":true,"href":"https:\/\/cifpn1.com\/electronica\/index.php?rest_route=\/wp\/v2\/pages\/5958"}],"wp:attachment":[{"href":"https:\/\/cifpn1.com\/electronica\/index.php?rest_route=%2Fwp%2Fv2%2Fmedia&parent=7092"}],"curies":[{"name":"wp","href":"https:\/\/api.w.org\/{rel}","templated":true}]}}