{"id":5411,"date":"2019-12-27T09:36:57","date_gmt":"2019-12-27T08:36:57","guid":{"rendered":"http:\/\/www.cifpn1.com\/electronica\/?page_id=5411"},"modified":"2020-03-07T20:06:03","modified_gmt":"2020-03-07T19:06:03","slug":"politica-de-cookies","status":"publish","type":"page","link":"https:\/\/cifpn1.com\/electronica\/?page_id=5411","title":{"rendered":"Pol\u00edtica de \u00abcookies\u00bb"},"content":{"rendered":"<h3 style=\"text-align: center;\">Centro Integrado de Formaci&oacute;n Profesional N&uacute;mero Uno<\/h3>\n<h4 style=\"text-align: center;\">DEPARTAMENTO DE ELECTRICIDAD Y ELECTR&Oacute;NICA<\/h4>\n<table align=\"center\" border=\"0\" cellpadding=\"0\" cellspacing=\"10\" style=\"width: 100%\">\n<tbody>\n<tr>\n<td style=\"vertical-align: top;\">\n<h2 style=\"text-align: justify;\">1. Uso de cookies<\/h2>\n<p style=\"text-align: justify; margin-left: 40px;\">Las cookies son ficheros que se descargan en su ordenador al acceder a determinadas p&aacute;ginas web\/blogs. Las cookies permiten a una p&aacute;gina web\/blog, en otros cosas, almacenar y recuperar informaci&oacute;n sobre los h&aacute;bitos de navegaci&oacute;n de un usuario o de su equipo y, dependiendo de la informaci&oacute;n que contengan y de la forma en que utilice su equipo.<\/p>\n<p style=\"text-align: justify; margin-left: 40px;\">Adem&aacute;s, mejoran su proceso de navegaci&oacute;n, ya que permiten que la p&aacute;gina web\/blog ofrezca al usuario informaci&oacute;n que puede ser de su inter&eacute;s en funci&oacute;n del uso que realice, del contenido de la misma.<\/p>\n<p style=\"text-align: justify; margin-left: 40px;\">En caso de no querer recibir cookies, por favor configure su navegador de Internet, para que las borre del disco duro de su ordenador, las bloquee o le avise en caso de instalaci&oacute;n de las mismas. Para continuar sin cambios en la configuraci&oacute;n de las cookies, simplemente, contin&uacute;e en la p&aacute;gina web\/blog.&nbsp;<br \/>\n\t\t\t\t\t&nbsp;<\/p>\n<h2 style=\"text-align: justify;\">2. Consentimiento<\/h2>\n<p style=\"text-align: justify; margin-left: 40px;\">Las cookies que utilizamos no almacenan dato personal alguno, ni ning&uacute;n tipo de informaci&oacute;n que pueda identificarle, salvo que quiera registrarse, de forma voluntaria con el fin de utilizar los servicios que ponemos a su disposici&oacute;n o de recibir informaci&oacute;n sobre promociones y contenidos de su inter&eacute;s.<\/p>\n<p style=\"text-align: justify; margin-left: 40px;\">Continuar visitando nuestra web\/blog implica consentimiento impl&iacute;cito del uso de las cookies antes enunciadas, y en las condiciones contenidas en la presente pol&iacute;tica de cookies. Este consentimiento es v&aacute;lido por un per&iacute;odo de 12 meses.&nbsp;<br \/>\n\t\t\t\t\t&nbsp;<\/p>\n<h2 style=\"text-align: justify;\">3. Tipos de cookies<\/h2>\n<p style=\"text-align: justify; margin-left: 40px;\">Las Cookies, en funci&oacute;n de su permanencia, pueden clasificarse en:<\/p>\n<ul>\n<li style=\"text-align: justify; margin-left: 40px;\"><strong>Cookies de sesi&oacute;n<\/strong>: expiran cuando el usuario cierra el navegador.<br \/>\n\t\t\t\t\t\t&nbsp;<\/li>\n<li style=\"text-align: justify; margin-left: 40px;\"><strong>Cookies persistentes<\/strong>: expiran en funci&oacute;n cuando se cumpla el objetivo para el que sirven (por ejemplo, para que el usuario se mantenga identificado en la p&aacute;gina web\/blog y en los servicios de la misma o bien cuando se borran manualmente).<\/li>\n<\/ul>\n<p style=\"text-align: justify; margin-left: 40px;\">Las cookies, en funci&oacute;n de su objetivo, pueden clasificarse de la siguiente forma:<\/p>\n<ul>\n<li style=\"text-align: justify; margin-left: 40px;\"><strong>Cookies de rendimiento (<\/strong>t&eacute;cnicas y de personalizaci&oacute;n): Este tipo de cookies recuerda sus preferencias para las herramientas que se encuentran en los servicios, por lo que no tiene que volver a configurar el servicio cada vez que usted visita. A modo de ejemplo, en esta tipolog&iacute;a se incluyen: ajustes del volumen de reproductores de video o sonido y las velocidades de transmisi&oacute;n de video que sean compatibles con su navegador.<br \/>\n\t\t\t\t\t\t&nbsp;<\/li>\n<li style=\"text-align: justify; margin-left: 40px;\"><strong>Cookies de geo-localizaci&oacute;n<\/strong>: Estas cookies son utilizadas para averiguar en qu&eacute; pa&iacute;s se encuentra cuando se solicita un servicio. Esta cookies es totalmente an&oacute;nima, y s&oacute;lo se utiliza para ayudar a orientar el contenido a su ubicaci&oacute;n.<br \/>\n\t\t\t\t\t\t&nbsp;<\/li>\n<li style=\"text-align: justify; margin-left: 40px;\"><strong>Cookies de anal&iacute;ticas<\/strong>: Cada vez que un Usuario visita un servicio o informaci&oacute;n de la p&aacute;gina web\/blog o una herramienta de un proveedor externo (Google Analytics, y similares que podr&aacute;n a&ntilde;adirse a este listado en caso de que var&iacute;en en relaci&oacute;n con los actuales) genera una cookie anal&iacute;tica en el ordenador del usuario. Esta cookies que solo se genera en la visita, servir&aacute; en pr&oacute;ximas visitas a los servicios de la p&aacute;gina web para identificar de forma an&oacute;nima la visitante.&nbsp;<br \/>\n\t\t\t\t\t\t&nbsp;<\/li>\n<\/ul>\n<h2 style=\"text-align: justify;\">4. Finalidad de las cookies<\/h2>\n<p style=\"text-align: justify; margin-left: 40px;\">Los objetivos principales que se persiguen con la gesti&oacute;n de cookies son:<\/p>\n<ul>\n<li style=\"text-align: justify; margin-left: 40px;\">Permitir la identificaci&oacute;n an&oacute;nima de los usuarios navegantes a trav&eacute;s de la cookies (identifica navegadores y dispositivos, no personas) y por lo tanto la contabilizaci&oacute;n aproximada del n&uacute;mero de visitantes y su tendencia en el tiempo.<br \/>\n\t\t\t\t\t\t&nbsp;<\/li>\n<li style=\"text-align: justify; margin-left: 40px;\">Identificar de forma an&oacute;nima los contenidos m&aacute;s visitados y por lo tanto m&aacute;s atractivos para los usuarios.<br \/>\n\t\t\t\t\t\t&nbsp;<\/li>\n<li style=\"text-align: justify; margin-left: 40px;\">Saber si el usuario que est&aacute; accediendo es nuevo o repite visita.<\/li>\n<\/ul>\n<p style=\"text-align: justify; margin-left: 40px;\"><strong>Importante<\/strong>: Salvo que el usuario decida registrarse en alg&uacute;n servicio o contenido de la p&aacute;gina web, la cookie nunca ir&aacute; asociada a ning&uacute;n dato de car&aacute;cter personal que pueda identificarle. Dichas Cookies solo ser&aacute;n utilizadas con prop&oacute;sitos estad&iacute;sticos que ayuden a la optimizaci&oacute;n de la experiencia de los usuarios en la p&aacute;gina web\/blog.<br \/>\n\t\t\t\t\t&nbsp;<\/p>\n<h2 style=\"text-align: justify;\">5. C&oacute;mo bloquear o eliminar las cookies instaladas<\/h2>\n<p style=\"text-align: justify; margin-left: 40px;\">Usted puede permitir, bloquear o eliminar las cookies instaladas en su equipo mediante la configuraci&oacute;n de las opciones de su navegador. Puede encontrar informaci&oacute;n de c&oacute;mo hacerlo, en relaci&oacute;n con los navegadores m&aacute;s comunes, en los links que se incluyen a continuaci&oacute;n:<\/p>\n<ul>\n<li style=\"text-align: justify; margin-left: 40px;\">Firefox:&nbsp;<a href=\"https:\/\/support.mozilla.org\/es\/kb\/Borrar%20cookies\" target=\"_blank\">https:\/\/support.mozilla.org\/es\/kb\/Borrar%20cookies<\/a><br \/>\n\t\t\t\t\t\t&nbsp;<\/li>\n<li style=\"text-align: justify; margin-left: 40px;\">Chrome:&nbsp;<a href=\"https:\/\/support.google.com\/chrome\/bin\/answer.py?hl=es&amp;answer=95647\" target=\"_blank\">https:\/\/support.google.com\/chrome\/bin\/answer.py?hl=es&amp;answer=95647<\/a><br \/>\n\t\t\t\t\t\t&nbsp;<\/li>\n<li style=\"text-align: justify; margin-left: 40px;\">Explorer:&nbsp;<a href=\"https:\/\/support.microsoft.com\/es-es\/kb\/278835\" target=\"_blank\">https:\/\/support.microsoft.com\/es-es\/kb\/278835<\/a><br \/>\n\t\t\t\t\t\t&nbsp;<\/li>\n<li style=\"text-align: justify; margin-left: 40px;\">Safari:&nbsp;<a href=\"https:\/\/support.apple.com\/kb\/ph5042\" target=\"_blank\">https:\/\/support.apple.com\/kb\/ph5042<\/a><br \/>\n\t\t\t\t\t\t&nbsp;<\/li>\n<\/ul>\n<h2 style=\"text-align: justify;\">6. Modificaciones<\/h2>\n<p style=\"text-align: justify; margin-left: 40px;\">La p&aacute;gina web\/blog puede modificar esta pol&iacute;tica de cookies en funci&oacute;n de exigencias legales, o con la finalidad de adaptar dicha pol&iacute;tica a las instrucciones dictadas por la Agencia Espa&ntilde;ola de Protecci&oacute;n de Datos.<\/p>\n<p style=\"text-align: justify; margin-left: 40px;\">Por esta raz&oacute;n, aconsejamos a los usuarios que la visiten peri&oacute;dicamente. Cuando se produzcan cambios significativos en esta pol&iacute;tica de cookies, se comunicaran a los usuarios bien mediante la web\/blog o a trav&eacute;s de correo electr&oacute;nico a los usuarios registrados.<\/p>\n<div>&nbsp;<\/div>\n<\/td>\n<td style=\"text-align: center; vertical-align: top; width: 400px;\">\n<p><span style=\"font-size:8px;\">&nbsp; &nbsp;<\/span><\/p>\n<p><img decoding=\"async\" alt=\"\" src=\"https:\/\/cifpn1.com\/electronica\/wp-content\/uploads\/file\/soldando circuito 1_400x640(1).jpg\" style=\"width: 400px; height: 640px;\" \/><\/p>\n<p><img decoding=\"async\" alt=\"\" src=\"https:\/\/cifpn1.com\/electronica\/wp-content\/uploads\/file\/mujer-joven-t\u00e9cnico-de-reparaci\u00f3n-de-dispositivos-electr\u00f3nicos.jpg\" style=\"width: 400px; height: 600px;\" \/><\/p>\n<p><img decoding=\"async\" alt=\"\" src=\"https:\/\/cifpn1.com\/electronica\/wp-content\/uploads\/file\/robot23_400x640(1).jpg\" style=\"width: 400px; height: 640px;\" \/><\/p>\n<\/td>\n<\/tr>\n<\/tbody>\n<\/table>\n<h2 style=\"text-align: justify;\">&nbsp;<\/h2>\n","protected":false},"excerpt":{"rendered":"<p>Centro Integrado de Formaci&oacute;n Profesional N&uacute;mero Uno DEPARTAMENTO DE ELECTRICIDAD Y ELECTR&Oacute;NICA 1. Uso de cookies Las cookies son ficheros que se descargan en su ordenador al acceder a determinadas p&aacute;ginas web\/blogs. Las cookies permiten a una p&aacute;gina web\/blog, en &hellip; <a href=\"https:\/\/cifpn1.com\/electronica\/?page_id=5411\">Contin\u00faa leyendo <span class=\"meta-nav\">&rarr;<\/span><\/a><\/p>\n","protected":false},"author":23,"featured_media":0,"parent":5963,"menu_order":0,"comment_status":"closed","ping_status":"closed","template":"full-width-page.php","meta":{"_monsterinsights_skip_tracking":false,"_monsterinsights_sitenote_active":false,"_monsterinsights_sitenote_note":"","_monsterinsights_sitenote_category":0,"footnotes":""},"class_list":["post-5411","page","type-page","status-publish","hentry"],"aioseo_notices":[],"_links":{"self":[{"href":"https:\/\/cifpn1.com\/electronica\/index.php?rest_route=\/wp\/v2\/pages\/5411","targetHints":{"allow":["GET"]}}],"collection":[{"href":"https:\/\/cifpn1.com\/electronica\/index.php?rest_route=\/wp\/v2\/pages"}],"about":[{"href":"https:\/\/cifpn1.com\/electronica\/index.php?rest_route=\/wp\/v2\/types\/page"}],"author":[{"embeddable":true,"href":"https:\/\/cifpn1.com\/electronica\/index.php?rest_route=\/wp\/v2\/users\/23"}],"replies":[{"embeddable":true,"href":"https:\/\/cifpn1.com\/electronica\/index.php?rest_route=%2Fwp%2Fv2%2Fcomments&post=5411"}],"version-history":[{"count":13,"href":"https:\/\/cifpn1.com\/electronica\/index.php?rest_route=\/wp\/v2\/pages\/5411\/revisions"}],"predecessor-version":[{"id":5422,"href":"https:\/\/cifpn1.com\/electronica\/index.php?rest_route=\/wp\/v2\/pages\/5411\/revisions\/5422"}],"up":[{"embeddable":true,"href":"https:\/\/cifpn1.com\/electronica\/index.php?rest_route=\/wp\/v2\/pages\/5963"}],"wp:attachment":[{"href":"https:\/\/cifpn1.com\/electronica\/index.php?rest_route=%2Fwp%2Fv2%2Fmedia&parent=5411"}],"curies":[{"name":"wp","href":"https:\/\/api.w.org\/{rel}","templated":true}]}}