{"id":1415,"date":"2017-11-14T00:02:02","date_gmt":"2017-11-13T23:02:02","guid":{"rendered":"http:\/\/www.cifpn1.com\/electronica\/?page_id=1415"},"modified":"2020-12-20T17:22:21","modified_gmt":"2020-12-20T16:22:21","slug":"seguridad-y-salud-en-el-uso-de-las-tics","status":"publish","type":"page","link":"https:\/\/cifpn1.com\/electronica\/?page_id=1415","title":{"rendered":"Seguridad y salud usando las TICs"},"content":{"rendered":"<p style=\"text-align: center;\"><span style=\"font-family: tahoma,geneva,sans-serif;\"><img decoding=\"async\" style=\"width: 654px; height: 323px;\" src=\"https:\/\/cifpn1.com\/electronica\/wp-content\/uploads\/file\/navega_pero_seguro_500x247.jpg\" alt=\"\" \/><\/span><\/p>\n<p style=\"text-align: justify;\"><span style=\"font-family: tahoma,geneva,sans-serif;\">Esta secci\u00f3n se ocupar\u00e1 de algunos problemas para la salud ps\u00edquica que el uso incontrolado de la Nuevas Tecnolog\u00edas puede acarrear, sobre todo a los m\u00e1s j\u00f3venes; trastornos que se pueden producir por un uso indiscriminado del ordenador (y otros dispositivos) a Internet, como:<\/span><\/p>\n<ul>\n<li style=\"text-align: justify;\"><span style=\"font-family: tahoma,geneva,sans-serif;\">el descenso del rendimiento acad\u00e9mico.<\/span><\/li>\n<li><span style=\"font-family: tahoma,geneva,sans-serif;\">adicci\u00f3n a las redes sociales como Whastapp, Facebook, mensajer\u00eda.<\/span><\/li>\n<li style=\"text-align: justify;\"><span style=\"font-family: tahoma,geneva,sans-serif;\">acoso, cyberbullying y grooming.<\/span><\/li>\n<li><span style=\"font-family: tahoma,geneva,sans-serif;\">sextin y descarga y uso de pornograf\u00eda.<\/span><\/li>\n<li style=\"text-align: justify;\"><span style=\"font-family: tahoma,geneva,sans-serif;\">adicci\u00f3n a los juegos y apuestas on-line.<\/span><\/li>\n<li><span style=\"font-family: tahoma,geneva,sans-serif;\">sobrepeso por\u00a0 falta de realizaci\u00f3n de ejercicio f\u00edsico.<\/span><\/li>\n<li style=\"text-align: justify;\"><span style=\"font-family: tahoma,geneva,sans-serif;\">aislamiento social y empobrecimiento de las actividades, depresi\u00f3n.<\/span><\/li>\n<li><span style=\"font-family: tahoma,geneva,sans-serif;\">falta de sue\u00f1o y descanso (vamping) por trasnochar con el m\u00f3vil o el PC.<\/span><\/li>\n<li style=\"text-align: justify;\"><span style=\"font-family: tahoma,geneva,sans-serif;\">irritabilidad cuando nos hacemos referencia al uso abusivo de las TICs.<\/span><\/li>\n<li><span style=\"font-family: tahoma,geneva,sans-serif;\">ansiedad ante la imposibilidad de usar el PC o el m\u00f3vil.<\/span><\/li>\n<li style=\"text-align: justify;\"><span style=\"font-family: tahoma,geneva,sans-serif;\">descuido de las responsabilidades, incapacidad para autorregularse, etc.<\/span><\/li>\n<\/ul>\n<h4 style=\"text-align: justify;\"><span style=\"font-family: tahoma,geneva,sans-serif;\">Veamos algunos posts que hemos seleccionado:<\/span><\/h4>\n<ul>\n<li><span style=\"font-family: tahoma,geneva,sans-serif;\"><a href=\"https:\/\/cifpn1.com\/electronica\/?p=1427\">Consejos -b\u00e1sicos- para navegar seguros por Internet<\/a><\/span><\/li>\n<li style=\"text-align: justify;\"><span style=\"font-family: tahoma,geneva,sans-serif;\"><a href=\"https:\/\/cifpn1.com\/electronica\/?p=1420\">Algunos efectos psicol\u00f3gicos del abuso de las TICs<\/a><\/span><\/li>\n<li style=\"text-align: justify;\"><span style=\"font-family: tahoma,geneva,sans-serif;\"><a href=\"https:\/\/cifpn1.com\/electronica\/?p=2916\">Antivirus y suites de seguridad gratuitos<\/a><\/span><\/li>\n<li style=\"text-align: justify;\"><span style=\"font-family: tahoma,geneva,sans-serif;\"><a href=\"https:\/\/cifpn1.com\/electronica\/?page_id=3170\">D\u00eda de Internet Segura. Consejos a recordar<\/a><\/span><\/li>\n<\/ul>\n<p style=\"text-align: center;\">\n","protected":false},"excerpt":{"rendered":"<p>Esta secci\u00f3n se ocupar\u00e1 de algunos problemas para la salud ps\u00edquica que el uso incontrolado de la Nuevas Tecnolog\u00edas puede acarrear, sobre todo a los m\u00e1s j\u00f3venes; trastornos que se pueden producir por un uso indiscriminado del ordenador (y otros &hellip; <a href=\"https:\/\/cifpn1.com\/electronica\/?page_id=1415\">Contin\u00faa leyendo <span class=\"meta-nav\">&rarr;<\/span><\/a><\/p>\n","protected":false},"author":23,"featured_media":0,"parent":3189,"menu_order":0,"comment_status":"closed","ping_status":"closed","template":"","meta":{"_monsterinsights_skip_tracking":false,"_monsterinsights_sitenote_active":false,"_monsterinsights_sitenote_note":"","_monsterinsights_sitenote_category":0,"footnotes":""},"class_list":["post-1415","page","type-page","status-publish","hentry"],"aioseo_notices":[],"_links":{"self":[{"href":"https:\/\/cifpn1.com\/electronica\/index.php?rest_route=\/wp\/v2\/pages\/1415","targetHints":{"allow":["GET"]}}],"collection":[{"href":"https:\/\/cifpn1.com\/electronica\/index.php?rest_route=\/wp\/v2\/pages"}],"about":[{"href":"https:\/\/cifpn1.com\/electronica\/index.php?rest_route=\/wp\/v2\/types\/page"}],"author":[{"embeddable":true,"href":"https:\/\/cifpn1.com\/electronica\/index.php?rest_route=\/wp\/v2\/users\/23"}],"replies":[{"embeddable":true,"href":"https:\/\/cifpn1.com\/electronica\/index.php?rest_route=%2Fwp%2Fv2%2Fcomments&post=1415"}],"version-history":[{"count":19,"href":"https:\/\/cifpn1.com\/electronica\/index.php?rest_route=\/wp\/v2\/pages\/1415\/revisions"}],"predecessor-version":[{"id":6766,"href":"https:\/\/cifpn1.com\/electronica\/index.php?rest_route=\/wp\/v2\/pages\/1415\/revisions\/6766"}],"up":[{"embeddable":true,"href":"https:\/\/cifpn1.com\/electronica\/index.php?rest_route=\/wp\/v2\/pages\/3189"}],"wp:attachment":[{"href":"https:\/\/cifpn1.com\/electronica\/index.php?rest_route=%2Fwp%2Fv2%2Fmedia&parent=1415"}],"curies":[{"name":"wp","href":"https:\/\/api.w.org\/{rel}","templated":true}]}}